{"id":3020,"date":"2018-03-24T12:17:22","date_gmt":"2018-03-24T12:17:22","guid":{"rendered":"https:\/\/blogsaverroes.juntadeandalucia.es\/ceipelolivo\/?page_id=3020"},"modified":"2026-02-06T13:11:52","modified_gmt":"2026-02-06T13:11:52","slug":"abp","status":"publish","type":"page","link":"https:\/\/blogsaverroes.juntadeandalucia.es\/ceipelolivo\/abp\/","title":{"rendered":"ABP"},"content":{"rendered":"<p style=\"text-align: left\">El ABP: Hacia el cambio metodol\u00f3gico.<\/p>\n<p style=\"text-align: left\">Durante el curso escolar 2017-2018, el CEP de Ja\u00e9n est\u00e1 llevando a cabo en nuestro colegio uno de sus cursos con seguimiento, cuyo objetivo es potenciar la creaci\u00f3n de una red de centros (junto con sus docentes) en la zona de Torredonjimeno que desarrollen Aprendizajes Basados en Proyectos (ABP).<\/p>\n<p><a href=\"https:\/\/blogsaverroes.juntadeandalucia.es\/ceipelolivo\/files\/2018\/03\/01_ABP.pdf\" target=\"_blank\" rel=\"noopener noreferrer\"><img loading=\"lazy\" decoding=\"async\" class=\"aligncenter wp-image-3054 size-full\" src=\"https:\/\/blogsaverroes.juntadeandalucia.es\/ceipelolivo\/files\/2018\/03\/ABP.jpeg\" alt=\"\" width=\"960\" height=\"370\" srcset=\"https:\/\/blogsaverroes.juntadeandalucia.es\/ceipelolivo\/files\/2018\/03\/ABP.jpeg 960w, https:\/\/blogsaverroes.juntadeandalucia.es\/ceipelolivo\/files\/2018\/03\/ABP-300x116.jpeg 300w, https:\/\/blogsaverroes.juntadeandalucia.es\/ceipelolivo\/files\/2018\/03\/ABP-768x296.jpeg 768w, https:\/\/blogsaverroes.juntadeandalucia.es\/ceipelolivo\/files\/2018\/03\/ABP-700x270.jpeg 700w, https:\/\/blogsaverroes.juntadeandalucia.es\/ceipelolivo\/files\/2018\/03\/ABP-24x9.jpeg 24w, https:\/\/blogsaverroes.juntadeandalucia.es\/ceipelolivo\/files\/2018\/03\/ABP-36x14.jpeg 36w, https:\/\/blogsaverroes.juntadeandalucia.es\/ceipelolivo\/files\/2018\/03\/ABP-48x19.jpeg 48w\" sizes=\"(max-width: 960px) 100vw, 960px\" \/><\/a><\/p>\n<p style=\"text-align: left\">\u00bfY qu\u00e9 es el ABP?<\/p>\n<p style=\"text-align: left\">Se define como un conjunto de tareas basado en la resoluci\u00f3n de problemas a trav\u00e9s de la implicaci\u00f3n del alumnado en procesos de investigaci\u00f3n o creaci\u00f3n, de manera relativamente aut\u00f3noma, que culmina ante un producto final presentado ante los dem\u00e1s.<\/p>\n<p style=\"text-align: right\">(Fuente: Junta de Andaluc\u00eda &#8211; Colabora).<\/p>\n<p style=\"text-align: left\">En esta secci\u00f3n de nuestra web iremos subiendo aquellos materiales que nos parezcan interesantes y que nos ayuden a la hora de desarrollar el ABP.<\/p>\n<p style=\"text-align: left\"><span style=\"text-align: justify\">Tambi\u00e9n iremos subiendo todas las actividades que vayamos realizando en nuestro colegio, adem\u00e1s de las actividades conjuntas que hagamos con otros centros de la localidad.<\/span><\/p>\n<p style=\"text-align: left\">Pincha en el enlace de noticias para estar informado de todo lo que vamos haciendo:<\/p>\n<p><a href=\"https:\/\/blogsaverroes.juntadeandalucia.es\/ceipelolivo\/category\/abp\/\"><img loading=\"lazy\" decoding=\"async\" class=\"aligncenter wp-image-3070 size-medium\" src=\"https:\/\/blogsaverroes.juntadeandalucia.es\/ceipelolivo\/files\/2018\/03\/Noticias-300x113.png\" alt=\"\" width=\"300\" height=\"113\" srcset=\"https:\/\/blogsaverroes.juntadeandalucia.es\/ceipelolivo\/files\/2018\/03\/Noticias-300x113.png 300w, https:\/\/blogsaverroes.juntadeandalucia.es\/ceipelolivo\/files\/2018\/03\/Noticias-768x289.png 768w, https:\/\/blogsaverroes.juntadeandalucia.es\/ceipelolivo\/files\/2018\/03\/Noticias-1024x386.png 1024w, https:\/\/blogsaverroes.juntadeandalucia.es\/ceipelolivo\/files\/2018\/03\/Noticias-700x264.png 700w, https:\/\/blogsaverroes.juntadeandalucia.es\/ceipelolivo\/files\/2018\/03\/Noticias-24x9.png 24w, https:\/\/blogsaverroes.juntadeandalucia.es\/ceipelolivo\/files\/2018\/03\/Noticias-36x14.png 36w, https:\/\/blogsaverroes.juntadeandalucia.es\/ceipelolivo\/files\/2018\/03\/Noticias-48x18.png 48w, https:\/\/blogsaverroes.juntadeandalucia.es\/ceipelolivo\/files\/2018\/03\/Noticias.png 1600w\" sizes=\"(max-width: 300px) 100vw, 300px\" \/><\/a><\/p>\n<p style=\"text-align: left\">Materiales interesantes de la Junta de Andaluc\u00eda para el ABP:<\/p>\n<p><a href=\"http:\/\/www.juntadeandalucia.es\/educacion\/portalaverroes\/contenidosdigitales\/contenido\/recursos-para-aprendizaje-basado-en-proyectos\" target=\"_blank\" rel=\"noopener noreferrer\"><img loading=\"lazy\" decoding=\"async\" class=\"aligncenter wp-image-3069 size-medium\" src=\"https:\/\/blogsaverroes.juntadeandalucia.es\/ceipelolivo\/files\/2018\/03\/ABP2-300x164.jpg\" alt=\"\" width=\"300\" height=\"164\" srcset=\"https:\/\/blogsaverroes.juntadeandalucia.es\/ceipelolivo\/files\/2018\/03\/ABP2-300x164.jpg 300w, https:\/\/blogsaverroes.juntadeandalucia.es\/ceipelolivo\/files\/2018\/03\/ABP2-24x13.jpg 24w, https:\/\/blogsaverroes.juntadeandalucia.es\/ceipelolivo\/files\/2018\/03\/ABP2-36x20.jpg 36w, https:\/\/blogsaverroes.juntadeandalucia.es\/ceipelolivo\/files\/2018\/03\/ABP2-48x26.jpg 48w, https:\/\/blogsaverroes.juntadeandalucia.es\/ceipelolivo\/files\/2018\/03\/ABP2.jpg 442w\" sizes=\"(max-width: 300px) 100vw, 300px\" \/><\/a><\/p>\n<p style=\"text-align: left\">Metodolog\u00edas para incluir en las UDIs:<\/p>\n<p><img loading=\"lazy\" decoding=\"async\" class=\"aligncenter wp-image-6657 size-full\" src=\"https:\/\/blogsaverroes.juntadeandalucia.es\/ceipelolivo\/files\/2020\/07\/MetOl2020.jpg\" alt=\"\" width=\"638\" height=\"889\" srcset=\"https:\/\/blogsaverroes.juntadeandalucia.es\/ceipelolivo\/files\/2020\/07\/MetOl2020.jpg 638w, https:\/\/blogsaverroes.juntadeandalucia.es\/ceipelolivo\/files\/2020\/07\/MetOl2020-215x300.jpg 215w, https:\/\/blogsaverroes.juntadeandalucia.es\/ceipelolivo\/files\/2020\/07\/MetOl2020-17x24.jpg 17w, https:\/\/blogsaverroes.juntadeandalucia.es\/ceipelolivo\/files\/2020\/07\/MetOl2020-26x36.jpg 26w, https:\/\/blogsaverroes.juntadeandalucia.es\/ceipelolivo\/files\/2020\/07\/MetOl2020-34x48.jpg 34w\" sizes=\"(max-width: 638px) 100vw, 638px\" \/><\/p>\n<p style=\"text-align: left\">Infograf\u00eda con los procesos cognitivos a incluir en las UDIs:<\/p>\n<div>\n<div style=\"text-align: center\"><iframe loading=\"lazy\" src=\"https:\/\/view.genial.ly\/5be6b8144bb8905303787505\" width=\"400px\" height=\"800px\" frameborder=\"0\" scrolling=\"yes\"><\/iframe><\/div>\n<\/div>\n<p>&nbsp;<\/p>\n","protected":false},"excerpt":{"rendered":"<p>El ABP: Hacia el cambio metodol\u00f3gico. Durante el curso escolar 2017-2018, el CEP de Ja\u00e9n est\u00e1 llevando a cabo en nuestro colegio uno de sus cursos con seguimiento, cuyo objetivo es potenciar la creaci\u00f3n&#46;&#46;&#46;<\/p>\n","protected":false},"author":5889,"featured_media":0,"parent":0,"menu_order":0,"comment_status":"closed","ping_status":"closed","template":"","meta":{"ngg_post_thumbnail":0,"footnotes":"","_mc_calendar":[]},"aioseo_notices":[],"_links":{"self":[{"href":"https:\/\/blogsaverroes.juntadeandalucia.es\/ceipelolivo\/wp-json\/wp\/v2\/pages\/3020"}],"collection":[{"href":"https:\/\/blogsaverroes.juntadeandalucia.es\/ceipelolivo\/wp-json\/wp\/v2\/pages"}],"about":[{"href":"https:\/\/blogsaverroes.juntadeandalucia.es\/ceipelolivo\/wp-json\/wp\/v2\/types\/page"}],"author":[{"embeddable":true,"href":"https:\/\/blogsaverroes.juntadeandalucia.es\/ceipelolivo\/wp-json\/wp\/v2\/users\/5889"}],"replies":[{"embeddable":true,"href":"https:\/\/blogsaverroes.juntadeandalucia.es\/ceipelolivo\/wp-json\/wp\/v2\/comments?post=3020"}],"version-history":[{"count":20,"href":"https:\/\/blogsaverroes.juntadeandalucia.es\/ceipelolivo\/wp-json\/wp\/v2\/pages\/3020\/revisions"}],"predecessor-version":[{"id":6680,"href":"https:\/\/blogsaverroes.juntadeandalucia.es\/ceipelolivo\/wp-json\/wp\/v2\/pages\/3020\/revisions\/6680"}],"wp:attachment":[{"href":"https:\/\/blogsaverroes.juntadeandalucia.es\/ceipelolivo\/wp-json\/wp\/v2\/media?parent=3020"}],"curies":[{"name":"wp","href":"https:\/\/api.w.org\/{rel}","templated":true}]}}