{"id":3028,"date":"2018-03-24T21:56:32","date_gmt":"2018-03-24T21:56:32","guid":{"rendered":"https:\/\/blogsaverroes.juntadeandalucia.es\/ceipelolivo\/?page_id=3028"},"modified":"2018-07-07T01:20:35","modified_gmt":"2018-07-07T01:20:35","slug":"antiguo-blog","status":"publish","type":"page","link":"https:\/\/blogsaverroes.juntadeandalucia.es\/ceipelolivo\/antiguo-blog\/","title":{"rendered":"Nuestro antiguo blog"},"content":{"rendered":"<p style=\"text-align: justify\">El 8 de febrero de 2012 empez\u00e1bamos nuestra aventura en las redes con la confecci\u00f3n de un blog en el que ir\u00edamos subiendo las actividades de cada curso escolar. Para que no se pierda todo el trabajo que hicimos os dejamos con un enlace a la p\u00e1gina. Si quer\u00e9is pasar un rato divertido y ver las cosas que hac\u00edamos entonces, no dud\u00e9is en visitarlo:<\/p>\n<div id=\"attachment_3029\" style=\"width: 624px\" class=\"wp-caption aligncenter\"><a href=\"http:\/\/ceipelolivotorredonjimeno.blogspot.com.es\/2012\/02\/ya-tenemos-blog.html\" target=\"_blank\" rel=\"noopener\"><img loading=\"lazy\" decoding=\"async\" aria-describedby=\"caption-attachment-3029\" class=\"wp-image-3029 size-full\" src=\"https:\/\/blogsaverroes.juntadeandalucia.es\/ceipelolivo\/files\/2018\/03\/Antiguo-blog.png\" alt=\"\" width=\"614\" height=\"375\" srcset=\"https:\/\/blogsaverroes.juntadeandalucia.es\/ceipelolivo\/files\/2018\/03\/Antiguo-blog.png 614w, https:\/\/blogsaverroes.juntadeandalucia.es\/ceipelolivo\/files\/2018\/03\/Antiguo-blog-300x183.png 300w, https:\/\/blogsaverroes.juntadeandalucia.es\/ceipelolivo\/files\/2018\/03\/Antiguo-blog-268x164.png 268w, https:\/\/blogsaverroes.juntadeandalucia.es\/ceipelolivo\/files\/2018\/03\/Antiguo-blog-24x15.png 24w, https:\/\/blogsaverroes.juntadeandalucia.es\/ceipelolivo\/files\/2018\/03\/Antiguo-blog-36x22.png 36w, https:\/\/blogsaverroes.juntadeandalucia.es\/ceipelolivo\/files\/2018\/03\/Antiguo-blog-48x29.png 48w\" sizes=\"(max-width: 614px) 100vw, 614px\" \/><\/a><p id=\"caption-attachment-3029\" class=\"wp-caption-text\">Antiguo blog del colegio.<\/p><\/div>\n<p>&nbsp;<\/p>\n","protected":false},"excerpt":{"rendered":"<p>El 8 de febrero de 2012 empez\u00e1bamos nuestra aventura en las redes con la confecci\u00f3n de un blog en el que ir\u00edamos subiendo las actividades de cada curso escolar. Para que no se pierda&#46;&#46;&#46;<\/p>\n","protected":false},"author":5889,"featured_media":0,"parent":0,"menu_order":0,"comment_status":"closed","ping_status":"closed","template":"","meta":{"ngg_post_thumbnail":0,"footnotes":"","_mc_calendar":[]},"aioseo_notices":[],"_links":{"self":[{"href":"https:\/\/blogsaverroes.juntadeandalucia.es\/ceipelolivo\/wp-json\/wp\/v2\/pages\/3028"}],"collection":[{"href":"https:\/\/blogsaverroes.juntadeandalucia.es\/ceipelolivo\/wp-json\/wp\/v2\/pages"}],"about":[{"href":"https:\/\/blogsaverroes.juntadeandalucia.es\/ceipelolivo\/wp-json\/wp\/v2\/types\/page"}],"author":[{"embeddable":true,"href":"https:\/\/blogsaverroes.juntadeandalucia.es\/ceipelolivo\/wp-json\/wp\/v2\/users\/5889"}],"replies":[{"embeddable":true,"href":"https:\/\/blogsaverroes.juntadeandalucia.es\/ceipelolivo\/wp-json\/wp\/v2\/comments?post=3028"}],"version-history":[{"count":3,"href":"https:\/\/blogsaverroes.juntadeandalucia.es\/ceipelolivo\/wp-json\/wp\/v2\/pages\/3028\/revisions"}],"predecessor-version":[{"id":4139,"href":"https:\/\/blogsaverroes.juntadeandalucia.es\/ceipelolivo\/wp-json\/wp\/v2\/pages\/3028\/revisions\/4139"}],"wp:attachment":[{"href":"https:\/\/blogsaverroes.juntadeandalucia.es\/ceipelolivo\/wp-json\/wp\/v2\/media?parent=3028"}],"curies":[{"name":"wp","href":"https:\/\/api.w.org\/{rel}","templated":true}]}}