{"id":3404,"date":"2018-04-13T17:42:22","date_gmt":"2018-04-13T17:42:22","guid":{"rendered":"https:\/\/blogsaverroes.juntadeandalucia.es\/ceipelolivo\/?page_id=3404"},"modified":"2018-09-04T22:10:44","modified_gmt":"2018-09-04T22:10:44","slug":"despedidas","status":"publish","type":"page","link":"https:\/\/blogsaverroes.juntadeandalucia.es\/ceipelolivo\/despedidas\/","title":{"rendered":"Despedidas"},"content":{"rendered":"<p style=\"text-align: justify\">En esta p\u00e1gina iremos subiendo los v\u00eddeos de despedida de nuestras promociones, una vez que se vayan al instituto.<\/p>\n<p style=\"text-align: justify\">V\u00eddeos hechos con mucho cari\u00f1o y que queremos compartir con toda nuestra comunidad educativa.<\/p>\n<p>Esperamos que os gusten y que llev\u00e9is nuestro colegio en vuestro coraz\u00f3n durante el resto de vuestra vida.<\/p>\n<h4>Promoci\u00f3n 2008-2017.<\/h4>\n<p><iframe loading=\"lazy\" src=\"https:\/\/www.youtube.com\/embed\/1aX9OaXB2kc\" width=\"560\" height=\"315\" frameborder=\"0\"><\/iframe><\/p>\n<h4>Promoci\u00f3n 1998-2007<\/h4>\n<p><iframe loading=\"lazy\" src=\"https:\/\/www.youtube.com\/embed\/9J4BOOvtW8I\" width=\"560\" height=\"315\" frameborder=\"0\"><\/iframe><\/p>\n","protected":false},"excerpt":{"rendered":"<p>En esta p\u00e1gina iremos subiendo los v\u00eddeos de despedida de nuestras promociones, una vez que se vayan al instituto. V\u00eddeos hechos con mucho cari\u00f1o y que queremos compartir con toda nuestra comunidad educativa. Esperamos&#46;&#46;&#46;<\/p>\n","protected":false},"author":5889,"featured_media":0,"parent":0,"menu_order":0,"comment_status":"closed","ping_status":"open","template":"","meta":{"ngg_post_thumbnail":0,"footnotes":"","_mc_calendar":[]},"aioseo_notices":[],"_links":{"self":[{"href":"https:\/\/blogsaverroes.juntadeandalucia.es\/ceipelolivo\/wp-json\/wp\/v2\/pages\/3404"}],"collection":[{"href":"https:\/\/blogsaverroes.juntadeandalucia.es\/ceipelolivo\/wp-json\/wp\/v2\/pages"}],"about":[{"href":"https:\/\/blogsaverroes.juntadeandalucia.es\/ceipelolivo\/wp-json\/wp\/v2\/types\/page"}],"author":[{"embeddable":true,"href":"https:\/\/blogsaverroes.juntadeandalucia.es\/ceipelolivo\/wp-json\/wp\/v2\/users\/5889"}],"replies":[{"embeddable":true,"href":"https:\/\/blogsaverroes.juntadeandalucia.es\/ceipelolivo\/wp-json\/wp\/v2\/comments?post=3404"}],"version-history":[{"count":3,"href":"https:\/\/blogsaverroes.juntadeandalucia.es\/ceipelolivo\/wp-json\/wp\/v2\/pages\/3404\/revisions"}],"predecessor-version":[{"id":4189,"href":"https:\/\/blogsaverroes.juntadeandalucia.es\/ceipelolivo\/wp-json\/wp\/v2\/pages\/3404\/revisions\/4189"}],"wp:attachment":[{"href":"https:\/\/blogsaverroes.juntadeandalucia.es\/ceipelolivo\/wp-json\/wp\/v2\/media?parent=3404"}],"curies":[{"name":"wp","href":"https:\/\/api.w.org\/{rel}","templated":true}]}}