{"id":3559,"date":"2018-05-02T19:19:07","date_gmt":"2018-05-02T19:19:07","guid":{"rendered":"https:\/\/blogsaverroes.juntadeandalucia.es\/ceipelolivo\/?page_id=3559"},"modified":"2018-05-03T17:52:08","modified_gmt":"2018-05-03T17:52:08","slug":"generacion-del-86","status":"publish","type":"page","link":"https:\/\/blogsaverroes.juntadeandalucia.es\/ceipelolivo\/generacion-del-86\/","title":{"rendered":"Generaci\u00f3n del 86"},"content":{"rendered":"<p style=\"text-align: justify\">Aunque no lo parezca, el colegio ha ido cambiando desde su nacimiento. En las fotos que pod\u00e9is ver a continuaci\u00f3n se observan dos etapas del patio de educaci\u00f3n infantil totalmente distintas, en la primera sin cemento (y mucho m\u00e1s divertida seg\u00fan me han contado&#8230;) y en la segunda muy parecida a como lo podemos encontrar hoy d\u00eda. Por cierto que los ni\u00f1os y ni\u00f1as que aparecen en las fotos nacieron en 1986 (al menos la gran mayor\u00eda&#8230;).<\/p>\n<div id=\"attachment_3560\" style=\"width: 670px\" class=\"wp-caption aligncenter\"><a href=\"https:\/\/blogsaverroes.juntadeandalucia.es\/ceipelolivo\/files\/2018\/05\/1986_03.jpeg\" target=\"_blank\" rel=\"noopener\"><img loading=\"lazy\" decoding=\"async\" aria-describedby=\"caption-attachment-3560\" class=\"wp-image-3560 size-large\" src=\"https:\/\/blogsaverroes.juntadeandalucia.es\/ceipelolivo\/files\/2018\/05\/1986_03-1024x794.jpeg\" alt=\"\" width=\"660\" height=\"512\" srcset=\"https:\/\/blogsaverroes.juntadeandalucia.es\/ceipelolivo\/files\/2018\/05\/1986_03-1024x794.jpeg 1024w, https:\/\/blogsaverroes.juntadeandalucia.es\/ceipelolivo\/files\/2018\/05\/1986_03-300x233.jpeg 300w, https:\/\/blogsaverroes.juntadeandalucia.es\/ceipelolivo\/files\/2018\/05\/1986_03-768x595.jpeg 768w, https:\/\/blogsaverroes.juntadeandalucia.es\/ceipelolivo\/files\/2018\/05\/1986_03-700x543.jpeg 700w, https:\/\/blogsaverroes.juntadeandalucia.es\/ceipelolivo\/files\/2018\/05\/1986_03-24x19.jpeg 24w, https:\/\/blogsaverroes.juntadeandalucia.es\/ceipelolivo\/files\/2018\/05\/1986_03-36x28.jpeg 36w, https:\/\/blogsaverroes.juntadeandalucia.es\/ceipelolivo\/files\/2018\/05\/1986_03-48x37.jpeg 48w, https:\/\/blogsaverroes.juntadeandalucia.es\/ceipelolivo\/files\/2018\/05\/1986_03.jpeg 1600w\" sizes=\"(max-width: 660px) 100vw, 660px\" \/><\/a><p id=\"caption-attachment-3560\" class=\"wp-caption-text\">Generaci\u00f3n de 1986 acompa\u00f1ados por Mari Carmen Melero.<\/p><\/div>\n<p><a href=\"https:\/\/blogsaverroes.juntadeandalucia.es\/ceipelolivo\/files\/2018\/05\/Generaci\u00f3n-del-86_En-el-patio.jpg\" target=\"_blank\" rel=\"noopener\"><img loading=\"lazy\" decoding=\"async\" class=\"aligncenter wp-image-3561 size-large\" src=\"https:\/\/blogsaverroes.juntadeandalucia.es\/ceipelolivo\/files\/2018\/05\/Generaci\u00f3n-del-86_En-el-patio-1024x664.jpg\" alt=\"\" width=\"660\" height=\"428\" srcset=\"https:\/\/blogsaverroes.juntadeandalucia.es\/ceipelolivo\/files\/2018\/05\/Generaci\u00f3n-del-86_En-el-patio-1024x664.jpg 1024w, https:\/\/blogsaverroes.juntadeandalucia.es\/ceipelolivo\/files\/2018\/05\/Generaci\u00f3n-del-86_En-el-patio-300x195.jpg 300w, https:\/\/blogsaverroes.juntadeandalucia.es\/ceipelolivo\/files\/2018\/05\/Generaci\u00f3n-del-86_En-el-patio-768x498.jpg 768w, https:\/\/blogsaverroes.juntadeandalucia.es\/ceipelolivo\/files\/2018\/05\/Generaci\u00f3n-del-86_En-el-patio-700x454.jpg 700w, https:\/\/blogsaverroes.juntadeandalucia.es\/ceipelolivo\/files\/2018\/05\/Generaci\u00f3n-del-86_En-el-patio-24x16.jpg 24w, https:\/\/blogsaverroes.juntadeandalucia.es\/ceipelolivo\/files\/2018\/05\/Generaci\u00f3n-del-86_En-el-patio-36x23.jpg 36w, https:\/\/blogsaverroes.juntadeandalucia.es\/ceipelolivo\/files\/2018\/05\/Generaci\u00f3n-del-86_En-el-patio-48x31.jpg 48w, https:\/\/blogsaverroes.juntadeandalucia.es\/ceipelolivo\/files\/2018\/05\/Generaci\u00f3n-del-86_En-el-patio.jpg 1600w\" sizes=\"(max-width: 660px) 100vw, 660px\" \/><\/a><\/p>\n<p style=\"text-align: justify\">En la siguiente foto en una de las salidas que solemos realizar por nuestro pueblo, el Calvario:<\/p>\n<div id=\"attachment_3564\" style=\"width: 670px\" class=\"wp-caption aligncenter\"><a href=\"https:\/\/blogsaverroes.juntadeandalucia.es\/ceipelolivo\/files\/2018\/05\/1986_02.jpeg\" target=\"_blank\" rel=\"noopener\"><img loading=\"lazy\" decoding=\"async\" aria-describedby=\"caption-attachment-3564\" class=\"wp-image-3564 size-large\" src=\"https:\/\/blogsaverroes.juntadeandalucia.es\/ceipelolivo\/files\/2018\/05\/1986_02-1024x684.jpeg\" alt=\"\" width=\"660\" height=\"441\" srcset=\"https:\/\/blogsaverroes.juntadeandalucia.es\/ceipelolivo\/files\/2018\/05\/1986_02-1024x684.jpeg 1024w, https:\/\/blogsaverroes.juntadeandalucia.es\/ceipelolivo\/files\/2018\/05\/1986_02-300x201.jpeg 300w, https:\/\/blogsaverroes.juntadeandalucia.es\/ceipelolivo\/files\/2018\/05\/1986_02-768x513.jpeg 768w, https:\/\/blogsaverroes.juntadeandalucia.es\/ceipelolivo\/files\/2018\/05\/1986_02-700x468.jpeg 700w, https:\/\/blogsaverroes.juntadeandalucia.es\/ceipelolivo\/files\/2018\/05\/1986_02-24x16.jpeg 24w, https:\/\/blogsaverroes.juntadeandalucia.es\/ceipelolivo\/files\/2018\/05\/1986_02-36x24.jpeg 36w, https:\/\/blogsaverroes.juntadeandalucia.es\/ceipelolivo\/files\/2018\/05\/1986_02-48x32.jpeg 48w, https:\/\/blogsaverroes.juntadeandalucia.es\/ceipelolivo\/files\/2018\/05\/1986_02.jpeg 1185w\" sizes=\"(max-width: 660px) 100vw, 660px\" \/><\/a><p id=\"caption-attachment-3564\" class=\"wp-caption-text\">En el Calvario acompa\u00f1ados por Manoli Chaichio y Mar\u00eda del Carmen Tudela.<\/p><\/div>\n<p style=\"text-align: justify\">Las fotos de grupo que no pueden faltar en ninguna promoci\u00f3n, con Pepi, Adela y Angustias:<\/p>\n<p><a href=\"https:\/\/blogsaverroes.juntadeandalucia.es\/ceipelolivo\/files\/2018\/05\/1986_01.jpeg\" target=\"_blank\" rel=\"noopener\"><img loading=\"lazy\" decoding=\"async\" class=\"aligncenter wp-image-3565 size-large\" src=\"https:\/\/blogsaverroes.juntadeandalucia.es\/ceipelolivo\/files\/2018\/05\/1986_01-1024x837.jpeg\" alt=\"\" width=\"660\" height=\"539\" srcset=\"https:\/\/blogsaverroes.juntadeandalucia.es\/ceipelolivo\/files\/2018\/05\/1986_01-1024x837.jpeg 1024w, https:\/\/blogsaverroes.juntadeandalucia.es\/ceipelolivo\/files\/2018\/05\/1986_01-300x245.jpeg 300w, https:\/\/blogsaverroes.juntadeandalucia.es\/ceipelolivo\/files\/2018\/05\/1986_01-768x628.jpeg 768w, https:\/\/blogsaverroes.juntadeandalucia.es\/ceipelolivo\/files\/2018\/05\/1986_01-700x572.jpeg 700w, https:\/\/blogsaverroes.juntadeandalucia.es\/ceipelolivo\/files\/2018\/05\/1986_01-24x20.jpeg 24w, https:\/\/blogsaverroes.juntadeandalucia.es\/ceipelolivo\/files\/2018\/05\/1986_01-36x29.jpeg 36w, https:\/\/blogsaverroes.juntadeandalucia.es\/ceipelolivo\/files\/2018\/05\/1986_01-48x39.jpeg 48w, https:\/\/blogsaverroes.juntadeandalucia.es\/ceipelolivo\/files\/2018\/05\/1986_01.jpeg 1600w\" sizes=\"(max-width: 660px) 100vw, 660px\" \/><\/a><a href=\"https:\/\/blogsaverroes.juntadeandalucia.es\/ceipelolivo\/files\/2018\/05\/1986_04.jpeg\" target=\"_blank\" rel=\"noopener\"><img loading=\"lazy\" decoding=\"async\" class=\"aligncenter wp-image-3566 size-large\" src=\"https:\/\/blogsaverroes.juntadeandalucia.es\/ceipelolivo\/files\/2018\/05\/1986_04-1024x727.jpeg\" alt=\"\" width=\"660\" height=\"469\" srcset=\"https:\/\/blogsaverroes.juntadeandalucia.es\/ceipelolivo\/files\/2018\/05\/1986_04-1024x727.jpeg 1024w, https:\/\/blogsaverroes.juntadeandalucia.es\/ceipelolivo\/files\/2018\/05\/1986_04-300x213.jpeg 300w, https:\/\/blogsaverroes.juntadeandalucia.es\/ceipelolivo\/files\/2018\/05\/1986_04-768x545.jpeg 768w, https:\/\/blogsaverroes.juntadeandalucia.es\/ceipelolivo\/files\/2018\/05\/1986_04-700x497.jpeg 700w, https:\/\/blogsaverroes.juntadeandalucia.es\/ceipelolivo\/files\/2018\/05\/1986_04-24x17.jpeg 24w, https:\/\/blogsaverroes.juntadeandalucia.es\/ceipelolivo\/files\/2018\/05\/1986_04-36x26.jpeg 36w, https:\/\/blogsaverroes.juntadeandalucia.es\/ceipelolivo\/files\/2018\/05\/1986_04-48x34.jpeg 48w, https:\/\/blogsaverroes.juntadeandalucia.es\/ceipelolivo\/files\/2018\/05\/1986_04.jpeg 1600w\" sizes=\"(max-width: 660px) 100vw, 660px\" \/><\/a> <a href=\"https:\/\/blogsaverroes.juntadeandalucia.es\/ceipelolivo\/files\/2018\/05\/1986_05.jpeg\" target=\"_blank\" rel=\"noopener\"><img loading=\"lazy\" decoding=\"async\" class=\"aligncenter wp-image-3567 size-large\" src=\"https:\/\/blogsaverroes.juntadeandalucia.es\/ceipelolivo\/files\/2018\/05\/1986_05-1024x806.jpeg\" alt=\"\" width=\"660\" height=\"519\" srcset=\"https:\/\/blogsaverroes.juntadeandalucia.es\/ceipelolivo\/files\/2018\/05\/1986_05-1024x806.jpeg 1024w, https:\/\/blogsaverroes.juntadeandalucia.es\/ceipelolivo\/files\/2018\/05\/1986_05-300x236.jpeg 300w, https:\/\/blogsaverroes.juntadeandalucia.es\/ceipelolivo\/files\/2018\/05\/1986_05-768x605.jpeg 768w, https:\/\/blogsaverroes.juntadeandalucia.es\/ceipelolivo\/files\/2018\/05\/1986_05-700x551.jpeg 700w, https:\/\/blogsaverroes.juntadeandalucia.es\/ceipelolivo\/files\/2018\/05\/1986_05-24x19.jpeg 24w, https:\/\/blogsaverroes.juntadeandalucia.es\/ceipelolivo\/files\/2018\/05\/1986_05-36x28.jpeg 36w, https:\/\/blogsaverroes.juntadeandalucia.es\/ceipelolivo\/files\/2018\/05\/1986_05-48x38.jpeg 48w, https:\/\/blogsaverroes.juntadeandalucia.es\/ceipelolivo\/files\/2018\/05\/1986_05.jpeg 1600w\" sizes=\"(max-width: 660px) 100vw, 660px\" \/><\/a> <a href=\"https:\/\/blogsaverroes.juntadeandalucia.es\/ceipelolivo\/files\/2018\/05\/Generaci\u00f3n-del-86_01.jpg\" target=\"_blank\" rel=\"noopener\"><img loading=\"lazy\" decoding=\"async\" class=\"aligncenter wp-image-3568 size-large\" src=\"https:\/\/blogsaverroes.juntadeandalucia.es\/ceipelolivo\/files\/2018\/05\/Generaci\u00f3n-del-86_01-1024x828.jpg\" alt=\"\" width=\"660\" height=\"534\" srcset=\"https:\/\/blogsaverroes.juntadeandalucia.es\/ceipelolivo\/files\/2018\/05\/Generaci\u00f3n-del-86_01-1024x828.jpg 1024w, https:\/\/blogsaverroes.juntadeandalucia.es\/ceipelolivo\/files\/2018\/05\/Generaci\u00f3n-del-86_01-300x242.jpg 300w, https:\/\/blogsaverroes.juntadeandalucia.es\/ceipelolivo\/files\/2018\/05\/Generaci\u00f3n-del-86_01-768x621.jpg 768w, https:\/\/blogsaverroes.juntadeandalucia.es\/ceipelolivo\/files\/2018\/05\/Generaci\u00f3n-del-86_01-700x566.jpg 700w, https:\/\/blogsaverroes.juntadeandalucia.es\/ceipelolivo\/files\/2018\/05\/Generaci\u00f3n-del-86_01-24x19.jpg 24w, https:\/\/blogsaverroes.juntadeandalucia.es\/ceipelolivo\/files\/2018\/05\/Generaci\u00f3n-del-86_01-36x29.jpg 36w, https:\/\/blogsaverroes.juntadeandalucia.es\/ceipelolivo\/files\/2018\/05\/Generaci\u00f3n-del-86_01-48x39.jpg 48w, https:\/\/blogsaverroes.juntadeandalucia.es\/ceipelolivo\/files\/2018\/05\/Generaci\u00f3n-del-86_01.jpg 1600w\" sizes=\"(max-width: 660px) 100vw, 660px\" \/><\/a><\/p>\n<p style=\"text-align: justify\">Y para despedirnos por ahora, finalizando una actuaci\u00f3n de Navidad. Esperamos que os gusten las fotos:<\/p>\n<p><a href=\"https:\/\/blogsaverroes.juntadeandalucia.es\/ceipelolivo\/files\/2018\/05\/1986_06.jpeg\" target=\"_blank\" rel=\"noopener\"><img loading=\"lazy\" decoding=\"async\" class=\"aligncenter wp-image-3569 size-large\" src=\"https:\/\/blogsaverroes.juntadeandalucia.es\/ceipelolivo\/files\/2018\/05\/1986_06-1024x686.jpeg\" alt=\"\" width=\"660\" height=\"442\" srcset=\"https:\/\/blogsaverroes.juntadeandalucia.es\/ceipelolivo\/files\/2018\/05\/1986_06-1024x686.jpeg 1024w, https:\/\/blogsaverroes.juntadeandalucia.es\/ceipelolivo\/files\/2018\/05\/1986_06-300x201.jpeg 300w, https:\/\/blogsaverroes.juntadeandalucia.es\/ceipelolivo\/files\/2018\/05\/1986_06-768x514.jpeg 768w, https:\/\/blogsaverroes.juntadeandalucia.es\/ceipelolivo\/files\/2018\/05\/1986_06-700x469.jpeg 700w, https:\/\/blogsaverroes.juntadeandalucia.es\/ceipelolivo\/files\/2018\/05\/1986_06-24x16.jpeg 24w, https:\/\/blogsaverroes.juntadeandalucia.es\/ceipelolivo\/files\/2018\/05\/1986_06-36x24.jpeg 36w, https:\/\/blogsaverroes.juntadeandalucia.es\/ceipelolivo\/files\/2018\/05\/1986_06-48x32.jpeg 48w, https:\/\/blogsaverroes.juntadeandalucia.es\/ceipelolivo\/files\/2018\/05\/1986_06.jpeg 1181w\" sizes=\"(max-width: 660px) 100vw, 660px\" \/><\/a><\/p>\n","protected":false},"excerpt":{"rendered":"<p>Aunque no lo parezca, el colegio ha ido cambiando desde su nacimiento. En las fotos que pod\u00e9is ver a continuaci\u00f3n se observan dos etapas del patio de educaci\u00f3n infantil totalmente distintas, en la primera&#46;&#46;&#46;<\/p>\n","protected":false},"author":5889,"featured_media":0,"parent":0,"menu_order":0,"comment_status":"closed","ping_status":"closed","template":"","meta":{"ngg_post_thumbnail":0,"footnotes":"","_mc_calendar":[]},"aioseo_notices":[],"_links":{"self":[{"href":"https:\/\/blogsaverroes.juntadeandalucia.es\/ceipelolivo\/wp-json\/wp\/v2\/pages\/3559"}],"collection":[{"href":"https:\/\/blogsaverroes.juntadeandalucia.es\/ceipelolivo\/wp-json\/wp\/v2\/pages"}],"about":[{"href":"https:\/\/blogsaverroes.juntadeandalucia.es\/ceipelolivo\/wp-json\/wp\/v2\/types\/page"}],"author":[{"embeddable":true,"href":"https:\/\/blogsaverroes.juntadeandalucia.es\/ceipelolivo\/wp-json\/wp\/v2\/users\/5889"}],"replies":[{"embeddable":true,"href":"https:\/\/blogsaverroes.juntadeandalucia.es\/ceipelolivo\/wp-json\/wp\/v2\/comments?post=3559"}],"version-history":[{"count":7,"href":"https:\/\/blogsaverroes.juntadeandalucia.es\/ceipelolivo\/wp-json\/wp\/v2\/pages\/3559\/revisions"}],"predecessor-version":[{"id":3625,"href":"https:\/\/blogsaverroes.juntadeandalucia.es\/ceipelolivo\/wp-json\/wp\/v2\/pages\/3559\/revisions\/3625"}],"wp:attachment":[{"href":"https:\/\/blogsaverroes.juntadeandalucia.es\/ceipelolivo\/wp-json\/wp\/v2\/media?parent=3559"}],"curies":[{"name":"wp","href":"https:\/\/api.w.org\/{rel}","templated":true}]}}