{"id":3575,"date":"2018-05-02T23:11:08","date_gmt":"2018-05-02T23:11:08","guid":{"rendered":"https:\/\/blogsaverroes.juntadeandalucia.es\/ceipelolivo\/?page_id=3575"},"modified":"2018-05-02T23:12:07","modified_gmt":"2018-05-02T23:12:07","slug":"generacion-del-79","status":"publish","type":"page","link":"https:\/\/blogsaverroes.juntadeandalucia.es\/ceipelolivo\/generacion-del-79\/","title":{"rendered":"Generaci\u00f3n del 79"},"content":{"rendered":"<p>La foto de m\u00e1s abajo nos la han mandado por correo. Mila, muchas gracias por el regalo \ud83d\ude09<\/p>\n<p style=\"text-align: justify\">Y lo que es la vida, en ella aparece Don Juli\u00e1n, que este mismo mes (febrero de 2018), se despide de la docencia tras muchos a\u00f1os luchando por la escuela p\u00fablica. Feliz jubilaci\u00f3n amigo:<\/p>\n<p><a href=\"https:\/\/blogsaverroes.juntadeandalucia.es\/ceipelolivo\/files\/2018\/05\/Generaci\u00f3n-del-79_01.jpg\" target=\"_blank\" rel=\"noopener\"><img loading=\"lazy\" decoding=\"async\" class=\"aligncenter wp-image-3579 size-large\" src=\"https:\/\/blogsaverroes.juntadeandalucia.es\/ceipelolivo\/files\/2018\/05\/Generaci\u00f3n-del-79_01-1024x783.jpg\" alt=\"\" width=\"660\" height=\"505\" srcset=\"https:\/\/blogsaverroes.juntadeandalucia.es\/ceipelolivo\/files\/2018\/05\/Generaci\u00f3n-del-79_01-1024x783.jpg 1024w, https:\/\/blogsaverroes.juntadeandalucia.es\/ceipelolivo\/files\/2018\/05\/Generaci\u00f3n-del-79_01-300x229.jpg 300w, https:\/\/blogsaverroes.juntadeandalucia.es\/ceipelolivo\/files\/2018\/05\/Generaci\u00f3n-del-79_01-768x587.jpg 768w, https:\/\/blogsaverroes.juntadeandalucia.es\/ceipelolivo\/files\/2018\/05\/Generaci\u00f3n-del-79_01-700x535.jpg 700w, https:\/\/blogsaverroes.juntadeandalucia.es\/ceipelolivo\/files\/2018\/05\/Generaci\u00f3n-del-79_01-24x18.jpg 24w, https:\/\/blogsaverroes.juntadeandalucia.es\/ceipelolivo\/files\/2018\/05\/Generaci\u00f3n-del-79_01-36x28.jpg 36w, https:\/\/blogsaverroes.juntadeandalucia.es\/ceipelolivo\/files\/2018\/05\/Generaci\u00f3n-del-79_01-48x37.jpg 48w, https:\/\/blogsaverroes.juntadeandalucia.es\/ceipelolivo\/files\/2018\/05\/Generaci\u00f3n-del-79_01.jpg 1600w\" sizes=\"(max-width: 660px) 100vw, 660px\" \/><\/a><\/p>\n<p style=\"text-align: justify\">Como se puede apreciar en las siguientes im\u00e1genes, que por supuesto son de viajes, en aquellos a\u00f1os no hab\u00eda problemas por tener m\u00e1s de veinticinco alumnos en las aulas. La situaci\u00f3n ha cambiado tanto que hoy d\u00eda es dif\u00edcil llenar los colegios de Torredonjimeno. Nos estamos quedando sin ni\u00f1os y ni\u00f1as&#8230; Una aut\u00e9ntica pena.<a href=\"https:\/\/blogsaverroes.juntadeandalucia.es\/ceipelolivo\/files\/2018\/05\/Generaci\u00f3n-79_04.jpeg\" target=\"_blank\" rel=\"noopener\"><img loading=\"lazy\" decoding=\"async\" class=\"aligncenter wp-image-3578 size-full\" src=\"https:\/\/blogsaverroes.juntadeandalucia.es\/ceipelolivo\/files\/2018\/05\/Generaci\u00f3n-79_04.jpeg\" alt=\"\" width=\"1001\" height=\"512\" srcset=\"https:\/\/blogsaverroes.juntadeandalucia.es\/ceipelolivo\/files\/2018\/05\/Generaci\u00f3n-79_04.jpeg 1001w, https:\/\/blogsaverroes.juntadeandalucia.es\/ceipelolivo\/files\/2018\/05\/Generaci\u00f3n-79_04-300x153.jpeg 300w, https:\/\/blogsaverroes.juntadeandalucia.es\/ceipelolivo\/files\/2018\/05\/Generaci\u00f3n-79_04-768x393.jpeg 768w, https:\/\/blogsaverroes.juntadeandalucia.es\/ceipelolivo\/files\/2018\/05\/Generaci\u00f3n-79_04-700x358.jpeg 700w, https:\/\/blogsaverroes.juntadeandalucia.es\/ceipelolivo\/files\/2018\/05\/Generaci\u00f3n-79_04-24x12.jpeg 24w, https:\/\/blogsaverroes.juntadeandalucia.es\/ceipelolivo\/files\/2018\/05\/Generaci\u00f3n-79_04-36x18.jpeg 36w, https:\/\/blogsaverroes.juntadeandalucia.es\/ceipelolivo\/files\/2018\/05\/Generaci\u00f3n-79_04-48x25.jpeg 48w\" sizes=\"(max-width: 1001px) 100vw, 1001px\" \/><\/a> <a href=\"https:\/\/blogsaverroes.juntadeandalucia.es\/ceipelolivo\/files\/2018\/05\/Generaci\u00f3n-79_03.jpeg\" target=\"_blank\" rel=\"noopener\"><img loading=\"lazy\" decoding=\"async\" class=\"aligncenter wp-image-3577 size-large\" src=\"https:\/\/blogsaverroes.juntadeandalucia.es\/ceipelolivo\/files\/2018\/05\/Generaci\u00f3n-79_03-1024x712.jpeg\" alt=\"\" width=\"660\" height=\"459\" srcset=\"https:\/\/blogsaverroes.juntadeandalucia.es\/ceipelolivo\/files\/2018\/05\/Generaci\u00f3n-79_03-1024x712.jpeg 1024w, https:\/\/blogsaverroes.juntadeandalucia.es\/ceipelolivo\/files\/2018\/05\/Generaci\u00f3n-79_03-300x209.jpeg 300w, https:\/\/blogsaverroes.juntadeandalucia.es\/ceipelolivo\/files\/2018\/05\/Generaci\u00f3n-79_03-768x534.jpeg 768w, https:\/\/blogsaverroes.juntadeandalucia.es\/ceipelolivo\/files\/2018\/05\/Generaci\u00f3n-79_03-700x487.jpeg 700w, https:\/\/blogsaverroes.juntadeandalucia.es\/ceipelolivo\/files\/2018\/05\/Generaci\u00f3n-79_03-24x17.jpeg 24w, https:\/\/blogsaverroes.juntadeandalucia.es\/ceipelolivo\/files\/2018\/05\/Generaci\u00f3n-79_03-36x25.jpeg 36w, https:\/\/blogsaverroes.juntadeandalucia.es\/ceipelolivo\/files\/2018\/05\/Generaci\u00f3n-79_03-48x33.jpeg 48w, https:\/\/blogsaverroes.juntadeandalucia.es\/ceipelolivo\/files\/2018\/05\/Generaci\u00f3n-79_03.jpeg 1387w\" sizes=\"(max-width: 660px) 100vw, 660px\" \/><\/a><\/p>\n<p>Fotos de carnavales, algo muy t\u00edpico de nuestro colegio:<a href=\"https:\/\/blogsaverroes.juntadeandalucia.es\/ceipelolivo\/files\/2018\/05\/Generaci\u00f3n-del-79.jpeg\" target=\"_blank\" rel=\"noopener\"><img loading=\"lazy\" decoding=\"async\" class=\"aligncenter wp-image-3581 size-large\" src=\"https:\/\/blogsaverroes.juntadeandalucia.es\/ceipelolivo\/files\/2018\/05\/Generaci\u00f3n-del-79-1024x734.jpeg\" alt=\"\" width=\"660\" height=\"473\" srcset=\"https:\/\/blogsaverroes.juntadeandalucia.es\/ceipelolivo\/files\/2018\/05\/Generaci\u00f3n-del-79-1024x734.jpeg 1024w, https:\/\/blogsaverroes.juntadeandalucia.es\/ceipelolivo\/files\/2018\/05\/Generaci\u00f3n-del-79-300x215.jpeg 300w, https:\/\/blogsaverroes.juntadeandalucia.es\/ceipelolivo\/files\/2018\/05\/Generaci\u00f3n-del-79-768x550.jpeg 768w, https:\/\/blogsaverroes.juntadeandalucia.es\/ceipelolivo\/files\/2018\/05\/Generaci\u00f3n-del-79-700x502.jpeg 700w, https:\/\/blogsaverroes.juntadeandalucia.es\/ceipelolivo\/files\/2018\/05\/Generaci\u00f3n-del-79-24x17.jpeg 24w, https:\/\/blogsaverroes.juntadeandalucia.es\/ceipelolivo\/files\/2018\/05\/Generaci\u00f3n-del-79-36x26.jpeg 36w, https:\/\/blogsaverroes.juntadeandalucia.es\/ceipelolivo\/files\/2018\/05\/Generaci\u00f3n-del-79-48x34.jpeg 48w, https:\/\/blogsaverroes.juntadeandalucia.es\/ceipelolivo\/files\/2018\/05\/Generaci\u00f3n-del-79.jpeg 1379w\" sizes=\"(max-width: 660px) 100vw, 660px\" \/><\/a> <a href=\"https:\/\/blogsaverroes.juntadeandalucia.es\/ceipelolivo\/files\/2018\/05\/Generaci\u00f3n-del-79_05.jpeg\" target=\"_blank\" rel=\"noopener\"><img loading=\"lazy\" decoding=\"async\" class=\"aligncenter wp-image-3580 size-large\" src=\"https:\/\/blogsaverroes.juntadeandalucia.es\/ceipelolivo\/files\/2018\/05\/Generaci\u00f3n-del-79_05-1024x738.jpeg\" alt=\"\" width=\"660\" height=\"476\" srcset=\"https:\/\/blogsaverroes.juntadeandalucia.es\/ceipelolivo\/files\/2018\/05\/Generaci\u00f3n-del-79_05-1024x738.jpeg 1024w, https:\/\/blogsaverroes.juntadeandalucia.es\/ceipelolivo\/files\/2018\/05\/Generaci\u00f3n-del-79_05-300x216.jpeg 300w, https:\/\/blogsaverroes.juntadeandalucia.es\/ceipelolivo\/files\/2018\/05\/Generaci\u00f3n-del-79_05-768x553.jpeg 768w, https:\/\/blogsaverroes.juntadeandalucia.es\/ceipelolivo\/files\/2018\/05\/Generaci\u00f3n-del-79_05-700x504.jpeg 700w, https:\/\/blogsaverroes.juntadeandalucia.es\/ceipelolivo\/files\/2018\/05\/Generaci\u00f3n-del-79_05-24x17.jpeg 24w, https:\/\/blogsaverroes.juntadeandalucia.es\/ceipelolivo\/files\/2018\/05\/Generaci\u00f3n-del-79_05-36x26.jpeg 36w, https:\/\/blogsaverroes.juntadeandalucia.es\/ceipelolivo\/files\/2018\/05\/Generaci\u00f3n-del-79_05-48x35.jpeg 48w, https:\/\/blogsaverroes.juntadeandalucia.es\/ceipelolivo\/files\/2018\/05\/Generaci\u00f3n-del-79_05.jpeg 1360w\" sizes=\"(max-width: 660px) 100vw, 660px\" \/><\/a><\/p>\n<p>Y para despedirnos por ahora de esta generaci\u00f3n os dejamos con una foto de grupo, o al menos de la mitad, ya que imaginamos que tendr\u00edan que desdoblar en dos clases&#8230;<\/p>\n<p><a href=\"https:\/\/blogsaverroes.juntadeandalucia.es\/ceipelolivo\/files\/2018\/05\/Generaci\u00f3n-79_02.jpeg\" target=\"_blank\" rel=\"noopener\"><img loading=\"lazy\" decoding=\"async\" class=\"aligncenter wp-image-3576 size-large\" src=\"https:\/\/blogsaverroes.juntadeandalucia.es\/ceipelolivo\/files\/2018\/05\/Generaci\u00f3n-79_02-1024x819.jpeg\" alt=\"\" width=\"660\" height=\"528\" srcset=\"https:\/\/blogsaverroes.juntadeandalucia.es\/ceipelolivo\/files\/2018\/05\/Generaci\u00f3n-79_02-1024x819.jpeg 1024w, https:\/\/blogsaverroes.juntadeandalucia.es\/ceipelolivo\/files\/2018\/05\/Generaci\u00f3n-79_02-300x240.jpeg 300w, https:\/\/blogsaverroes.juntadeandalucia.es\/ceipelolivo\/files\/2018\/05\/Generaci\u00f3n-79_02-768x614.jpeg 768w, https:\/\/blogsaverroes.juntadeandalucia.es\/ceipelolivo\/files\/2018\/05\/Generaci\u00f3n-79_02-700x560.jpeg 700w, https:\/\/blogsaverroes.juntadeandalucia.es\/ceipelolivo\/files\/2018\/05\/Generaci\u00f3n-79_02-24x19.jpeg 24w, https:\/\/blogsaverroes.juntadeandalucia.es\/ceipelolivo\/files\/2018\/05\/Generaci\u00f3n-79_02-36x29.jpeg 36w, https:\/\/blogsaverroes.juntadeandalucia.es\/ceipelolivo\/files\/2018\/05\/Generaci\u00f3n-79_02-48x38.jpeg 48w, https:\/\/blogsaverroes.juntadeandalucia.es\/ceipelolivo\/files\/2018\/05\/Generaci\u00f3n-79_02.jpeg 1600w\" sizes=\"(max-width: 660px) 100vw, 660px\" \/><\/a><\/p>\n<p>&nbsp;<\/p>\n","protected":false},"excerpt":{"rendered":"<p>La foto de m\u00e1s abajo nos la han mandado por correo. Mila, muchas gracias por el regalo \ud83d\ude09 Y lo que es la vida, en ella aparece Don Juli\u00e1n, que este mismo mes (febrero&#46;&#46;&#46;<\/p>\n","protected":false},"author":5889,"featured_media":0,"parent":0,"menu_order":0,"comment_status":"closed","ping_status":"closed","template":"","meta":{"ngg_post_thumbnail":0,"footnotes":"","_mc_calendar":[]},"aioseo_notices":[],"_links":{"self":[{"href":"https:\/\/blogsaverroes.juntadeandalucia.es\/ceipelolivo\/wp-json\/wp\/v2\/pages\/3575"}],"collection":[{"href":"https:\/\/blogsaverroes.juntadeandalucia.es\/ceipelolivo\/wp-json\/wp\/v2\/pages"}],"about":[{"href":"https:\/\/blogsaverroes.juntadeandalucia.es\/ceipelolivo\/wp-json\/wp\/v2\/types\/page"}],"author":[{"embeddable":true,"href":"https:\/\/blogsaverroes.juntadeandalucia.es\/ceipelolivo\/wp-json\/wp\/v2\/users\/5889"}],"replies":[{"embeddable":true,"href":"https:\/\/blogsaverroes.juntadeandalucia.es\/ceipelolivo\/wp-json\/wp\/v2\/comments?post=3575"}],"version-history":[{"count":3,"href":"https:\/\/blogsaverroes.juntadeandalucia.es\/ceipelolivo\/wp-json\/wp\/v2\/pages\/3575\/revisions"}],"predecessor-version":[{"id":3584,"href":"https:\/\/blogsaverroes.juntadeandalucia.es\/ceipelolivo\/wp-json\/wp\/v2\/pages\/3575\/revisions\/3584"}],"wp:attachment":[{"href":"https:\/\/blogsaverroes.juntadeandalucia.es\/ceipelolivo\/wp-json\/wp\/v2\/media?parent=3575"}],"curies":[{"name":"wp","href":"https:\/\/api.w.org\/{rel}","templated":true}]}}