{"id":3608,"date":"2018-05-03T17:21:24","date_gmt":"2018-05-03T17:21:24","guid":{"rendered":"https:\/\/blogsaverroes.juntadeandalucia.es\/ceipelolivo\/?page_id=3608"},"modified":"2018-05-03T17:45:41","modified_gmt":"2018-05-03T17:45:41","slug":"generacion-del-80","status":"publish","type":"page","link":"https:\/\/blogsaverroes.juntadeandalucia.es\/ceipelolivo\/generacion-del-80\/","title":{"rendered":"Generaci\u00f3n del 80"},"content":{"rendered":"<p style=\"text-align: justify\">Un grupo magn\u00edfico de ni\u00f1os y ni\u00f1as nacieron el a\u00f1o 1980 y dieron comienzo a una nueva d\u00e9cada en nuestro colegio, llena de ilusi\u00f3n y alegr\u00eda. Mientras cant\u00e1bamos \u00abSouper Trouper\u00bb de Abba, nuestros peques se preparaban para entrar en el colegio:<\/p>\n<div id=\"attachment_3611\" style=\"width: 670px\" class=\"wp-caption aligncenter\"><a href=\"https:\/\/blogsaverroes.juntadeandalucia.es\/ceipelolivo\/files\/2018\/05\/Generaci\u00f3n-de-1980_02.jpg\" target=\"_blank\" rel=\"noopener\"><img loading=\"lazy\" decoding=\"async\" aria-describedby=\"caption-attachment-3611\" class=\"wp-image-3611 size-large\" src=\"https:\/\/blogsaverroes.juntadeandalucia.es\/ceipelolivo\/files\/2018\/05\/Generaci\u00f3n-de-1980_02-1024x828.jpg\" alt=\"\" width=\"660\" height=\"534\" srcset=\"https:\/\/blogsaverroes.juntadeandalucia.es\/ceipelolivo\/files\/2018\/05\/Generaci\u00f3n-de-1980_02-1024x828.jpg 1024w, https:\/\/blogsaverroes.juntadeandalucia.es\/ceipelolivo\/files\/2018\/05\/Generaci\u00f3n-de-1980_02-300x243.jpg 300w, https:\/\/blogsaverroes.juntadeandalucia.es\/ceipelolivo\/files\/2018\/05\/Generaci\u00f3n-de-1980_02-768x621.jpg 768w, https:\/\/blogsaverroes.juntadeandalucia.es\/ceipelolivo\/files\/2018\/05\/Generaci\u00f3n-de-1980_02-700x566.jpg 700w, https:\/\/blogsaverroes.juntadeandalucia.es\/ceipelolivo\/files\/2018\/05\/Generaci\u00f3n-de-1980_02-24x19.jpg 24w, https:\/\/blogsaverroes.juntadeandalucia.es\/ceipelolivo\/files\/2018\/05\/Generaci\u00f3n-de-1980_02-36x29.jpg 36w, https:\/\/blogsaverroes.juntadeandalucia.es\/ceipelolivo\/files\/2018\/05\/Generaci\u00f3n-de-1980_02-48x39.jpg 48w, https:\/\/blogsaverroes.juntadeandalucia.es\/ceipelolivo\/files\/2018\/05\/Generaci\u00f3n-de-1980_02.jpg 1600w\" sizes=\"(max-width: 660px) 100vw, 660px\" \/><\/a><p id=\"caption-attachment-3611\" class=\"wp-caption-text\">Acompa\u00f1ados de Gabriel R\u00edsquez.<\/p><\/div>\n<div id=\"attachment_3618\" style=\"width: 670px\" class=\"wp-caption aligncenter\"><a href=\"https:\/\/blogsaverroes.juntadeandalucia.es\/ceipelolivo\/files\/2018\/05\/Generaci\u00f3n-de-1980_01.jpg\" target=\"_blank\" rel=\"noopener\"><img loading=\"lazy\" decoding=\"async\" aria-describedby=\"caption-attachment-3618\" class=\"wp-image-3618 size-large\" src=\"https:\/\/blogsaverroes.juntadeandalucia.es\/ceipelolivo\/files\/2018\/05\/Generaci\u00f3n-de-1980_01-1024x828.jpg\" alt=\"\" width=\"660\" height=\"534\" srcset=\"https:\/\/blogsaverroes.juntadeandalucia.es\/ceipelolivo\/files\/2018\/05\/Generaci\u00f3n-de-1980_01-1024x828.jpg 1024w, https:\/\/blogsaverroes.juntadeandalucia.es\/ceipelolivo\/files\/2018\/05\/Generaci\u00f3n-de-1980_01-300x243.jpg 300w, https:\/\/blogsaverroes.juntadeandalucia.es\/ceipelolivo\/files\/2018\/05\/Generaci\u00f3n-de-1980_01-768x621.jpg 768w, https:\/\/blogsaverroes.juntadeandalucia.es\/ceipelolivo\/files\/2018\/05\/Generaci\u00f3n-de-1980_01-700x566.jpg 700w, https:\/\/blogsaverroes.juntadeandalucia.es\/ceipelolivo\/files\/2018\/05\/Generaci\u00f3n-de-1980_01-24x19.jpg 24w, https:\/\/blogsaverroes.juntadeandalucia.es\/ceipelolivo\/files\/2018\/05\/Generaci\u00f3n-de-1980_01-36x29.jpg 36w, https:\/\/blogsaverroes.juntadeandalucia.es\/ceipelolivo\/files\/2018\/05\/Generaci\u00f3n-de-1980_01-48x39.jpg 48w, https:\/\/blogsaverroes.juntadeandalucia.es\/ceipelolivo\/files\/2018\/05\/Generaci\u00f3n-de-1980_01.jpg 1600w\" sizes=\"(max-width: 660px) 100vw, 660px\" \/><\/a><p id=\"caption-attachment-3618\" class=\"wp-caption-text\">Con Magdalena Ure\u00f1a.<\/p><\/div>\n<p style=\"text-align: justify\">Una clase que no le tem\u00eda nada a subirse al escenario, todo lo contrario:<\/p>\n<p><a href=\"https:\/\/blogsaverroes.juntadeandalucia.es\/ceipelolivo\/files\/2018\/05\/Generaci\u00f3n-de-1980_Escenario.jpg\" target=\"_blank\" rel=\"noopener\"><img loading=\"lazy\" decoding=\"async\" class=\"aligncenter wp-image-3619 size-large\" src=\"https:\/\/blogsaverroes.juntadeandalucia.es\/ceipelolivo\/files\/2018\/05\/Generaci\u00f3n-de-1980_Escenario-1024x685.jpg\" alt=\"\" width=\"660\" height=\"442\" srcset=\"https:\/\/blogsaverroes.juntadeandalucia.es\/ceipelolivo\/files\/2018\/05\/Generaci\u00f3n-de-1980_Escenario-1024x685.jpg 1024w, https:\/\/blogsaverroes.juntadeandalucia.es\/ceipelolivo\/files\/2018\/05\/Generaci\u00f3n-de-1980_Escenario-300x201.jpg 300w, https:\/\/blogsaverroes.juntadeandalucia.es\/ceipelolivo\/files\/2018\/05\/Generaci\u00f3n-de-1980_Escenario-768x514.jpg 768w, https:\/\/blogsaverroes.juntadeandalucia.es\/ceipelolivo\/files\/2018\/05\/Generaci\u00f3n-de-1980_Escenario-700x468.jpg 700w, https:\/\/blogsaverroes.juntadeandalucia.es\/ceipelolivo\/files\/2018\/05\/Generaci\u00f3n-de-1980_Escenario-24x16.jpg 24w, https:\/\/blogsaverroes.juntadeandalucia.es\/ceipelolivo\/files\/2018\/05\/Generaci\u00f3n-de-1980_Escenario-36x24.jpg 36w, https:\/\/blogsaverroes.juntadeandalucia.es\/ceipelolivo\/files\/2018\/05\/Generaci\u00f3n-de-1980_Escenario-48x32.jpg 48w, https:\/\/blogsaverroes.juntadeandalucia.es\/ceipelolivo\/files\/2018\/05\/Generaci\u00f3n-de-1980_Escenario.jpg 1600w\" sizes=\"(max-width: 660px) 100vw, 660px\" \/><\/a><\/p>\n<p style=\"text-align: justify\">La etapa escolar da para muchas an\u00e9cdotas y curiosidades, adem\u00e1s de para viajar mucho. El curso 91-92, por ejemplo, visitaron el diario \u00abLa verdad\u00bb en Murcia, durante un intercambio escolar:<\/p>\n<div id=\"attachment_3612\" style=\"width: 670px\" class=\"wp-caption aligncenter\"><a href=\"https:\/\/blogsaverroes.juntadeandalucia.es\/ceipelolivo\/files\/2018\/05\/Curso-91-92.jpg\" target=\"_blank\" rel=\"noopener\"><img loading=\"lazy\" decoding=\"async\" aria-describedby=\"caption-attachment-3612\" class=\"wp-image-3612 size-large\" src=\"https:\/\/blogsaverroes.juntadeandalucia.es\/ceipelolivo\/files\/2018\/05\/Curso-91-92-1024x683.jpg\" alt=\"\" width=\"660\" height=\"440\" srcset=\"https:\/\/blogsaverroes.juntadeandalucia.es\/ceipelolivo\/files\/2018\/05\/Curso-91-92-1024x683.jpg 1024w, https:\/\/blogsaverroes.juntadeandalucia.es\/ceipelolivo\/files\/2018\/05\/Curso-91-92-300x200.jpg 300w, https:\/\/blogsaverroes.juntadeandalucia.es\/ceipelolivo\/files\/2018\/05\/Curso-91-92-768x512.jpg 768w, https:\/\/blogsaverroes.juntadeandalucia.es\/ceipelolivo\/files\/2018\/05\/Curso-91-92-700x467.jpg 700w, https:\/\/blogsaverroes.juntadeandalucia.es\/ceipelolivo\/files\/2018\/05\/Curso-91-92-24x16.jpg 24w, https:\/\/blogsaverroes.juntadeandalucia.es\/ceipelolivo\/files\/2018\/05\/Curso-91-92-36x24.jpg 36w, https:\/\/blogsaverroes.juntadeandalucia.es\/ceipelolivo\/files\/2018\/05\/Curso-91-92-48x32.jpg 48w, https:\/\/blogsaverroes.juntadeandalucia.es\/ceipelolivo\/files\/2018\/05\/Curso-91-92.jpg 1600w\" sizes=\"(max-width: 660px) 100vw, 660px\" \/><\/a><p id=\"caption-attachment-3612\" class=\"wp-caption-text\">Intercambio en Murcia.<\/p><\/div>\n<p>Paseos en barco y otros viajes:<\/p>\n<div id=\"attachment_3617\" style=\"width: 208px\" class=\"wp-caption aligncenter\"><a href=\"https:\/\/blogsaverroes.juntadeandalucia.es\/ceipelolivo\/files\/2018\/05\/Generaci\u00f3n-80_De-viaje.jpg\" target=\"_blank\" rel=\"noopener\"><img loading=\"lazy\" decoding=\"async\" aria-describedby=\"caption-attachment-3617\" class=\"wp-image-3617 size-medium\" src=\"https:\/\/blogsaverroes.juntadeandalucia.es\/ceipelolivo\/files\/2018\/05\/Generaci\u00f3n-80_De-viaje-198x300.jpg\" alt=\"\" width=\"198\" height=\"300\" srcset=\"https:\/\/blogsaverroes.juntadeandalucia.es\/ceipelolivo\/files\/2018\/05\/Generaci\u00f3n-80_De-viaje-198x300.jpg 198w, https:\/\/blogsaverroes.juntadeandalucia.es\/ceipelolivo\/files\/2018\/05\/Generaci\u00f3n-80_De-viaje-768x1167.jpg 768w, https:\/\/blogsaverroes.juntadeandalucia.es\/ceipelolivo\/files\/2018\/05\/Generaci\u00f3n-80_De-viaje-674x1024.jpg 674w, https:\/\/blogsaverroes.juntadeandalucia.es\/ceipelolivo\/files\/2018\/05\/Generaci\u00f3n-80_De-viaje-700x1063.jpg 700w, https:\/\/blogsaverroes.juntadeandalucia.es\/ceipelolivo\/files\/2018\/05\/Generaci\u00f3n-80_De-viaje-16x24.jpg 16w, https:\/\/blogsaverroes.juntadeandalucia.es\/ceipelolivo\/files\/2018\/05\/Generaci\u00f3n-80_De-viaje-24x36.jpg 24w, https:\/\/blogsaverroes.juntadeandalucia.es\/ceipelolivo\/files\/2018\/05\/Generaci\u00f3n-80_De-viaje-32x48.jpg 32w, https:\/\/blogsaverroes.juntadeandalucia.es\/ceipelolivo\/files\/2018\/05\/Generaci\u00f3n-80_De-viaje.jpg 1053w\" sizes=\"(max-width: 198px) 100vw, 198px\" \/><\/a><p id=\"caption-attachment-3617\" class=\"wp-caption-text\">De visita en el museo con nuestra querida Adela.<\/p><\/div>\n<div id=\"attachment_3616\" style=\"width: 670px\" class=\"wp-caption aligncenter\"><a href=\"https:\/\/blogsaverroes.juntadeandalucia.es\/ceipelolivo\/files\/2018\/05\/En-barco.jpg\" target=\"_blank\" rel=\"noopener\"><img loading=\"lazy\" decoding=\"async\" aria-describedby=\"caption-attachment-3616\" class=\"wp-image-3616 size-large\" src=\"https:\/\/blogsaverroes.juntadeandalucia.es\/ceipelolivo\/files\/2018\/05\/En-barco-1024x683.jpg\" alt=\"\" width=\"660\" height=\"440\" srcset=\"https:\/\/blogsaverroes.juntadeandalucia.es\/ceipelolivo\/files\/2018\/05\/En-barco-1024x683.jpg 1024w, https:\/\/blogsaverroes.juntadeandalucia.es\/ceipelolivo\/files\/2018\/05\/En-barco-300x200.jpg 300w, https:\/\/blogsaverroes.juntadeandalucia.es\/ceipelolivo\/files\/2018\/05\/En-barco-768x512.jpg 768w, https:\/\/blogsaverroes.juntadeandalucia.es\/ceipelolivo\/files\/2018\/05\/En-barco-700x467.jpg 700w, https:\/\/blogsaverroes.juntadeandalucia.es\/ceipelolivo\/files\/2018\/05\/En-barco-24x16.jpg 24w, https:\/\/blogsaverroes.juntadeandalucia.es\/ceipelolivo\/files\/2018\/05\/En-barco-36x24.jpg 36w, https:\/\/blogsaverroes.juntadeandalucia.es\/ceipelolivo\/files\/2018\/05\/En-barco-48x32.jpg 48w, https:\/\/blogsaverroes.juntadeandalucia.es\/ceipelolivo\/files\/2018\/05\/En-barco.jpg 1600w\" sizes=\"(max-width: 660px) 100vw, 660px\" \/><\/a><p id=\"caption-attachment-3616\" class=\"wp-caption-text\">Con Vicente Pere\u00f1a.<\/p><\/div>\n<div id=\"attachment_3613\" style=\"width: 670px\" class=\"wp-caption aligncenter\"><a href=\"https:\/\/blogsaverroes.juntadeandalucia.es\/ceipelolivo\/files\/2018\/05\/De-excursi\u00f3n-en-1994_02.jpg\" target=\"_blank\" rel=\"noopener\"><img loading=\"lazy\" decoding=\"async\" aria-describedby=\"caption-attachment-3613\" class=\"wp-image-3613 size-large\" src=\"https:\/\/blogsaverroes.juntadeandalucia.es\/ceipelolivo\/files\/2018\/05\/De-excursi\u00f3n-en-1994_02-681x1024.jpg\" alt=\"\" width=\"660\" height=\"992\" srcset=\"https:\/\/blogsaverroes.juntadeandalucia.es\/ceipelolivo\/files\/2018\/05\/De-excursi\u00f3n-en-1994_02-681x1024.jpg 681w, https:\/\/blogsaverroes.juntadeandalucia.es\/ceipelolivo\/files\/2018\/05\/De-excursi\u00f3n-en-1994_02-200x300.jpg 200w, https:\/\/blogsaverroes.juntadeandalucia.es\/ceipelolivo\/files\/2018\/05\/De-excursi\u00f3n-en-1994_02-768x1154.jpg 768w, https:\/\/blogsaverroes.juntadeandalucia.es\/ceipelolivo\/files\/2018\/05\/De-excursi\u00f3n-en-1994_02-700x1052.jpg 700w, https:\/\/blogsaverroes.juntadeandalucia.es\/ceipelolivo\/files\/2018\/05\/De-excursi\u00f3n-en-1994_02-16x24.jpg 16w, https:\/\/blogsaverroes.juntadeandalucia.es\/ceipelolivo\/files\/2018\/05\/De-excursi\u00f3n-en-1994_02-24x36.jpg 24w, https:\/\/blogsaverroes.juntadeandalucia.es\/ceipelolivo\/files\/2018\/05\/De-excursi\u00f3n-en-1994_02-32x48.jpg 32w, https:\/\/blogsaverroes.juntadeandalucia.es\/ceipelolivo\/files\/2018\/05\/De-excursi\u00f3n-en-1994_02.jpg 1065w\" sizes=\"(max-width: 660px) 100vw, 660px\" \/><\/a><p id=\"caption-attachment-3613\" class=\"wp-caption-text\">1994.<\/p><\/div>\n<div id=\"attachment_3615\" style=\"width: 670px\" class=\"wp-caption aligncenter\"><a href=\"https:\/\/blogsaverroes.juntadeandalucia.es\/ceipelolivo\/files\/2018\/05\/De-excursi\u00f3n-en-1994.jpg\" target=\"_blank\" rel=\"noopener\"><img loading=\"lazy\" decoding=\"async\" aria-describedby=\"caption-attachment-3615\" class=\"wp-image-3615 size-large\" src=\"https:\/\/blogsaverroes.juntadeandalucia.es\/ceipelolivo\/files\/2018\/05\/De-excursi\u00f3n-en-1994-1024x682.jpg\" alt=\"\" width=\"660\" height=\"440\" srcset=\"https:\/\/blogsaverroes.juntadeandalucia.es\/ceipelolivo\/files\/2018\/05\/De-excursi\u00f3n-en-1994-1024x682.jpg 1024w, https:\/\/blogsaverroes.juntadeandalucia.es\/ceipelolivo\/files\/2018\/05\/De-excursi\u00f3n-en-1994-300x200.jpg 300w, https:\/\/blogsaverroes.juntadeandalucia.es\/ceipelolivo\/files\/2018\/05\/De-excursi\u00f3n-en-1994-768x511.jpg 768w, https:\/\/blogsaverroes.juntadeandalucia.es\/ceipelolivo\/files\/2018\/05\/De-excursi\u00f3n-en-1994-700x466.jpg 700w, https:\/\/blogsaverroes.juntadeandalucia.es\/ceipelolivo\/files\/2018\/05\/De-excursi\u00f3n-en-1994-24x16.jpg 24w, https:\/\/blogsaverroes.juntadeandalucia.es\/ceipelolivo\/files\/2018\/05\/De-excursi\u00f3n-en-1994-36x24.jpg 36w, https:\/\/blogsaverroes.juntadeandalucia.es\/ceipelolivo\/files\/2018\/05\/De-excursi\u00f3n-en-1994-48x32.jpg 48w, https:\/\/blogsaverroes.juntadeandalucia.es\/ceipelolivo\/files\/2018\/05\/De-excursi\u00f3n-en-1994.jpg 1600w\" sizes=\"(max-width: 660px) 100vw, 660px\" \/><\/a><p id=\"caption-attachment-3615\" class=\"wp-caption-text\">Parque de atracciones. 1994.<\/p><\/div>\n<p><a href=\"https:\/\/blogsaverroes.juntadeandalucia.es\/ceipelolivo\/files\/2018\/05\/De-excursi\u00f3n-en-1994_03.jpg\" target=\"_blank\" rel=\"noopener\"><img loading=\"lazy\" decoding=\"async\" class=\"aligncenter wp-image-3614 size-large\" src=\"https:\/\/blogsaverroes.juntadeandalucia.es\/ceipelolivo\/files\/2018\/05\/De-excursi\u00f3n-en-1994_03-1024x681.jpg\" alt=\"\" width=\"660\" height=\"439\" srcset=\"https:\/\/blogsaverroes.juntadeandalucia.es\/ceipelolivo\/files\/2018\/05\/De-excursi\u00f3n-en-1994_03-1024x681.jpg 1024w, https:\/\/blogsaverroes.juntadeandalucia.es\/ceipelolivo\/files\/2018\/05\/De-excursi\u00f3n-en-1994_03-300x200.jpg 300w, https:\/\/blogsaverroes.juntadeandalucia.es\/ceipelolivo\/files\/2018\/05\/De-excursi\u00f3n-en-1994_03-768x511.jpg 768w, https:\/\/blogsaverroes.juntadeandalucia.es\/ceipelolivo\/files\/2018\/05\/De-excursi\u00f3n-en-1994_03-700x466.jpg 700w, https:\/\/blogsaverroes.juntadeandalucia.es\/ceipelolivo\/files\/2018\/05\/De-excursi\u00f3n-en-1994_03-24x16.jpg 24w, https:\/\/blogsaverroes.juntadeandalucia.es\/ceipelolivo\/files\/2018\/05\/De-excursi\u00f3n-en-1994_03-36x24.jpg 36w, https:\/\/blogsaverroes.juntadeandalucia.es\/ceipelolivo\/files\/2018\/05\/De-excursi\u00f3n-en-1994_03-48x32.jpg 48w, https:\/\/blogsaverroes.juntadeandalucia.es\/ceipelolivo\/files\/2018\/05\/De-excursi\u00f3n-en-1994_03.jpg 1600w\" sizes=\"(max-width: 660px) 100vw, 660px\" \/><\/a><\/p>\n<p style=\"text-align: justify\">Y como ya hemos comentado en otras ocasiones, no puede faltar la foto de grupo en el Congreso de los Diputados de Madrid. Fotos cl\u00e1sicas de nuestro colegio:<\/p>\n<p><a href=\"https:\/\/blogsaverroes.juntadeandalucia.es\/ceipelolivo\/files\/2018\/05\/Generaci\u00f3n-del-80_02.jpg\" target=\"_blank\" rel=\"noopener\"><img loading=\"lazy\" decoding=\"async\" class=\"aligncenter wp-image-3621 size-large\" src=\"https:\/\/blogsaverroes.juntadeandalucia.es\/ceipelolivo\/files\/2018\/05\/Generaci\u00f3n-del-80_02-1024x827.jpg\" alt=\"\" width=\"660\" height=\"533\" srcset=\"https:\/\/blogsaverroes.juntadeandalucia.es\/ceipelolivo\/files\/2018\/05\/Generaci\u00f3n-del-80_02-1024x827.jpg 1024w, https:\/\/blogsaverroes.juntadeandalucia.es\/ceipelolivo\/files\/2018\/05\/Generaci\u00f3n-del-80_02-300x242.jpg 300w, https:\/\/blogsaverroes.juntadeandalucia.es\/ceipelolivo\/files\/2018\/05\/Generaci\u00f3n-del-80_02-768x620.jpg 768w, https:\/\/blogsaverroes.juntadeandalucia.es\/ceipelolivo\/files\/2018\/05\/Generaci\u00f3n-del-80_02-700x565.jpg 700w, https:\/\/blogsaverroes.juntadeandalucia.es\/ceipelolivo\/files\/2018\/05\/Generaci\u00f3n-del-80_02-24x19.jpg 24w, https:\/\/blogsaverroes.juntadeandalucia.es\/ceipelolivo\/files\/2018\/05\/Generaci\u00f3n-del-80_02-36x29.jpg 36w, https:\/\/blogsaverroes.juntadeandalucia.es\/ceipelolivo\/files\/2018\/05\/Generaci\u00f3n-del-80_02-48x39.jpg 48w, https:\/\/blogsaverroes.juntadeandalucia.es\/ceipelolivo\/files\/2018\/05\/Generaci\u00f3n-del-80_02.jpg 1600w\" sizes=\"(max-width: 660px) 100vw, 660px\" \/><\/a> <a href=\"https:\/\/blogsaverroes.juntadeandalucia.es\/ceipelolivo\/files\/2018\/05\/Generaci\u00f3n-del-80_01.jpg\" target=\"_blank\" rel=\"noopener\"><img loading=\"lazy\" decoding=\"async\" class=\"aligncenter wp-image-3620 size-large\" src=\"https:\/\/blogsaverroes.juntadeandalucia.es\/ceipelolivo\/files\/2018\/05\/Generaci\u00f3n-del-80_01-1024x827.jpg\" alt=\"\" width=\"660\" height=\"533\" srcset=\"https:\/\/blogsaverroes.juntadeandalucia.es\/ceipelolivo\/files\/2018\/05\/Generaci\u00f3n-del-80_01-1024x827.jpg 1024w, https:\/\/blogsaverroes.juntadeandalucia.es\/ceipelolivo\/files\/2018\/05\/Generaci\u00f3n-del-80_01-300x242.jpg 300w, https:\/\/blogsaverroes.juntadeandalucia.es\/ceipelolivo\/files\/2018\/05\/Generaci\u00f3n-del-80_01-768x620.jpg 768w, https:\/\/blogsaverroes.juntadeandalucia.es\/ceipelolivo\/files\/2018\/05\/Generaci\u00f3n-del-80_01-700x565.jpg 700w, https:\/\/blogsaverroes.juntadeandalucia.es\/ceipelolivo\/files\/2018\/05\/Generaci\u00f3n-del-80_01-24x19.jpg 24w, https:\/\/blogsaverroes.juntadeandalucia.es\/ceipelolivo\/files\/2018\/05\/Generaci\u00f3n-del-80_01-36x29.jpg 36w, https:\/\/blogsaverroes.juntadeandalucia.es\/ceipelolivo\/files\/2018\/05\/Generaci\u00f3n-del-80_01-48x39.jpg 48w, https:\/\/blogsaverroes.juntadeandalucia.es\/ceipelolivo\/files\/2018\/05\/Generaci\u00f3n-del-80_01.jpg 1600w\" sizes=\"(max-width: 660px) 100vw, 660px\" \/><\/a><\/p>\n<p>Hasta la pr\u00f3xima&#8230;<\/p>\n","protected":false},"excerpt":{"rendered":"<p>Un grupo magn\u00edfico de ni\u00f1os y ni\u00f1as nacieron el a\u00f1o 1980 y dieron comienzo a una nueva d\u00e9cada en nuestro colegio, llena de ilusi\u00f3n y alegr\u00eda. Mientras cant\u00e1bamos \u00abSouper Trouper\u00bb de Abba, nuestros peques&#46;&#46;&#46;<\/p>\n","protected":false},"author":5889,"featured_media":0,"parent":0,"menu_order":0,"comment_status":"closed","ping_status":"closed","template":"","meta":{"ngg_post_thumbnail":0,"footnotes":"","_mc_calendar":[]},"aioseo_notices":[],"_links":{"self":[{"href":"https:\/\/blogsaverroes.juntadeandalucia.es\/ceipelolivo\/wp-json\/wp\/v2\/pages\/3608"}],"collection":[{"href":"https:\/\/blogsaverroes.juntadeandalucia.es\/ceipelolivo\/wp-json\/wp\/v2\/pages"}],"about":[{"href":"https:\/\/blogsaverroes.juntadeandalucia.es\/ceipelolivo\/wp-json\/wp\/v2\/types\/page"}],"author":[{"embeddable":true,"href":"https:\/\/blogsaverroes.juntadeandalucia.es\/ceipelolivo\/wp-json\/wp\/v2\/users\/5889"}],"replies":[{"embeddable":true,"href":"https:\/\/blogsaverroes.juntadeandalucia.es\/ceipelolivo\/wp-json\/wp\/v2\/comments?post=3608"}],"version-history":[{"count":4,"href":"https:\/\/blogsaverroes.juntadeandalucia.es\/ceipelolivo\/wp-json\/wp\/v2\/pages\/3608\/revisions"}],"predecessor-version":[{"id":3623,"href":"https:\/\/blogsaverroes.juntadeandalucia.es\/ceipelolivo\/wp-json\/wp\/v2\/pages\/3608\/revisions\/3623"}],"wp:attachment":[{"href":"https:\/\/blogsaverroes.juntadeandalucia.es\/ceipelolivo\/wp-json\/wp\/v2\/media?parent=3608"}],"curies":[{"name":"wp","href":"https:\/\/api.w.org\/{rel}","templated":true}]}}