{"id":3992,"date":"2018-07-03T17:34:49","date_gmt":"2018-07-03T17:34:49","guid":{"rendered":"https:\/\/blogsaverroes.juntadeandalucia.es\/ceipelolivo\/?page_id=3992"},"modified":"2025-07-11T07:38:22","modified_gmt":"2025-07-11T07:38:22","slug":"https-blogsaverroes-juntadeandalucia-es-ceipelolivo-listado-de-material-curso-24-25","status":"publish","type":"page","link":"https:\/\/blogsaverroes.juntadeandalucia.es\/ceipelolivo\/https-blogsaverroes-juntadeandalucia-es-ceipelolivo-listado-de-material-curso-24-25\/","title":{"rendered":"Listados de materiales. Curso escolar 2025\/26"},"content":{"rendered":"<p>&nbsp;<\/p>\n<p>&nbsp;<\/p>\n<p><img loading=\"lazy\" decoding=\"async\" class=\"aligncenter size-full wp-image-8117\" src=\"https:\/\/blogsaverroes.juntadeandalucia.es\/ceipelolivo\/files\/2025\/06\/LISTADO-DE-MATERIAL.png\" alt=\"\" width=\"1366\" height=\"768\" srcset=\"https:\/\/blogsaverroes.juntadeandalucia.es\/ceipelolivo\/files\/2025\/06\/LISTADO-DE-MATERIAL.png 1366w, https:\/\/blogsaverroes.juntadeandalucia.es\/ceipelolivo\/files\/2025\/06\/LISTADO-DE-MATERIAL-300x169.png 300w, https:\/\/blogsaverroes.juntadeandalucia.es\/ceipelolivo\/files\/2025\/06\/LISTADO-DE-MATERIAL-1024x576.png 1024w, https:\/\/blogsaverroes.juntadeandalucia.es\/ceipelolivo\/files\/2025\/06\/LISTADO-DE-MATERIAL-768x432.png 768w\" sizes=\"(max-width: 1366px) 100vw, 1366px\" \/><\/p>\n<p>&nbsp; &nbsp;A continuaci\u00f3n os dejamos los enlaces para descargar las <strong>listas de materiales<\/strong> para el curso escolar <strong>2025-26<\/strong>. Pod\u00e9is descargarlas e imprimirlas. Os recordamos tambi\u00e9n ,que el <strong>cheque-libro para&nbsp; los cursos de 1\u00ba y 2\u00ba&nbsp; de Educaci\u00f3n Primaria<\/strong> ,est\u00e1 disponible para su descarga a trav\u00e9s del<strong> punto de recogida de iPasen<\/strong>.<\/p>\n<p><strong>EDUCACI\u00d3N&nbsp; INFANTIL<\/strong><\/p>\n<p>. <a href=\"https:\/\/drive.google.com\/file\/d\/1fmewuuylvzccf4PcYkngnnvIkswGolsC\/view?usp=drive_link\">3 A\u00d1OS<\/a><\/p>\n<p><a href=\"https:\/\/drive.google.com\/file\/d\/1XeW1nLx38evd_GoLBpVedCILrP9q0FdQ\/view?usp=drive_link\">. 4 A\u00d1OS<\/a><\/p>\n<p>.<a href=\"https:\/\/drive.google.com\/file\/d\/1lYhVJcidukA9iAtI_0ysxnLTqHl3JSlH\/view?usp=sharing\"> 5 A\u00d1OS<\/a><\/p>\n<p><strong>EDUCACI\u00d3N&nbsp; PRIMARIA<\/strong><\/p>\n<p>. <a href=\"https:\/\/drive.google.com\/file\/d\/1U_ldzxn4XmYSfDI4Jvd7Ms4-Ce1j9iuf\/view?usp=drive_link\">1\u00ba ED.PRIMARIA<\/a><\/p>\n<p>. <a href=\"https:\/\/drive.google.com\/file\/d\/1HY4Ov8T5RMkFwxCdHeGox3xVJUvAHMoM\/view?usp=drive_link\">2\u00ba ED. PRIMARIA<\/a><\/p>\n<p>. <a href=\"https:\/\/drive.google.com\/file\/d\/1q7eZ4R_vMEbTss4nZB64cWoZzjzt3RZj\/view?usp=drive_link\">3\u00ba&nbsp; ED. PRIMARIA<\/a><\/p>\n<p><a href=\"https:\/\/drive.google.com\/file\/d\/1o6wmg7yLGvwyjDtS5w_DtdbSmZlP5uM3\/view?usp=drive_link\">. 4\u00ba ED. PRIMARIA<\/a><\/p>\n<p>.<a href=\"https:\/\/drive.google.com\/file\/d\/1UxhzB3xwewjfmq93YxgZVXcBuYgGikey\/view?usp=drive_link\"> 5\u00ba ED. PRIMARIA<\/a><\/p>\n<p>. <a href=\"https:\/\/drive.google.com\/file\/d\/1i1OzONfPHWmrEvCeI68czXkKoU4vTxss\/view?usp=drive_link\">6\u00ba ED. PRIMARIA<\/a><\/p>\n<p><a href=\"https:\/\/drive.google.com\/file\/d\/1adrj4-IC45UQw3_h3bWexoqqk6ufjXq_\/view?usp=sharing\">&nbsp;.AULA TEA<\/a><\/p>\n","protected":false},"excerpt":{"rendered":"<p>&nbsp; &nbsp; &nbsp; &nbsp;A continuaci\u00f3n os dejamos los enlaces para descargar las listas de materiales para el curso escolar 2025-26. Pod\u00e9is descargarlas e imprimirlas. Os recordamos tambi\u00e9n ,que el cheque-libro para&nbsp; los cursos de&#46;&#46;&#46;<\/p>\n","protected":false},"author":5889,"featured_media":0,"parent":0,"menu_order":0,"comment_status":"closed","ping_status":"closed","template":"","meta":{"ngg_post_thumbnail":0,"footnotes":"","_mc_calendar":[]},"aioseo_notices":[],"_links":{"self":[{"href":"https:\/\/blogsaverroes.juntadeandalucia.es\/ceipelolivo\/wp-json\/wp\/v2\/pages\/3992"}],"collection":[{"href":"https:\/\/blogsaverroes.juntadeandalucia.es\/ceipelolivo\/wp-json\/wp\/v2\/pages"}],"about":[{"href":"https:\/\/blogsaverroes.juntadeandalucia.es\/ceipelolivo\/wp-json\/wp\/v2\/types\/page"}],"author":[{"embeddable":true,"href":"https:\/\/blogsaverroes.juntadeandalucia.es\/ceipelolivo\/wp-json\/wp\/v2\/users\/5889"}],"replies":[{"embeddable":true,"href":"https:\/\/blogsaverroes.juntadeandalucia.es\/ceipelolivo\/wp-json\/wp\/v2\/comments?post=3992"}],"version-history":[{"count":34,"href":"https:\/\/blogsaverroes.juntadeandalucia.es\/ceipelolivo\/wp-json\/wp\/v2\/pages\/3992\/revisions"}],"predecessor-version":[{"id":8124,"href":"https:\/\/blogsaverroes.juntadeandalucia.es\/ceipelolivo\/wp-json\/wp\/v2\/pages\/3992\/revisions\/8124"}],"wp:attachment":[{"href":"https:\/\/blogsaverroes.juntadeandalucia.es\/ceipelolivo\/wp-json\/wp\/v2\/media?parent=3992"}],"curies":[{"name":"wp","href":"https:\/\/api.w.org\/{rel}","templated":true}]}}