{"id":4127,"date":"2018-07-07T01:04:10","date_gmt":"2018-07-07T01:04:10","guid":{"rendered":"https:\/\/blogsaverroes.juntadeandalucia.es\/ceipelolivo\/?page_id=4127"},"modified":"2018-07-07T01:21:39","modified_gmt":"2018-07-07T01:21:39","slug":"bibliolivo","status":"publish","type":"page","link":"https:\/\/blogsaverroes.juntadeandalucia.es\/ceipelolivo\/bibliolivo\/","title":{"rendered":"Bibliolivo"},"content":{"rendered":"<p>Nuestra biblioteca tiene su propio blog, Si quer\u00e9is visitarlo \u00fanicamente ten\u00e9is que acompa\u00f1ar a Olibook en su viaje a trav\u00e9s de la red&#8230;<\/p>\n<p><a href=\"https:\/\/proyectosceipolivo.wixsite.com\/bibliolivo\" target=\"_blank\" rel=\"noopener\"><img loading=\"lazy\" decoding=\"async\" class=\"aligncenter wp-image-4102 size-full\" src=\"https:\/\/blogsaverroes.juntadeandalucia.es\/ceipelolivo\/files\/2018\/02\/Olibook.png\" alt=\"\" width=\"512\" height=\"512\" srcset=\"https:\/\/blogsaverroes.juntadeandalucia.es\/ceipelolivo\/files\/2018\/02\/Olibook.png 512w, https:\/\/blogsaverroes.juntadeandalucia.es\/ceipelolivo\/files\/2018\/02\/Olibook-150x150.png 150w, https:\/\/blogsaverroes.juntadeandalucia.es\/ceipelolivo\/files\/2018\/02\/Olibook-300x300.png 300w, https:\/\/blogsaverroes.juntadeandalucia.es\/ceipelolivo\/files\/2018\/02\/Olibook-100x100.png 100w, https:\/\/blogsaverroes.juntadeandalucia.es\/ceipelolivo\/files\/2018\/02\/Olibook-432x432.png 432w, https:\/\/blogsaverroes.juntadeandalucia.es\/ceipelolivo\/files\/2018\/02\/Olibook-268x268.png 268w, https:\/\/blogsaverroes.juntadeandalucia.es\/ceipelolivo\/files\/2018\/02\/Olibook-24x24.png 24w, https:\/\/blogsaverroes.juntadeandalucia.es\/ceipelolivo\/files\/2018\/02\/Olibook-36x36.png 36w, https:\/\/blogsaverroes.juntadeandalucia.es\/ceipelolivo\/files\/2018\/02\/Olibook-48x48.png 48w\" sizes=\"(max-width: 512px) 100vw, 512px\" \/><\/a><\/p>\n","protected":false},"excerpt":{"rendered":"<p>Nuestra biblioteca tiene su propio blog, Si quer\u00e9is visitarlo \u00fanicamente ten\u00e9is que acompa\u00f1ar a Olibook en su viaje a trav\u00e9s de la red&#8230;<\/p>\n","protected":false},"author":5889,"featured_media":0,"parent":0,"menu_order":0,"comment_status":"closed","ping_status":"closed","template":"","meta":{"ngg_post_thumbnail":0,"footnotes":"","_mc_calendar":[]},"aioseo_notices":[],"_links":{"self":[{"href":"https:\/\/blogsaverroes.juntadeandalucia.es\/ceipelolivo\/wp-json\/wp\/v2\/pages\/4127"}],"collection":[{"href":"https:\/\/blogsaverroes.juntadeandalucia.es\/ceipelolivo\/wp-json\/wp\/v2\/pages"}],"about":[{"href":"https:\/\/blogsaverroes.juntadeandalucia.es\/ceipelolivo\/wp-json\/wp\/v2\/types\/page"}],"author":[{"embeddable":true,"href":"https:\/\/blogsaverroes.juntadeandalucia.es\/ceipelolivo\/wp-json\/wp\/v2\/users\/5889"}],"replies":[{"embeddable":true,"href":"https:\/\/blogsaverroes.juntadeandalucia.es\/ceipelolivo\/wp-json\/wp\/v2\/comments?post=4127"}],"version-history":[{"count":5,"href":"https:\/\/blogsaverroes.juntadeandalucia.es\/ceipelolivo\/wp-json\/wp\/v2\/pages\/4127\/revisions"}],"predecessor-version":[{"id":5169,"href":"https:\/\/blogsaverroes.juntadeandalucia.es\/ceipelolivo\/wp-json\/wp\/v2\/pages\/4127\/revisions\/5169"}],"wp:attachment":[{"href":"https:\/\/blogsaverroes.juntadeandalucia.es\/ceipelolivo\/wp-json\/wp\/v2\/media?parent=4127"}],"curies":[{"name":"wp","href":"https:\/\/api.w.org\/{rel}","templated":true}]}}