{"id":4170,"date":"2018-09-01T11:27:51","date_gmt":"2018-09-01T11:27:51","guid":{"rendered":"https:\/\/blogsaverroes.juntadeandalucia.es\/ceipelolivo\/?page_id=4170"},"modified":"2018-09-01T11:27:51","modified_gmt":"2018-09-01T11:27:51","slug":"generacion-del-93","status":"publish","type":"page","link":"https:\/\/blogsaverroes.juntadeandalucia.es\/ceipelolivo\/generacion-del-93\/","title":{"rendered":"Generaci\u00f3n del 93"},"content":{"rendered":"<p style=\"text-align: justify\">Comenzamos el curso 2018 &#8211; 2019 subiendo una foto de la generaci\u00f3n de los ni\u00f1os y ni\u00f1as nacidos en 1993.<\/p>\n<p style=\"text-align: justify\">Hay cursos de los que tenemos pocas im\u00e1genes por lo que nos gustar\u00eda contar con vuestra ayuda para conseguir m\u00e1s. Es tan sencillo como pasarse por el colegio y nosotr@s escaneamos las fotos que teng\u00e1is en casa, o tambi\u00e9n nos las pod\u00e9is enviar a nuestro correo electr\u00f3nico si son digitales: <strong><em>23004008.edu@juntadeandalucia.es<\/em><\/strong><\/p>\n<p>Esperamos que os guste:<\/p>\n<div id=\"attachment_4171\" style=\"width: 670px\" class=\"wp-caption aligncenter\"><a href=\"https:\/\/blogsaverroes.juntadeandalucia.es\/ceipelolivo\/files\/2018\/09\/1993.jpg\" target=\"_blank\" rel=\"noopener\"><img loading=\"lazy\" decoding=\"async\" aria-describedby=\"caption-attachment-4171\" class=\"wp-image-4171 size-large\" src=\"https:\/\/blogsaverroes.juntadeandalucia.es\/ceipelolivo\/files\/2018\/09\/1993-1024x826.jpg\" alt=\"\" width=\"660\" height=\"532\" srcset=\"https:\/\/blogsaverroes.juntadeandalucia.es\/ceipelolivo\/files\/2018\/09\/1993-1024x826.jpg 1024w, https:\/\/blogsaverroes.juntadeandalucia.es\/ceipelolivo\/files\/2018\/09\/1993-300x242.jpg 300w, https:\/\/blogsaverroes.juntadeandalucia.es\/ceipelolivo\/files\/2018\/09\/1993-768x619.jpg 768w, https:\/\/blogsaverroes.juntadeandalucia.es\/ceipelolivo\/files\/2018\/09\/1993-700x564.jpg 700w, https:\/\/blogsaverroes.juntadeandalucia.es\/ceipelolivo\/files\/2018\/09\/1993-24x19.jpg 24w, https:\/\/blogsaverroes.juntadeandalucia.es\/ceipelolivo\/files\/2018\/09\/1993-36x29.jpg 36w, https:\/\/blogsaverroes.juntadeandalucia.es\/ceipelolivo\/files\/2018\/09\/1993-48x39.jpg 48w, https:\/\/blogsaverroes.juntadeandalucia.es\/ceipelolivo\/files\/2018\/09\/1993.jpg 1600w\" sizes=\"(max-width: 660px) 100vw, 660px\" \/><\/a><p id=\"caption-attachment-4171\" class=\"wp-caption-text\">Con la se\u00f1o Manoli Chaichio.<\/p><\/div>\n","protected":false},"excerpt":{"rendered":"<p>Comenzamos el curso 2018 &#8211; 2019 subiendo una foto de la generaci\u00f3n de los ni\u00f1os y ni\u00f1as nacidos en 1993. Hay cursos de los que tenemos pocas im\u00e1genes por lo que nos gustar\u00eda contar&#46;&#46;&#46;<\/p>\n","protected":false},"author":5889,"featured_media":0,"parent":0,"menu_order":0,"comment_status":"closed","ping_status":"closed","template":"","meta":{"ngg_post_thumbnail":0,"footnotes":"","_mc_calendar":[]},"aioseo_notices":[],"_links":{"self":[{"href":"https:\/\/blogsaverroes.juntadeandalucia.es\/ceipelolivo\/wp-json\/wp\/v2\/pages\/4170"}],"collection":[{"href":"https:\/\/blogsaverroes.juntadeandalucia.es\/ceipelolivo\/wp-json\/wp\/v2\/pages"}],"about":[{"href":"https:\/\/blogsaverroes.juntadeandalucia.es\/ceipelolivo\/wp-json\/wp\/v2\/types\/page"}],"author":[{"embeddable":true,"href":"https:\/\/blogsaverroes.juntadeandalucia.es\/ceipelolivo\/wp-json\/wp\/v2\/users\/5889"}],"replies":[{"embeddable":true,"href":"https:\/\/blogsaverroes.juntadeandalucia.es\/ceipelolivo\/wp-json\/wp\/v2\/comments?post=4170"}],"version-history":[{"count":1,"href":"https:\/\/blogsaverroes.juntadeandalucia.es\/ceipelolivo\/wp-json\/wp\/v2\/pages\/4170\/revisions"}],"predecessor-version":[{"id":4172,"href":"https:\/\/blogsaverroes.juntadeandalucia.es\/ceipelolivo\/wp-json\/wp\/v2\/pages\/4170\/revisions\/4172"}],"wp:attachment":[{"href":"https:\/\/blogsaverroes.juntadeandalucia.es\/ceipelolivo\/wp-json\/wp\/v2\/media?parent=4170"}],"curies":[{"name":"wp","href":"https:\/\/api.w.org\/{rel}","templated":true}]}}