{"id":4504,"date":"2019-04-21T16:44:48","date_gmt":"2019-04-21T16:44:48","guid":{"rendered":"https:\/\/blogsaverroes.juntadeandalucia.es\/ceipelolivo\/?page_id=4504"},"modified":"2023-05-09T10:01:10","modified_gmt":"2023-05-09T10:01:10","slug":"proyecto-de-direccion","status":"publish","type":"page","link":"https:\/\/blogsaverroes.juntadeandalucia.es\/ceipelolivo\/proyecto-de-direccion\/","title":{"rendered":"Proyecto de Direcci\u00f3n"},"content":{"rendered":"<p style=\"text-align: justify\">A trav\u00e9s del siguiente enlace se puede acceder al Proyecto de Direcci\u00f3n presentado por D. Manuel Blanca P\u00e9rez&nbsp; ante la comisi\u00f3n de selecci\u00f3n. Tendr\u00e1 vigencia durante los pr\u00f3ximos cuatro cursos escolares:<\/p>\n<p>&nbsp;<\/p>\n<p><a href=\"https:\/\/drive.google.com\/file\/d\/1RuLI6nj6Q5SNlMLaK1gsQ6jSaN72NMPi\/view?usp=share_link\"><img loading=\"lazy\" decoding=\"async\" class=\"aligncenter  wp-image-7710\" src=\"https:\/\/blogsaverroes.juntadeandalucia.es\/ceipelolivo\/files\/2023\/05\/proyecto-direccion-22-23.png\" alt=\"\" width=\"358\" height=\"513\" srcset=\"https:\/\/blogsaverroes.juntadeandalucia.es\/ceipelolivo\/files\/2023\/05\/proyecto-direccion-22-23.png 473w, https:\/\/blogsaverroes.juntadeandalucia.es\/ceipelolivo\/files\/2023\/05\/proyecto-direccion-22-23-210x300.png 210w, https:\/\/blogsaverroes.juntadeandalucia.es\/ceipelolivo\/files\/2023\/05\/proyecto-direccion-22-23-332x475.png 332w, https:\/\/blogsaverroes.juntadeandalucia.es\/ceipelolivo\/files\/2023\/05\/proyecto-direccion-22-23-17x24.png 17w, https:\/\/blogsaverroes.juntadeandalucia.es\/ceipelolivo\/files\/2023\/05\/proyecto-direccion-22-23-25x36.png 25w, https:\/\/blogsaverroes.juntadeandalucia.es\/ceipelolivo\/files\/2023\/05\/proyecto-direccion-22-23-34x48.png 34w\" sizes=\"(max-width: 358px) 100vw, 358px\" \/><\/a><\/p>\n","protected":false},"excerpt":{"rendered":"<p>A trav\u00e9s del siguiente enlace se puede acceder al Proyecto de Direcci\u00f3n presentado por D. Manuel Blanca P\u00e9rez&nbsp; ante la comisi\u00f3n de selecci\u00f3n. Tendr\u00e1 vigencia durante los pr\u00f3ximos cuatro cursos escolares: &nbsp;<\/p>\n","protected":false},"author":5889,"featured_media":4509,"parent":0,"menu_order":0,"comment_status":"closed","ping_status":"closed","template":"","meta":{"ngg_post_thumbnail":0,"footnotes":"","_mc_calendar":[]},"aioseo_notices":[],"_links":{"self":[{"href":"https:\/\/blogsaverroes.juntadeandalucia.es\/ceipelolivo\/wp-json\/wp\/v2\/pages\/4504"}],"collection":[{"href":"https:\/\/blogsaverroes.juntadeandalucia.es\/ceipelolivo\/wp-json\/wp\/v2\/pages"}],"about":[{"href":"https:\/\/blogsaverroes.juntadeandalucia.es\/ceipelolivo\/wp-json\/wp\/v2\/types\/page"}],"author":[{"embeddable":true,"href":"https:\/\/blogsaverroes.juntadeandalucia.es\/ceipelolivo\/wp-json\/wp\/v2\/users\/5889"}],"replies":[{"embeddable":true,"href":"https:\/\/blogsaverroes.juntadeandalucia.es\/ceipelolivo\/wp-json\/wp\/v2\/comments?post=4504"}],"version-history":[{"count":15,"href":"https:\/\/blogsaverroes.juntadeandalucia.es\/ceipelolivo\/wp-json\/wp\/v2\/pages\/4504\/revisions"}],"predecessor-version":[{"id":7711,"href":"https:\/\/blogsaverroes.juntadeandalucia.es\/ceipelolivo\/wp-json\/wp\/v2\/pages\/4504\/revisions\/7711"}],"wp:featuredmedia":[{"embeddable":true,"href":"https:\/\/blogsaverroes.juntadeandalucia.es\/ceipelolivo\/wp-json\/wp\/v2\/media\/4509"}],"wp:attachment":[{"href":"https:\/\/blogsaverroes.juntadeandalucia.es\/ceipelolivo\/wp-json\/wp\/v2\/media?parent=4504"}],"curies":[{"name":"wp","href":"https:\/\/api.w.org\/{rel}","templated":true}]}}