{"id":4610,"date":"2019-07-08T19:14:06","date_gmt":"2019-07-08T19:14:06","guid":{"rendered":"https:\/\/blogsaverroes.juntadeandalucia.es\/ceipelolivo\/?page_id=4610"},"modified":"2022-03-15T09:00:21","modified_gmt":"2022-03-15T09:00:21","slug":"proyecto-linguistico-de-centro","status":"publish","type":"page","link":"https:\/\/blogsaverroes.juntadeandalucia.es\/ceipelolivo\/proyecto-linguistico-de-centro\/","title":{"rendered":"Proyecto Ling\u00fc\u00edstico de Centro"},"content":{"rendered":"<p style=\"text-align: left\">Durante el curso escolar 2018\/19 hemos estado trabajando junto con los dem\u00e1s colegios p\u00fablicos de Torredonjimeno en la elaboraci\u00f3n de un nuevo Proyecto Ling\u00fc\u00edstico de Centro (PLC).<\/p>\n<p style=\"text-align: left\">La Consejer\u00eda de Educaci\u00f3n y Deporte establece como objetivo del programa en su p\u00e1gina <a href=\"http:\/\/www.juntadeandalucia.es\/educacion\/webportal\/web\/proyecto-linguistico-centro\/programa-proyecto-linguistico-de-centro\">web<\/a>:<\/p>\n<p style=\"text-align: left\"><em>El PLC posee como objetivo fundamental impulsar y apoyar la puesta en marcha en los centros educativos de un proyecto global para la mejora de la competencia en comunicaci\u00f3n ling\u00fc\u00edstica en el que participe el profesorado de las distintas \u00e1reas y materias.<\/em><\/p>\n<h4 style=\"text-align: left\">P\u00c1GINA WEB<\/h4>\n<p style=\"text-align: left\">La p\u00e1gina web del PLC de Torredonjimeno se puede consultar en el siguiente enlace:<\/p>\n<p><a href=\"https:\/\/colegioelolivo2022.wixsite.com\/website\" target=\"_blank\" rel=\"noopener noreferrer\"><img loading=\"lazy\" decoding=\"async\" class=\"aligncenter wp-image-4711 size-medium\" src=\"https:\/\/blogsaverroes.juntadeandalucia.es\/ceipelolivo\/files\/2019\/09\/PLC-2-300x123.png\" alt=\"\" width=\"300\" height=\"123\" srcset=\"https:\/\/blogsaverroes.juntadeandalucia.es\/ceipelolivo\/files\/2019\/09\/PLC-2-300x123.png 300w, https:\/\/blogsaverroes.juntadeandalucia.es\/ceipelolivo\/files\/2019\/09\/PLC-2-768x315.png 768w, https:\/\/blogsaverroes.juntadeandalucia.es\/ceipelolivo\/files\/2019\/09\/PLC-2-700x287.png 700w, https:\/\/blogsaverroes.juntadeandalucia.es\/ceipelolivo\/files\/2019\/09\/PLC-2-24x10.png 24w, https:\/\/blogsaverroes.juntadeandalucia.es\/ceipelolivo\/files\/2019\/09\/PLC-2-36x15.png 36w, https:\/\/blogsaverroes.juntadeandalucia.es\/ceipelolivo\/files\/2019\/09\/PLC-2-48x20.png 48w, https:\/\/blogsaverroes.juntadeandalucia.es\/ceipelolivo\/files\/2019\/09\/PLC-2.png 940w\" sizes=\"(max-width: 300px) 100vw, 300px\" \/><\/a><\/p>\n<p style=\"text-align: left\">En los siguientes enlaces se puede consultar todo el trabajo que se ha realizado durante el <strong>primer y segundo curso<\/strong>:<\/p>\n<p><a href=\"https:\/\/blogsaverroes.juntadeandalucia.es\/ceipelolivo\/files\/2020\/06\/Plan-Lector.pdf\" target=\"_blank\" rel=\"noopener noreferrer\"><img loading=\"lazy\" decoding=\"async\" class=\"wp-image-4611 size-medium aligncenter\" src=\"https:\/\/blogsaverroes.juntadeandalucia.es\/ceipelolivo\/files\/2019\/07\/PLC-300x225.png\" alt=\"\" width=\"300\" height=\"225\" srcset=\"https:\/\/blogsaverroes.juntadeandalucia.es\/ceipelolivo\/files\/2019\/07\/PLC-300x225.png 300w, https:\/\/blogsaverroes.juntadeandalucia.es\/ceipelolivo\/files\/2019\/07\/PLC-768x576.png 768w, https:\/\/blogsaverroes.juntadeandalucia.es\/ceipelolivo\/files\/2019\/07\/PLC-1024x768.png 1024w, https:\/\/blogsaverroes.juntadeandalucia.es\/ceipelolivo\/files\/2019\/07\/PLC-700x525.png 700w, https:\/\/blogsaverroes.juntadeandalucia.es\/ceipelolivo\/files\/2019\/07\/PLC-24x18.png 24w, https:\/\/blogsaverroes.juntadeandalucia.es\/ceipelolivo\/files\/2019\/07\/PLC-36x27.png 36w, https:\/\/blogsaverroes.juntadeandalucia.es\/ceipelolivo\/files\/2019\/07\/PLC-48x36.png 48w, https:\/\/blogsaverroes.juntadeandalucia.es\/ceipelolivo\/files\/2019\/07\/PLC.png 1551w\" sizes=\"(max-width: 300px) 100vw, 300px\" \/><\/a><\/p>\n<p><a href=\"https:\/\/blogsaverroes.juntadeandalucia.es\/ceipelolivo\/files\/2020\/05\/Plan-de-Oralidad.pdf\" target=\"_blank\" rel=\"noopener noreferrer\"><img loading=\"lazy\" decoding=\"async\" class=\"wp-image-6343 size-medium aligncenter\" src=\"https:\/\/blogsaverroes.juntadeandalucia.es\/ceipelolivo\/files\/2020\/05\/Plan-oralidad-222x300.png\" alt=\"\" width=\"222\" height=\"300\" srcset=\"https:\/\/blogsaverroes.juntadeandalucia.es\/ceipelolivo\/files\/2020\/05\/Plan-oralidad-222x300.png 222w, https:\/\/blogsaverroes.juntadeandalucia.es\/ceipelolivo\/files\/2020\/05\/Plan-oralidad-768x1040.png 768w, https:\/\/blogsaverroes.juntadeandalucia.es\/ceipelolivo\/files\/2020\/05\/Plan-oralidad-756x1024.png 756w, https:\/\/blogsaverroes.juntadeandalucia.es\/ceipelolivo\/files\/2020\/05\/Plan-oralidad-700x948.png 700w, https:\/\/blogsaverroes.juntadeandalucia.es\/ceipelolivo\/files\/2020\/05\/Plan-oralidad-18x24.png 18w, https:\/\/blogsaverroes.juntadeandalucia.es\/ceipelolivo\/files\/2020\/05\/Plan-oralidad-27x36.png 27w, https:\/\/blogsaverroes.juntadeandalucia.es\/ceipelolivo\/files\/2020\/05\/Plan-oralidad-35x48.png 35w, https:\/\/blogsaverroes.juntadeandalucia.es\/ceipelolivo\/files\/2020\/05\/Plan-oralidad.png 1181w\" sizes=\"(max-width: 222px) 100vw, 222px\" \/><\/a><\/p>\n<p>&nbsp;<\/p>\n<p><span style=\"text-align: justify\">Preparados para el tercer a\u00f1o de formaci\u00f3n, en el que abordaremos la <\/span><strong style=\"text-align: justify\">escritura<\/strong><span style=\"text-align: justify\">.<\/span><\/p>\n<h4>EL PLC PUESTO EN PR\u00c1CTICA EN NUESTRAS CLASES<\/h4>\n[youtube https:\/\/www.youtube.com\/watch?v=_oUqQKjnbuE]\n[youtube https:\/\/www.youtube.com\/watch?v=lsAnc_QR_ZI]\n","protected":false},"excerpt":{"rendered":"<p>Durante el curso escolar 2018\/19 hemos estado trabajando junto con los dem\u00e1s colegios p\u00fablicos de Torredonjimeno en la elaboraci\u00f3n de un nuevo Proyecto Ling\u00fc\u00edstico de Centro (PLC). La Consejer\u00eda de Educaci\u00f3n y Deporte establece&#46;&#46;&#46;<\/p>\n","protected":false},"author":5889,"featured_media":0,"parent":0,"menu_order":0,"comment_status":"closed","ping_status":"closed","template":"","meta":{"ngg_post_thumbnail":0,"footnotes":"","_mc_calendar":[]},"aioseo_notices":[],"_links":{"self":[{"href":"https:\/\/blogsaverroes.juntadeandalucia.es\/ceipelolivo\/wp-json\/wp\/v2\/pages\/4610"}],"collection":[{"href":"https:\/\/blogsaverroes.juntadeandalucia.es\/ceipelolivo\/wp-json\/wp\/v2\/pages"}],"about":[{"href":"https:\/\/blogsaverroes.juntadeandalucia.es\/ceipelolivo\/wp-json\/wp\/v2\/types\/page"}],"author":[{"embeddable":true,"href":"https:\/\/blogsaverroes.juntadeandalucia.es\/ceipelolivo\/wp-json\/wp\/v2\/users\/5889"}],"replies":[{"embeddable":true,"href":"https:\/\/blogsaverroes.juntadeandalucia.es\/ceipelolivo\/wp-json\/wp\/v2\/comments?post=4610"}],"version-history":[{"count":18,"href":"https:\/\/blogsaverroes.juntadeandalucia.es\/ceipelolivo\/wp-json\/wp\/v2\/pages\/4610\/revisions"}],"predecessor-version":[{"id":7425,"href":"https:\/\/blogsaverroes.juntadeandalucia.es\/ceipelolivo\/wp-json\/wp\/v2\/pages\/4610\/revisions\/7425"}],"wp:attachment":[{"href":"https:\/\/blogsaverroes.juntadeandalucia.es\/ceipelolivo\/wp-json\/wp\/v2\/media?parent=4610"}],"curies":[{"name":"wp","href":"https:\/\/api.w.org\/{rel}","templated":true}]}}