{"id":5302,"date":"2020-02-23T11:57:16","date_gmt":"2020-02-23T11:57:16","guid":{"rendered":"https:\/\/blogsaverroes.juntadeandalucia.es\/ceipelolivo\/?page_id=5302"},"modified":"2020-02-23T12:55:09","modified_gmt":"2020-02-23T12:55:09","slug":"generacion-de-2007","status":"publish","type":"page","link":"https:\/\/blogsaverroes.juntadeandalucia.es\/ceipelolivo\/generacion-de-2007\/","title":{"rendered":"Generaci\u00f3n de 2007"},"content":{"rendered":"<p>Juegos en el patio. A\u00f1os 2017 y 2018.<\/p>\nngg_shortcode_0_placeholderOrla de Educaci\u00f3n Infantil.<\/p>\n<p><a href=\"https:\/\/blogsaverroes.juntadeandalucia.es\/ceipelolivo\/files\/2020\/02\/orla-2013.jpg\" target=\"_blank\" rel=\"noopener noreferrer\"><img loading=\"lazy\" decoding=\"async\" class=\"alignnone wp-image-5331 size-medium\" src=\"https:\/\/blogsaverroes.juntadeandalucia.es\/ceipelolivo\/files\/2020\/02\/orla-2013-300x212.jpg\" alt=\"\" width=\"300\" height=\"212\" srcset=\"https:\/\/blogsaverroes.juntadeandalucia.es\/ceipelolivo\/files\/2020\/02\/orla-2013-300x212.jpg 300w, https:\/\/blogsaverroes.juntadeandalucia.es\/ceipelolivo\/files\/2020\/02\/orla-2013-768x543.jpg 768w, https:\/\/blogsaverroes.juntadeandalucia.es\/ceipelolivo\/files\/2020\/02\/orla-2013-1024x724.jpg 1024w, https:\/\/blogsaverroes.juntadeandalucia.es\/ceipelolivo\/files\/2020\/02\/orla-2013-700x495.jpg 700w, https:\/\/blogsaverroes.juntadeandalucia.es\/ceipelolivo\/files\/2020\/02\/orla-2013-24x17.jpg 24w, https:\/\/blogsaverroes.juntadeandalucia.es\/ceipelolivo\/files\/2020\/02\/orla-2013-36x25.jpg 36w, https:\/\/blogsaverroes.juntadeandalucia.es\/ceipelolivo\/files\/2020\/02\/orla-2013-48x34.jpg 48w, https:\/\/blogsaverroes.juntadeandalucia.es\/ceipelolivo\/files\/2020\/02\/orla-2013.jpg 1600w\" sizes=\"(max-width: 300px) 100vw, 300px\" \/><\/a><\/p>\n<p>Con las manos en la masa. A\u00f1o 2011.<\/p>\nngg_shortcode_1_placeholderEn la granja escuela de Priego de C\u00f3rdoba. A\u00f1o 2014.<\/p>\nngg_shortcode_2_placeholder\n","protected":false},"excerpt":{"rendered":"<p>Juegos en el patio. A\u00f1os 2017 y 2018. Orla de Educaci\u00f3n Infantil. Con las manos en la masa. A\u00f1o 2011. En la granja escuela de Priego de C\u00f3rdoba. A\u00f1o 2014.<\/p>\n","protected":false},"author":6073,"featured_media":0,"parent":0,"menu_order":0,"comment_status":"closed","ping_status":"closed","template":"","meta":{"ngg_post_thumbnail":0,"footnotes":"","_mc_calendar":[]},"aioseo_notices":[],"_links":{"self":[{"href":"https:\/\/blogsaverroes.juntadeandalucia.es\/ceipelolivo\/wp-json\/wp\/v2\/pages\/5302"}],"collection":[{"href":"https:\/\/blogsaverroes.juntadeandalucia.es\/ceipelolivo\/wp-json\/wp\/v2\/pages"}],"about":[{"href":"https:\/\/blogsaverroes.juntadeandalucia.es\/ceipelolivo\/wp-json\/wp\/v2\/types\/page"}],"author":[{"embeddable":true,"href":"https:\/\/blogsaverroes.juntadeandalucia.es\/ceipelolivo\/wp-json\/wp\/v2\/users\/6073"}],"replies":[{"embeddable":true,"href":"https:\/\/blogsaverroes.juntadeandalucia.es\/ceipelolivo\/wp-json\/wp\/v2\/comments?post=5302"}],"version-history":[{"count":4,"href":"https:\/\/blogsaverroes.juntadeandalucia.es\/ceipelolivo\/wp-json\/wp\/v2\/pages\/5302\/revisions"}],"predecessor-version":[{"id":5330,"href":"https:\/\/blogsaverroes.juntadeandalucia.es\/ceipelolivo\/wp-json\/wp\/v2\/pages\/5302\/revisions\/5330"}],"wp:attachment":[{"href":"https:\/\/blogsaverroes.juntadeandalucia.es\/ceipelolivo\/wp-json\/wp\/v2\/media?parent=5302"}],"curies":[{"name":"wp","href":"https:\/\/api.w.org\/{rel}","templated":true}]}}