{"id":5384,"date":"2020-02-26T18:28:51","date_gmt":"2020-02-26T18:28:51","guid":{"rendered":"https:\/\/blogsaverroes.juntadeandalucia.es\/ceipelolivo\/?page_id=5384"},"modified":"2020-07-24T16:38:50","modified_gmt":"2020-07-24T16:38:50","slug":"carnaval-2020","status":"publish","type":"page","link":"https:\/\/blogsaverroes.juntadeandalucia.es\/ceipelolivo\/carnaval-2020\/","title":{"rendered":"Carnaval 2020"},"content":{"rendered":"<p style=\"text-align: left\">El pasado 26 de febrero recuperamos en nuestro centro una actividad que hac\u00eda mucho tiempo que no llev\u00e1bamos a cabo, un desfile de carnaval. La idea era unir dos celebraciones, la del D\u00eda de Andaluc\u00eda que se lleva a cabo todos los cursos escolares y la de una de las fiestas m\u00e1s populares de nuestra localidad y de Andaluc\u00eda, el carnaval.<\/p>\n<p style=\"text-align: left\"><a href=\"https:\/\/blogsaverroes.juntadeandalucia.es\/ceipelolivo\/files\/2020\/03\/OlivoCarnaval2020.png\"><img loading=\"lazy\" decoding=\"async\" class=\"size-medium wp-image-5385 aligncenter\" src=\"https:\/\/blogsaverroes.juntadeandalucia.es\/ceipelolivo\/files\/2020\/03\/OlivoCarnaval2020-214x300.png\" alt=\"\" width=\"214\" height=\"300\" srcset=\"https:\/\/blogsaverroes.juntadeandalucia.es\/ceipelolivo\/files\/2020\/03\/OlivoCarnaval2020-214x300.png 214w, https:\/\/blogsaverroes.juntadeandalucia.es\/ceipelolivo\/files\/2020\/03\/OlivoCarnaval2020-768x1076.png 768w, https:\/\/blogsaverroes.juntadeandalucia.es\/ceipelolivo\/files\/2020\/03\/OlivoCarnaval2020-731x1024.png 731w, https:\/\/blogsaverroes.juntadeandalucia.es\/ceipelolivo\/files\/2020\/03\/OlivoCarnaval2020-700x980.png 700w, https:\/\/blogsaverroes.juntadeandalucia.es\/ceipelolivo\/files\/2020\/03\/OlivoCarnaval2020-17x24.png 17w, https:\/\/blogsaverroes.juntadeandalucia.es\/ceipelolivo\/files\/2020\/03\/OlivoCarnaval2020-26x36.png 26w, https:\/\/blogsaverroes.juntadeandalucia.es\/ceipelolivo\/files\/2020\/03\/OlivoCarnaval2020-34x48.png 34w, https:\/\/blogsaverroes.juntadeandalucia.es\/ceipelolivo\/files\/2020\/03\/OlivoCarnaval2020.png 1142w\" sizes=\"(max-width: 214px) 100vw, 214px\" \/><\/a>Para el D\u00eda de Andaluc\u00eda cada curso ten\u00eda asignada una provincia andaluza y han estado trabajando sobre su historia, personajes c\u00e9lebres, costumbres, gastronom\u00eda, fiestas, cultura&#8230; durante las \u00faltimas semanas del mes de febrero. Para unir con el carnaval decidimos proponer a las familias que buscaran un disfraz que tuviera que ver con la provincia que sus hijos e hijas estaban estudiando en clase, y la verdad es que el resultado ha sido magn\u00edfico, sobre todo teniendo en cuenta que el tiempo estaba muy ajustado. Como muestra os dejamos las siguientes im\u00e1genes:<\/p>\n<p style=\"text-align: left\"><a href=\"https:\/\/blogsaverroes.juntadeandalucia.es\/ceipelolivo\/files\/2020\/03\/Inf3ACarn2020.jpg\"><img loading=\"lazy\" decoding=\"async\" class=\"size-medium wp-image-6685 aligncenter\" src=\"https:\/\/blogsaverroes.juntadeandalucia.es\/ceipelolivo\/files\/2020\/07\/Quinto_Carnaval_2020-300x200.jpg\" alt=\"\" width=\"300\" height=\"200\" srcset=\"https:\/\/blogsaverroes.juntadeandalucia.es\/ceipelolivo\/files\/2020\/07\/Quinto_Carnaval_2020-300x200.jpg 300w, https:\/\/blogsaverroes.juntadeandalucia.es\/ceipelolivo\/files\/2020\/07\/Quinto_Carnaval_2020-768x512.jpg 768w, https:\/\/blogsaverroes.juntadeandalucia.es\/ceipelolivo\/files\/2020\/07\/Quinto_Carnaval_2020-1024x683.jpg 1024w, https:\/\/blogsaverroes.juntadeandalucia.es\/ceipelolivo\/files\/2020\/07\/Quinto_Carnaval_2020-700x467.jpg 700w, https:\/\/blogsaverroes.juntadeandalucia.es\/ceipelolivo\/files\/2020\/07\/Quinto_Carnaval_2020-24x16.jpg 24w, https:\/\/blogsaverroes.juntadeandalucia.es\/ceipelolivo\/files\/2020\/07\/Quinto_Carnaval_2020-36x24.jpg 36w, https:\/\/blogsaverroes.juntadeandalucia.es\/ceipelolivo\/files\/2020\/07\/Quinto_Carnaval_2020-48x32.jpg 48w, https:\/\/blogsaverroes.juntadeandalucia.es\/ceipelolivo\/files\/2020\/07\/Quinto_Carnaval_2020.jpg 1600w\" sizes=\"(max-width: 300px) 100vw, 300px\" \/><img loading=\"lazy\" decoding=\"async\" class=\"size-medium wp-image-5390 aligncenter\" src=\"https:\/\/blogsaverroes.juntadeandalucia.es\/ceipelolivo\/files\/2020\/03\/Inf3ACarn2020-300x200.jpg\" alt=\"\" width=\"300\" height=\"200\" srcset=\"https:\/\/blogsaverroes.juntadeandalucia.es\/ceipelolivo\/files\/2020\/03\/Inf3ACarn2020-300x200.jpg 300w, https:\/\/blogsaverroes.juntadeandalucia.es\/ceipelolivo\/files\/2020\/03\/Inf3ACarn2020-768x512.jpg 768w, https:\/\/blogsaverroes.juntadeandalucia.es\/ceipelolivo\/files\/2020\/03\/Inf3ACarn2020-1024x683.jpg 1024w, https:\/\/blogsaverroes.juntadeandalucia.es\/ceipelolivo\/files\/2020\/03\/Inf3ACarn2020-700x467.jpg 700w, https:\/\/blogsaverroes.juntadeandalucia.es\/ceipelolivo\/files\/2020\/03\/Inf3ACarn2020-24x16.jpg 24w, https:\/\/blogsaverroes.juntadeandalucia.es\/ceipelolivo\/files\/2020\/03\/Inf3ACarn2020-36x24.jpg 36w, https:\/\/blogsaverroes.juntadeandalucia.es\/ceipelolivo\/files\/2020\/03\/Inf3ACarn2020-48x32.jpg 48w, https:\/\/blogsaverroes.juntadeandalucia.es\/ceipelolivo\/files\/2020\/03\/Inf3ACarn2020.jpg 1600w\" sizes=\"(max-width: 300px) 100vw, 300px\" \/><\/a><\/p>\n<p style=\"text-align: left\">Por cierto, el lema del desfile ha girado en torno a la defensa de nuestro bien m\u00e1s preciado, el aceite de oliva, y es que todo apoyo en los tiempos que estamos viviendo es poco&#8230;<\/p>\n<p><a href=\"https:\/\/blogsaverroes.juntadeandalucia.es\/ceipelolivo\/files\/2020\/03\/Olivo_Carn2020.jpg\"><img loading=\"lazy\" decoding=\"async\" class=\"size-medium wp-image-5391 aligncenter\" src=\"https:\/\/blogsaverroes.juntadeandalucia.es\/ceipelolivo\/files\/2020\/03\/Olivo_Carn2020-300x200.jpg\" alt=\"\" width=\"300\" height=\"200\" srcset=\"https:\/\/blogsaverroes.juntadeandalucia.es\/ceipelolivo\/files\/2020\/03\/Olivo_Carn2020-300x200.jpg 300w, https:\/\/blogsaverroes.juntadeandalucia.es\/ceipelolivo\/files\/2020\/03\/Olivo_Carn2020-768x512.jpg 768w, https:\/\/blogsaverroes.juntadeandalucia.es\/ceipelolivo\/files\/2020\/03\/Olivo_Carn2020-1024x683.jpg 1024w, https:\/\/blogsaverroes.juntadeandalucia.es\/ceipelolivo\/files\/2020\/03\/Olivo_Carn2020-700x467.jpg 700w, https:\/\/blogsaverroes.juntadeandalucia.es\/ceipelolivo\/files\/2020\/03\/Olivo_Carn2020-24x16.jpg 24w, https:\/\/blogsaverroes.juntadeandalucia.es\/ceipelolivo\/files\/2020\/03\/Olivo_Carn2020-36x24.jpg 36w, https:\/\/blogsaverroes.juntadeandalucia.es\/ceipelolivo\/files\/2020\/03\/Olivo_Carn2020-48x32.jpg 48w, https:\/\/blogsaverroes.juntadeandalucia.es\/ceipelolivo\/files\/2020\/03\/Olivo_Carn2020.jpg 1600w\" sizes=\"(max-width: 300px) 100vw, 300px\" \/><\/a>El pr\u00f3ximo curso m\u00e1s y mejor&#8230;<\/p>\n","protected":false},"excerpt":{"rendered":"<p>El pasado 26 de febrero recuperamos en nuestro centro una actividad que hac\u00eda mucho tiempo que no llev\u00e1bamos a cabo, un desfile de carnaval. La idea era unir dos celebraciones, la del D\u00eda de&#46;&#46;&#46;<\/p>\n","protected":false},"author":6073,"featured_media":5390,"parent":0,"menu_order":0,"comment_status":"closed","ping_status":"closed","template":"","meta":{"ngg_post_thumbnail":0,"footnotes":"","_mc_calendar":[]},"aioseo_notices":[],"_links":{"self":[{"href":"https:\/\/blogsaverroes.juntadeandalucia.es\/ceipelolivo\/wp-json\/wp\/v2\/pages\/5384"}],"collection":[{"href":"https:\/\/blogsaverroes.juntadeandalucia.es\/ceipelolivo\/wp-json\/wp\/v2\/pages"}],"about":[{"href":"https:\/\/blogsaverroes.juntadeandalucia.es\/ceipelolivo\/wp-json\/wp\/v2\/types\/page"}],"author":[{"embeddable":true,"href":"https:\/\/blogsaverroes.juntadeandalucia.es\/ceipelolivo\/wp-json\/wp\/v2\/users\/6073"}],"replies":[{"embeddable":true,"href":"https:\/\/blogsaverroes.juntadeandalucia.es\/ceipelolivo\/wp-json\/wp\/v2\/comments?post=5384"}],"version-history":[{"count":8,"href":"https:\/\/blogsaverroes.juntadeandalucia.es\/ceipelolivo\/wp-json\/wp\/v2\/pages\/5384\/revisions"}],"predecessor-version":[{"id":6686,"href":"https:\/\/blogsaverroes.juntadeandalucia.es\/ceipelolivo\/wp-json\/wp\/v2\/pages\/5384\/revisions\/6686"}],"wp:featuredmedia":[{"embeddable":true,"href":"https:\/\/blogsaverroes.juntadeandalucia.es\/ceipelolivo\/wp-json\/wp\/v2\/media\/5390"}],"wp:attachment":[{"href":"https:\/\/blogsaverroes.juntadeandalucia.es\/ceipelolivo\/wp-json\/wp\/v2\/media?parent=5384"}],"curies":[{"name":"wp","href":"https:\/\/api.w.org\/{rel}","templated":true}]}}