{"id":7430,"date":"2022-04-04T10:54:04","date_gmt":"2022-04-04T10:54:04","guid":{"rendered":"https:\/\/blogsaverroes.juntadeandalucia.es\/ceipelolivo\/?page_id=7430"},"modified":"2024-12-01T10:15:25","modified_gmt":"2024-12-01T10:15:25","slug":"pacto-de-genero","status":"publish","type":"page","link":"https:\/\/blogsaverroes.juntadeandalucia.es\/ceipelolivo\/pacto-de-genero\/","title":{"rendered":"P.I.G\u00c9NERO"},"content":{"rendered":"<p><img loading=\"lazy\" decoding=\"async\" class=\"aligncenter size-full wp-image-7668\" src=\"https:\/\/blogsaverroes.juntadeandalucia.es\/ceipelolivo\/files\/2023\/03\/4_5775983688810499321_page-0001-scaled.jpg\" alt=\"\" width=\"900\" height=\"1600\" srcset=\"https:\/\/blogsaverroes.juntadeandalucia.es\/ceipelolivo\/files\/2023\/03\/4_5775983688810499321_page-0001-scaled.jpg 900w, https:\/\/blogsaverroes.juntadeandalucia.es\/ceipelolivo\/files\/2023\/03\/4_5775983688810499321_page-0001-169x300.jpg 169w, https:\/\/blogsaverroes.juntadeandalucia.es\/ceipelolivo\/files\/2023\/03\/4_5775983688810499321_page-0001-576x1024.jpg 576w, https:\/\/blogsaverroes.juntadeandalucia.es\/ceipelolivo\/files\/2023\/03\/4_5775983688810499321_page-0001-768x1365.jpg 768w, https:\/\/blogsaverroes.juntadeandalucia.es\/ceipelolivo\/files\/2023\/03\/4_5775983688810499321_page-0001-864x1536.jpg 864w, https:\/\/blogsaverroes.juntadeandalucia.es\/ceipelolivo\/files\/2023\/03\/4_5775983688810499321_page-0001-1152x2048.jpg 1152w, https:\/\/blogsaverroes.juntadeandalucia.es\/ceipelolivo\/files\/2023\/03\/4_5775983688810499321_page-0001-700x1244.jpg 700w, https:\/\/blogsaverroes.juntadeandalucia.es\/ceipelolivo\/files\/2023\/03\/4_5775983688810499321_page-0001-332x590.jpg 332w, https:\/\/blogsaverroes.juntadeandalucia.es\/ceipelolivo\/files\/2023\/03\/4_5775983688810499321_page-0001-14x24.jpg 14w, https:\/\/blogsaverroes.juntadeandalucia.es\/ceipelolivo\/files\/2023\/03\/4_5775983688810499321_page-0001-20x36.jpg 20w, https:\/\/blogsaverroes.juntadeandalucia.es\/ceipelolivo\/files\/2023\/03\/4_5775983688810499321_page-0001-27x48.jpg 27w\" sizes=\"(max-width: 900px) 100vw, 900px\" \/><\/p>\n<p><span style=\"color: #008000\">&nbsp; 25&nbsp; DE NOVIEMBRE, 2024<\/span><\/p>\n<p>25 N, D\u00eda Internacional de la Eliminaci\u00f3n de la Violencia contra la Mujer, salida del alumnado de 5\u00b0 de primaria por las calles de la Localidad, minuto de silencio y m\u00e1s actuaciones conmemorativas en el centro ( CEIP EL OLIVO) \u00bb En mi mochila \ud83c\udf92 llevo mi autoestima \ud83d\udc9c \u00bb<\/p>\n<p><a href=\"https:\/\/www.instagram.com\/reel\/DCzCsf3IEw2\/?utm_source=ig_web_copy_link&amp;igsh=MzRlODBiNWFlZA==\"><img loading=\"lazy\" decoding=\"async\" class=\"aligncenter size-full wp-image-7940\" src=\"https:\/\/blogsaverroes.juntadeandalucia.es\/ceipelolivo\/files\/2024\/12\/25-NV-2024.png\" alt=\"\" width=\"1072\" height=\"754\" srcset=\"https:\/\/blogsaverroes.juntadeandalucia.es\/ceipelolivo\/files\/2024\/12\/25-NV-2024.png 1072w, https:\/\/blogsaverroes.juntadeandalucia.es\/ceipelolivo\/files\/2024\/12\/25-NV-2024-300x211.png 300w, https:\/\/blogsaverroes.juntadeandalucia.es\/ceipelolivo\/files\/2024\/12\/25-NV-2024-1024x720.png 1024w, https:\/\/blogsaverroes.juntadeandalucia.es\/ceipelolivo\/files\/2024\/12\/25-NV-2024-768x540.png 768w, https:\/\/blogsaverroes.juntadeandalucia.es\/ceipelolivo\/files\/2024\/12\/25-NV-2024-700x492.png 700w, https:\/\/blogsaverroes.juntadeandalucia.es\/ceipelolivo\/files\/2024\/12\/25-NV-2024-332x234.png 332w\" sizes=\"(max-width: 1072px) 100vw, 1072px\" \/><\/a><\/p>\n<p><span style=\"color: #008000\">&nbsp; &nbsp;8 DE MARZO, D\u00cdA DE LA MUJER ( 2024 )<\/span><\/p>\n<p><a href=\"https:\/\/www.instagram.com\/reel\/C4QEXhMoOHP\/?utm_source=ig_web_copy_link&amp;igsh=MzRlODBiNWFlZA==\"><img loading=\"lazy\" decoding=\"async\" class=\"aligncenter size-full wp-image-7836\" src=\"https:\/\/blogsaverroes.juntadeandalucia.es\/ceipelolivo\/files\/2024\/03\/igualdad-23-24.png\" alt=\"\" width=\"856\" height=\"532\" srcset=\"https:\/\/blogsaverroes.juntadeandalucia.es\/ceipelolivo\/files\/2024\/03\/igualdad-23-24.png 856w, https:\/\/blogsaverroes.juntadeandalucia.es\/ceipelolivo\/files\/2024\/03\/igualdad-23-24-300x186.png 300w, https:\/\/blogsaverroes.juntadeandalucia.es\/ceipelolivo\/files\/2024\/03\/igualdad-23-24-768x477.png 768w, https:\/\/blogsaverroes.juntadeandalucia.es\/ceipelolivo\/files\/2024\/03\/igualdad-23-24-700x435.png 700w, https:\/\/blogsaverroes.juntadeandalucia.es\/ceipelolivo\/files\/2024\/03\/igualdad-23-24-332x206.png 332w, https:\/\/blogsaverroes.juntadeandalucia.es\/ceipelolivo\/files\/2024\/03\/igualdad-23-24-24x15.png 24w, https:\/\/blogsaverroes.juntadeandalucia.es\/ceipelolivo\/files\/2024\/03\/igualdad-23-24-36x22.png 36w, https:\/\/blogsaverroes.juntadeandalucia.es\/ceipelolivo\/files\/2024\/03\/igualdad-23-24-48x30.png 48w\" sizes=\"(max-width: 856px) 100vw, 856px\" \/><img loading=\"lazy\" decoding=\"async\" class=\"aligncenter size-full wp-image-7837\" src=\"https:\/\/blogsaverroes.juntadeandalucia.es\/ceipelolivo\/files\/2024\/03\/igualdad-23-24-2.png\" alt=\"\" width=\"386\" height=\"630\" srcset=\"https:\/\/blogsaverroes.juntadeandalucia.es\/ceipelolivo\/files\/2024\/03\/igualdad-23-24-2.png 386w, https:\/\/blogsaverroes.juntadeandalucia.es\/ceipelolivo\/files\/2024\/03\/igualdad-23-24-2-184x300.png 184w, https:\/\/blogsaverroes.juntadeandalucia.es\/ceipelolivo\/files\/2024\/03\/igualdad-23-24-2-332x542.png 332w, https:\/\/blogsaverroes.juntadeandalucia.es\/ceipelolivo\/files\/2024\/03\/igualdad-23-24-2-15x24.png 15w, https:\/\/blogsaverroes.juntadeandalucia.es\/ceipelolivo\/files\/2024\/03\/igualdad-23-24-2-22x36.png 22w, https:\/\/blogsaverroes.juntadeandalucia.es\/ceipelolivo\/files\/2024\/03\/igualdad-23-24-2-29x48.png 29w\" sizes=\"(max-width: 386px) 100vw, 386px\" \/><\/a><\/p>\n<p><span style=\"color: #008000\">&nbsp; &nbsp;8 DE MARZO, D\u00cdA DE LA MUJER ( 2023 )<\/span><\/p>\n<p>&nbsp; Se llevar\u00e1n a cabo multitud de actividades:&nbsp; \u00abTalleres de&nbsp; sensibilizaci\u00f3n sobre el Rol de la Mujer\u00bb, \u00bb Exposici\u00f3n de murales y fotograf\u00edas \u00ab, \u00bb Actividades interactivas \u00ab, \u00bb Visitas de madres \u00ab, \u00abInvestigaciones de mujeres relevantes en la historia \u00ab&#8230;etc<\/p>\n<p>&nbsp;<\/p>\n<p style=\"text-align: justify\"><img loading=\"lazy\" decoding=\"async\" class=\"aligncenter size-large wp-image-7453\" src=\"https:\/\/blogsaverroes.juntadeandalucia.es\/ceipelolivo\/files\/2022\/05\/IMG-20220519-WA0000-1024x263.jpg\" alt=\"\" width=\"660\" height=\"170\" srcset=\"https:\/\/blogsaverroes.juntadeandalucia.es\/ceipelolivo\/files\/2022\/05\/IMG-20220519-WA0000-1024x263.jpg 1024w, https:\/\/blogsaverroes.juntadeandalucia.es\/ceipelolivo\/files\/2022\/05\/IMG-20220519-WA0000-300x77.jpg 300w, https:\/\/blogsaverroes.juntadeandalucia.es\/ceipelolivo\/files\/2022\/05\/IMG-20220519-WA0000-768x197.jpg 768w, https:\/\/blogsaverroes.juntadeandalucia.es\/ceipelolivo\/files\/2022\/05\/IMG-20220519-WA0000-1536x395.jpg 1536w, https:\/\/blogsaverroes.juntadeandalucia.es\/ceipelolivo\/files\/2022\/05\/IMG-20220519-WA0000-700x180.jpg 700w, https:\/\/blogsaverroes.juntadeandalucia.es\/ceipelolivo\/files\/2022\/05\/IMG-20220519-WA0000-332x85.jpg 332w, https:\/\/blogsaverroes.juntadeandalucia.es\/ceipelolivo\/files\/2022\/05\/IMG-20220519-WA0000-24x6.jpg 24w, https:\/\/blogsaverroes.juntadeandalucia.es\/ceipelolivo\/files\/2022\/05\/IMG-20220519-WA0000-36x9.jpg 36w, https:\/\/blogsaverroes.juntadeandalucia.es\/ceipelolivo\/files\/2022\/05\/IMG-20220519-WA0000-48x12.jpg 48w, https:\/\/blogsaverroes.juntadeandalucia.es\/ceipelolivo\/files\/2022\/05\/IMG-20220519-WA0000.jpg 1600w\" sizes=\"(max-width: 660px) 100vw, 660px\" \/><\/p>\n<p>&nbsp; &nbsp; &nbsp;<span style=\"color: #008000\"> 19, Mayo, 2022<\/span><\/p>\n<p><span style=\"color: #000000\">&nbsp; &nbsp; &nbsp; Este&nbsp; cartel decora&nbsp; actualmente&nbsp; la&nbsp; fachada de&nbsp; entrada&nbsp; de nuestro centro y nos recuerda nuestra particular lucha&nbsp; contra la violencia de g\u00e9nero . Esta actuaci\u00f3n, forma parte de la planificaci\u00f3n anual del Plan de IGUALDAD.<\/span><\/p>\n<p><span style=\"color: #339966\">&#8212;&#8212;&#8212;&#8212;&#8212;&#8212;&#8212;&#8212;&#8212;&#8212;&#8212;&#8212;&#8212;&#8212;&#8212;&#8212;&#8212;&#8212;&#8212;&#8212;&#8212;&#8212;&#8212;&#8212;&#8212;&#8212;&#8212;&#8212;<\/span><\/p>\n<p style=\"text-align: justify\">&nbsp;Plan Estrat\u00e9gico&nbsp; de Igualdad de G\u00e9nero en Educaci\u00f3n, el cual establece entre&nbsp; sus l\u00edneas estrat\u00e9gicas la prevenci\u00f3n de la violencia de g\u00e9nero , proponiendo para ello la inclusi\u00f3n de este Plan de Igualdad de G\u00e9nero en los centros docentes, actuaciones de sensibilizaci\u00f3n, formaci\u00f3n e implicaci\u00f3n de la comunidad educativa en la prevenci\u00f3n de la violencia de g\u00e9nero.<\/p>\n<p><a href=\"https:\/\/view.genial.ly\/622e236397baa9001a2174d0\/presentation-presentacion-mujeres\"><img loading=\"lazy\" decoding=\"async\" class=\"aligncenter size-large wp-image-7436\" src=\"https:\/\/blogsaverroes.juntadeandalucia.es\/ceipelolivo\/files\/2022\/04\/PDG-1024x558.png\" alt=\"\" width=\"660\" height=\"360\" srcset=\"https:\/\/blogsaverroes.juntadeandalucia.es\/ceipelolivo\/files\/2022\/04\/PDG-1024x558.png 1024w, https:\/\/blogsaverroes.juntadeandalucia.es\/ceipelolivo\/files\/2022\/04\/PDG-300x163.png 300w, https:\/\/blogsaverroes.juntadeandalucia.es\/ceipelolivo\/files\/2022\/04\/PDG-768x418.png 768w, https:\/\/blogsaverroes.juntadeandalucia.es\/ceipelolivo\/files\/2022\/04\/PDG-700x381.png 700w, https:\/\/blogsaverroes.juntadeandalucia.es\/ceipelolivo\/files\/2022\/04\/PDG-332x181.png 332w, https:\/\/blogsaverroes.juntadeandalucia.es\/ceipelolivo\/files\/2022\/04\/PDG-24x13.png 24w, https:\/\/blogsaverroes.juntadeandalucia.es\/ceipelolivo\/files\/2022\/04\/PDG-36x20.png 36w, https:\/\/blogsaverroes.juntadeandalucia.es\/ceipelolivo\/files\/2022\/04\/PDG-48x26.png 48w, https:\/\/blogsaverroes.juntadeandalucia.es\/ceipelolivo\/files\/2022\/04\/PDG.png 1221w\" sizes=\"(max-width: 660px) 100vw, 660px\" \/><\/a><\/p>\n","protected":false},"excerpt":{"rendered":"<p>&nbsp; 25&nbsp; DE NOVIEMBRE, 2024 25 N, D\u00eda Internacional de la Eliminaci\u00f3n de la Violencia contra la Mujer, salida del alumnado de 5\u00b0 de primaria por las calles de la Localidad, minuto de silencio&#46;&#46;&#46;<\/p>\n","protected":false},"author":13347,"featured_media":7668,"parent":0,"menu_order":0,"comment_status":"closed","ping_status":"closed","template":"","meta":{"ngg_post_thumbnail":0,"footnotes":"","_mc_calendar":[]},"aioseo_notices":[],"_links":{"self":[{"href":"https:\/\/blogsaverroes.juntadeandalucia.es\/ceipelolivo\/wp-json\/wp\/v2\/pages\/7430"}],"collection":[{"href":"https:\/\/blogsaverroes.juntadeandalucia.es\/ceipelolivo\/wp-json\/wp\/v2\/pages"}],"about":[{"href":"https:\/\/blogsaverroes.juntadeandalucia.es\/ceipelolivo\/wp-json\/wp\/v2\/types\/page"}],"author":[{"embeddable":true,"href":"https:\/\/blogsaverroes.juntadeandalucia.es\/ceipelolivo\/wp-json\/wp\/v2\/users\/13347"}],"replies":[{"embeddable":true,"href":"https:\/\/blogsaverroes.juntadeandalucia.es\/ceipelolivo\/wp-json\/wp\/v2\/comments?post=7430"}],"version-history":[{"count":8,"href":"https:\/\/blogsaverroes.juntadeandalucia.es\/ceipelolivo\/wp-json\/wp\/v2\/pages\/7430\/revisions"}],"predecessor-version":[{"id":7941,"href":"https:\/\/blogsaverroes.juntadeandalucia.es\/ceipelolivo\/wp-json\/wp\/v2\/pages\/7430\/revisions\/7941"}],"wp:featuredmedia":[{"embeddable":true,"href":"https:\/\/blogsaverroes.juntadeandalucia.es\/ceipelolivo\/wp-json\/wp\/v2\/media\/7668"}],"wp:attachment":[{"href":"https:\/\/blogsaverroes.juntadeandalucia.es\/ceipelolivo\/wp-json\/wp\/v2\/media?parent=7430"}],"curies":[{"name":"wp","href":"https:\/\/api.w.org\/{rel}","templated":true}]}}