{"id":7504,"date":"2022-10-21T09:05:25","date_gmt":"2022-10-21T09:05:25","guid":{"rendered":"https:\/\/blogsaverroes.juntadeandalucia.es\/ceipelolivo\/?page_id=7504"},"modified":"2024-12-01T10:34:16","modified_gmt":"2024-12-01T10:34:16","slug":"ipasen-familias","status":"publish","type":"page","link":"https:\/\/blogsaverroes.juntadeandalucia.es\/ceipelolivo\/ipasen-familias\/","title":{"rendered":"IPASEN\/FAMILIAS"},"content":{"rendered":"<p><span style=\"color: #339966\"><strong>GESTI\u00d3N \/ PETICI\u00d3N CITA DE TUTORIAS<\/strong><\/span><\/p>\n<p><strong>Informaci\u00f3n para las familias: \u00bb Gesti\u00f3n &#8211; Petici\u00f3n de tutor\u00edas\u00bb ( v\u00eddeotutorial )<\/strong><\/p>\n<p><a href=\"https:\/\/youtu.be\/hLDib1Fo90k?si=c_D1yrOxLwe99Hs-\"><img loading=\"lazy\" decoding=\"async\" class=\"aligncenter size-full wp-image-7947\" src=\"https:\/\/blogsaverroes.juntadeandalucia.es\/ceipelolivo\/files\/2024\/12\/TUTORIAS-IPASEN-2024.png\" alt=\"\" width=\"788\" height=\"703\" srcset=\"https:\/\/blogsaverroes.juntadeandalucia.es\/ceipelolivo\/files\/2024\/12\/TUTORIAS-IPASEN-2024.png 788w, https:\/\/blogsaverroes.juntadeandalucia.es\/ceipelolivo\/files\/2024\/12\/TUTORIAS-IPASEN-2024-300x268.png 300w, https:\/\/blogsaverroes.juntadeandalucia.es\/ceipelolivo\/files\/2024\/12\/TUTORIAS-IPASEN-2024-768x685.png 768w, https:\/\/blogsaverroes.juntadeandalucia.es\/ceipelolivo\/files\/2024\/12\/TUTORIAS-IPASEN-2024-700x624.png 700w, https:\/\/blogsaverroes.juntadeandalucia.es\/ceipelolivo\/files\/2024\/12\/TUTORIAS-IPASEN-2024-332x296.png 332w\" sizes=\"(max-width: 788px) 100vw, 788px\" \/><\/a><\/p>\n<p><span style=\"color: #008000\"><strong><span style=\"color: #008000\">ACCESO<\/span><\/strong><\/span><\/p>\n<p><strong>\u00bfC\u00f3mo instalar Ipasen y c\u00f3mo generar el usuario de Ipasen para poder entrar ?&nbsp; &nbsp; &nbsp; &nbsp; &nbsp; &nbsp; &nbsp; &nbsp; &nbsp;&nbsp;<\/strong><\/p>\n<p><iframe loading=\"lazy\" src=\"\/\/www.youtube.com\/embed\/cHLova48ULE\" width=\"560\" height=\"314\"><\/iframe>&nbsp; &nbsp; &nbsp; &nbsp; &nbsp;<\/p>\n<p><strong>No me acuerdo de la contrase\u00f1a <\/strong><strong>\u00bfC\u00f3mo hacer el autologin o autoregistro en ipasen?<\/strong><\/p>\n<p><iframe loading=\"lazy\" src=\"\/\/www.youtube.com\/embed\/AH-QRj_0-qU\" width=\"560\" height=\"314\"><\/iframe><\/p>\n<p><iframe loading=\"lazy\" src=\"\/\/www.youtube.com\/embed\/CTaUTYjFDYs\" width=\"560\" height=\"314\"><\/iframe><\/p>\n<p><span style=\"color: #008000\">PUNTO DE&nbsp; RECOGIDA&nbsp;<\/span><\/p>\n<p><strong>\u00bfC\u00f3mo accedo al punto de recogida para ver los boletines de notas y c\u00f3mo descargo los documentos?<\/strong><\/p>\n<p><span style=\"color: #008000\"><iframe loading=\"lazy\" src=\"\/\/www.youtube.com\/embed\/K7s5wXWcEdc\" width=\"560\" height=\"314\"><\/iframe><\/span><\/p>\n<div class=\"CjVfdc\">No puedo descargar los documentos de recuperaci\u00f3n de las notas \u00bfQu\u00e9 hago?<\/div>\n<div><iframe loading=\"lazy\" src=\"\/\/www.youtube.com\/embed\/3sC2GQIFrAI\" width=\"560\" height=\"314\"><\/iframe><\/div>\n<div>&nbsp;<\/div>\n<div><span style=\"color: #008000\">SECRETARIA VIRTUAL<\/span><\/div>\n<div>&nbsp;<\/div>\n<div>\n<div class=\"CjVfdc CJIdie\"><span class=\" jgG6ef\">Acceso a secretaria virtual<\/span><\/div>\n<div><iframe loading=\"lazy\" src=\"\/\/www.youtube.com\/embed\/p8bqMdBsLd4\" width=\"560\" height=\"314\"><\/iframe><\/div>\n<\/div>\n","protected":false},"excerpt":{"rendered":"<p>GESTI\u00d3N \/ PETICI\u00d3N CITA DE TUTORIAS Informaci\u00f3n para las familias: \u00bb Gesti\u00f3n &#8211; Petici\u00f3n de tutor\u00edas\u00bb ( v\u00eddeotutorial ) ACCESO \u00bfC\u00f3mo instalar Ipasen y c\u00f3mo generar el usuario de Ipasen para poder entrar ?&nbsp;&#46;&#46;&#46;<\/p>\n","protected":false},"author":13347,"featured_media":0,"parent":0,"menu_order":0,"comment_status":"closed","ping_status":"closed","template":"","meta":{"ngg_post_thumbnail":0,"footnotes":"","_mc_calendar":[]},"aioseo_notices":[],"_links":{"self":[{"href":"https:\/\/blogsaverroes.juntadeandalucia.es\/ceipelolivo\/wp-json\/wp\/v2\/pages\/7504"}],"collection":[{"href":"https:\/\/blogsaverroes.juntadeandalucia.es\/ceipelolivo\/wp-json\/wp\/v2\/pages"}],"about":[{"href":"https:\/\/blogsaverroes.juntadeandalucia.es\/ceipelolivo\/wp-json\/wp\/v2\/types\/page"}],"author":[{"embeddable":true,"href":"https:\/\/blogsaverroes.juntadeandalucia.es\/ceipelolivo\/wp-json\/wp\/v2\/users\/13347"}],"replies":[{"embeddable":true,"href":"https:\/\/blogsaverroes.juntadeandalucia.es\/ceipelolivo\/wp-json\/wp\/v2\/comments?post=7504"}],"version-history":[{"count":5,"href":"https:\/\/blogsaverroes.juntadeandalucia.es\/ceipelolivo\/wp-json\/wp\/v2\/pages\/7504\/revisions"}],"predecessor-version":[{"id":7948,"href":"https:\/\/blogsaverroes.juntadeandalucia.es\/ceipelolivo\/wp-json\/wp\/v2\/pages\/7504\/revisions\/7948"}],"wp:attachment":[{"href":"https:\/\/blogsaverroes.juntadeandalucia.es\/ceipelolivo\/wp-json\/wp\/v2\/media?parent=7504"}],"curies":[{"name":"wp","href":"https:\/\/api.w.org\/{rel}","templated":true}]}}