{"id":8033,"date":"2025-05-09T08:38:29","date_gmt":"2025-05-09T08:38:29","guid":{"rendered":"https:\/\/blogsaverroes.juntadeandalucia.es\/ceipelolivo\/?page_id=8033"},"modified":"2025-05-19T17:13:02","modified_gmt":"2025-05-19T17:13:02","slug":"equidad","status":"publish","type":"page","link":"https:\/\/blogsaverroes.juntadeandalucia.es\/ceipelolivo\/equidad\/","title":{"rendered":"+ EQUIDAD"},"content":{"rendered":"<p>&nbsp; &nbsp; El <span style=\"color: #008000\">Programa M\u00e1s Equidad <\/span>se concibe como un conjunto de actuaciones dirigidas a potenciar la cultura inclusiva de los centros docentes y a mejorar el grado de adquisici\u00f3n de competencias a trav\u00e9s de la mejora de los recursos en el aula y\/o de la realizaci\u00f3n de experiencias innovadoras, activas y experimentales que promuevan el saber hacer del alumnado, partiendo de sus conocimientos y fomentando actitudes como la autonom\u00eda, la responsabilidad, el respeto y el trabajo en equipo, bajo los principios de la atenci\u00f3n a la diversidad y la igualdad de g\u00e9nero.<\/p>\n<p>&nbsp;<\/p>\n<p>&nbsp; &nbsp; &nbsp; El Programa M\u00e1s Equidad se desarrollar\u00e1 a trav\u00e9s de Proyectos en tres l\u00edneas de actuaci\u00f3n:<\/p>\n<p>a) M\u00e1s Equidad INNOVACI\u00d3N con medidas innovadoras espec\u00edficas que contribuyan al \u00e9xito educativo y a la prevenci\u00f3n del absentismo y del abandono escolar. Se dirige a los centros docentes p\u00fablicos en las zonas ERACIS o que tengan Planes de compensaci\u00f3n educativa y que impartan las ense\u00f1anzas de Educaci\u00f3n Primaria, de Educaci\u00f3n Secundaria Obligatoria y de Bachillerato. Tambi\u00e9n se dirige a las Residencias Escolares, as\u00ed como a los centros espec\u00edficos de Educaci\u00f3n Especial p\u00fablicos. b) M\u00e1s Equidad INCLUSI\u00d3N con medidas innovadoras espec\u00edficas que contribuyan a la accesibilidad universal y al desarrollo de las competencias del alumnado escolarizado en unidades espec\u00edficas de Educaci\u00f3n Especial ubicadas en centros ordinarios. Se dirige a centros docentes p\u00fablicos que tengan autorizadas aulas espec\u00edficas de Educaci\u00f3n Especial. c) M\u00e1s Equidad IGUALDAD con medidas innovadoras espec\u00edficas que contribuyen al \u00e9xito escolar del alumnado en situaci\u00f3n de desventaja por razones geogr\u00e1ficas. Se dirige a centros p\u00fablicos rurales, sin necesidad de que los mismos se encuentren ubicados en zonas ERACIS o que posean Planes de compensaci\u00f3n educativa.<\/p>\n<p>&nbsp;<\/p>\nngg_shortcode_0_placeholder\n<p>PROGRAMA + EQUIDAD INCLUSI\u00d3N ( Documento)<\/p>\n<p><a href=\"https:\/\/drive.google.com\/file\/d\/1wCnfCWBTULQ0ekFHFzE19Y2ggddG-J6j\/view?usp=sharing\"><img loading=\"lazy\" decoding=\"async\" class=\"aligncenter size-full wp-image-8098\" src=\"https:\/\/blogsaverroes.juntadeandalucia.es\/ceipelolivo\/files\/2025\/05\/equidad-PROGRAMA-24-25.png\" alt=\"\" width=\"665\" height=\"535\" srcset=\"https:\/\/blogsaverroes.juntadeandalucia.es\/ceipelolivo\/files\/2025\/05\/equidad-PROGRAMA-24-25.png 665w, https:\/\/blogsaverroes.juntadeandalucia.es\/ceipelolivo\/files\/2025\/05\/equidad-PROGRAMA-24-25-300x241.png 300w\" sizes=\"(max-width: 665px) 100vw, 665px\" \/><\/a><\/p>\n<p><a href=\"https:\/\/www.instagram.com\/p\/DFsFXX2sKZn\/\"><img loading=\"lazy\" decoding=\"async\" class=\"aligncenter wp-image-8083\" src=\"https:\/\/blogsaverroes.juntadeandalucia.es\/ceipelolivo\/files\/2025\/05\/WhatsApp-Image-2025-05-19-at-16.49.58.jpeg\" alt=\"\" width=\"256\" height=\"473\" srcset=\"https:\/\/blogsaverroes.juntadeandalucia.es\/ceipelolivo\/files\/2025\/05\/WhatsApp-Image-2025-05-19-at-16.49.58.jpeg 720w, https:\/\/blogsaverroes.juntadeandalucia.es\/ceipelolivo\/files\/2025\/05\/WhatsApp-Image-2025-05-19-at-16.49.58-163x300.jpeg 163w, https:\/\/blogsaverroes.juntadeandalucia.es\/ceipelolivo\/files\/2025\/05\/WhatsApp-Image-2025-05-19-at-16.49.58-555x1024.jpeg 555w\" sizes=\"(max-width: 256px) 100vw, 256px\" \/><\/a><\/p>\n<p>&nbsp;<\/p>\n","protected":false},"excerpt":{"rendered":"<p>&nbsp; &nbsp; El Programa M\u00e1s Equidad se concibe como un conjunto de actuaciones dirigidas a potenciar la cultura inclusiva de los centros docentes y a mejorar el grado de adquisici\u00f3n de competencias a trav\u00e9s&#46;&#46;&#46;<\/p>\n","protected":false},"author":13347,"featured_media":0,"parent":0,"menu_order":0,"comment_status":"closed","ping_status":"closed","template":"","meta":{"ngg_post_thumbnail":0,"footnotes":"","_mc_calendar":[]},"aioseo_notices":[],"_links":{"self":[{"href":"https:\/\/blogsaverroes.juntadeandalucia.es\/ceipelolivo\/wp-json\/wp\/v2\/pages\/8033"}],"collection":[{"href":"https:\/\/blogsaverroes.juntadeandalucia.es\/ceipelolivo\/wp-json\/wp\/v2\/pages"}],"about":[{"href":"https:\/\/blogsaverroes.juntadeandalucia.es\/ceipelolivo\/wp-json\/wp\/v2\/types\/page"}],"author":[{"embeddable":true,"href":"https:\/\/blogsaverroes.juntadeandalucia.es\/ceipelolivo\/wp-json\/wp\/v2\/users\/13347"}],"replies":[{"embeddable":true,"href":"https:\/\/blogsaverroes.juntadeandalucia.es\/ceipelolivo\/wp-json\/wp\/v2\/comments?post=8033"}],"version-history":[{"count":6,"href":"https:\/\/blogsaverroes.juntadeandalucia.es\/ceipelolivo\/wp-json\/wp\/v2\/pages\/8033\/revisions"}],"predecessor-version":[{"id":8099,"href":"https:\/\/blogsaverroes.juntadeandalucia.es\/ceipelolivo\/wp-json\/wp\/v2\/pages\/8033\/revisions\/8099"}],"wp:attachment":[{"href":"https:\/\/blogsaverroes.juntadeandalucia.es\/ceipelolivo\/wp-json\/wp\/v2\/media?parent=8033"}],"curies":[{"name":"wp","href":"https:\/\/api.w.org\/{rel}","templated":true}]}}