{"id":8037,"date":"2025-05-13T09:51:26","date_gmt":"2025-05-13T09:51:26","guid":{"rendered":"https:\/\/blogsaverroes.juntadeandalucia.es\/ceipelolivo\/?page_id=8037"},"modified":"2025-05-13T10:11:53","modified_gmt":"2025-05-13T10:11:53","slug":"refuerzo-estival","status":"publish","type":"page","link":"https:\/\/blogsaverroes.juntadeandalucia.es\/ceipelolivo\/refuerzo-estival\/","title":{"rendered":"Refuerzo Estival"},"content":{"rendered":"<p><span style=\"background-color: #339966;color: #339966\"><strong><span style=\"color: #339966\"><img loading=\"lazy\" decoding=\"async\" class=\"aligncenter size-full wp-image-7857\" src=\"https:\/\/blogsaverroes.juntadeandalucia.es\/ceipelolivo\/files\/2024\/05\/ref-estival-2024.png\" alt=\"\" width=\"1600\" height=\"393\" srcset=\"https:\/\/blogsaverroes.juntadeandalucia.es\/ceipelolivo\/files\/2024\/05\/ref-estival-2024.png 1600w, https:\/\/blogsaverroes.juntadeandalucia.es\/ceipelolivo\/files\/2024\/05\/ref-estival-2024-300x74.png 300w, https:\/\/blogsaverroes.juntadeandalucia.es\/ceipelolivo\/files\/2024\/05\/ref-estival-2024-1024x252.png 1024w, https:\/\/blogsaverroes.juntadeandalucia.es\/ceipelolivo\/files\/2024\/05\/ref-estival-2024-768x189.png 768w, https:\/\/blogsaverroes.juntadeandalucia.es\/ceipelolivo\/files\/2024\/05\/ref-estival-2024-1536x377.png 1536w, https:\/\/blogsaverroes.juntadeandalucia.es\/ceipelolivo\/files\/2024\/05\/ref-estival-2024-700x172.png 700w, https:\/\/blogsaverroes.juntadeandalucia.es\/ceipelolivo\/files\/2024\/05\/ref-estival-2024-332x82.png 332w\" sizes=\"(max-width: 1600px) 100vw, 1600px\" \/><\/span><span style=\"color: #ffffff\">CONVOCATORIA<\/span><\/strong><\/span><\/p>\n<p><a href=\"https:\/\/portales.ced.junta-andalucia.es\/educacion\/portales\/web\/planes-y-programas\/programas-desarrollo-educativo\/programa-de-refuerzo-educativo-en-periodo-estival\/desarrollo\">https:\/\/portales.ced.junta-andalucia.es\/educacion\/portales\/web\/planes-y-programas\/programas-desarrollo-educativo\/programa-de-refuerzo-educativo-en-periodo-estival\/presentacion<\/a><\/p>\n<ul>\n<li>Nuestro Centro resulta seleccionado dentro del Programa de Refuerzo Estival 2025 despu\u00e9s de publicarse un segundo listado&nbsp; el 30 de abril con los centros participantes.<\/li>\n<li>El 18 de junio se publicar\u00e1 la Resoluci\u00f3n con el listado definitivo de los centros participantes.<\/li>\n<\/ul>\n<p><span style=\"color: #339966\">PARTICIPACI\u00d3N DEL ALUMNADO-SOLICITUD<\/span><\/p>\n<ul>\n<li>Podr\u00e1 participar en el Programa el alumnado <strong>de 1\u00ba a 6\u00ba de Educaci\u00f3n Primaria<\/strong>.<\/li>\n<li>Los padres, madres o tutores legales que est\u00e9n interesados lo comunicar\u00e1n al tutor o tutora del alumno o alumna ( adem\u00e1s de en la Secretaria del centro y SECRETAR\u00cdA VIRTUAL).<\/li>\n<li><strong>Del 13 al 22 de mayo<\/strong> podr\u00e1n solicitar hasta 3 centros de su localidad o de las localidades cercanas, del listado de centros publicado el 13 de mayo.<\/li>\n<li>El alumnado solicitante del programa deber\u00e1 pedir en primer lugar el centro en el que est\u00e1 matriculado en caso de que sea centro solicitante.<\/li>\n<li>El <strong>3 de junio<\/strong> las familias podr\u00e1n consultar en el centro solicitado en primer lugar la <strong>admisi\u00f3n provisional del alumnado.<\/strong><\/li>\n<li><strong>Del 5 al 10 de junio<\/strong> habr\u00e1 un periodo de<strong> alegaciones y renuncias<\/strong> al programa en la Secretar\u00eda Virtual.<\/li>\n<li>La presentaci\u00f3n de la solicitud para el Programa no garantiza por s\u00ed misma la participaci\u00f3n en el mismo.<\/li>\n<li>En caso de que la demanda sea mayor que la oferta, se aplicar\u00e1n los criterios recogidos en la apartado d\u00e9cimo de la Resoluci\u00f3n.<\/li>\n<li><strong>El 25 de junio se podr\u00e1 consultar la admisi\u00f3n definitiva del alumnado en el centro solicitado en primer lugar.<\/strong><\/li>\n<li>Cuando en los grupos se incluyan alumnos o alumnas con necesidades educativas especiales, se dotar\u00e1 al centro de aquellos recursos personales especializados que se precisen para el desarrollo del Programa.<\/li>\n<\/ul>\n<p>SOLICITUD -SECRETARIA VIRTUAL<\/p>\n<p><a href=\"https:\/\/www.juntadeandalucia.es\/educacion\/secretariavirtual\/accesoTramite\/472\/\">https:\/\/www.juntadeandalucia.es\/educacion\/secretariavirtual\/accesoTramite\/472\/<\/a><\/p>\n<p>FORMULARIO PDF<\/p>\n<p><a href=\"https:\/\/www.juntadeandalucia.es\/educacion\/portals\/delegate\/content\/9fe64761-d733-4f56-bf91-1e0548ee91a4\/7.%20Refuerzo%20Estival%202024%20-%20Formulario\">https:\/\/www.juntadeandalucia.es\/educacion\/portals\/delegate\/content\/9fe64761-d733-4f56-bf91-1e0548ee91a4\/7.%20Refuerzo%20Estival%202024%20-%20Formulario<\/a><\/p>\n","protected":false},"excerpt":{"rendered":"<p>CONVOCATORIA https:\/\/portales.ced.junta-andalucia.es\/educacion\/portales\/web\/planes-y-programas\/programas-desarrollo-educativo\/programa-de-refuerzo-educativo-en-periodo-estival\/presentacion Nuestro Centro resulta seleccionado dentro del Programa de Refuerzo Estival 2025 despu\u00e9s de publicarse un segundo listado&nbsp; el 30 de abril con los centros participantes. El 18 de junio se publicar\u00e1 la&#46;&#46;&#46;<\/p>\n","protected":false},"author":13347,"featured_media":0,"parent":0,"menu_order":0,"comment_status":"closed","ping_status":"closed","template":"","meta":{"ngg_post_thumbnail":0,"footnotes":"","_mc_calendar":[]},"aioseo_notices":[],"_links":{"self":[{"href":"https:\/\/blogsaverroes.juntadeandalucia.es\/ceipelolivo\/wp-json\/wp\/v2\/pages\/8037"}],"collection":[{"href":"https:\/\/blogsaverroes.juntadeandalucia.es\/ceipelolivo\/wp-json\/wp\/v2\/pages"}],"about":[{"href":"https:\/\/blogsaverroes.juntadeandalucia.es\/ceipelolivo\/wp-json\/wp\/v2\/types\/page"}],"author":[{"embeddable":true,"href":"https:\/\/blogsaverroes.juntadeandalucia.es\/ceipelolivo\/wp-json\/wp\/v2\/users\/13347"}],"replies":[{"embeddable":true,"href":"https:\/\/blogsaverroes.juntadeandalucia.es\/ceipelolivo\/wp-json\/wp\/v2\/comments?post=8037"}],"version-history":[{"count":3,"href":"https:\/\/blogsaverroes.juntadeandalucia.es\/ceipelolivo\/wp-json\/wp\/v2\/pages\/8037\/revisions"}],"predecessor-version":[{"id":8041,"href":"https:\/\/blogsaverroes.juntadeandalucia.es\/ceipelolivo\/wp-json\/wp\/v2\/pages\/8037\/revisions\/8041"}],"wp:attachment":[{"href":"https:\/\/blogsaverroes.juntadeandalucia.es\/ceipelolivo\/wp-json\/wp\/v2\/media?parent=8037"}],"curies":[{"name":"wp","href":"https:\/\/api.w.org\/{rel}","templated":true}]}}