{"id":8149,"date":"2025-11-12T16:41:19","date_gmt":"2025-11-12T16:41:19","guid":{"rendered":"https:\/\/blogsaverroes.juntadeandalucia.es\/ceipelolivo\/?page_id=8149"},"modified":"2025-11-12T16:41:19","modified_gmt":"2025-11-12T16:41:19","slug":"competencia-lectora-matematica","status":"publish","type":"page","link":"https:\/\/blogsaverroes.juntadeandalucia.es\/ceipelolivo\/competencia-lectora-matematica\/","title":{"rendered":"Competencia Lectora\/Matem\u00e1tica"},"content":{"rendered":"<p>Estas gu\u00edas proporcionan las herramientas y estrategias necesarias para el desarrollo efectivo de la competencia matem\u00e1tica y la competencia lectora en los centros educativos andaluces.<\/p>\n<p><img loading=\"lazy\" decoding=\"async\" class=\"aligncenter  wp-image-8150\" src=\"https:\/\/blogsaverroes.juntadeandalucia.es\/ceipelolivo\/files\/2025\/11\/image.png\" alt=\"\" width=\"768\" height=\"422\" srcset=\"https:\/\/blogsaverroes.juntadeandalucia.es\/ceipelolivo\/files\/2025\/11\/image.png 1600w, https:\/\/blogsaverroes.juntadeandalucia.es\/ceipelolivo\/files\/2025\/11\/image-300x165.png 300w, https:\/\/blogsaverroes.juntadeandalucia.es\/ceipelolivo\/files\/2025\/11\/image-1024x563.png 1024w, https:\/\/blogsaverroes.juntadeandalucia.es\/ceipelolivo\/files\/2025\/11\/image-768x422.png 768w, https:\/\/blogsaverroes.juntadeandalucia.es\/ceipelolivo\/files\/2025\/11\/image-1536x845.png 1536w\" sizes=\"(max-width: 768px) 100vw, 768px\" \/><\/p>\n<p><a href=\"https:\/\/www.juntadeandalucia.es\/educacion\/descargas\/recursos\/matematicas\/html\/index.html\">COMPETENCIA&nbsp; MATEM\u00c1TICA <\/a><\/p>\n<p>&nbsp;<\/p>\n<p>&nbsp;<\/p>\n<p><a href=\"https:\/\/www.juntadeandalucia.es\/educacion\/descargas\/recursos\/lectura\/html\/index.html\">COMPETENCIA&nbsp; LECTORA<\/a><\/p>\n","protected":false},"excerpt":{"rendered":"<p>Estas gu\u00edas proporcionan las herramientas y estrategias necesarias para el desarrollo efectivo de la competencia matem\u00e1tica y la competencia lectora en los centros educativos andaluces. COMPETENCIA&nbsp; MATEM\u00c1TICA &nbsp; &nbsp; COMPETENCIA&nbsp; LECTORA<\/p>\n","protected":false},"author":13347,"featured_media":0,"parent":0,"menu_order":0,"comment_status":"closed","ping_status":"closed","template":"","meta":{"ngg_post_thumbnail":0,"footnotes":"","_mc_calendar":[]},"aioseo_notices":[],"_links":{"self":[{"href":"https:\/\/blogsaverroes.juntadeandalucia.es\/ceipelolivo\/wp-json\/wp\/v2\/pages\/8149"}],"collection":[{"href":"https:\/\/blogsaverroes.juntadeandalucia.es\/ceipelolivo\/wp-json\/wp\/v2\/pages"}],"about":[{"href":"https:\/\/blogsaverroes.juntadeandalucia.es\/ceipelolivo\/wp-json\/wp\/v2\/types\/page"}],"author":[{"embeddable":true,"href":"https:\/\/blogsaverroes.juntadeandalucia.es\/ceipelolivo\/wp-json\/wp\/v2\/users\/13347"}],"replies":[{"embeddable":true,"href":"https:\/\/blogsaverroes.juntadeandalucia.es\/ceipelolivo\/wp-json\/wp\/v2\/comments?post=8149"}],"version-history":[{"count":1,"href":"https:\/\/blogsaverroes.juntadeandalucia.es\/ceipelolivo\/wp-json\/wp\/v2\/pages\/8149\/revisions"}],"predecessor-version":[{"id":8152,"href":"https:\/\/blogsaverroes.juntadeandalucia.es\/ceipelolivo\/wp-json\/wp\/v2\/pages\/8149\/revisions\/8152"}],"wp:attachment":[{"href":"https:\/\/blogsaverroes.juntadeandalucia.es\/ceipelolivo\/wp-json\/wp\/v2\/media?parent=8149"}],"curies":[{"name":"wp","href":"https:\/\/api.w.org\/{rel}","templated":true}]}}