{"id":869,"date":"2015-03-16T07:03:52","date_gmt":"2015-03-16T07:03:52","guid":{"rendered":"http:\/\/blogsaverroes.juntadeandalucia.es\/pre\/ceip\/?page_id=84"},"modified":"2025-09-09T09:14:10","modified_gmt":"2025-09-09T09:14:10","slug":"calendario-escolar","status":"publish","type":"page","link":"https:\/\/blogsaverroes.juntadeandalucia.es\/ceipelolivo\/calendario-escolar\/","title":{"rendered":"Calendario escolar"},"content":{"rendered":"<h4 style=\"text-align: center\"><strong>D\u00edas lectivos y festivos de la localidad.<\/strong><\/h4>\n<p style=\"text-align: justify\">&nbsp;<\/p>\n<p><a href=\"https:\/\/drive.google.com\/file\/d\/1o_Xz84UA8J4yRiGYxMoDx3SI1QU3MqVu\/view?usp=drive_link\"><img loading=\"lazy\" decoding=\"async\" class=\"aligncenter  wp-image-8135\" src=\"https:\/\/blogsaverroes.juntadeandalucia.es\/ceipelolivo\/files\/2025\/09\/calendario-25-26.png\" alt=\"\" width=\"480\" height=\"679\" srcset=\"https:\/\/blogsaverroes.juntadeandalucia.es\/ceipelolivo\/files\/2025\/09\/calendario-25-26.png 365w, https:\/\/blogsaverroes.juntadeandalucia.es\/ceipelolivo\/files\/2025\/09\/calendario-25-26-212x300.png 212w\" sizes=\"(max-width: 480px) 100vw, 480px\" \/><\/a><\/p>\n<p style=\"text-align: justify\"><a href=\"https:\/\/blogsaverroes.juntadeandalucia.es\/ceipelolivo\/files\/2019\/09\/Cal2020.pdf\" target=\"_blank\" rel=\"noopener noreferrer\"><br \/>\n<\/a>El <strong>Consejo Escolar de Torredonjimeno<\/strong> ha elegido como d\u00edas de libre disposici\u00f3n los siguientes:<\/p>\n<p style=\"text-align: justify\"><span class=\"a_GcMg font-feature-liga-off font-feature-clig-off font-feature-calt-off text-decoration-none text-strikethrough-none\">3 de noviembre<\/span> <span class=\"a_GcMg font-feature-liga-off font-feature-clig-off font-feature-calt-off text-decoration-none text-strikethrough-none\">, 22 de diciembre , 27 de febrero, 6 de abril, 4 de mayo<\/span><\/p>\n<p style=\"text-align: justify\">&nbsp;<\/p>\n<p>&nbsp;<\/p>\n<p>&nbsp;<\/p>\n","protected":false},"excerpt":{"rendered":"<p>D\u00edas lectivos y festivos de la localidad. &nbsp; El Consejo Escolar de Torredonjimeno ha elegido como d\u00edas de libre disposici\u00f3n los siguientes: 3 de noviembre , 22 de diciembre , 27 de febrero, 6&#46;&#46;&#46;<\/p>\n","protected":false},"author":5889,"featured_media":0,"parent":0,"menu_order":0,"comment_status":"closed","ping_status":"open","template":"","meta":{"ngg_post_thumbnail":0,"footnotes":"","_mc_calendar":{"weekends":"true","shortcode":"[my_calendar weekends=&quot;true&quot;]","append":""}},"aioseo_notices":[],"_links":{"self":[{"href":"https:\/\/blogsaverroes.juntadeandalucia.es\/ceipelolivo\/wp-json\/wp\/v2\/pages\/869"}],"collection":[{"href":"https:\/\/blogsaverroes.juntadeandalucia.es\/ceipelolivo\/wp-json\/wp\/v2\/pages"}],"about":[{"href":"https:\/\/blogsaverroes.juntadeandalucia.es\/ceipelolivo\/wp-json\/wp\/v2\/types\/page"}],"author":[{"embeddable":true,"href":"https:\/\/blogsaverroes.juntadeandalucia.es\/ceipelolivo\/wp-json\/wp\/v2\/users\/5889"}],"replies":[{"embeddable":true,"href":"https:\/\/blogsaverroes.juntadeandalucia.es\/ceipelolivo\/wp-json\/wp\/v2\/comments?post=869"}],"version-history":[{"count":17,"href":"https:\/\/blogsaverroes.juntadeandalucia.es\/ceipelolivo\/wp-json\/wp\/v2\/pages\/869\/revisions"}],"predecessor-version":[{"id":8138,"href":"https:\/\/blogsaverroes.juntadeandalucia.es\/ceipelolivo\/wp-json\/wp\/v2\/pages\/869\/revisions\/8138"}],"wp:attachment":[{"href":"https:\/\/blogsaverroes.juntadeandalucia.es\/ceipelolivo\/wp-json\/wp\/v2\/media?parent=869"}],"curies":[{"name":"wp","href":"https:\/\/api.w.org\/{rel}","templated":true}]}}