{"id":99,"date":"2018-03-03T07:22:54","date_gmt":"2018-03-03T07:22:54","guid":{"rendered":"http:\/\/blogsaverroes.juntadeandalucia.es\/pre\/ceip\/?page_id=99"},"modified":"2025-06-20T09:44:15","modified_gmt":"2025-06-20T09:44:15","slug":"comedor-escolar","status":"publish","type":"page","link":"https:\/\/blogsaverroes.juntadeandalucia.es\/ceipelolivo\/comedor-escolar\/","title":{"rendered":"Comedor escolar"},"content":{"rendered":"<p style=\"text-align: left\">El comedor del CEIP El Olivo tiene capacidad para 43 comensales en un \u00fanico turno. La empresa de catering que tiene la concesi\u00f3n actualmente es COMERTEL.<\/p>\n<p style=\"text-align: left\">Las instalaciones est\u00e1n situadas en el mismo lugar que el comedor original, aunque en la actualidad no cuenta con cocina propia, puesto que el servicio es de catering:<\/p>\n<h4><img loading=\"lazy\" decoding=\"async\" class=\"wp-image-3218 size-large alignnone\" src=\"https:\/\/blogsaverroes.juntadeandalucia.es\/ceipelolivo\/files\/2015\/03\/Foto-3-4-18-13-08-02-1024x768.jpg\" alt=\"\" width=\"660\" height=\"495\" srcset=\"https:\/\/blogsaverroes.juntadeandalucia.es\/ceipelolivo\/files\/2015\/03\/Foto-3-4-18-13-08-02-1024x768.jpg 1024w, https:\/\/blogsaverroes.juntadeandalucia.es\/ceipelolivo\/files\/2015\/03\/Foto-3-4-18-13-08-02-300x225.jpg 300w, https:\/\/blogsaverroes.juntadeandalucia.es\/ceipelolivo\/files\/2015\/03\/Foto-3-4-18-13-08-02-768x576.jpg 768w, https:\/\/blogsaverroes.juntadeandalucia.es\/ceipelolivo\/files\/2015\/03\/Foto-3-4-18-13-08-02-700x525.jpg 700w, https:\/\/blogsaverroes.juntadeandalucia.es\/ceipelolivo\/files\/2015\/03\/Foto-3-4-18-13-08-02-24x18.jpg 24w, https:\/\/blogsaverroes.juntadeandalucia.es\/ceipelolivo\/files\/2015\/03\/Foto-3-4-18-13-08-02-36x27.jpg 36w, https:\/\/blogsaverroes.juntadeandalucia.es\/ceipelolivo\/files\/2015\/03\/Foto-3-4-18-13-08-02-48x36.jpg 48w, https:\/\/blogsaverroes.juntadeandalucia.es\/ceipelolivo\/files\/2015\/03\/Foto-3-4-18-13-08-02.jpg 1600w\" sizes=\"(max-width: 660px) 100vw, 660px\" \/><\/h4>\n<h4><img loading=\"lazy\" decoding=\"async\" class=\"size-medium wp-image-3256 alignleft\" src=\"https:\/\/blogsaverroes.juntadeandalucia.es\/ceipelolivo\/files\/2018\/03\/Comedor1-300x225.jpg\" alt=\"\" width=\"300\" height=\"225\" srcset=\"https:\/\/blogsaverroes.juntadeandalucia.es\/ceipelolivo\/files\/2018\/03\/Comedor1-300x225.jpg 300w, https:\/\/blogsaverroes.juntadeandalucia.es\/ceipelolivo\/files\/2018\/03\/Comedor1-768x576.jpg 768w, https:\/\/blogsaverroes.juntadeandalucia.es\/ceipelolivo\/files\/2018\/03\/Comedor1-1024x768.jpg 1024w, https:\/\/blogsaverroes.juntadeandalucia.es\/ceipelolivo\/files\/2018\/03\/Comedor1-700x525.jpg 700w, https:\/\/blogsaverroes.juntadeandalucia.es\/ceipelolivo\/files\/2018\/03\/Comedor1-24x18.jpg 24w, https:\/\/blogsaverroes.juntadeandalucia.es\/ceipelolivo\/files\/2018\/03\/Comedor1-36x27.jpg 36w, https:\/\/blogsaverroes.juntadeandalucia.es\/ceipelolivo\/files\/2018\/03\/Comedor1-48x36.jpg 48w, https:\/\/blogsaverroes.juntadeandalucia.es\/ceipelolivo\/files\/2018\/03\/Comedor1.jpg 1600w\" sizes=\"(max-width: 300px) 100vw, 300px\" \/><img loading=\"lazy\" decoding=\"async\" class=\"size-medium wp-image-3257 alignleft\" src=\"https:\/\/blogsaverroes.juntadeandalucia.es\/ceipelolivo\/files\/2018\/03\/Comedor2-300x225.jpg\" alt=\"\" width=\"300\" height=\"225\" srcset=\"https:\/\/blogsaverroes.juntadeandalucia.es\/ceipelolivo\/files\/2018\/03\/Comedor2-300x225.jpg 300w, https:\/\/blogsaverroes.juntadeandalucia.es\/ceipelolivo\/files\/2018\/03\/Comedor2-768x576.jpg 768w, https:\/\/blogsaverroes.juntadeandalucia.es\/ceipelolivo\/files\/2018\/03\/Comedor2-1024x768.jpg 1024w, https:\/\/blogsaverroes.juntadeandalucia.es\/ceipelolivo\/files\/2018\/03\/Comedor2-700x525.jpg 700w, https:\/\/blogsaverroes.juntadeandalucia.es\/ceipelolivo\/files\/2018\/03\/Comedor2-24x18.jpg 24w, https:\/\/blogsaverroes.juntadeandalucia.es\/ceipelolivo\/files\/2018\/03\/Comedor2-36x27.jpg 36w, https:\/\/blogsaverroes.juntadeandalucia.es\/ceipelolivo\/files\/2018\/03\/Comedor2-48x36.jpg 48w, https:\/\/blogsaverroes.juntadeandalucia.es\/ceipelolivo\/files\/2018\/03\/Comedor2.jpg 1600w\" sizes=\"(max-width: 300px) 100vw, 300px\" \/><\/h4>\n<h4>&nbsp;<\/h4>\n<p>&nbsp;<\/p>\n<p>&nbsp;<\/p>\n<h4>&nbsp;<\/h4>\n<h4>&nbsp;<\/h4>\n<p style=\"text-align: left\">&nbsp;<\/p>\n<h4 style=\"text-align: left\">Enlaces de inter\u00e9s:<\/h4>\n<p style=\"text-align: left\"><strong>Solicitudes<\/strong><\/p>\n<p style=\"text-align: left\">Las solicitudes para el pr\u00f3ximo curso escolar&nbsp; deber\u00e1n entregarse junto con la matr\u00edcula <strong>del 1 al 10 de junio<\/strong>, ambos inclusive. Los impresos se podr\u00e1n solicitar en secretar\u00eda o descargarlos a trav\u00e9s del siguiente enlace:<\/p>\n<p><a href=\"https:\/\/blogsaverroes.juntadeandalucia.es\/ceipelolivo\/files\/2018\/03\/Anexo_II_Inscripcion_en_los_Servicios_de_AM_CE_y_AAEX.pdf\" target=\"_blank\" rel=\"noopener noreferrer\"><img loading=\"lazy\" decoding=\"async\" class=\"wp-image-2845 size-thumbnail alignnone\" src=\"https:\/\/blogsaverroes.juntadeandalucia.es\/ceipelolivo\/files\/2015\/03\/PDF-150x150.png\" alt=\"\" width=\"150\" height=\"150\" srcset=\"https:\/\/blogsaverroes.juntadeandalucia.es\/ceipelolivo\/files\/2015\/03\/PDF-150x150.png 150w, https:\/\/blogsaverroes.juntadeandalucia.es\/ceipelolivo\/files\/2015\/03\/PDF-100x100.png 100w, https:\/\/blogsaverroes.juntadeandalucia.es\/ceipelolivo\/files\/2015\/03\/PDF-432x432.png 432w, https:\/\/blogsaverroes.juntadeandalucia.es\/ceipelolivo\/files\/2015\/03\/PDF-268x268.png 268w\" sizes=\"(max-width: 150px) 100vw, 150px\" \/><\/a><\/p>\n<p><strong>Bonificaci\u00f3n<\/strong><\/p>\n<p style=\"text-align: left\">Una vez que se obtiene la confirmaci\u00f3n de plaza en el comedor, se puede solicitar la <strong>bonificaci\u00f3n al precio p\u00fablico<\/strong>, puesto que los comedores escolares son subvencionados por la Junta de Andaluc\u00eda para adaptarse a los recursos econ\u00f3micos de las familias. La bonificaci\u00f3n puede ser total (lo que supondr\u00eda no pagar nada), o de un tanto por ciento del cubierto, dependiendo siempre de la renta familiar.<\/p>\n<p style=\"text-align: left\">La solicitud de bonificaciones al precio p\u00fablico de dicho servicio se realiza <strong>a principios del mes de septiembre (del 1 al 7 de septiembre),<\/strong>&nbsp;para posibilitar que los ingresos de referencia para el c\u00e1lculo de la bonificaci\u00f3n sea el del a\u00f1o inmediatamente anterior, y adecuarse en lo posible a la capacidad econ\u00f3mica real de las familias.<\/p>\n<p style=\"text-align: left\">La solicitud de bonificaci\u00f3n hay que rellenarla a trav\u00e9s del siguiente enlace e imprimirla para su entrega firmada en el colegio:<\/p>\n<p><a href=\"https:\/\/blogsaverroes.juntadeandalucia.es\/ceipelolivo\/files\/2018\/03\/AnexoV.pdf\" target=\"_blank\" rel=\"noopener noreferrer\"><img loading=\"lazy\" decoding=\"async\" class=\"wp-image-2845 size-thumbnail alignnone\" src=\"https:\/\/blogsaverroes.juntadeandalucia.es\/ceipelolivo\/files\/2015\/03\/PDF-150x150.png\" alt=\"\" width=\"150\" height=\"150\" srcset=\"https:\/\/blogsaverroes.juntadeandalucia.es\/ceipelolivo\/files\/2015\/03\/PDF-150x150.png 150w, https:\/\/blogsaverroes.juntadeandalucia.es\/ceipelolivo\/files\/2015\/03\/PDF-100x100.png 100w, https:\/\/blogsaverroes.juntadeandalucia.es\/ceipelolivo\/files\/2015\/03\/PDF-432x432.png 432w, https:\/\/blogsaverroes.juntadeandalucia.es\/ceipelolivo\/files\/2015\/03\/PDF-268x268.png 268w\" sizes=\"(max-width: 150px) 100vw, 150px\" \/><\/a><\/p>\n<p style=\"text-align: left\"><strong>Normativa<\/strong><\/p>\n<p style=\"text-align: left\">En el siguiente enlace se puede encontrar toda la normativa referente a los comedores escolares aprobada por la Junta de Andaluc\u00eda, que es la que rige su funcionamiento en la actualidad:<\/p>\n<p style=\"text-align: left\"><a href=\"http:\/\/www.juntadeandalucia.es\/educacion\/portals\/web\/ced\/comedor-escolar\">http:\/\/www.juntadeandalucia.es\/educacion\/portals\/web\/ced\/comedor-escolar<\/a><\/p>\n<p style=\"text-align: left\">Tambi\u00e9n pod\u00e9is encontrar informaci\u00f3n interesante sobre los servicios complementarios de la Junta de Andaluc\u00eda en:<\/p>\n<p style=\"text-align: left\"><a href=\"http:\/\/www.juntadeandalucia.es\/temas\/estudiar\/primaria-eso\/servicios-complementarios.html\">http:\/\/www.juntadeandalucia.es\/temas\/estudiar\/primaria-eso\/servicios-complementarios.html<\/a><\/p>\n<p style=\"text-align: left\"><strong>Empresa catering<\/strong><\/p>\n<p style=\"text-align: left\">En caso de que alguna familia tenga que ponerse en contacto con la empresa para realizar alguna comunicaci\u00f3n (faltas de asistencia, problemas con los pagos&#8230;), pueden enviar un correo electr\u00f3nico a la siguiente direcci\u00f3n:<\/p>\n<p style=\"text-align: left\"><strong><span style=\"color: #0000ff\"><i>elgustodecrecer.comertel.es<\/i><\/span><\/strong><\/p>\n<p>Tlf: 954461035<\/p>\n<p>App M\u00f3vil: \u00abEl Gusto de Crecer \u00bb (ANDROID o IOS)<\/p>\n<p><strong>Circular a Familias para el curso 2024\/2025<\/strong><\/p>\n<p><a href=\"https:\/\/drive.google.com\/file\/d\/1IW2czLvhHj3vwzHfRaG5gmH7hA14BKMI\/view?usp=sharing\"><img loading=\"lazy\" decoding=\"async\" class=\"wp-image-8114 alignleft\" src=\"https:\/\/blogsaverroes.juntadeandalucia.es\/ceipelolivo\/files\/2025\/06\/comedor-24.png\" alt=\"\" width=\"450\" height=\"311\" srcset=\"https:\/\/blogsaverroes.juntadeandalucia.es\/ceipelolivo\/files\/2025\/06\/comedor-24.png 775w, https:\/\/blogsaverroes.juntadeandalucia.es\/ceipelolivo\/files\/2025\/06\/comedor-24-300x207.png 300w, https:\/\/blogsaverroes.juntadeandalucia.es\/ceipelolivo\/files\/2025\/06\/comedor-24-768x531.png 768w\" sizes=\"(max-width: 450px) 100vw, 450px\" \/><\/a><\/p>\n<p style=\"text-align: left\">&nbsp;<\/p>\n","protected":false},"excerpt":{"rendered":"<p>El comedor del CEIP El Olivo tiene capacidad para 43 comensales en un \u00fanico turno. La empresa de catering que tiene la concesi\u00f3n actualmente es COMERTEL. Las instalaciones est\u00e1n situadas en el mismo lugar&#46;&#46;&#46;<\/p>\n","protected":false},"author":5889,"featured_media":3218,"parent":0,"menu_order":0,"comment_status":"closed","ping_status":"open","template":"","meta":{"ngg_post_thumbnail":0,"footnotes":"","_mc_calendar":[]},"aioseo_notices":[],"_links":{"self":[{"href":"https:\/\/blogsaverroes.juntadeandalucia.es\/ceipelolivo\/wp-json\/wp\/v2\/pages\/99"}],"collection":[{"href":"https:\/\/blogsaverroes.juntadeandalucia.es\/ceipelolivo\/wp-json\/wp\/v2\/pages"}],"about":[{"href":"https:\/\/blogsaverroes.juntadeandalucia.es\/ceipelolivo\/wp-json\/wp\/v2\/types\/page"}],"author":[{"embeddable":true,"href":"https:\/\/blogsaverroes.juntadeandalucia.es\/ceipelolivo\/wp-json\/wp\/v2\/users\/5889"}],"replies":[{"embeddable":true,"href":"https:\/\/blogsaverroes.juntadeandalucia.es\/ceipelolivo\/wp-json\/wp\/v2\/comments?post=99"}],"version-history":[{"count":56,"href":"https:\/\/blogsaverroes.juntadeandalucia.es\/ceipelolivo\/wp-json\/wp\/v2\/pages\/99\/revisions"}],"predecessor-version":[{"id":8115,"href":"https:\/\/blogsaverroes.juntadeandalucia.es\/ceipelolivo\/wp-json\/wp\/v2\/pages\/99\/revisions\/8115"}],"wp:featuredmedia":[{"embeddable":true,"href":"https:\/\/blogsaverroes.juntadeandalucia.es\/ceipelolivo\/wp-json\/wp\/v2\/media\/3218"}],"wp:attachment":[{"href":"https:\/\/blogsaverroes.juntadeandalucia.es\/ceipelolivo\/wp-json\/wp\/v2\/media?parent=99"}],"curies":[{"name":"wp","href":"https:\/\/api.w.org\/{rel}","templated":true}]}}