{"id":198,"date":"2015-03-17T09:55:36","date_gmt":"2015-03-17T09:55:36","guid":{"rendered":"http:\/\/blogsaverroes.juntadeandalucia.es\/pre\/ceip\/?page_id=198"},"modified":"2020-11-04T14:21:31","modified_gmt":"2020-11-04T14:21:31","slug":"que-es-el-ampa","status":"publish","type":"page","link":"https:\/\/blogsaverroes.juntadeandalucia.es\/ceipelpinar\/que-es-el-ampa\/","title":{"rendered":"\u00bfQu\u00e9 es el AMPA?"},"content":{"rendered":"<p><a href=\"https:\/\/blogsaverroes.juntadeandalucia.es\/ceipelpinar\/quienes-formamos-el-ampa\/ampa-tollon\/\" rel=\"attachment wp-att-2316\"><img loading=\"lazy\" decoding=\"async\" class=\"aligncenter size-full wp-image-2316\" src=\"https:\/\/blogsaverroes.juntadeandalucia.es\/ceipelpinar\/files\/2020\/11\/ampa-tollo\u0301n.png\" alt=\"\" width=\"1600\" height=\"400\" srcset=\"https:\/\/blogsaverroes.juntadeandalucia.es\/ceipelpinar\/files\/2020\/11\/ampa-tollo\u0301n.png 1600w, https:\/\/blogsaverroes.juntadeandalucia.es\/ceipelpinar\/files\/2020\/11\/ampa-tollo\u0301n-300x75.png 300w, https:\/\/blogsaverroes.juntadeandalucia.es\/ceipelpinar\/files\/2020\/11\/ampa-tollo\u0301n-1024x256.png 1024w, https:\/\/blogsaverroes.juntadeandalucia.es\/ceipelpinar\/files\/2020\/11\/ampa-tollo\u0301n-768x192.png 768w, https:\/\/blogsaverroes.juntadeandalucia.es\/ceipelpinar\/files\/2020\/11\/ampa-tollo\u0301n-1536x384.png 1536w, https:\/\/blogsaverroes.juntadeandalucia.es\/ceipelpinar\/files\/2020\/11\/ampa-tollo\u0301n-24x6.png 24w, https:\/\/blogsaverroes.juntadeandalucia.es\/ceipelpinar\/files\/2020\/11\/ampa-tollo\u0301n-36x9.png 36w, https:\/\/blogsaverroes.juntadeandalucia.es\/ceipelpinar\/files\/2020\/11\/ampa-tollo\u0301n-48x12.png 48w\" sizes=\"(max-width: 1600px) 100vw, 1600px\" \/><\/a><\/p>\n<h4 style=\"text-align: justify\">El <strong>AMPA<\/strong> es una asociaci\u00f3n sin \u00e1nimo de lucro que formada por los padres y madres de todo el alumnado del colegio. Es un punto de encuentro y de trabajo independiente, abierto y plural. Desde el AMPA podemos contribuir a la mejora de la calidad de la educaci\u00f3n, la convivencia del centro y de las instalaciones.<\/h4>\n<p>&nbsp;<\/p>\n<h4 style=\"text-align: justify\"><span style=\"text-decoration: underline\"><strong>\u00bfPor qu\u00e9 es importante vuestra participaci\u00f3n?<\/strong><\/span><\/h4>\n<h4 style=\"text-align: justify\">En el colegio existen espacios de participaci\u00f3n, siendo el AMPA &nbsp;el \u00fanico espacio de participaci\u00f3n aut\u00f3nomo de padres y madres. El AMPA es importante porque:<\/h4>\n<ul style=\"text-align: justify\">\n<li>\n<h4>Somos corresponsables de la educaci\u00f3n que nuestros hijos\/as reciben en el colegio.<\/h4>\n<\/li>\n<li>\n<h4>Es un espacio para aportar iniciativas y trabajar con la direcci\u00f3n del Centro, sin depender de esta.<\/h4>\n<\/li>\n<\/ul>\n<p>&nbsp;<\/p>\n<h4 style=\"text-align: justify\"><span style=\"text-decoration: underline\"><strong>\u00bfC\u00f3mo puedes participar?<\/strong><\/span><\/h4>\n<h4 style=\"text-align: justify\">Participar en el AMPA es muy f\u00e1cil y cada uno decide el nivel de implicaci\u00f3n.<\/h4>\n<ul style=\"text-align: justify\">\n<li>\n<h4>Podemos asociarnos en cualquier momento, aunque se entrega a las familias una ficha de inscripci\u00f3n con la matr\u00edcula en la que se indica la cuota anual por cada familia (la cuota es por familia no por ni\u00f1o\/a)<\/h4>\n<\/li>\n<li>\n<h4>Podemos tambi\u00e9n participar a trav\u00e9s de las asambleas, incorpor\u00e1ndote a las reuniones&nbsp;abiertas que se convoquen.<\/h4>\n<\/li>\n<li>\n<h4>Podemos colaborar en los diferentes grupos de trabajo o&nbsp;en actividades puntuales que se organizan desde el AMPA a lo largo del curso.<\/h4>\n<\/li>\n<li>\n<h4>Podemos proponer iniciativas, plantear temas de debate, organizar actividades, etc., &nbsp;dirigi\u00e9ndote a cualquier miembro de la junta directiva o a trav\u00e9s de la web (contactar).<\/h4>\n<\/li>\n<\/ul>\n<h4>&nbsp;<\/h4>\n<h4 style=\"text-align: justify\">Como ves, hay muchas formas de participar y es muy importante que m\u00e1s padres y madres pasemos a la participa-ACCI\u00d3N,&nbsp;&nbsp;de forma activa y colectiva.<\/h4>\n<p>&nbsp;<\/p>\n<h4 style=\"text-align: justify\"><span style=\"text-decoration: underline\"><strong>\u00bfPara qu\u00e9 sirve?<\/strong><\/span><\/h4>\n<ul style=\"text-align: justify\">\n<li>\n<h4>Para defender y velar por el derecho a una educaci\u00f3n de calidad, democr\u00e1tica, atendiendo a las necesidades de todos los ni\u00f1os\/as &nbsp;y cr\u00edtica.<\/h4>\n<\/li>\n<li>\n<h4>Para promover la participaci\u00f3n de padres y madres en la vida del centro, defendiendo los intereses del alumnado y de toda la comunidad educativa.<\/h4>\n<\/li>\n<li>\n<h4>Para buscar soluciones de forma colectiva a temas relacionados con la ense\u00f1anza y educaci\u00f3n de nuestros hijos\/as.<\/h4>\n<\/li>\n<li>\n<h4>Para crear espacios de encuentro y trabajo en el resto de la comunidad educativa y con el entorno.<\/h4>\n<\/li>\n<li>\n<h4>Para crear espacios de reflexi\u00f3n y participaci\u00f3n compartida sobre la educaci\u00f3n de nuestros hijos\/as<\/h4>\n<h4>Para participar en la gesti\u00f3n del colegio.<\/h4>\n<\/li>\n<\/ul>\n<p>&nbsp;<\/p>\n<h4 style=\"text-align: justify\"><span style=\"text-decoration: underline\"><strong>\u00bfC\u00f3mo se financia?<\/strong><\/span><\/h4>\n<h4 style=\"text-align: justify\">El AMPA &nbsp;se financia a trav\u00e9s de las cuotas de socios\/as.<br \/>\nLa cuota de socios\/as es el \u00fanico pago que realizan las familias y que gestiona el AMPA para el beneficio exclusivo de la comunidad educativa y en definitiva de la educaci\u00f3n que reciben&nbsp; nuestros hijos\/as en el centro.<\/h4>\n","protected":false},"excerpt":{"rendered":"<p>El AMPA es una asociaci\u00f3n sin \u00e1nimo de lucro que formada por los padres y madres de todo el alumnado del colegio. Es un punto de encuentro y de trabajo independiente, abierto y plural. Desde el AMPA podemos contribuir a la mejora de la calidad de la educaci\u00f3n, la convivencia del centro y de las [&hellip;]<\/p>\n","protected":false},"author":1,"featured_media":0,"parent":0,"menu_order":0,"comment_status":"closed","ping_status":"open","template":"page-c.php","meta":{"ngg_post_thumbnail":0,"footnotes":"","_mc_calendar":[]},"aioseo_notices":[],"_links":{"self":[{"href":"https:\/\/blogsaverroes.juntadeandalucia.es\/ceipelpinar\/wp-json\/wp\/v2\/pages\/198"}],"collection":[{"href":"https:\/\/blogsaverroes.juntadeandalucia.es\/ceipelpinar\/wp-json\/wp\/v2\/pages"}],"about":[{"href":"https:\/\/blogsaverroes.juntadeandalucia.es\/ceipelpinar\/wp-json\/wp\/v2\/types\/page"}],"author":[{"embeddable":true,"href":"https:\/\/blogsaverroes.juntadeandalucia.es\/ceipelpinar\/wp-json\/wp\/v2\/users\/1"}],"replies":[{"embeddable":true,"href":"https:\/\/blogsaverroes.juntadeandalucia.es\/ceipelpinar\/wp-json\/wp\/v2\/comments?post=198"}],"version-history":[{"count":5,"href":"https:\/\/blogsaverroes.juntadeandalucia.es\/ceipelpinar\/wp-json\/wp\/v2\/pages\/198\/revisions"}],"predecessor-version":[{"id":2321,"href":"https:\/\/blogsaverroes.juntadeandalucia.es\/ceipelpinar\/wp-json\/wp\/v2\/pages\/198\/revisions\/2321"}],"wp:attachment":[{"href":"https:\/\/blogsaverroes.juntadeandalucia.es\/ceipelpinar\/wp-json\/wp\/v2\/media?parent=198"}],"curies":[{"name":"wp","href":"https:\/\/api.w.org\/{rel}","templated":true}]}}