{"id":2517,"date":"2020-11-29T12:30:52","date_gmt":"2020-11-29T12:30:52","guid":{"rendered":"https:\/\/blogsaverroes.juntadeandalucia.es\/ceipelpinar\/?page_id=2517"},"modified":"2020-11-29T12:35:38","modified_gmt":"2020-11-29T12:35:38","slug":"coeducacion-e-igualdad","status":"publish","type":"page","link":"https:\/\/blogsaverroes.juntadeandalucia.es\/ceipelpinar\/coeducacion-e-igualdad\/","title":{"rendered":"Coeducaci\u00f3n e Igualdad"},"content":{"rendered":"<p style=\"text-align: justify\">El Plan de Igualdad entre hombres y mujeres pretende educar en la igualdad, ayudar al alumnado a crecer como personas, a desarrollar unos valores b\u00e1sicos y obtener un equilibrio en su desarrollo personal y adquisici\u00f3n de las competencias b\u00e1sicas y esto le facilite la integraci\u00f3n en la sociedad.<\/p>\n<p style=\"text-align: justify\">Para conseguir una verdadera educaci\u00f3n para la igualdad hay que promover una educaci\u00f3n emocional que nos permita proyectar una verdadera escuela entre iguales, que fomente el trabajo en grupo, el di\u00e1logo, las relaciones afectivas, la resoluci\u00f3n de conflictos, el respeto y la cooperaci\u00f3n, incidiendo en la toma de conciencia de que todos y todas tenemos derechos a las mismas oportunidades.<\/p>\n<p style=\"text-align: justify\">Los maestros y maestras, como formadores de la futura sociedad, debemos tener en cuenta que el principio b\u00e1sico para desarrollar una convivencia de calidad es la igualdad entre el alumnado; siendo esta una demanda social a la que desde la escuela debemos dar respuesta.<\/p>\n<p style=\"text-align: justify\">El proceso de coeducaci\u00f3n comienza en la familia y la escuela,&nbsp; siendo los primeros espacios de socializaci\u00f3n desde los cuales se compensan los desajustes de origen diverso, como aquellos que provienen de prejuicios sexistas que pueden incidir en el desarrollo de los ni\u00f1os\/as en sus primeros a\u00f1os.<\/p>\n<p style=\"text-align: justify\">Desde nuestro centro asumimos que educar es formar al alumnado a adquirir todas las competencias que le sean necesarias en una sociedad de cambios,&nbsp;por lo que se les educar\u00e1 en la libertad, en la justicia y en los valores \u00e9ticos. Se fomentar\u00e1 el respeto y aprecio a las libertades y diferencias individuales y colectivas dentro de los principios democr\u00e1ticos de convivencia.<\/p>\n<p style=\"text-align: justify\">La l\u00ednea fundamental que debe inspirar el plan de igualdad en las escuelas es la de preparar a los alumnos y alumnas para participar activamente en la vida social y cultural. Desde la escuela se educar\u00e1 para la igualdad, la paz, la cooperaci\u00f3n y la solidaridad<\/p>\n","protected":false},"excerpt":{"rendered":"<p>El Plan de Igualdad entre hombres y mujeres pretende educar en la igualdad, ayudar al alumnado a crecer como personas, a desarrollar unos valores b\u00e1sicos y obtener un equilibrio en su desarrollo personal y adquisici\u00f3n de las competencias b\u00e1sicas y esto le facilite la integraci\u00f3n en la sociedad. Para conseguir una verdadera educaci\u00f3n para la [&hellip;]<\/p>\n","protected":false},"author":11049,"featured_media":0,"parent":0,"menu_order":0,"comment_status":"closed","ping_status":"closed","template":"","meta":{"ngg_post_thumbnail":0,"footnotes":"","_mc_calendar":[]},"aioseo_notices":[],"_links":{"self":[{"href":"https:\/\/blogsaverroes.juntadeandalucia.es\/ceipelpinar\/wp-json\/wp\/v2\/pages\/2517"}],"collection":[{"href":"https:\/\/blogsaverroes.juntadeandalucia.es\/ceipelpinar\/wp-json\/wp\/v2\/pages"}],"about":[{"href":"https:\/\/blogsaverroes.juntadeandalucia.es\/ceipelpinar\/wp-json\/wp\/v2\/types\/page"}],"author":[{"embeddable":true,"href":"https:\/\/blogsaverroes.juntadeandalucia.es\/ceipelpinar\/wp-json\/wp\/v2\/users\/11049"}],"replies":[{"embeddable":true,"href":"https:\/\/blogsaverroes.juntadeandalucia.es\/ceipelpinar\/wp-json\/wp\/v2\/comments?post=2517"}],"version-history":[{"count":3,"href":"https:\/\/blogsaverroes.juntadeandalucia.es\/ceipelpinar\/wp-json\/wp\/v2\/pages\/2517\/revisions"}],"predecessor-version":[{"id":2530,"href":"https:\/\/blogsaverroes.juntadeandalucia.es\/ceipelpinar\/wp-json\/wp\/v2\/pages\/2517\/revisions\/2530"}],"wp:attachment":[{"href":"https:\/\/blogsaverroes.juntadeandalucia.es\/ceipelpinar\/wp-json\/wp\/v2\/media?parent=2517"}],"curies":[{"name":"wp","href":"https:\/\/api.w.org\/{rel}","templated":true}]}}