{"id":3081,"date":"2021-11-18T16:52:24","date_gmt":"2021-11-18T16:52:24","guid":{"rendered":"https:\/\/blogsaverroes.juntadeandalucia.es\/ceipelpinar\/?page_id=3081"},"modified":"2022-01-27T10:12:03","modified_gmt":"2022-01-27T10:12:03","slug":"formacion-en-centro-abp","status":"publish","type":"page","link":"https:\/\/blogsaverroes.juntadeandalucia.es\/ceipelpinar\/formacion-en-centro-abp\/","title":{"rendered":"Formaci\u00f3n en centro: ABP"},"content":{"rendered":"<p><span style=\"color: #000000\">Durante el presente curso escolar 2021-22, el profesorado del C.E.I.P. El Pinar, participar\u00e1 en una Formaci\u00f3n en Centro centrada en el Aprendizaje Basado en Proyectos (ABP).<\/span><\/p>\n<p><span style=\"color: #000000\">Tras la memoria de autoevaluaci\u00f3n del curso 2020\/21 se detecta la necesidad de cambiar las l\u00edneas metodol\u00f3gicas hacia metodolog\u00edas m\u00e1s activas que potencien el desarrollo de las competencias clave. Adem\u00e1s, durante este curso escolar toda la etapa de Educaci\u00f3n Infantil utilizar\u00e1 el Aprendizaje Basado en Proyectos (ABP) como metodolog\u00eda principal tomando como base El Universo de las Palabras de Mar Romera.<\/span><\/p>\n<p><span style=\"color: #000000\">Al mismo tiempo, la actual legislaci\u00f3n educativa recoge la necesidad de utilizar metodolog\u00edas cognitivamente activas para favorecer el desarrollo integral del alumnado. Asimismo, el ABP es considerada una de las metodolog\u00edas de \u00e9xito para atender a la diversidad y desarrollar en el alumnado el pensamiento cr\u00edtico, la motivaci\u00f3n e integraci\u00f3n, la mejora de habilidades sociales, la capacidad para integrar en la vida real los conocimientos aprendidos, el aprendizaje aut\u00f3nomo, la creatividad, el esp\u00edritu autocr\u00edtico, el emprendimiento\u2026 Por todo ello, el claustro de profesores ha decidido formarse en ABP como estrategia metodol\u00f3gica.<\/span><\/p>\n<p><span style=\"color: #000000\">Se plantean como finalidades:<\/span><\/p>\n<ul>\n<li><span style=\"color: #000000\">Conseguir mejores resultados acad\u00e9micos y favorecer el desarrollo psicoevolutivo del alumnado.<\/span><\/li>\n<li><span style=\"color: #000000\">Manejo, por parte del profesorado, de estrategias y herramientas basadas en el ABP.<\/span><\/li>\n<li><span style=\"color: #000000\">Que el profesorado aplique esas estrategias y utilice las herramientas en todo el proceso de ense\u00f1anza-aprendizaje.<\/span><\/li>\n<\/ul>\n<p><span style=\"color: #000000\">El pasado lunes 22 de noviembre de 2021 tuvo lugar la primera sesi\u00f3n presencial de la formaci\u00f3n. A continuaci\u00f3n, os dejamos un v\u00eddeo-resumen de la sesi\u00f3n:<\/span><\/p>\n<p><iframe loading=\"lazy\" title=\"Formacio\u0301n en Centro: ABP\" width=\"1170\" height=\"658\" src=\"https:\/\/www.youtube.com\/embed\/EvC_z4ct--A?feature=oembed\" frameborder=\"0\" allow=\"accelerometer; autoplay; clipboard-write; encrypted-media; gyroscope; picture-in-picture\" allowfullscreen><\/iframe><\/p>\n<h4><strong>2\u00ba SESI\u00d3N PRESENCIAL<\/strong><\/h4>\n<p style=\"text-align: justify\"><span style=\"color: #000000\">Ayer lunes 10 de enero de 2022 tuvo lugar la segunda sesi\u00f3n presencial de Formaci\u00f3n en Centro centrada en el Aprendizaje Basado en Proyectos (ABP).&nbsp;<\/span><\/p>\n<p style=\"text-align: justify\"><span style=\"color: #000000\">La sesi\u00f3n se dividi\u00f3 en dos partes. La primera, estuvo centrada en encontrar ventajas e inconvenientes sobre la ense\u00f1anza tradicional y la ense\u00f1anza basada en proyectos con el objetivo de sacar conclusiones. La segunda parte, en resolver dudas de la 1\u00ba sesi\u00f3n y llevar a la pr\u00e1ctica el 1\u00ba ABP a nivel de aula y de centro.<\/span><\/p>\n<h5><a href=\"https:\/\/blogsaverroes.juntadeandalucia.es\/ceipelpinar\/formacion-en-centro-abp\/2o-sesion-abp\/\" rel=\"attachment wp-att-3157\"><img loading=\"lazy\" decoding=\"async\" class=\"alignright size-large wp-image-3157\" src=\"https:\/\/blogsaverroes.juntadeandalucia.es\/ceipelpinar\/files\/2022\/01\/2\u00ba-sesi\u00f3n-abp-1024x576.png\" alt=\"\" width=\"1024\" height=\"576\" srcset=\"https:\/\/blogsaverroes.juntadeandalucia.es\/ceipelpinar\/files\/2022\/01\/2\u00ba-sesi\u00f3n-abp-1024x576.png 1024w, https:\/\/blogsaverroes.juntadeandalucia.es\/ceipelpinar\/files\/2022\/01\/2\u00ba-sesi\u00f3n-abp-300x169.png 300w, https:\/\/blogsaverroes.juntadeandalucia.es\/ceipelpinar\/files\/2022\/01\/2\u00ba-sesi\u00f3n-abp-768x432.png 768w, https:\/\/blogsaverroes.juntadeandalucia.es\/ceipelpinar\/files\/2022\/01\/2\u00ba-sesi\u00f3n-abp.png 1280w\" sizes=\"(max-width: 1024px) 100vw, 1024px\" \/><\/a><strong>3\u00ba SESI\u00d3N PRESENCIAL<\/strong><\/h5>\n<p><span style=\"color: #000000\">El&nbsp; 24 de enero tuvo lugar la tercera sesi\u00f3n presencial de Formaci\u00f3n en Centro centrada en el Aprendizaje Basado en Proyectos (ABP).&nbsp;<\/span><\/p>\n<p><span style=\"color: #000000\">La sesi\u00f3n se dividi\u00f3 en dos partes. La primera, estuvo centrada en resolver dudas y organizar el 1\u00ba proyecto a nivel de aula y de centro educativo. La segunda parte, en poner en pr\u00e1ctica y dise\u00f1ar la 1\u00ba tarea del proyecto a nivel de aula. Dicho proyecto se&nbsp; titular\u00e1 \u00abEl Pinar recicla\u00bb y el producto final consistir\u00e1 en el dise\u00f1o, creaci\u00f3n y realizaci\u00f3n de una manifestaci\u00f3n por toda la localidad. El objetivo principal: concienciar a la poblaci\u00f3n de la importancia de cuidar y conservar nuestro entorno. Asimismo, solicitaremos al Ayuntamiento un espacio verde. Llevaremos a cabo una variedad de tareas, actividades y ejercicios desde las \u00e1reas de Ciencias de la Naturaleza, Ciencias Sociales y Lengua Castellana y Literatura, adem\u00e1s de otras \u00e1reas del curr\u00edculo (Educaci\u00f3n F\u00edsica e Ingl\u00e9s).<\/span><\/p>\n<p><a href=\"https:\/\/blogsaverroes.juntadeandalucia.es\/ceipelpinar\/3o-sesion-presencial-abp-el-pinar-recicla\/3o-sesion\/\" rel=\"attachment wp-att-3164\"><img loading=\"lazy\" decoding=\"async\" class=\"alignright size-large wp-image-3164\" src=\"https:\/\/blogsaverroes.juntadeandalucia.es\/ceipelpinar\/files\/2022\/01\/3\u00ba-sesi\u00f3n-1024x726.png\" alt=\"\" width=\"1024\" height=\"726\" srcset=\"https:\/\/blogsaverroes.juntadeandalucia.es\/ceipelpinar\/files\/2022\/01\/3\u00ba-sesi\u00f3n-1024x726.png 1024w, https:\/\/blogsaverroes.juntadeandalucia.es\/ceipelpinar\/files\/2022\/01\/3\u00ba-sesi\u00f3n-300x213.png 300w, https:\/\/blogsaverroes.juntadeandalucia.es\/ceipelpinar\/files\/2022\/01\/3\u00ba-sesi\u00f3n-768x545.png 768w, https:\/\/blogsaverroes.juntadeandalucia.es\/ceipelpinar\/files\/2022\/01\/3\u00ba-sesi\u00f3n-1536x1090.png 1536w, https:\/\/blogsaverroes.juntadeandalucia.es\/ceipelpinar\/files\/2022\/01\/3\u00ba-sesi\u00f3n.png 1600w\" sizes=\"(max-width: 1024px) 100vw, 1024px\" \/><\/a><\/p>\n","protected":false},"excerpt":{"rendered":"<p>Durante el presente curso escolar 2021-22, el profesorado del C.E.I.P. El Pinar, participar\u00e1 en una Formaci\u00f3n en Centro centrada en el Aprendizaje Basado en Proyectos (ABP). Tras la memoria de autoevaluaci\u00f3n del curso 2020\/21 se detecta la necesidad de cambiar las l\u00edneas metodol\u00f3gicas hacia metodolog\u00edas m\u00e1s activas que potencien el desarrollo de las competencias clave. [&hellip;]<\/p>\n","protected":false},"author":11049,"featured_media":3094,"parent":0,"menu_order":0,"comment_status":"closed","ping_status":"closed","template":"","meta":{"ngg_post_thumbnail":0,"footnotes":"","_mc_calendar":[]},"aioseo_notices":[],"_links":{"self":[{"href":"https:\/\/blogsaverroes.juntadeandalucia.es\/ceipelpinar\/wp-json\/wp\/v2\/pages\/3081"}],"collection":[{"href":"https:\/\/blogsaverroes.juntadeandalucia.es\/ceipelpinar\/wp-json\/wp\/v2\/pages"}],"about":[{"href":"https:\/\/blogsaverroes.juntadeandalucia.es\/ceipelpinar\/wp-json\/wp\/v2\/types\/page"}],"author":[{"embeddable":true,"href":"https:\/\/blogsaverroes.juntadeandalucia.es\/ceipelpinar\/wp-json\/wp\/v2\/users\/11049"}],"replies":[{"embeddable":true,"href":"https:\/\/blogsaverroes.juntadeandalucia.es\/ceipelpinar\/wp-json\/wp\/v2\/comments?post=3081"}],"version-history":[{"count":7,"href":"https:\/\/blogsaverroes.juntadeandalucia.es\/ceipelpinar\/wp-json\/wp\/v2\/pages\/3081\/revisions"}],"predecessor-version":[{"id":3169,"href":"https:\/\/blogsaverroes.juntadeandalucia.es\/ceipelpinar\/wp-json\/wp\/v2\/pages\/3081\/revisions\/3169"}],"wp:featuredmedia":[{"embeddable":true,"href":"https:\/\/blogsaverroes.juntadeandalucia.es\/ceipelpinar\/wp-json\/wp\/v2\/media\/3094"}],"wp:attachment":[{"href":"https:\/\/blogsaverroes.juntadeandalucia.es\/ceipelpinar\/wp-json\/wp\/v2\/media?parent=3081"}],"curies":[{"name":"wp","href":"https:\/\/api.w.org\/{rel}","templated":true}]}}