{"id":35,"date":"2015-03-13T08:21:43","date_gmt":"2015-03-13T08:21:43","guid":{"rendered":"http:\/\/blogsaverroes.juntadeandalucia.es\/pre\/ceip\/?page_id=35"},"modified":"2021-12-03T11:53:17","modified_gmt":"2021-12-03T11:53:17","slug":"el-centro-2","status":"publish","type":"page","link":"https:\/\/blogsaverroes.juntadeandalucia.es\/ceipelpinar\/el-centro-2\/","title":{"rendered":"Datos del centro"},"content":{"rendered":"<h1><iframe loading=\"lazy\" src=\"https:\/\/www.google.com\/maps\/embed?pb=!1m18!1m12!1m3!1d407605.8896480712!2d-6.0728269217947775!3d37.0474491655436!2m3!1f0!2f0!3f0!3m2!1i1024!2i768!4f13.1!3m3!1m2!1s0xd0d94e4c6940493%3A0x1682537c448ed769!2sColegio%20P%C3%BAblico%20El%20Pinar!5e0!3m2!1ses!2ses!4v1604493575765!5m2!1ses!2ses\" width=\"800\" height=\"600\" frameborder=\"0\"><\/iframe><\/h1>\n<h5 style=\"text-align: justify\"><span style=\"color: #000000\">El t\u00e9rmino municipal de El Cuervo de Sevilla se encuentra situado en el extremo meridional de la provincia de Sevilla a 36\u00ba 51\u00b4 de latitud norte, en el meridiano 2\u00ba 23\u00b4 de longitud oeste. Comprende la Hoja 1034 del mapa a escala 1: 50000 del Instituto Geogr\u00e1fico y Catastral, con una extensi\u00f3n total de 3100 Hect\u00e1reas. Esta zona presenta una altitud media de 57 m, aunque en el n\u00facleo urbano alcanza los 61 m y la cota m\u00e1s alta se da en los alrededores de la Sierra de Gibalb\u00edn: 230 m.<\/span><\/h5>\n<h5 style=\"text-align: justify\"><span style=\"color: #000000\">El Cuervo limita al sur con Jerez de la Frontera (C\u00e1diz) y al norte, este y oeste con \u00e9l termino municipal de Lebrija, de la que dista 9 Km. Se halla a una distancia de 72 Km de Sevilla, 23 Km de Jerez de la Frontera, y las playas m\u00e1s cercanas est\u00e1n situadas a 35 Km del municipio (el Puerto de Santa Mar\u00eda), contando adem\u00e1s con una importante red de comunicaciones.<\/span><\/h5>\n<h4 style=\"text-align: center\"><span style=\"color: #ff0000\"><strong>Datos de contacto<\/strong><\/span><\/h4>\n<h4 style=\"text-align: center\"><span style=\"color: #000000\">Centro Educativo P\u00fablico de Educaci\u00f3n Infantil y Educaci\u00f3n Primaria<\/span><\/h4>\n<h4>&nbsp;<\/h4>\n<h4 style=\"text-align: center\"><span style=\"color: #ff0000\"><strong>Direcci\u00f3n: &nbsp;<\/strong><\/span><\/h4>\n<h4 style=\"text-align: center\"><span style=\"color: #000000\">Calle Fernando C\u00e1mara 74<\/span><\/h4>\n<h4 style=\"text-align: center\"><span style=\"color: #000000\">41749 El Cuervo de Sevilla<\/span><\/h4>\n<h4 style=\"text-align: center\"><span style=\"color: #000000\">Sevilla (Espa\u00f1a)<\/span><\/h4>\n<h4>&nbsp;<\/h4>\n<h4 style=\"text-align: center\"><strong><span style=\"color: #ff0000\">Tel\u00e9fono \/ FAX:<\/span> <\/strong><\/h4>\n<h4 style=\"text-align: center\"><span style=\"color: #000000\">955839926 \/ 955839928<\/span><\/h4>\n<h4>&nbsp;<\/h4>\n<h4 style=\"text-align: center\"><strong><span style=\"color: #ff0000\">Email:<\/span> <\/strong><\/h4>\n<h4 style=\"text-align: center\"><a>41002281.edu@juntadeandalucia.es<\/a><\/h4>\n<p>&nbsp;<\/p>\n<h4 style=\"text-align: center\"><span style=\"color: #ff0000\"><strong>Oferta educativa<\/strong><\/span><\/h4>\n<h4 style=\"text-align: center\">Educaci\u00f3n Infantil<\/h4>\n<h4 style=\"text-align: center\">Educaci\u00f3n Primaria<\/h4>\n","protected":false},"excerpt":{"rendered":"<p>El t\u00e9rmino municipal de El Cuervo de Sevilla se encuentra situado en el extremo meridional de la provincia de Sevilla a 36\u00ba 51\u00b4 de latitud norte, en el meridiano 2\u00ba 23\u00b4 de longitud oeste. Comprende la Hoja 1034 del mapa a escala 1: 50000 del Instituto Geogr\u00e1fico y Catastral, con una extensi\u00f3n total de 3100 [&hellip;]<\/p>\n","protected":false},"author":1,"featured_media":0,"parent":0,"menu_order":0,"comment_status":"closed","ping_status":"open","template":"","meta":{"ngg_post_thumbnail":0,"footnotes":"","_mc_calendar":[]},"aioseo_notices":[],"_links":{"self":[{"href":"https:\/\/blogsaverroes.juntadeandalucia.es\/ceipelpinar\/wp-json\/wp\/v2\/pages\/35"}],"collection":[{"href":"https:\/\/blogsaverroes.juntadeandalucia.es\/ceipelpinar\/wp-json\/wp\/v2\/pages"}],"about":[{"href":"https:\/\/blogsaverroes.juntadeandalucia.es\/ceipelpinar\/wp-json\/wp\/v2\/types\/page"}],"author":[{"embeddable":true,"href":"https:\/\/blogsaverroes.juntadeandalucia.es\/ceipelpinar\/wp-json\/wp\/v2\/users\/1"}],"replies":[{"embeddable":true,"href":"https:\/\/blogsaverroes.juntadeandalucia.es\/ceipelpinar\/wp-json\/wp\/v2\/comments?post=35"}],"version-history":[{"count":32,"href":"https:\/\/blogsaverroes.juntadeandalucia.es\/ceipelpinar\/wp-json\/wp\/v2\/pages\/35\/revisions"}],"predecessor-version":[{"id":2289,"href":"https:\/\/blogsaverroes.juntadeandalucia.es\/ceipelpinar\/wp-json\/wp\/v2\/pages\/35\/revisions\/2289"}],"wp:attachment":[{"href":"https:\/\/blogsaverroes.juntadeandalucia.es\/ceipelpinar\/wp-json\/wp\/v2\/media?parent=35"}],"curies":[{"name":"wp","href":"https:\/\/api.w.org\/{rel}","templated":true}]}}