{"id":44,"date":"2015-03-13T08:42:15","date_gmt":"2015-03-13T08:42:15","guid":{"rendered":"http:\/\/blogsaverroes.juntadeandalucia.es\/pre\/ceip\/?page_id=44"},"modified":"2020-11-04T15:20:31","modified_gmt":"2020-11-04T15:20:31","slug":"planes-y-proyectos","status":"publish","type":"page","link":"https:\/\/blogsaverroes.juntadeandalucia.es\/ceipelpinar\/planes-y-proyectos\/","title":{"rendered":"Planes y Programas"},"content":{"rendered":"<p><img loading=\"lazy\" decoding=\"async\" class=\"aligncenter size-full wp-image-2356\" src=\"https:\/\/blogsaverroes.juntadeandalucia.es\/ceipelpinar\/files\/2020\/11\/planes-y-programas.png\" alt=\"\" width=\"1600\" height=\"400\" srcset=\"https:\/\/blogsaverroes.juntadeandalucia.es\/ceipelpinar\/files\/2020\/11\/planes-y-programas.png 1600w, https:\/\/blogsaverroes.juntadeandalucia.es\/ceipelpinar\/files\/2020\/11\/planes-y-programas-300x75.png 300w, https:\/\/blogsaverroes.juntadeandalucia.es\/ceipelpinar\/files\/2020\/11\/planes-y-programas-1024x256.png 1024w, https:\/\/blogsaverroes.juntadeandalucia.es\/ceipelpinar\/files\/2020\/11\/planes-y-programas-768x192.png 768w, https:\/\/blogsaverroes.juntadeandalucia.es\/ceipelpinar\/files\/2020\/11\/planes-y-programas-1536x384.png 1536w, https:\/\/blogsaverroes.juntadeandalucia.es\/ceipelpinar\/files\/2020\/11\/planes-y-programas-24x6.png 24w, https:\/\/blogsaverroes.juntadeandalucia.es\/ceipelpinar\/files\/2020\/11\/planes-y-programas-36x9.png 36w, https:\/\/blogsaverroes.juntadeandalucia.es\/ceipelpinar\/files\/2020\/11\/planes-y-programas-48x12.png 48w\" sizes=\"(max-width: 1600px) 100vw, 1600px\" \/><\/p>\n<h4>Cada centro personaliza y adapta su Proyecto Educativo adhiri\u00e9ndose a diferentes <strong>Planes y Programas<\/strong> promovidos desde la Consejer\u00eda de Educaci\u00f3n, Cultura y Deporte.<\/h4>\n<h4>Este apartado recoger\u00eda la descripci\u00f3n, finalidades, actividades, coordinador\/a, etc. de estos Planes y Programas desarrollados por el centro.<\/h4>\n<p>&nbsp;<\/p>\n","protected":false},"excerpt":{"rendered":"<p>Cada centro personaliza y adapta su Proyecto Educativo adhiri\u00e9ndose a diferentes Planes y Programas promovidos desde la Consejer\u00eda de Educaci\u00f3n, Cultura y Deporte. Este apartado recoger\u00eda la descripci\u00f3n, finalidades, actividades, coordinador\/a, etc. de estos Planes y Programas desarrollados por el centro. &nbsp;<\/p>\n","protected":false},"author":1,"featured_media":0,"parent":0,"menu_order":0,"comment_status":"closed","ping_status":"closed","template":"page-c.php","meta":{"ngg_post_thumbnail":0,"footnotes":"","_mc_calendar":[]},"aioseo_notices":[],"_links":{"self":[{"href":"https:\/\/blogsaverroes.juntadeandalucia.es\/ceipelpinar\/wp-json\/wp\/v2\/pages\/44"}],"collection":[{"href":"https:\/\/blogsaverroes.juntadeandalucia.es\/ceipelpinar\/wp-json\/wp\/v2\/pages"}],"about":[{"href":"https:\/\/blogsaverroes.juntadeandalucia.es\/ceipelpinar\/wp-json\/wp\/v2\/types\/page"}],"author":[{"embeddable":true,"href":"https:\/\/blogsaverroes.juntadeandalucia.es\/ceipelpinar\/wp-json\/wp\/v2\/users\/1"}],"replies":[{"embeddable":true,"href":"https:\/\/blogsaverroes.juntadeandalucia.es\/ceipelpinar\/wp-json\/wp\/v2\/comments?post=44"}],"version-history":[{"count":5,"href":"https:\/\/blogsaverroes.juntadeandalucia.es\/ceipelpinar\/wp-json\/wp\/v2\/pages\/44\/revisions"}],"predecessor-version":[{"id":2357,"href":"https:\/\/blogsaverroes.juntadeandalucia.es\/ceipelpinar\/wp-json\/wp\/v2\/pages\/44\/revisions\/2357"}],"wp:attachment":[{"href":"https:\/\/blogsaverroes.juntadeandalucia.es\/ceipelpinar\/wp-json\/wp\/v2\/media?parent=44"}],"curies":[{"name":"wp","href":"https:\/\/api.w.org\/{rel}","templated":true}]}}