{"id":2598,"date":"2016-12-12T17:54:11","date_gmt":"2016-12-12T17:54:11","guid":{"rendered":"http:\/\/blogsaverroes.juntadeandalucia.es\/ceipelprado\/?page_id=2598"},"modified":"2016-12-12T17:54:32","modified_gmt":"2016-12-12T17:54:32","slug":"nuestro-pueblo","status":"publish","type":"page","link":"https:\/\/blogsaverroes.juntadeandalucia.es\/ceipelprado\/nuestro-pueblo\/","title":{"rendered":"Nuestro pueblo"},"content":{"rendered":"<p style=\"text-align: justify\"><a href=\"http:\/\/blogsaverroes.juntadeandalucia.es\/ceipelprado\/files\/2016\/12\/escudo.png\"><img loading=\"lazy\" decoding=\"async\" class=\" size-full wp-image-2601 alignleft\" src=\"http:\/\/blogsaverroes.juntadeandalucia.es\/ceipelprado\/files\/2016\/12\/escudo.png\" alt=\"escudo\" width=\"169\" height=\"299\" srcset=\"https:\/\/blogsaverroes.juntadeandalucia.es\/ceipelprado\/files\/2016\/12\/escudo.png 169w, https:\/\/blogsaverroes.juntadeandalucia.es\/ceipelprado\/files\/2016\/12\/escudo-14x24.png 14w, https:\/\/blogsaverroes.juntadeandalucia.es\/ceipelprado\/files\/2016\/12\/escudo-20x36.png 20w, https:\/\/blogsaverroes.juntadeandalucia.es\/ceipelprado\/files\/2016\/12\/escudo-27x48.png 27w\" sizes=\"(max-width: 169px) 100vw, 169px\" \/><\/a>El origen de la localidad de <strong>Olivares<\/strong> se remonta a la \u00e9poca romana, que tras la conquista de la B\u00e9tica por Turculus, un militar romano, los terrenos que hoy ocupa el pueblo se convirtieron en un poblado denominado \u201cEstercolinas\u201d.<\/p>\n<p>El t\u00e9rmino municipal de Olivares cuenta con restos de la \u00e9poca romana, destacando el Cerro de la Cabeza, donde se ubicaba la ciudad romana de Laelia, construida en la misma \u00e9poca que la ciudad de It\u00e1lica bajo el emperador C\u00e9sar Augusto en el siglo VIII a.C. Esta ciudad tuvo que ser de gran importancia durante la romanizaci\u00f3n hisp\u00e1nica de la b\u00e9tica ya que lleg\u00f3 a acu\u00f1ar 8 tipos de monedas. Cabe destacar un embarcadero fluvial por el que llegaron las distintas civilizaciones a lo largo del r\u00edo Maenoba, hoy Guadiamar, a esta ciudad. Cercano a este emplazamiento y a lo largo de nuestro t\u00e9rmino se conversan restos del acueducto romano, destinado a llevar agua desde el desaparecido poblado de Tejada hasta la ciudad de It\u00e1lica.<\/p>\n<p>A escasa distancia de la villa existi\u00f3 durante siglos un pueblo llamado Heliche, despobl\u00e1ndose definitivamente hacia 1.817. Su parroquia de San Benito se mantuvo hasta la Real Orden de 26 de marzo de 1.843.<\/p>\n<p>De \u00e9poca \u00e1rabe encontramos en la carretera de Olivares-Gerena una torre denominada como la finca en la que se enclava, la torre de san Antonio, que data del siglo XII.<\/p>\n<p>Ya en el siglos XVI, la familia m\u00e1s ilustre de la historia de la localidad, la familia Guzm\u00e1n, comienza a enriquecer la villa bajo el mandato del primer conde, Don Pedro de Guzm\u00e1n, con la construcci\u00f3n del Palacio Ducal y la Plaza de Armas. Esta labor la contin\u00faa su hijo, Don Enrique de Guzm\u00e1n, segundo conde, con el levantamiento de una capilla en honor a la Virgen de las Nieves, enriquecida con reliquias tra\u00eddas de Roma.<\/p>\n<p><img loading=\"lazy\" decoding=\"async\" class=\"  wp-image-2600 alignright\" src=\"http:\/\/blogsaverroes.juntadeandalucia.es\/ceipelprado\/files\/2016\/12\/caballero.jpg\" alt=\"caballero\" width=\"192\" height=\"244\" srcset=\"https:\/\/blogsaverroes.juntadeandalucia.es\/ceipelprado\/files\/2016\/12\/caballero.jpg 199w, https:\/\/blogsaverroes.juntadeandalucia.es\/ceipelprado\/files\/2016\/12\/caballero-19x24.jpg 19w, https:\/\/blogsaverroes.juntadeandalucia.es\/ceipelprado\/files\/2016\/12\/caballero-28x36.jpg 28w, https:\/\/blogsaverroes.juntadeandalucia.es\/ceipelprado\/files\/2016\/12\/caballero-38x48.jpg 38w\" sizes=\"(max-width: 192px) 100vw, 192px\" \/>La villa alcanza su m\u00e1ximo esplendor con el tercer conde, Don Gaspar de Guzm\u00e1n, Conde-Duque de Olivares, valido del rey Felipe IV, convirtiendo la capilla existente en colegiata y posteriormente en abad\u00eda en 1623 mediante bula del Papa Urbano VIII.<\/p>\n<p>Olivares posee importantes monumentos hist\u00f3ricos:<\/p>\n<p><strong>La Colegiata de Nuestra Se\u00f1ora de las Nieves<\/strong> fue construida en el siglo XVII y sufri\u00f3 posteriores reformas. La riqueza de esta iglesia es tal que se considera una de las m\u00e1s importantes de Sevilla. Posee una imagen barroca en su altar mayor de mar\u00eda de Rold\u00e1n; y cuadros de magn\u00edfica factura atribuidos por unos a Roelas y por otros al taller de Zurbar\u00e1n.<\/p>\n<p><strong>La Capilla de Vera-Cruz.<\/strong> Data del siglo XVI, aunque sufri\u00f3 transformaciones en el siglo XIX. Posee im\u00e1genes del siglo XVII, el Cristo de Vera-Cruz y la Virgen de la Antigua de principios del siglo XX, atribuida esta \u00faltima al taller de Astorga.<\/p>\n<p><strong>El Palacio Ducal,<\/strong> del siglo XVII, con importante fachada y patio interior. Hoy d\u00eda restaurado y sede del Ayuntamiento de la localidad.<\/p>\n<p><strong>El P\u00f3sito<\/strong>, edificio del siglo XVIII, con portada tribulada barroca, en la misma plaza de Espa\u00f1a.<\/p>\n<p>Torre de San Antonio, antiguo torre\u00f3n \u00e1rabe del siglo XII.<\/p>\n<p><strong>Plaza de Espa\u00f1a.<\/strong> Centro monumental de la villa. Modelo italiano, de planta rectangular con naranjos a ambos lados y farolas de hierro fundido que representan dragones.<\/p>\n<p><strong>Capilla de la Virgen del Roc\u00edo,<\/strong> construida en 1965. En la carretera hacia Sanl\u00facar la Mayor y frente el colegio Los Eucaliptos se ubica esta capilla. Cabe destacar la entrada y salida del Simpecado de la hermandad hacia el camino de peregrinaci\u00f3n a la ermita almonte\u00f1a.<\/p>\n<p>Pozo nuevo, situado a la espalda del Centro de salud.<\/p>\n<p><strong>Pilar de la Coriana.<\/strong> Situado en la carretera hacia Gerena y en un enclave campestre, es un lugar de recreo y descanso. Acondicionado con barbacoas y aparcamientos supone un lugar de encuentro de familias en los d\u00edas soleados.<\/p>\n<p><strong>INFRAESTRUCTURA EDUCATIVA<\/strong><\/p>\n<p>CEIP EL PRADO.<\/p>\n<p>CEIP LOS EUCALIPTOS.<\/p>\n<p>Escuela Infantil municipal BLANCANIEVES.<\/p>\n<p>Escuela Infantil municipal LAS COLONIAS.<\/p>\n<p>Centro Infantil concertado LA JIRAFITA AMARILLA.<\/p>\n<p>Centro Infantil concertado LA TORTUGUITA.<\/p>\n<p>IES HELICHE, en el que se imparten las Ense\u00f1anzas Secundarias Obligatorias, Bachillerato, M\u00f3dulos Formativos y Educaci\u00f3n Permanente de adultos.<\/p>\n<p>Centro privado concertado de Educaci\u00f3n Especial ASESUPRO.<\/p>\n<p>La localidad ofrece numerosas actividades y jornadas formativas, talleres diversos para ni\u00f1os\/as y adultos (baile, yoga, ingl\u00e9s, manualidades, bordado, etc, etc) y otras actividades culturales a lo largo del a\u00f1o, adem\u00e1s de las fiestas y celebraciones t\u00edpicas del pueblo.<\/p>\n<p><span style=\"text-decoration: underline\"><strong>CELEBRACIONES<\/strong><\/span><\/p>\n<p><strong>Fiestas patronales y Feria de agosto<\/strong><br \/>\nEn honor a Nuestra Se\u00f1ora de las Nieves. Una feria t\u00edpicamente sevillana, con un programa amplio de actividades tanto de d\u00eda como de noche, que aunque en el mes m\u00e1s caluroso del a\u00f1o cuenta con una gran participaci\u00f3n tanto de los olivare\u00f1os y olivare\u00f1as como de los habitantes de los pueblos vecinos.<\/p>\n<p><strong>Peregrinaci\u00f3n al Roc\u00edo.<\/strong><br \/>\nLa devoci\u00f3n a la Blanca Paloma es multitudinaria en la localidad. El d\u00eda de salida de las carretas hacia la ermita del Roc\u00edo en Almonte es declarado \u201cBien de inter\u00e9s tur\u00edstico en Andaluc\u00eda\u201d, siendo Olivares una de las Hermandades m\u00e1s antiguas que peregrinan al Roc\u00edo y de mayor impacto en la aldea almonte\u00f1a.<\/p>\n<p><strong>Corpus Cristi<\/strong><br \/>\nLa Custodia es sacada en procesi\u00f3n por la calle principal del pueblo acompa\u00f1ada de un numeroso grupo de ni\u00f1os y ni\u00f1as que han recibido por primera vez la Comuni\u00f3n. Cabe destacar el adorno esmerado de fachadas, ventanas y de diversos altares que se montan para la ocasi\u00f3n.<\/p>\n<p><strong>San Blas<\/strong><br \/>\nEl 3 de febrero se celebra el d\u00eda de San Blas. Se realiza la bendici\u00f3n de los panes, palomitas y roscos de pan t\u00edpicos d la localidad. Esta celebraci\u00f3n cuenta con una gran participaci\u00f3n infantil que porta unas vistosas cestas de mimbres adornadas con cintas de colores donde llevan los panes.<\/p>\n<p><strong>Cabalgata de los Reyes Magos<\/strong><br \/>\nFamosa en la comarca. La comitiva hace su salida acompa\u00f1ada por el Sr. Alcalde desde el Ayuntamiento hasta las afueras del pueblo donde se encuentran las carrozas.<\/p>\n<p><strong>Semana Santa<\/strong><br \/>\nEn Olivares dos Hermandades Sacramentales procesionan en su Semana Santa, el Jueves Santo, La hermandad de la \u201cVeracruz\u201d (con el Cristo de la Veracruz y la Virgen de la Antigua) y el \u201cViernes Santo\u201d, la Hermandad de la Soledad (con Jes\u00fas Nazareno, Cristo yacente y la Virgen de los Dolores en su Soledad) ambas con un gran arraigo y devoci\u00f3n en el pueblo.<br \/>\nDestacamos la bajada del Cristo de la Veracruz a su paso, en las v\u00edsperas de la Semana Mayor, en un acto de recogimiento y belleza inigualables y la procesi\u00f3n de los nazarenos de la Hermandad de la Soledad que sueltan sus colas durante la estaci\u00f3n de penitencia, manteniendo as\u00ed una tradici\u00f3n \u00fanica en Andaluc\u00eda.<\/p>\n<p><strong>El Barroco<\/strong><\/p>\n<p style=\"text-align: justify\"><a href=\"http:\/\/blogsaverroes.juntadeandalucia.es\/ceipelprado\/files\/2016\/12\/barroco.jpg\"><img loading=\"lazy\" decoding=\"async\" class=\" size-full wp-image-2599 alignleft\" src=\"http:\/\/blogsaverroes.juntadeandalucia.es\/ceipelprado\/files\/2016\/12\/barroco.jpg\" alt=\"barroco\" width=\"266\" height=\"189\" srcset=\"https:\/\/blogsaverroes.juntadeandalucia.es\/ceipelprado\/files\/2016\/12\/barroco.jpg 266w, https:\/\/blogsaverroes.juntadeandalucia.es\/ceipelprado\/files\/2016\/12\/barroco-24x17.jpg 24w, https:\/\/blogsaverroes.juntadeandalucia.es\/ceipelprado\/files\/2016\/12\/barroco-36x26.jpg 36w, https:\/\/blogsaverroes.juntadeandalucia.es\/ceipelprado\/files\/2016\/12\/barroco-48x34.jpg 48w\" sizes=\"(max-width: 266px) 100vw, 266px\" \/><\/a>\u00a0 Un acontecimiento singular en Olivares es el \u201cBarroco\u201d. Durante tres d\u00edas, en fechas primaverales, la localidad se traslada al siglo XVII. Ni\u00f1os, j\u00f3venes y mayores se visten con las ropas t\u00edpicas de la \u00e9poca y las calles y plazas se engalanan con adornos barrocos. Una amplia oferta cultural se ofrece durante estos d\u00edas con espect\u00e1culos variados tanto en el palacio ducal como en las mismas calles. Numerosos puestos y tenderetes completan el evento ofreciendo todo tipo de productos artesanales, dulces, juguetes, abalorios y rincones en los que avituallarse con buena gastronom\u00eda de la zona y refrescarse de los calores primaverales.<\/p>\n<p><strong>Cruces de mayo<\/strong><br \/>\nEsta tradicional fiesta de Andaluc\u00eda tambi\u00e9n se celebra en la localidad. Diversas plazas y barrios se engalanan para la ocasi\u00f3n.<\/p>\n<p><strong>San Sebasti\u00e1n<\/strong><br \/>\nTriduo al patr\u00f3n de la localidad durante el mes de enero. Las antorchas se encienden en honor al santo en su d\u00eda, el 20 de enero.<\/p>\n","protected":false},"excerpt":{"rendered":"<p>El origen de la localidad de Olivares se remonta a la \u00e9poca romana, que tras la conquista de la B\u00e9tica por Turculus, un militar romano, los terrenos que hoy ocupa el pueblo se convirtieron&#46;&#46;&#46;<\/p>\n","protected":false},"author":4254,"featured_media":0,"parent":0,"menu_order":0,"comment_status":"open","ping_status":"open","template":"","meta":{"ngg_post_thumbnail":0,"footnotes":"","_mc_calendar":[]},"aioseo_notices":[],"_links":{"self":[{"href":"https:\/\/blogsaverroes.juntadeandalucia.es\/ceipelprado\/wp-json\/wp\/v2\/pages\/2598"}],"collection":[{"href":"https:\/\/blogsaverroes.juntadeandalucia.es\/ceipelprado\/wp-json\/wp\/v2\/pages"}],"about":[{"href":"https:\/\/blogsaverroes.juntadeandalucia.es\/ceipelprado\/wp-json\/wp\/v2\/types\/page"}],"author":[{"embeddable":true,"href":"https:\/\/blogsaverroes.juntadeandalucia.es\/ceipelprado\/wp-json\/wp\/v2\/users\/4254"}],"replies":[{"embeddable":true,"href":"https:\/\/blogsaverroes.juntadeandalucia.es\/ceipelprado\/wp-json\/wp\/v2\/comments?post=2598"}],"version-history":[{"count":3,"href":"https:\/\/blogsaverroes.juntadeandalucia.es\/ceipelprado\/wp-json\/wp\/v2\/pages\/2598\/revisions"}],"predecessor-version":[{"id":2604,"href":"https:\/\/blogsaverroes.juntadeandalucia.es\/ceipelprado\/wp-json\/wp\/v2\/pages\/2598\/revisions\/2604"}],"wp:attachment":[{"href":"https:\/\/blogsaverroes.juntadeandalucia.es\/ceipelprado\/wp-json\/wp\/v2\/media?parent=2598"}],"curies":[{"name":"wp","href":"https:\/\/api.w.org\/{rel}","templated":true}]}}