{"id":42,"date":"2015-03-13T08:40:47","date_gmt":"2015-03-13T08:40:47","guid":{"rendered":"http:\/\/blogsaverroes.juntadeandalucia.es\/pre\/ceip\/?page_id=42"},"modified":"2023-11-10T23:24:33","modified_gmt":"2023-11-10T23:24:33","slug":"equipo-directivo","status":"publish","type":"page","link":"https:\/\/blogsaverroes.juntadeandalucia.es\/ceipelprado\/equipo-directivo\/","title":{"rendered":"Equipo directivo"},"content":{"rendered":"<h3 style=\"text-align: justify\"><strong>Direcci\u00f3n:<\/strong> D\u00aa. M\u00aa Valle Castro Mart\u00ednez<\/h3>\n<h3 style=\"text-align: justify\"><strong><span style=\"color: #0000ff\">&nbsp; &nbsp; &nbsp; &nbsp; &nbsp; Atenci\u00f3n: <span style=\"color: #ff0000\">Previa cita.<\/span><\/span><\/strong><\/h3>\n<p>&nbsp;<\/p>\n<h3 style=\"text-align: justify\"><strong>Jefatura de estudios:<\/strong> D . Javier P\u00e9rez Romero de la Osa<strong style=\"font-size: 16px\"><span style=\"color: #0000ff\">&nbsp; &nbsp; &nbsp; &nbsp; &nbsp; Atenci\u00f3n:<\/span><\/strong><span style=\"color: #0000ff\">&nbsp;<span style=\"color: #ff0000\"><strong>Previa cita.<\/strong><\/span><\/span><\/h3>\n<p>&nbsp;<\/p>\n<h3 style=\"text-align: left\"><strong>Secretar\u00eda:<\/strong> D\u00aa. Carmen Le\u00f3n G\u00f3mez<\/h3>\n<h3><span style=\"color: #0000ff\"><strong>&nbsp; &nbsp; &nbsp; &nbsp; &nbsp; Atenci\u00f3n: <span style=\"color: #ff0000\">Previa cita.<\/span><\/strong><\/span><\/h3>\n<p>&nbsp;<\/p>\n<h3><strong>E.O.E.:<\/strong> D\u00aa. Eufemia Herrera , <strong>M\u00e9dico E.O.E.:<\/strong> D\u00f1a. Rosa Cantero.&nbsp;<strong><span style=\"color: #ff0000\">Previa cita.<\/span><\/strong><\/h3>\n<p>&nbsp;<\/p>\n<h3><strong>Administraci\u00f3n: <\/strong>D\u00aa. Mar\u00eda Dom\u00ednguez P\u00e9rez.<\/h3>\n<h3><span style=\"color: #0000ff\"><strong>&nbsp; &nbsp; &nbsp; &nbsp; &nbsp; Lunes a viernes de 9:10 a 12:00H<\/strong><\/span><\/h3>\n","protected":false},"excerpt":{"rendered":"<p>Direcci\u00f3n: D\u00aa. M\u00aa Valle Castro Mart\u00ednez &nbsp; &nbsp; &nbsp; &nbsp; &nbsp; Atenci\u00f3n: Previa cita. &nbsp; Jefatura de estudios: D . Javier P\u00e9rez Romero de la Osa&nbsp; &nbsp; &nbsp; &nbsp; &nbsp; Atenci\u00f3n:&nbsp;Previa cita. &nbsp; Secretar\u00eda:&#46;&#46;&#46;<\/p>\n","protected":false},"author":1,"featured_media":0,"parent":0,"menu_order":0,"comment_status":"closed","ping_status":"open","template":"page-sc.php","meta":{"ngg_post_thumbnail":0,"footnotes":"","_mc_calendar":[]},"aioseo_notices":[],"_links":{"self":[{"href":"https:\/\/blogsaverroes.juntadeandalucia.es\/ceipelprado\/wp-json\/wp\/v2\/pages\/42"}],"collection":[{"href":"https:\/\/blogsaverroes.juntadeandalucia.es\/ceipelprado\/wp-json\/wp\/v2\/pages"}],"about":[{"href":"https:\/\/blogsaverroes.juntadeandalucia.es\/ceipelprado\/wp-json\/wp\/v2\/types\/page"}],"author":[{"embeddable":true,"href":"https:\/\/blogsaverroes.juntadeandalucia.es\/ceipelprado\/wp-json\/wp\/v2\/users\/1"}],"replies":[{"embeddable":true,"href":"https:\/\/blogsaverroes.juntadeandalucia.es\/ceipelprado\/wp-json\/wp\/v2\/comments?post=42"}],"version-history":[{"count":33,"href":"https:\/\/blogsaverroes.juntadeandalucia.es\/ceipelprado\/wp-json\/wp\/v2\/pages\/42\/revisions"}],"predecessor-version":[{"id":6474,"href":"https:\/\/blogsaverroes.juntadeandalucia.es\/ceipelprado\/wp-json\/wp\/v2\/pages\/42\/revisions\/6474"}],"wp:attachment":[{"href":"https:\/\/blogsaverroes.juntadeandalucia.es\/ceipelprado\/wp-json\/wp\/v2\/media?parent=42"}],"curies":[{"name":"wp","href":"https:\/\/api.w.org\/{rel}","templated":true}]}}