{"id":49,"date":"2015-03-13T08:47:05","date_gmt":"2015-03-13T08:47:05","guid":{"rendered":"http:\/\/blogsaverroes.juntadeandalucia.es\/pre\/ceip\/?page_id=49"},"modified":"2025-11-19T10:49:38","modified_gmt":"2025-11-19T10:49:38","slug":"proyecto-educativo","status":"publish","type":"page","link":"https:\/\/blogsaverroes.juntadeandalucia.es\/ceipelprado\/proyecto-educativo\/","title":{"rendered":"Documentos del Centro"},"content":{"rendered":"<p>Nuestro centro se define en gran medida por su <strong>Proyecto Educativo<\/strong>. En \u00e9l se plasma el modelo educativo y la concreci\u00f3n de la normativa que un centro realiza respecto a las ense\u00f1anzas que imparte. Aspectos tales como las finalidades educativas, objetivos, atenci\u00f3n a la diversidad, etc.<\/p>\n<p style=\"text-align: justify\">Que nuestra web informe de su <strong>Proyecto Educativo<\/strong> es una apuesta clara por la <strong>transparencia<\/strong>.<\/p>\n<p style=\"text-align: justify\">Este espacio puede mostrar tanto los aspectos esenciales del Proyecto como enlazar a otros documentos o secciones con informaci\u00f3n m\u00e1s detallada.<\/p>\n<p style=\"text-align: justify\">A continuaci\u00f3n pueden acceder a dichos documentos pinchando sobre ellos.<\/p>\n<p>&nbsp;<\/p>\n<table class=\" aligncenter\" style=\"height: 884px;width: 94.6314%;border-collapse: collapse;border-style: none\">\n<tbody>\n<tr style=\"height: 183px\">\n<td style=\"width: 33.3333%;height: 183px;border-color: #ffffff;text-align: center;vertical-align: middle\"><a href=\"https:\/\/blogsaverroes.juntadeandalucia.es\/ceipelprado\/files\/2021\/02\/proyecto-educativo-2017-nuevo-A.D.-revisado-PLAN-ATENCI%C3%93N-A-LA-DIVERSIDAD-1-1.pdf\"><img loading=\"lazy\" decoding=\"async\" class=\"alignnone wp-image-4657\" src=\"https:\/\/blogsaverroes.juntadeandalucia.es\/ceipelprado\/files\/2021\/11\/educacion.png\" alt=\"\" width=\"115\" height=\"114\" srcset=\"https:\/\/blogsaverroes.juntadeandalucia.es\/ceipelprado\/files\/2021\/11\/educacion.png 512w, https:\/\/blogsaverroes.juntadeandalucia.es\/ceipelprado\/files\/2021\/11\/educacion-300x300.png 300w, https:\/\/blogsaverroes.juntadeandalucia.es\/ceipelprado\/files\/2021\/11\/educacion-150x150.png 150w\" sizes=\"(max-width: 115px) 100vw, 115px\" \/><\/a><\/td>\n<td style=\"width: 33.3333%;height: 183px;border-color: #ffffff;text-align: center;vertical-align: middle\"><a href=\"https:\/\/blogsaverroes.juntadeandalucia.es\/ceipelprado\/files\/2025\/11\/MODIF-PLAN-CENTRO-WEB-25-26.pdf\"><img loading=\"lazy\" decoding=\"async\" class=\"alignnone wp-image-4656\" src=\"https:\/\/blogsaverroes.juntadeandalucia.es\/ceipelprado\/files\/2021\/11\/MOD-PLAN-CENTRO.png\" alt=\"\" width=\"133\" height=\"133\" srcset=\"https:\/\/blogsaverroes.juntadeandalucia.es\/ceipelprado\/files\/2021\/11\/MOD-PLAN-CENTRO.png 1600w, https:\/\/blogsaverroes.juntadeandalucia.es\/ceipelprado\/files\/2021\/11\/MOD-PLAN-CENTRO-300x300.png 300w, https:\/\/blogsaverroes.juntadeandalucia.es\/ceipelprado\/files\/2021\/11\/MOD-PLAN-CENTRO-1024x1024.png 1024w, https:\/\/blogsaverroes.juntadeandalucia.es\/ceipelprado\/files\/2021\/11\/MOD-PLAN-CENTRO-150x150.png 150w, https:\/\/blogsaverroes.juntadeandalucia.es\/ceipelprado\/files\/2021\/11\/MOD-PLAN-CENTRO-768x768.png 768w, https:\/\/blogsaverroes.juntadeandalucia.es\/ceipelprado\/files\/2021\/11\/MOD-PLAN-CENTRO-1536x1536.png 1536w\" sizes=\"(max-width: 133px) 100vw, 133px\" \/><\/a><\/td>\n<td style=\"width: 33.3333%;height: 183px;border-color: #ffffff;text-align: center;vertical-align: middle\"><a href=\"https:\/\/blogsaverroes.juntadeandalucia.es\/ceipelprado\/files\/2021\/02\/plan-gestion-2013-_2_.pdf\"><img loading=\"lazy\" decoding=\"async\" class=\"alignnone wp-image-4658\" src=\"https:\/\/blogsaverroes.juntadeandalucia.es\/ceipelprado\/files\/2021\/11\/gestion-de-proyectos.png\" alt=\"\" width=\"125\" height=\"125\" srcset=\"https:\/\/blogsaverroes.juntadeandalucia.es\/ceipelprado\/files\/2021\/11\/gestion-de-proyectos.png 512w, https:\/\/blogsaverroes.juntadeandalucia.es\/ceipelprado\/files\/2021\/11\/gestion-de-proyectos-300x300.png 300w, https:\/\/blogsaverroes.juntadeandalucia.es\/ceipelprado\/files\/2021\/11\/gestion-de-proyectos-150x150.png 150w\" sizes=\"(max-width: 125px) 100vw, 125px\" \/><\/a><\/td>\n<\/tr>\n<tr style=\"height: 48px\">\n<td style=\"width: 33.3333%;height: 48px;border-color: #ffffff;text-align: center;vertical-align: middle\"><span style=\"color: #ff0000\"><strong>PROYECTO EDUCATIVO<\/strong><\/span><\/td>\n<td style=\"width: 33.3333%;height: 48px;border-color: #ffffff;text-align: center;vertical-align: middle\"><span style=\"color: #339966\"><strong>MODIFICACIONES DEL PLAN DE CENTRO<\/strong><\/span><\/td>\n<td style=\"width: 33.3333%;height: 48px;border-color: #ffffff;text-align: center;vertical-align: middle\"><span style=\"color: #00ccff\"><strong>PROYECTO DE GESTI\u00d3N<\/strong><\/span><\/td>\n<\/tr>\n<tr style=\"height: 24px\">\n<td style=\"width: 33.3333%;height: 24px;border-color: #ffffff;text-align: center;vertical-align: middle\">&nbsp;<\/td>\n<td style=\"width: 33.3333%;height: 24px;border-color: #ffffff;text-align: center;vertical-align: middle\">&nbsp;<\/td>\n<td style=\"width: 33.3333%;height: 24px;border-color: #ffffff;text-align: center;vertical-align: middle\">&nbsp;<\/td>\n<\/tr>\n<tr style=\"height: 161px\">\n<td style=\"width: 33.3333%;height: 161px;border-color: #ffffff;text-align: center;vertical-align: middle\"><strong><a href=\"https:\/\/blogsaverroes.juntadeandalucia.es\/ceipelprado\/files\/2021\/02\/ROF-2018-MODIFICADO-_1_.pdf\"><img loading=\"lazy\" decoding=\"async\" class=\"alignnone wp-image-4659\" src=\"https:\/\/blogsaverroes.juntadeandalucia.es\/ceipelprado\/files\/2021\/11\/tarea-completada.png\" alt=\"\" width=\"110\" height=\"110\" srcset=\"https:\/\/blogsaverroes.juntadeandalucia.es\/ceipelprado\/files\/2021\/11\/tarea-completada.png 512w, https:\/\/blogsaverroes.juntadeandalucia.es\/ceipelprado\/files\/2021\/11\/tarea-completada-300x300.png 300w, https:\/\/blogsaverroes.juntadeandalucia.es\/ceipelprado\/files\/2021\/11\/tarea-completada-150x150.png 150w\" sizes=\"(max-width: 110px) 100vw, 110px\" \/><\/a><\/strong><\/td>\n<td style=\"width: 33.3333%;height: 161px;border-color: #ffffff;text-align: center;vertical-align: middle\"><strong><a href=\"https:\/\/blogsaverroes.juntadeandalucia.es\/ceipelprado\/files\/2019\/05\/PLAN-DE-CONVIVENCIA-2018-19.pdf\"><img loading=\"lazy\" decoding=\"async\" class=\"alignnone wp-image-4660\" src=\"https:\/\/blogsaverroes.juntadeandalucia.es\/ceipelprado\/files\/2021\/11\/manos.png\" alt=\"\" width=\"114\" height=\"113\" srcset=\"https:\/\/blogsaverroes.juntadeandalucia.es\/ceipelprado\/files\/2021\/11\/manos.png 512w, https:\/\/blogsaverroes.juntadeandalucia.es\/ceipelprado\/files\/2021\/11\/manos-300x300.png 300w, https:\/\/blogsaverroes.juntadeandalucia.es\/ceipelprado\/files\/2021\/11\/manos-150x150.png 150w\" sizes=\"(max-width: 114px) 100vw, 114px\" \/><\/a><\/strong><\/td>\n<td style=\"width: 33.3333%;height: 161px;border-color: #ffffff;text-align: center;vertical-align: middle\"><strong><a href=\"https:\/\/blogsaverroes.juntadeandalucia.es\/ceipelprado\/files\/2021\/09\/PROTOCOLO-CURSO-21-22-modificado.pdf\"><img loading=\"lazy\" decoding=\"async\" class=\"alignnone wp-image-4661\" src=\"https:\/\/blogsaverroes.juntadeandalucia.es\/ceipelprado\/files\/2021\/11\/coronavirus.png\" alt=\"\" width=\"112\" height=\"111\" srcset=\"https:\/\/blogsaverroes.juntadeandalucia.es\/ceipelprado\/files\/2021\/11\/coronavirus.png 512w, https:\/\/blogsaverroes.juntadeandalucia.es\/ceipelprado\/files\/2021\/11\/coronavirus-300x300.png 300w, https:\/\/blogsaverroes.juntadeandalucia.es\/ceipelprado\/files\/2021\/11\/coronavirus-150x150.png 150w\" sizes=\"(max-width: 112px) 100vw, 112px\" \/><\/a><\/strong><\/td>\n<\/tr>\n<tr style=\"height: 24px\">\n<td style=\"width: 33.3333%;height: 24px;border-color: #ffffff;text-align: center;vertical-align: middle\"><span style=\"color: #00ccff\"><strong>R.O.F.<\/strong><\/span><\/td>\n<td style=\"width: 33.3333%;height: 24px;border-color: #ffffff;text-align: center;vertical-align: middle\"><span style=\"color: #993300\"><strong>PLAN DE CONVIVENCIA<\/strong><\/span><\/td>\n<td style=\"width: 33.3333%;height: 24px;border-color: #ffffff;text-align: center;vertical-align: middle\"><span style=\"color: #ff6600\"><strong>PROTOCOLO COVID<\/strong><\/span><\/td>\n<\/tr>\n<tr style=\"height: 24px\">\n<td style=\"width: 33.3333%;height: 24px;border-color: #ffffff;text-align: center;vertical-align: middle\">&nbsp;<\/td>\n<td style=\"width: 33.3333%;height: 24px;border-color: #ffffff;text-align: center;vertical-align: middle\">&nbsp;<\/td>\n<td style=\"width: 33.3333%;height: 24px;border-color: #ffffff;text-align: center;vertical-align: middle\">&nbsp;<\/td>\n<\/tr>\n<tr style=\"height: 155px\">\n<td style=\"width: 33.3333%;height: 155px;border-color: #ffffff;text-align: center;vertical-align: middle\"><strong><a href=\"https:\/\/blogsaverroes.juntadeandalucia.es\/ceipelprado\/files\/2021\/11\/PLAN-DE-IGUALDAD-EL-PRADO-21-22-1.odt\"><img loading=\"lazy\" decoding=\"async\" class=\"alignnone wp-image-4662\" src=\"https:\/\/blogsaverroes.juntadeandalucia.es\/ceipelprado\/files\/2021\/11\/mujer.png\" alt=\"\" width=\"128\" height=\"127\" srcset=\"https:\/\/blogsaverroes.juntadeandalucia.es\/ceipelprado\/files\/2021\/11\/mujer.png 512w, https:\/\/blogsaverroes.juntadeandalucia.es\/ceipelprado\/files\/2021\/11\/mujer-300x300.png 300w, https:\/\/blogsaverroes.juntadeandalucia.es\/ceipelprado\/files\/2021\/11\/mujer-150x150.png 150w\" sizes=\"(max-width: 128px) 100vw, 128px\" \/><\/a><\/strong><\/td>\n<td style=\"width: 33.3333%;height: 155px;border-color: #ffffff;text-align: center;vertical-align: middle\"><strong><a href=\"https:\/\/blogsaverroes.juntadeandalucia.es\/ceipelprado\/files\/2021\/11\/PROGRAMA-TR%C3%81NSITO-.pdf\"><img loading=\"lazy\" decoding=\"async\" class=\"alignnone wp-image-4663\" src=\"https:\/\/blogsaverroes.juntadeandalucia.es\/ceipelprado\/files\/2021\/11\/evolucion.png\" alt=\"\" width=\"122\" height=\"121\" srcset=\"https:\/\/blogsaverroes.juntadeandalucia.es\/ceipelprado\/files\/2021\/11\/evolucion.png 512w, https:\/\/blogsaverroes.juntadeandalucia.es\/ceipelprado\/files\/2021\/11\/evolucion-300x300.png 300w, https:\/\/blogsaverroes.juntadeandalucia.es\/ceipelprado\/files\/2021\/11\/evolucion-150x150.png 150w\" sizes=\"(max-width: 122px) 100vw, 122px\" \/><\/a><\/strong><\/td>\n<td style=\"width: 33.3333%;height: 155px;border-color: #ffffff;text-align: center;vertical-align: middle\"><strong><a href=\"https:\/\/blogsaverroes.juntadeandalucia.es\/ceipelprado\/files\/2021\/11\/PACeipElPradoOlivares.pdf\"><img loading=\"lazy\" decoding=\"async\" class=\"alignnone wp-image-4664\" src=\"https:\/\/blogsaverroes.juntadeandalucia.es\/ceipelprado\/files\/2021\/11\/latido-del-corazon.png\" alt=\"\" width=\"112\" height=\"112\" srcset=\"https:\/\/blogsaverroes.juntadeandalucia.es\/ceipelprado\/files\/2021\/11\/latido-del-corazon.png 512w, https:\/\/blogsaverroes.juntadeandalucia.es\/ceipelprado\/files\/2021\/11\/latido-del-corazon-300x300.png 300w, https:\/\/blogsaverroes.juntadeandalucia.es\/ceipelprado\/files\/2021\/11\/latido-del-corazon-150x150.png 150w\" sizes=\"(max-width: 112px) 100vw, 112px\" \/><\/a><\/strong><\/td>\n<\/tr>\n<tr style=\"height: 24px\">\n<td style=\"width: 33.3333%;height: 24px;border-color: #ffffff;text-align: center;vertical-align: middle\"><span style=\"color: #cc99ff\"><strong>PLAN DE IGUALDAD<\/strong><\/span><\/td>\n<td style=\"width: 33.3333%;height: 24px;border-color: #ffffff;text-align: center;vertical-align: middle\"><span style=\"color: #008000\"><strong>PROGRAMA DE TR\u00c1NSITO<\/strong><\/span><\/td>\n<td style=\"width: 33.3333%;height: 24px;border-color: #ffffff;text-align: center;vertical-align: middle\"><span style=\"color: #33cccc\"><strong>CIMA: H\u00c1BITOS DE VIDA SALUDABLES<\/strong><\/span><\/td>\n<\/tr>\n<tr style=\"height: 23px\">\n<td style=\"width: 33.3333%;border-color: #ffffff;text-align: center;vertical-align: middle;height: 23px\"><span style=\"color: #cc99ff\"><strong>&nbsp;<\/strong><\/span><\/td>\n<td style=\"width: 33.3333%;border-color: #ffffff;text-align: center;vertical-align: middle;height: 23px\"><span style=\"color: #008000\"><strong>&nbsp;<\/strong><\/span><\/td>\n<td style=\"width: 33.3333%;border-color: #ffffff;text-align: center;vertical-align: middle;height: 23px\"><span style=\"color: #33cccc\"><strong>&nbsp;<\/strong><\/span><\/td>\n<\/tr>\n<tr style=\"height: 119px\">\n<td style=\"width: 33.3333%;border-color: #ffffff;text-align: center;vertical-align: middle;height: 171px\"><a href=\"https:\/\/blogsaverroes.juntadeandalucia.es\/ceipelprado\/files\/2023\/11\/PROTOCOLO-PRADO-OLA-CALOR.pdf\"><img loading=\"lazy\" decoding=\"async\" class=\"\" src=\"https:\/\/blogsaverroes.juntadeandalucia.es\/ceipelprado\/files\/2023\/11\/OLA-CALOR.png\" alt=\"\" width=\"149\" height=\"149\"><\/a><\/td>\n<td style=\"width: 33.3333%;border-color: #ffffff;text-align: center;vertical-align: middle;height: 171px\"><span style=\"color: #008000\"><strong><a href=\"https:\/\/blogsaverroes.juntadeandalucia.es\/ceipelprado\/files\/2022\/03\/PROYECTO-PLAN-DE-LECTURA-Y-BIBLIOTECA-CENTRO-CEIP-EL-PRADO-2021-22-1.pdf\"><img loading=\"lazy\" decoding=\"async\" class=\"alignnone wp-image-5092\" src=\"https:\/\/blogsaverroes.juntadeandalucia.es\/ceipelprado\/files\/2022\/03\/libro-abierto.png\" alt=\"\" width=\"129\" height=\"129\"><\/a><br \/>\n<\/strong><\/span><\/td>\n<td style=\"width: 33.3333%;border-color: #ffffff;text-align: center;vertical-align: middle;height: 171px\">&nbsp;<\/p>\n<p>&nbsp;<\/p>\n<p><a href=\"https:\/\/blogsaverroes.juntadeandalucia.es\/ceipelprado\/files\/2023\/10\/concepto-diseno-web-dibujado-mano_23-2147839737.jpg\"><img loading=\"lazy\" decoding=\"async\" class=\"aligncenter wp-image-6421\" src=\"https:\/\/blogsaverroes.juntadeandalucia.es\/ceipelprado\/files\/2023\/10\/concepto-diseno-web-dibujado-mano_23-2147839737.jpg\" alt=\"\" width=\"140\" height=\"140\" srcset=\"https:\/\/blogsaverroes.juntadeandalucia.es\/ceipelprado\/files\/2023\/10\/concepto-diseno-web-dibujado-mano_23-2147839737.jpg 740w, https:\/\/blogsaverroes.juntadeandalucia.es\/ceipelprado\/files\/2023\/10\/concepto-diseno-web-dibujado-mano_23-2147839737-300x300.jpg 300w, https:\/\/blogsaverroes.juntadeandalucia.es\/ceipelprado\/files\/2023\/10\/concepto-diseno-web-dibujado-mano_23-2147839737-150x150.jpg 150w\" sizes=\"(max-width: 140px) 100vw, 140px\" \/><\/a><\/p>\n<p>&nbsp;<\/td>\n<\/tr>\n<tr style=\"height: 47px\">\n<td style=\"width: 33.3333%;border-color: #ffffff;text-align: center;vertical-align: middle;height: 47px\"><span style=\"color: #cc99ff\"><strong><span style=\"color: #ff6600\"><span style=\"color: #ffcc00\"> PROTOCOLO OLA DE CALOR<\/span><\/span>&nbsp;<\/strong><\/span><\/td>\n<td style=\"width: 33.3333%;border-color: #ffffff;text-align: center;vertical-align: middle;height: 47px\"><span style=\"color: #ff6600\"><strong>PLAN DE LECTURA Y BIBLIOTECA<\/strong><\/span><\/td>\n<td style=\"width: 33.3333%;border-color: #ffffff;text-align: center;vertical-align: middle;height: 47px\"><strong><span style=\"color: #0000ff\">TRANSFORMACI\u00d3N DIGITAL<\/span><\/strong><\/p>\n<p><strong><span style=\"color: #0000ff\">EDUCATIVA<\/span><\/strong><\/td>\n<\/tr>\n<\/tbody>\n<\/table>\n<p>&nbsp;<\/p>\n<p><span style=\"color: #ff6600\"><strong><span style=\"color: #ffcc00\">&nbsp; &nbsp; &nbsp;<\/span><\/strong><\/span><\/p>\n<p>&nbsp;<\/p>\n<p>&nbsp;<\/p>\n<p><span style=\"color: #ff6600\"><strong><span style=\"color: #ffcc00\">&nbsp; &nbsp;<\/span><\/strong><\/span><\/p>\n<p><span style=\"color: #ff6600\"><strong><span style=\"color: #ffcc00\">&nbsp; &nbsp;&nbsp;<\/span><\/strong><\/span><\/p>\n<p><span style=\"color: #ff6600\"><strong><span style=\"color: #ffcc00\">&nbsp; &nbsp; &nbsp;&nbsp;<\/span><\/strong><\/span><\/p>\n<p>&nbsp;<\/p>\n<p>&nbsp;<\/p>\n<p>&nbsp;<\/p>\n<p>&nbsp;<\/p>\n<p>&nbsp;<\/p>\n","protected":false},"excerpt":{"rendered":"<p>Nuestro centro se define en gran medida por su Proyecto Educativo. En \u00e9l se plasma el modelo educativo y la concreci\u00f3n de la normativa que un centro realiza respecto a las ense\u00f1anzas que imparte.&#46;&#46;&#46;<\/p>\n","protected":false},"author":1,"featured_media":0,"parent":0,"menu_order":0,"comment_status":"closed","ping_status":"closed","template":"","meta":{"ngg_post_thumbnail":0,"footnotes":"","_mc_calendar":[]},"aioseo_notices":[],"_links":{"self":[{"href":"https:\/\/blogsaverroes.juntadeandalucia.es\/ceipelprado\/wp-json\/wp\/v2\/pages\/49"}],"collection":[{"href":"https:\/\/blogsaverroes.juntadeandalucia.es\/ceipelprado\/wp-json\/wp\/v2\/pages"}],"about":[{"href":"https:\/\/blogsaverroes.juntadeandalucia.es\/ceipelprado\/wp-json\/wp\/v2\/types\/page"}],"author":[{"embeddable":true,"href":"https:\/\/blogsaverroes.juntadeandalucia.es\/ceipelprado\/wp-json\/wp\/v2\/users\/1"}],"replies":[{"embeddable":true,"href":"https:\/\/blogsaverroes.juntadeandalucia.es\/ceipelprado\/wp-json\/wp\/v2\/comments?post=49"}],"version-history":[{"count":111,"href":"https:\/\/blogsaverroes.juntadeandalucia.es\/ceipelprado\/wp-json\/wp\/v2\/pages\/49\/revisions"}],"predecessor-version":[{"id":7319,"href":"https:\/\/blogsaverroes.juntadeandalucia.es\/ceipelprado\/wp-json\/wp\/v2\/pages\/49\/revisions\/7319"}],"wp:attachment":[{"href":"https:\/\/blogsaverroes.juntadeandalucia.es\/ceipelprado\/wp-json\/wp\/v2\/media?parent=49"}],"curies":[{"name":"wp","href":"https:\/\/api.w.org\/{rel}","templated":true}]}}