{"id":35,"date":"2015-03-13T08:21:43","date_gmt":"2015-03-13T08:21:43","guid":{"rendered":"http:\/\/blogsaverroes.juntadeandalucia.es\/pre\/ceip\/?page_id=35"},"modified":"2025-12-28T17:01:08","modified_gmt":"2025-12-28T17:01:08","slug":"el-centro-2","status":"publish","type":"page","link":"https:\/\/blogsaverroes.juntadeandalucia.es\/ceipelpuche\/el-centro-2\/","title":{"rendered":"Datos del centro"},"content":{"rendered":"<p><strong>CEIP EL PUCHE<\/strong><\/p>\n<p><strong>Direcci\u00f3n:&nbsp;<\/strong>Avda. Mare Nostrum, 56 (04009, Almer\u00eda)<\/p>\n<p><strong>Tel\u00e9fono:&nbsp;<\/strong>950156175<br \/>\n<strong>Email:<\/strong> 04001308.edu@juntadeandalucia.es<\/p>\n<h4><strong>Horarios:<\/strong><\/h4>\n<ul>\n<li>De 9 a 11:00 horas: Administraci\u00f3n<\/li>\n<li>De 9 a 13:00 horas: Secretar\u00eda<\/li>\n<\/ul>\n<h4><strong>Oferta educativa<\/strong><\/h4>\n<ul>\n<li>2\u00ba ciclo de Educaci\u00f3n Infantil<\/li>\n<li>Educaci\u00f3n Primaria<\/li>\n<li>Actividades extraescolares:\n<ul>\n<li>Ingl\u00e9s<\/li>\n<li>Inform\u00e1tica<\/li>\n<li>Ludoteca<\/li>\n<li>Balonmano<\/li>\n<li>PROA<\/li>\n<li>PRAI<\/li>\n<li>Lengua \u00c1rabe<\/li>\n<\/ul>\n<\/li>\n<\/ul>\n<h4>Instalaciones<\/h4>\n<p><iframe loading=\"lazy\" src=\"https:\/\/www.google.com\/maps\/embed?pb=!1m18!1m12!1m3!1d1816.5396172876408!2d-2.431691308359666!3d36.84688160059313!2m3!1f0!2f0!3f0!3m2!1i1024!2i768!4f13.1!3m3!1m2!1s0xd7a9e770ef8d9d3%3A0x60582ea592767447!2sCEIP%20El%20Puche!5e0!3m2!1ses!2ses!4v1676475239267!5m2!1ses!2ses\" width=\"600\" height=\"450\"><\/iframe><\/p>\n<p>&nbsp;<\/p>\n","protected":false},"excerpt":{"rendered":"<p>CEIP EL PUCHE Direcci\u00f3n:&nbsp;Avda. Mare Nostrum, 56 (04009, Almer\u00eda) Tel\u00e9fono:&nbsp;950156175 Email: 04001308.edu@juntadeandalucia.es Horarios: De 9 a 11:00 horas: Administraci\u00f3n De 9 a 13:00 horas: Secretar\u00eda Oferta educativa 2\u00ba ciclo de Educaci\u00f3n Infantil Educaci\u00f3n Primaria&#46;&#46;&#46;<\/p>\n","protected":false},"author":1,"featured_media":0,"parent":0,"menu_order":0,"comment_status":"closed","ping_status":"open","template":"","meta":{"ngg_post_thumbnail":0,"footnotes":"","_mc_calendar":[]},"aioseo_notices":[],"_links":{"self":[{"href":"https:\/\/blogsaverroes.juntadeandalucia.es\/ceipelpuche\/wp-json\/wp\/v2\/pages\/35"}],"collection":[{"href":"https:\/\/blogsaverroes.juntadeandalucia.es\/ceipelpuche\/wp-json\/wp\/v2\/pages"}],"about":[{"href":"https:\/\/blogsaverroes.juntadeandalucia.es\/ceipelpuche\/wp-json\/wp\/v2\/types\/page"}],"author":[{"embeddable":true,"href":"https:\/\/blogsaverroes.juntadeandalucia.es\/ceipelpuche\/wp-json\/wp\/v2\/users\/1"}],"replies":[{"embeddable":true,"href":"https:\/\/blogsaverroes.juntadeandalucia.es\/ceipelpuche\/wp-json\/wp\/v2\/comments?post=35"}],"version-history":[{"count":24,"href":"https:\/\/blogsaverroes.juntadeandalucia.es\/ceipelpuche\/wp-json\/wp\/v2\/pages\/35\/revisions"}],"predecessor-version":[{"id":3515,"href":"https:\/\/blogsaverroes.juntadeandalucia.es\/ceipelpuche\/wp-json\/wp\/v2\/pages\/35\/revisions\/3515"}],"wp:attachment":[{"href":"https:\/\/blogsaverroes.juntadeandalucia.es\/ceipelpuche\/wp-json\/wp\/v2\/media?parent=35"}],"curies":[{"name":"wp","href":"https:\/\/api.w.org\/{rel}","templated":true}]}}