{"id":49,"date":"2015-03-13T08:47:05","date_gmt":"2015-03-13T08:47:05","guid":{"rendered":"http:\/\/blogsaverroes.juntadeandalucia.es\/pre\/ceip\/?page_id=49"},"modified":"2025-12-28T20:10:57","modified_gmt":"2025-12-28T20:10:57","slug":"proyecto-educativo","status":"publish","type":"page","link":"https:\/\/blogsaverroes.juntadeandalucia.es\/ceipelpuche\/proyecto-educativo\/","title":{"rendered":"Proyecto Educativo"},"content":{"rendered":"<h2 style=\"text-align: center\"><span style=\"text-decoration: underline\"><strong>DOCUMENTOS DEL CENTRO EDUCATIVO 2025 &#8211; 2026<\/strong><\/span><\/h2>\n<p><img loading=\"lazy\" decoding=\"async\" class=\" wp-image-1662 alignleft\" src=\"https:\/\/blogsaverroes.juntadeandalucia.es\/ceipelpuche\/files\/2015\/03\/proyecto-300x266.png\" alt=\"proyecto\" width=\"149\" height=\"132\" srcset=\"https:\/\/blogsaverroes.juntadeandalucia.es\/ceipelpuche\/files\/2015\/03\/proyecto-300x266.png 300w, https:\/\/blogsaverroes.juntadeandalucia.es\/ceipelpuche\/files\/2015\/03\/proyecto.png 640w\" sizes=\"(max-width: 149px) 100vw, 149px\" \/><\/p>\n<p>Un centro se define en gran medida por su <strong>Proyecto Educativo<\/strong>. En \u00e9l se plasma el modelo educativo y la concreci\u00f3n de la normativa que un centro realiza respecto a las ense\u00f1anzas que imparte. Aspectos tales como las finales educativas, objetivos, atenci\u00f3n a la diversidad, etc.<\/p>\n<p>Que la web de un centro informe de su Proyecto Educativo es una apuesta clara por la <strong>transparencia<\/strong>.<\/p>\n<p>En este espacio puedes encontrar acceso a los diferentes documentos que conforman la estructura normativa del centro educativo, los cuales parten desde la realidad contextual para poder ofrecer la mayor garant\u00eda de coherencia en la ense\u00f1anza y el modo de organizaci\u00f3n de los recursos del centro.<\/p>\n<table style=\"border-collapse: collapse;width: 100%\">\n<tbody>\n<tr>\n<td style=\"width: 33.3333%;text-align: center\"><a href=\"https:\/\/drive.google.com\/file\/d\/1B_bWg_LZB2Q1p4kDJpbqrZK1lhRglUZc\/view?usp=sharing\"><img loading=\"lazy\" decoding=\"async\" class=\"alignnone size-full wp-image-3502\" src=\"https:\/\/blogsaverroes.juntadeandalucia.es\/ceipelpuche\/files\/2025\/12\/logo-Proyecto-Educativo.png\" alt=\"\" width=\"150\" height=\"148\" srcset=\"https:\/\/blogsaverroes.juntadeandalucia.es\/ceipelpuche\/files\/2025\/12\/logo-Proyecto-Educativo.png 150w, https:\/\/blogsaverroes.juntadeandalucia.es\/ceipelpuche\/files\/2025\/12\/logo-Proyecto-Educativo-80x80.png 80w\" sizes=\"(max-width: 150px) 100vw, 150px\" \/><\/a><\/td>\n<td style=\"width: 33.3333%;text-align: center\"><a href=\"https:\/\/drive.google.com\/file\/d\/1yOBYBeh97gFJzc94VZNCXGoDM-avr5Ob\/view?usp=sharing\"><img loading=\"lazy\" decoding=\"async\" class=\"alignnone size-full wp-image-3501\" src=\"https:\/\/blogsaverroes.juntadeandalucia.es\/ceipelpuche\/files\/2025\/12\/Logo-ROF.png\" alt=\"\" width=\"161\" height=\"137\"><\/a><\/td>\n<td style=\"width: 33.3333%;text-align: center\"><a href=\"https:\/\/drive.google.com\/file\/d\/18St8z7wXRb9zfiTv0St9hWQLpY4Z6SVN\/view?usp=sharing\"><img loading=\"lazy\" decoding=\"async\" class=\"alignnone size-full wp-image-3500\" src=\"https:\/\/blogsaverroes.juntadeandalucia.es\/ceipelpuche\/files\/2025\/12\/Logo-Proyecto-Gestion.png\" alt=\"\" width=\"165\" height=\"147\"><\/a><\/td>\n<\/tr>\n<tr>\n<td style=\"width: 33.3333%;text-align: center\">&nbsp;<\/td>\n<td style=\"width: 33.3333%;text-align: center\">&nbsp;<\/td>\n<td style=\"width: 33.3333%;text-align: center\">&nbsp;<\/td>\n<\/tr>\n<tr>\n<td style=\"width: 33.3333%;text-align: center\"><a href=\"https:\/\/drive.google.com\/file\/d\/1UEhHIwX2I4fpfmmr5al0dFZdPjBRIC6H\/view?usp=drive_link\"><img loading=\"lazy\" decoding=\"async\" class=\"alignnone size-full wp-image-3497\" src=\"https:\/\/blogsaverroes.juntadeandalucia.es\/ceipelpuche\/files\/2025\/12\/logo-Plan-Formacion.png\" alt=\"\" width=\"158\" height=\"144\"><\/a><\/td>\n<td style=\"width: 33.3333%;text-align: center\"><a href=\"https:\/\/blogsaverroes.juntadeandalucia.es\/ceipelpuche\/files\/2025\/12\/Logo-Plan-Convivencia.png\"><img loading=\"lazy\" decoding=\"async\" class=\"alignnone size-full wp-image-3498\" src=\"https:\/\/blogsaverroes.juntadeandalucia.es\/ceipelpuche\/files\/2025\/12\/Logo-Plan-Convivencia.png\" alt=\"\" width=\"157\" height=\"146\"><\/a><\/td>\n<td style=\"width: 33.3333%;text-align: center\"><a href=\"https:\/\/blogsaverroes.juntadeandalucia.es\/ceipelpuche\/files\/2025\/12\/Logo-Autoproteccion.png\"><img loading=\"lazy\" decoding=\"async\" class=\"alignnone size-full wp-image-3499\" src=\"https:\/\/blogsaverroes.juntadeandalucia.es\/ceipelpuche\/files\/2025\/12\/Logo-Autoproteccion.png\" alt=\"\" width=\"180\" height=\"151\"><\/a><\/td>\n<\/tr>\n<tr>\n<td style=\"width: 33.3333%;text-align: center\">&nbsp;<\/td>\n<td style=\"width: 33.3333%;text-align: center\">&nbsp;<\/td>\n<td style=\"width: 33.3333%;text-align: center\">&nbsp;<\/td>\n<\/tr>\n<tr>\n<td style=\"width: 33.3333%;text-align: center\">&nbsp;<\/td>\n<td style=\"width: 33.3333%;text-align: center\">&nbsp;<\/td>\n<td style=\"width: 33.3333%;text-align: center\">&nbsp;<\/td>\n<\/tr>\n<\/tbody>\n<\/table>\n","protected":false},"excerpt":{"rendered":"<p>DOCUMENTOS DEL CENTRO EDUCATIVO 2025 &#8211; 2026 Un centro se define en gran medida por su Proyecto Educativo. En \u00e9l se plasma el modelo educativo y la concreci\u00f3n de la normativa que un centro&#46;&#46;&#46;<\/p>\n","protected":false},"author":1,"featured_media":0,"parent":0,"menu_order":0,"comment_status":"closed","ping_status":"open","template":"","meta":{"ngg_post_thumbnail":0,"footnotes":"","_mc_calendar":[]},"aioseo_notices":[],"_links":{"self":[{"href":"https:\/\/blogsaverroes.juntadeandalucia.es\/ceipelpuche\/wp-json\/wp\/v2\/pages\/49"}],"collection":[{"href":"https:\/\/blogsaverroes.juntadeandalucia.es\/ceipelpuche\/wp-json\/wp\/v2\/pages"}],"about":[{"href":"https:\/\/blogsaverroes.juntadeandalucia.es\/ceipelpuche\/wp-json\/wp\/v2\/types\/page"}],"author":[{"embeddable":true,"href":"https:\/\/blogsaverroes.juntadeandalucia.es\/ceipelpuche\/wp-json\/wp\/v2\/users\/1"}],"replies":[{"embeddable":true,"href":"https:\/\/blogsaverroes.juntadeandalucia.es\/ceipelpuche\/wp-json\/wp\/v2\/comments?post=49"}],"version-history":[{"count":13,"href":"https:\/\/blogsaverroes.juntadeandalucia.es\/ceipelpuche\/wp-json\/wp\/v2\/pages\/49\/revisions"}],"predecessor-version":[{"id":3516,"href":"https:\/\/blogsaverroes.juntadeandalucia.es\/ceipelpuche\/wp-json\/wp\/v2\/pages\/49\/revisions\/3516"}],"wp:attachment":[{"href":"https:\/\/blogsaverroes.juntadeandalucia.es\/ceipelpuche\/wp-json\/wp\/v2\/media?parent=49"}],"curies":[{"name":"wp","href":"https:\/\/api.w.org\/{rel}","templated":true}]}}