{"id":869,"date":"2015-03-16T07:03:52","date_gmt":"2015-03-16T07:03:52","guid":{"rendered":"http:\/\/blogsaverroes.juntadeandalucia.es\/pre\/ceip\/?page_id=84"},"modified":"2025-12-28T16:51:39","modified_gmt":"2025-12-28T16:51:39","slug":"calendario-escolar","status":"publish","type":"page","link":"https:\/\/blogsaverroes.juntadeandalucia.es\/ceipelpuche\/calendario-escolar\/","title":{"rendered":"Calendario escolar"},"content":{"rendered":"<p><a href=\"https:\/\/www.juntadeandalucia.es\/educacion\/portales\/documents\/1183913\/1568915\/Resoluci%C3%B3n_calendario_escolar_25_26_Almer%C3%ADa.pdf\/e581cb8d-04c2-16ef-020b-3b665f564b7f?t=1748588042999\">Resoluci\u00f3n de la Delegaci\u00f3n Territorial de Desarrollo Educativo y Formaci\u00f3n Profesional y de Universidad, Investigaci\u00f3n e Innovaci\u00f3n en Almer\u00eda, por la que se aprueba el calendario escolar en los centros docentes no universitarios, a excepci\u00f3n de los de primer ciclo de educaci\u00f3n infantil, de esta provincia para el curso acad\u00e9mico 2025-2026.<\/a><\/p>\n<p>&nbsp;<\/p>\n<p><span style=\"text-decoration: underline\"><strong>Calendario escolar para el municipio de Almer\u00eda. Curso 2025-26.&nbsp;<\/strong><\/span><\/p>\n<p>&nbsp;<\/p>\n<p><a href=\"https:\/\/educacion.ustea.org\/wp-content\/uploads\/2025\/06\/ALMERIA.pdf\"><img loading=\"lazy\" decoding=\"async\" class=\"alignnone size-full wp-image-3509\" src=\"https:\/\/blogsaverroes.juntadeandalucia.es\/ceipelpuche\/files\/2025\/12\/Captura-de-Pantalla-2025-12-28-a-las-17.47.48.png\" alt=\"\" width=\"480\" height=\"610\" srcset=\"https:\/\/blogsaverroes.juntadeandalucia.es\/ceipelpuche\/files\/2025\/12\/Captura-de-Pantalla-2025-12-28-a-las-17.47.48.png 480w, https:\/\/blogsaverroes.juntadeandalucia.es\/ceipelpuche\/files\/2025\/12\/Captura-de-Pantalla-2025-12-28-a-las-17.47.48-236x300.png 236w\" sizes=\"(max-width: 480px) 100vw, 480px\" \/><\/a><\/p>\n<p style=\"text-align: center\">&nbsp;<\/p>\n","protected":false},"excerpt":{"rendered":"<p>Resoluci\u00f3n de la Delegaci\u00f3n Territorial de Desarrollo Educativo y Formaci\u00f3n Profesional y de Universidad, Investigaci\u00f3n e Innovaci\u00f3n en Almer\u00eda, por la que se aprueba el calendario escolar en los centros docentes no universitarios, a&#46;&#46;&#46;<\/p>\n","protected":false},"author":1,"featured_media":0,"parent":0,"menu_order":0,"comment_status":"closed","ping_status":"open","template":"","meta":{"ngg_post_thumbnail":0,"footnotes":"","_mc_calendar":[]},"aioseo_notices":[],"_links":{"self":[{"href":"https:\/\/blogsaverroes.juntadeandalucia.es\/ceipelpuche\/wp-json\/wp\/v2\/pages\/869"}],"collection":[{"href":"https:\/\/blogsaverroes.juntadeandalucia.es\/ceipelpuche\/wp-json\/wp\/v2\/pages"}],"about":[{"href":"https:\/\/blogsaverroes.juntadeandalucia.es\/ceipelpuche\/wp-json\/wp\/v2\/types\/page"}],"author":[{"embeddable":true,"href":"https:\/\/blogsaverroes.juntadeandalucia.es\/ceipelpuche\/wp-json\/wp\/v2\/users\/1"}],"replies":[{"embeddable":true,"href":"https:\/\/blogsaverroes.juntadeandalucia.es\/ceipelpuche\/wp-json\/wp\/v2\/comments?post=869"}],"version-history":[{"count":9,"href":"https:\/\/blogsaverroes.juntadeandalucia.es\/ceipelpuche\/wp-json\/wp\/v2\/pages\/869\/revisions"}],"predecessor-version":[{"id":3511,"href":"https:\/\/blogsaverroes.juntadeandalucia.es\/ceipelpuche\/wp-json\/wp\/v2\/pages\/869\/revisions\/3511"}],"wp:attachment":[{"href":"https:\/\/blogsaverroes.juntadeandalucia.es\/ceipelpuche\/wp-json\/wp\/v2\/media?parent=869"}],"curies":[{"name":"wp","href":"https:\/\/api.w.org\/{rel}","templated":true}]}}