{"id":39,"date":"2020-01-09T12:44:11","date_gmt":"2020-01-09T11:44:11","guid":{"rendered":"http:\/\/blogsaverroes.juntadeandalucia.es\/pre\/nuevoceip2v2\/?page_id=39"},"modified":"2023-01-31T18:48:53","modified_gmt":"2023-01-31T17:48:53","slug":"comedor-escolar","status":"publish","type":"page","link":"https:\/\/blogsaverroes.juntadeandalucia.es\/ceipelsantiscal\/comedor-escolar\/","title":{"rendered":"Comedor escolar"},"content":{"rendered":"<p>Ofrecemos el Servicio de Comedor a trav\u00e9s de la empresa ARAMARK. Mensualmente publicamos en el tabl\u00f3n de anuncios de iPasen el men\u00fa que ofertan. El horario del servicio es de 14h a 16h.<\/p>\n<p>Si desean solicitar el servicio de comedor deben realizarlo en la Secretar\u00eda Virtual dentro de los plazos establecidos o poni\u00e9ndose en contacto con la secretar\u00eda del centro.<\/p>\n<p>&nbsp;<\/p>\n","protected":false},"excerpt":{"rendered":"<p>Ofrecemos el Servicio de Comedor a trav\u00e9s de la empresa ARAMARK. Mensualmente publicamos en el tabl\u00f3n de anuncios de iPasen el men\u00fa que ofertan. El horario del servicio es de 14h a 16h. Si&#46;&#46;&#46;<\/p>\n","protected":false},"author":7051,"featured_media":0,"parent":0,"menu_order":0,"comment_status":"closed","ping_status":"closed","template":"","meta":{"ngg_post_thumbnail":0,"footnotes":""},"aioseo_notices":[],"_links":{"self":[{"href":"https:\/\/blogsaverroes.juntadeandalucia.es\/ceipelsantiscal\/wp-json\/wp\/v2\/pages\/39"}],"collection":[{"href":"https:\/\/blogsaverroes.juntadeandalucia.es\/ceipelsantiscal\/wp-json\/wp\/v2\/pages"}],"about":[{"href":"https:\/\/blogsaverroes.juntadeandalucia.es\/ceipelsantiscal\/wp-json\/wp\/v2\/types\/page"}],"author":[{"embeddable":true,"href":"https:\/\/blogsaverroes.juntadeandalucia.es\/ceipelsantiscal\/wp-json\/wp\/v2\/users\/7051"}],"replies":[{"embeddable":true,"href":"https:\/\/blogsaverroes.juntadeandalucia.es\/ceipelsantiscal\/wp-json\/wp\/v2\/comments?post=39"}],"version-history":[{"count":4,"href":"https:\/\/blogsaverroes.juntadeandalucia.es\/ceipelsantiscal\/wp-json\/wp\/v2\/pages\/39\/revisions"}],"predecessor-version":[{"id":827,"href":"https:\/\/blogsaverroes.juntadeandalucia.es\/ceipelsantiscal\/wp-json\/wp\/v2\/pages\/39\/revisions\/827"}],"wp:attachment":[{"href":"https:\/\/blogsaverroes.juntadeandalucia.es\/ceipelsantiscal\/wp-json\/wp\/v2\/media?parent=39"}],"curies":[{"name":"wp","href":"https:\/\/api.w.org\/{rel}","templated":true}]}}