{"id":654,"date":"2022-12-10T10:06:36","date_gmt":"2022-12-10T09:06:36","guid":{"rendered":"https:\/\/blogsaverroes.juntadeandalucia.es\/ceipelsantiscal\/?page_id=654"},"modified":"2023-01-26T13:49:19","modified_gmt":"2023-01-26T12:49:19","slug":"steam","status":"publish","type":"page","link":"https:\/\/blogsaverroes.juntadeandalucia.es\/ceipelsantiscal\/planes-y-proyectos\/steam\/","title":{"rendered":"STEAM"},"content":{"rendered":"<p style=\"text-align: justify\">La Consejer\u00eda de Desarrollo Educativo y Formaci\u00f3n Profesional de la Junta de Andaluc\u00eda vuelve a poner en marcha el <strong>Proyecto STEAM: Investigaci\u00f3n Aeroespacial aplicada al aula<\/strong>, para acercar al profesorado y al alumnado a la investigaci\u00f3n aeroespacial y poder mejorar las competencias del alumnado en ciencia y tecnolog\u00eda, poniendo al mismo en el papel de investigador acerca de los avances en el estudio aeroespacial.<\/p>\n<p style=\"text-align: justify\">Los ODS (Objetivos de Desarrollo Sostenible, Agenda 2030) 4 y 5, persiguen impulsar la innovaci\u00f3n en los centros educativos para asegurar la calidad de la educaci\u00f3n primaria, para mejorar la cualificaci\u00f3n de los docentes (metas 4.1 y 4.C), a trav\u00e9s de la actualizaci\u00f3n, mejora y reconocimiento de la pr\u00e1cticas educativas fomentando las vocaciones STEAM de manera equitativa entre ni\u00f1as y ni\u00f1os (metas 5.B y 5.C).<\/p>\n<p style=\"text-align: justify\">El presente curso el alumnado de segundo ciclo ser\u00e1 el destinatario de dicho programa. Se promueve as\u00ed la participaci\u00f3n del alumnado en proyectos que integren la ciencia, la tecnolog\u00eda, la ingenier\u00eda y las matem\u00e1ticas en conexi\u00f3n con las artes y las humanidades, de forma que despierten su inquietud por el conocimiento dentro de un \u00e1mbito STEAM<\/p>\n<p style=\"text-align: justify\">Los objetivos espec\u00edficos del proyecto son:<\/p>\n<ol>\n<li style=\"text-align: justify\">Formar al profesorado en la manipulaci\u00f3n de&nbsp;<strong>recursos<\/strong>&nbsp;y&nbsp;<strong>kits aeroespaciales<\/strong> proporcionados por la Agencia Espacial Europea y la Consejer\u00eda.<\/li>\n<li style=\"text-align: justify\">Fomentar las&nbsp;<strong>vocaciones STEAM<\/strong> en el alumnado, especialmente entre las alumnas, contribuyendo a la <strong>igualdad de oportunidades<\/strong>.<\/li>\n<\/ol>\n<p><span style=\"font-family: georgia, palatino, serif\"><strong><img loading=\"lazy\" decoding=\"async\" class=\" wp-image-752 aligncenter\" style=\"font-weight: 400\" src=\"https:\/\/blogsaverroes.juntadeandalucia.es\/ceipelsantiscal\/files\/2023\/01\/ods4-300x107.png\" alt=\"\" width=\"302\" height=\"108\" srcset=\"https:\/\/blogsaverroes.juntadeandalucia.es\/ceipelsantiscal\/files\/2023\/01\/ods4-300x107.png 300w, https:\/\/blogsaverroes.juntadeandalucia.es\/ceipelsantiscal\/files\/2023\/01\/ods4.png 376w\" sizes=\"(max-width: 302px) 100vw, 302px\" \/><img loading=\"lazy\" decoding=\"async\" class=\"size-medium wp-image-753 aligncenter\" src=\"https:\/\/blogsaverroes.juntadeandalucia.es\/ceipelsantiscal\/files\/2023\/01\/ods5-300x108.png\" alt=\"\" width=\"300\" height=\"108\" srcset=\"https:\/\/blogsaverroes.juntadeandalucia.es\/ceipelsantiscal\/files\/2023\/01\/ods5-300x108.png 300w, https:\/\/blogsaverroes.juntadeandalucia.es\/ceipelsantiscal\/files\/2023\/01\/ods5.png 374w\" sizes=\"(max-width: 300px) 100vw, 300px\" \/><img loading=\"lazy\" decoding=\"async\" class=\"size-medium wp-image-756 aligncenter\" src=\"https:\/\/blogsaverroes.juntadeandalucia.es\/ceipelsantiscal\/files\/2023\/01\/ods9-300x110.png\" alt=\"\" width=\"300\" height=\"110\" srcset=\"https:\/\/blogsaverroes.juntadeandalucia.es\/ceipelsantiscal\/files\/2023\/01\/ods9-300x110.png 300w, https:\/\/blogsaverroes.juntadeandalucia.es\/ceipelsantiscal\/files\/2023\/01\/ods9.png 371w\" sizes=\"(max-width: 300px) 100vw, 300px\" \/><\/strong><\/span><\/p>\n","protected":false},"excerpt":{"rendered":"<p>La Consejer\u00eda de Desarrollo Educativo y Formaci\u00f3n Profesional de la Junta de Andaluc\u00eda vuelve a poner en marcha el Proyecto STEAM: Investigaci\u00f3n Aeroespacial aplicada al aula, para acercar al profesorado y al alumnado a&#46;&#46;&#46;<\/p>\n","protected":false},"author":15727,"featured_media":0,"parent":55,"menu_order":0,"comment_status":"closed","ping_status":"closed","template":"","meta":{"ngg_post_thumbnail":0,"footnotes":""},"aioseo_notices":[],"_links":{"self":[{"href":"https:\/\/blogsaverroes.juntadeandalucia.es\/ceipelsantiscal\/wp-json\/wp\/v2\/pages\/654"}],"collection":[{"href":"https:\/\/blogsaverroes.juntadeandalucia.es\/ceipelsantiscal\/wp-json\/wp\/v2\/pages"}],"about":[{"href":"https:\/\/blogsaverroes.juntadeandalucia.es\/ceipelsantiscal\/wp-json\/wp\/v2\/types\/page"}],"author":[{"embeddable":true,"href":"https:\/\/blogsaverroes.juntadeandalucia.es\/ceipelsantiscal\/wp-json\/wp\/v2\/users\/15727"}],"replies":[{"embeddable":true,"href":"https:\/\/blogsaverroes.juntadeandalucia.es\/ceipelsantiscal\/wp-json\/wp\/v2\/comments?post=654"}],"version-history":[{"count":7,"href":"https:\/\/blogsaverroes.juntadeandalucia.es\/ceipelsantiscal\/wp-json\/wp\/v2\/pages\/654\/revisions"}],"predecessor-version":[{"id":823,"href":"https:\/\/blogsaverroes.juntadeandalucia.es\/ceipelsantiscal\/wp-json\/wp\/v2\/pages\/654\/revisions\/823"}],"up":[{"embeddable":true,"href":"https:\/\/blogsaverroes.juntadeandalucia.es\/ceipelsantiscal\/wp-json\/wp\/v2\/pages\/55"}],"wp:attachment":[{"href":"https:\/\/blogsaverroes.juntadeandalucia.es\/ceipelsantiscal\/wp-json\/wp\/v2\/media?parent=654"}],"curies":[{"name":"wp","href":"https:\/\/api.w.org\/{rel}","templated":true}]}}