{"id":662,"date":"2022-12-10T10:10:28","date_gmt":"2022-12-10T09:10:28","guid":{"rendered":"https:\/\/blogsaverroes.juntadeandalucia.es\/ceipelsantiscal\/?page_id=662"},"modified":"2023-01-26T13:47:36","modified_gmt":"2023-01-26T12:47:36","slug":"auladjaque","status":"publish","type":"page","link":"https:\/\/blogsaverroes.juntadeandalucia.es\/ceipelsantiscal\/planes-y-proyectos\/auladjaque\/","title":{"rendered":"AuladJaque"},"content":{"rendered":"<p style=\"text-align: justify\">El presente curso comenzamos nuevo proyecto: <span style=\"font-size: 14pt\"><strong>AuladJaque<\/strong><\/span>.<\/p>\n<p style=\"text-align: justify\">El ajedrez como juego, deporte y actividad l\u00f3gico-matem\u00e1tica supone un pasatiempo que estimula a los alumnos\/as a desarrollar habilidades y destrezas mentales, les proporciona un pensamiento reflexivo y anal\u00edtico que aplicados a la vida diaria, mejora la concentraci\u00f3n, el razonamiento y el c\u00e1lculo l\u00f3gico.<\/p>\n<p style=\"text-align: justify\">&nbsp;<\/p>\n<p style=\"text-align: justify\"><strong>Justificaci\u00f3n<\/strong><\/p>\n<p style=\"text-align: justify\">Actualmente los alumnos se ven invadidos por un gran n\u00famero de juegos electr\u00f3nicos que estimulan el pensamiento mec\u00e1nico. Adem\u00e1s, las nuevas tecnolog\u00edas y la sociedad actual nos llevan cada vez m\u00e1s a una capacidad de atenci\u00f3n y concentraci\u00f3n menor, debido en parte, al gran n\u00famero de est\u00edmulos, la concreci\u00f3n y despersonalizaci\u00f3n de las comunicaciones interpersonales, el individualismo y la soledad. En cambio con el ajedrez se desarrollan habilidades cognitivas y sociales. Destacamos doce habilidades cognitivas y sociales m\u00e1s relevantes que desarrolla la pr\u00e1ctica del ajedrez:<\/p>\n<p style=\"text-align: justify\"><strong>Memoria<\/strong><\/p>\n<p style=\"text-align: justify\">No solo se limita a recordar el movimiento de las piezas y las reglas b\u00e1sicas, sino que aprender\u00e1 jugadas, estrategias y recordar\u00e1 lances anteriores.<\/p>\n<p style=\"text-align: justify\"><strong>Capacidad de concentraci\u00f3n<\/strong><\/p>\n<p style=\"text-align: justify\">Durante la partida de ajedrez hay que centrar voluntariamente toda la atenci\u00f3n sobre las piezas del juego, dejando de lado todo lo dem\u00e1s.<\/p>\n<p style=\"text-align: justify\"><strong>Atenci\u00f3n y reflexi\u00f3n<\/strong><\/p>\n<p style=\"text-align: justify\">El alumnado con dificultades en la atenci\u00f3n, tiene en el ajedrez un juego propicio para mejorarla, ya que necesitan atenci\u00f3n en las fichas y en el tablero. Cada movimiento de ficha es el fruto de una reflexi\u00f3n, no s\u00f3lo de mis posibilidades, sino tambi\u00e9n las del oponente.<\/p>\n<p style=\"text-align: justify\"><strong>La toma de decisiones y la aceptaci\u00f3n ante un error<\/strong><\/p>\n<p style=\"text-align: justify\">El ajedrez te hace responsable de tus actos, se toman decisiones continuamente, unas afortunadas y otras no. Cada decisi\u00f3n tiene su consecuencia, con refuerzos y castigos inmediatos. Hay que recuperarse de las derrotas y sacar provecho de ellas.<\/p>\n<p style=\"text-align: justify\"><strong>La visi\u00f3n espacial y temporal<\/strong><\/p>\n<p style=\"text-align: justify\">Existe un control continuo de las piezas propias y las del contrario, de las posibilidades de movimiento. Cada partida tiene un tiempo y hay que ser consciente de su paso ya que quedarse sin tiempo supone perder la partida.<\/p>\n<p style=\"text-align: justify\"><strong>Resoluci\u00f3n de problemas<\/strong><\/p>\n<p style=\"text-align: justify\">Cada movimiento del oponente supone un problema al que enfrentarse, lo que estimula la creatividad y la inteligencia.<\/p>\n<p style=\"text-align: justify\"><strong>Razonamiento l\u00f3gico-matem\u00e1tico<\/strong><\/p>\n<p style=\"text-align: justify\">El an\u00e1lisis, la comparaci\u00f3n, la adaptaci\u00f3n de estrategias, la valoraci\u00f3n son parte del juego, y tambi\u00e9n, son fundamentos b\u00e1sicos del razonamiento eficaz que luego utilizar\u00e1n en otras \u00e1reas del saber.<\/p>\n<p style=\"text-align: justify\"><strong>Pensamiento creativo<\/strong><\/p>\n<p style=\"text-align: justify\">El jugador utiliza todo su potencial creativo en cada partida, en cada movimiento, buscando nuevas alternativas para conseguir su fin.<\/p>\n<p style=\"text-align: justify\"><strong>Capacidad cr\u00edtica<\/strong><\/p>\n<p style=\"text-align: justify\">Despu\u00e9s de cada partida los jugadores analizan juntos las jugadas, comentan porque ha tomado una decisi\u00f3n y no otra. Es importante aprender de los errores y compartir conocimientos, la rivalidad queda siempre en el tablero.<\/p>\n<p style=\"text-align: justify\"><strong>La empat\u00eda<\/strong><\/p>\n<p style=\"text-align: justify\">El ajedrez te obliga a ponerte en el lugar del otro, es necesario anticiparse a los movimientos del contrario y pensar: \u00bfqu\u00e9 har\u00eda yo en su lugar?<\/p>\n<p style=\"text-align: justify\"><strong>Socializaci\u00f3n<\/strong><\/p>\n<p style=\"text-align: justify\">El ajedrez es un juego que necesita un compa\u00f1ero\/a con el que competir, al que se conoce y se establecen lazos de amistad. El ajedrez es un juego democr\u00e1tico y no sexista, los jugadores est\u00e1n en igualdad de condiciones, las mismas piezas, el mismo n\u00famero de movimientos, es una lucha intelectual entre dos personas. En el ajedrez se juega en equipo, porque cada pieza aislada no consigue nada. Aunque sea el rey, la pieza m\u00e1s importante, s\u00f3lo la combinaci\u00f3n con otras piezas te hace llegar al triunfo.<\/p>\n<p style=\"text-align: justify\"><strong>Formaci\u00f3n en valores<\/strong><\/p>\n<p style=\"text-align: justify\">Como el esfuerzo, el propio juego lleva impl\u00edcita el esfuerzo mental para buscar nuevas combinaciones, nuevos caminos. Respeto al contrario, no menospreciar nunca al rival, las partidas se ganan o se pierden en el tablero. Cortes\u00eda, cada partida empieza y termina con un saludo. La autosuperaci\u00f3n, intentar mejorar siempre en la pr\u00f3xima partida. Solidaridad, los alumnos\/as m\u00e1s preparados ayudan a los menos preparados. Orden mental de razonamiento y orden externo, colocaci\u00f3n de piezas y recogida. Honradez, el ajedrez posee unas reglas muy estrictas, no hay margen a la interpretaci\u00f3n ni a la trampa. El ajedrez es muy asequible, se juega en todo el mundo y posee un idioma propio que es universal.<\/p>\n<p style=\"text-align: justify\">Los Objetivos de Desarrollo Sostenible (Agenda 2030) vinculados:<\/p>\n<p><img loading=\"lazy\" decoding=\"async\" class=\"size-medium wp-image-752 aligncenter\" src=\"https:\/\/blogsaverroes.juntadeandalucia.es\/ceipelsantiscal\/files\/2023\/01\/ods4-300x107.png\" alt=\"\" width=\"300\" height=\"107\" srcset=\"https:\/\/blogsaverroes.juntadeandalucia.es\/ceipelsantiscal\/files\/2023\/01\/ods4-300x107.png 300w, https:\/\/blogsaverroes.juntadeandalucia.es\/ceipelsantiscal\/files\/2023\/01\/ods4.png 376w\" sizes=\"(max-width: 300px) 100vw, 300px\" \/><\/p>\n<p><img loading=\"lazy\" decoding=\"async\" class=\"size-medium wp-image-753 aligncenter\" src=\"https:\/\/blogsaverroes.juntadeandalucia.es\/ceipelsantiscal\/files\/2023\/01\/ods5-300x108.png\" alt=\"\" width=\"300\" height=\"108\" srcset=\"https:\/\/blogsaverroes.juntadeandalucia.es\/ceipelsantiscal\/files\/2023\/01\/ods5-300x108.png 300w, https:\/\/blogsaverroes.juntadeandalucia.es\/ceipelsantiscal\/files\/2023\/01\/ods5.png 374w\" sizes=\"(max-width: 300px) 100vw, 300px\" \/><\/p>\n<p>&nbsp;<\/p>\n","protected":false},"excerpt":{"rendered":"<p>El presente curso comenzamos nuevo proyecto: AuladJaque. El ajedrez como juego, deporte y actividad l\u00f3gico-matem\u00e1tica supone un pasatiempo que estimula a los alumnos\/as a desarrollar habilidades y destrezas mentales, les proporciona un pensamiento reflexivo&#46;&#46;&#46;<\/p>\n","protected":false},"author":15727,"featured_media":0,"parent":55,"menu_order":0,"comment_status":"closed","ping_status":"closed","template":"","meta":{"ngg_post_thumbnail":0,"footnotes":""},"aioseo_notices":[],"_links":{"self":[{"href":"https:\/\/blogsaverroes.juntadeandalucia.es\/ceipelsantiscal\/wp-json\/wp\/v2\/pages\/662"}],"collection":[{"href":"https:\/\/blogsaverroes.juntadeandalucia.es\/ceipelsantiscal\/wp-json\/wp\/v2\/pages"}],"about":[{"href":"https:\/\/blogsaverroes.juntadeandalucia.es\/ceipelsantiscal\/wp-json\/wp\/v2\/types\/page"}],"author":[{"embeddable":true,"href":"https:\/\/blogsaverroes.juntadeandalucia.es\/ceipelsantiscal\/wp-json\/wp\/v2\/users\/15727"}],"replies":[{"embeddable":true,"href":"https:\/\/blogsaverroes.juntadeandalucia.es\/ceipelsantiscal\/wp-json\/wp\/v2\/comments?post=662"}],"version-history":[{"count":9,"href":"https:\/\/blogsaverroes.juntadeandalucia.es\/ceipelsantiscal\/wp-json\/wp\/v2\/pages\/662\/revisions"}],"predecessor-version":[{"id":821,"href":"https:\/\/blogsaverroes.juntadeandalucia.es\/ceipelsantiscal\/wp-json\/wp\/v2\/pages\/662\/revisions\/821"}],"up":[{"embeddable":true,"href":"https:\/\/blogsaverroes.juntadeandalucia.es\/ceipelsantiscal\/wp-json\/wp\/v2\/pages\/55"}],"wp:attachment":[{"href":"https:\/\/blogsaverroes.juntadeandalucia.es\/ceipelsantiscal\/wp-json\/wp\/v2\/media?parent=662"}],"curies":[{"name":"wp","href":"https:\/\/api.w.org\/{rel}","templated":true}]}}