{"id":666,"date":"2022-12-10T10:11:47","date_gmt":"2022-12-10T09:11:47","guid":{"rendered":"https:\/\/blogsaverroes.juntadeandalucia.es\/ceipelsantiscal\/?page_id=666"},"modified":"2023-01-20T09:46:42","modified_gmt":"2023-01-20T08:46:42","slug":"clave-iande","status":"publish","type":"page","link":"https:\/\/blogsaverroes.juntadeandalucia.es\/ceipelsantiscal\/tramites\/clave-iande\/","title":{"rendered":"Clave IANDE"},"content":{"rendered":"<p style=\"text-align: center\"><img loading=\"lazy\" decoding=\"async\" class=\"alignnone size-full wp-image-722\" src=\"https:\/\/blogsaverroes.juntadeandalucia.es\/ceipelsantiscal\/files\/2023\/01\/descarga.png\" alt=\"\" width=\"263\" height=\"192\"><\/p>\n<div>\n<p style=\"text-align: center\"><strong>Identificador Andaluz Educativo (iANDE)<\/strong><\/p>\n<\/div>\n<div>\n<p>Para facilitar telem\u00e1ticamente los procedimientos relacionados con el centro (admisi\u00f3n, matriculaci\u00f3n y otros tr\u00e1mites) y as\u00ed evitar que las familias tengan que desplazarse a las instalaciones de los mismos, se ha habilitado el<strong>&nbsp;Identificador Andaluz Educativo (iANDE)<\/strong>, una clave que les permitir\u00e1 autenticarse en la Secretar\u00eda Virtual de forma \u00e1gil y r\u00e1pida.<\/p>\n<p>Las claves iANDE se han difundido a las familias a trav\u00e9s de la app iPasen, en un mensaje anclado en la bandeja de entrada de Comunicaciones. En este mensaje los tutores legales tienen las claves iANDE de cada uno de sus hijos o hijas as\u00ed como para ellos mismos si fueran a su vez alumnos. Este mensaje permanece fijo y no se puede borrar.<\/p>\n<p>Cuando entre en iPASEN, busque su clave iANDE en&nbsp;<em>Comunicaciones &gt; Recibidos &gt; Primer mensajes (Administrador PASEN identificador Andaluz Educativo (iANDE)<\/em>.<\/p>\n<table>\n<tbody>\n<tr>\n<td><a href=\"https:\/\/blogsaverroes.juntadeandalucia.es\/iesramonycajalfuengirola\/files\/2020\/06\/ipasen_1.jpg\"><img loading=\"lazy\" decoding=\"async\" class=\"alignnone size-large wp-image-8702\" src=\"https:\/\/blogsaverroes.juntadeandalucia.es\/iesramonycajalfuengirola\/files\/2020\/06\/ipasen_1-603x1024.jpg\" alt=\"\" width=\"603\" height=\"1024\"><\/a><\/td>\n<td><a href=\"https:\/\/blogsaverroes.juntadeandalucia.es\/iesramonycajalfuengirola\/files\/2020\/06\/iPasen_2.jpg\"><img loading=\"lazy\" decoding=\"async\" class=\"alignnone size-large wp-image-8703\" src=\"https:\/\/blogsaverroes.juntadeandalucia.es\/iesramonycajalfuengirola\/files\/2020\/06\/iPasen_2-601x1024.jpg\" alt=\"\" width=\"601\" height=\"1024\"><\/a><\/td>\n<td><a href=\"https:\/\/blogsaverroes.juntadeandalucia.es\/iesramonycajalfuengirola\/files\/2020\/06\/iPasen_3.jpg\"><img loading=\"lazy\" decoding=\"async\" class=\"alignnone size-large wp-image-8704\" src=\"https:\/\/blogsaverroes.juntadeandalucia.es\/iesramonycajalfuengirola\/files\/2020\/06\/iPasen_3-605x1024.jpg\" alt=\"\" width=\"605\" height=\"1024\"><\/a><\/td>\n<\/tr>\n<\/tbody>\n<\/table>\n<\/div>\n<p style=\"text-align: left\">Para reestablecer la contrase\u00f1a, en el siguiente v\u00eddeo se explica claramente c\u00f3mo hacerlo.<\/p>\n<p style=\"text-align: center\"><a href=\"https:\/\/www.youtube.com\/watch?v=zOanzI08qSg\"><img loading=\"lazy\" decoding=\"async\" class=\" wp-image-724 aligncenter\" src=\"https:\/\/blogsaverroes.juntadeandalucia.es\/ceipelsantiscal\/files\/2023\/01\/4102946-300x300.png\" alt=\"\" width=\"171\" height=\"171\" srcset=\"https:\/\/blogsaverroes.juntadeandalucia.es\/ceipelsantiscal\/files\/2023\/01\/4102946-300x300.png 300w, https:\/\/blogsaverroes.juntadeandalucia.es\/ceipelsantiscal\/files\/2023\/01\/4102946-150x150.png 150w, https:\/\/blogsaverroes.juntadeandalucia.es\/ceipelsantiscal\/files\/2023\/01\/4102946.png 512w\" sizes=\"(max-width: 171px) 100vw, 171px\" \/><\/a><\/p>\n<p>&nbsp;<\/p>\n<p>&nbsp;<\/p>\n<p>&nbsp;<\/p>\n","protected":false},"excerpt":{"rendered":"<p>Identificador Andaluz Educativo (iANDE) Para facilitar telem\u00e1ticamente los procedimientos relacionados con el centro (admisi\u00f3n, matriculaci\u00f3n y otros tr\u00e1mites) y as\u00ed evitar que las familias tengan que desplazarse a las instalaciones de los mismos, se&#46;&#46;&#46;<\/p>\n","protected":false},"author":15727,"featured_media":0,"parent":615,"menu_order":0,"comment_status":"closed","ping_status":"closed","template":"","meta":{"ngg_post_thumbnail":0,"footnotes":""},"aioseo_notices":[],"_links":{"self":[{"href":"https:\/\/blogsaverroes.juntadeandalucia.es\/ceipelsantiscal\/wp-json\/wp\/v2\/pages\/666"}],"collection":[{"href":"https:\/\/blogsaverroes.juntadeandalucia.es\/ceipelsantiscal\/wp-json\/wp\/v2\/pages"}],"about":[{"href":"https:\/\/blogsaverroes.juntadeandalucia.es\/ceipelsantiscal\/wp-json\/wp\/v2\/types\/page"}],"author":[{"embeddable":true,"href":"https:\/\/blogsaverroes.juntadeandalucia.es\/ceipelsantiscal\/wp-json\/wp\/v2\/users\/15727"}],"replies":[{"embeddable":true,"href":"https:\/\/blogsaverroes.juntadeandalucia.es\/ceipelsantiscal\/wp-json\/wp\/v2\/comments?post=666"}],"version-history":[{"count":3,"href":"https:\/\/blogsaverroes.juntadeandalucia.es\/ceipelsantiscal\/wp-json\/wp\/v2\/pages\/666\/revisions"}],"predecessor-version":[{"id":725,"href":"https:\/\/blogsaverroes.juntadeandalucia.es\/ceipelsantiscal\/wp-json\/wp\/v2\/pages\/666\/revisions\/725"}],"up":[{"embeddable":true,"href":"https:\/\/blogsaverroes.juntadeandalucia.es\/ceipelsantiscal\/wp-json\/wp\/v2\/pages\/615"}],"wp:attachment":[{"href":"https:\/\/blogsaverroes.juntadeandalucia.es\/ceipelsantiscal\/wp-json\/wp\/v2\/media?parent=666"}],"curies":[{"name":"wp","href":"https:\/\/api.w.org\/{rel}","templated":true}]}}