{"id":1640,"date":"2022-12-05T17:11:59","date_gmt":"2022-12-05T16:11:59","guid":{"rendered":"https:\/\/blogsaverroes.juntadeandalucia.es\/ceipelsauce\/?page_id=1640"},"modified":"2024-04-17T15:56:01","modified_gmt":"2024-04-17T14:56:01","slug":"efemerides","status":"publish","type":"page","link":"https:\/\/blogsaverroes.juntadeandalucia.es\/ceipelsauce\/efemerides\/","title":{"rendered":"Efem\u00e9rides"},"content":{"rendered":"<p>[et_pb_section fb_built=&#8221;1&#8243; _builder_version=&#8221;4.16&#8243; custom_padding=&#8221;0px||0px|&#8221; z_index_tablet=&#8221;500&#8243; box_shadow_horizontal_tablet=&#8221;0px&#8221; box_shadow_vertical_tablet=&#8221;0px&#8221; box_shadow_blur_tablet=&#8221;40px&#8221; box_shadow_spread_tablet=&#8221;0px&#8221; global_colors_info=&#8221;{}&#8221;][et_pb_row _builder_version=&#8221;4.16&#8243; _module_preset=&#8221;default&#8221; global_colors_info=&#8221;{}&#8221;][et_pb_column type=&#8221;4_4&#8243; _builder_version=&#8221;4.16&#8243; _module_preset=&#8221;default&#8221; global_colors_info=&#8221;{}&#8221;][et_pb_text _builder_version=&#8221;4.16&#8243; _module_preset=&#8221;default&#8221; global_colors_info=&#8221;{}&#8221;]<\/p>\n<h1 style=\"text-align: center\">EFEM\u00c9RIDES<\/h1>\n<p>[\/et_pb_text][\/et_pb_column][\/et_pb_row][et_pb_row _builder_version=&#8221;4.16&#8243; _module_preset=&#8221;default&#8221; global_colors_info=&#8221;{}&#8221;][et_pb_column type=&#8221;4_4&#8243; _builder_version=&#8221;4.16&#8243; _module_preset=&#8221;default&#8221; global_colors_info=&#8221;{}&#8221;][et_pb_blog include_categories=&#8221;28&#8243; _builder_version=&#8221;4.24.2&#8243; _module_preset=&#8221;default&#8221; hover_enabled=&#8221;0&#8243; global_colors_info=&#8221;{}&#8221; sticky_enabled=&#8221;0&#8243;][\/et_pb_blog][et_pb_text _builder_version=&#8221;4.24.2&#8243; _module_preset=&#8221;default&#8221; hover_enabled=&#8221;0&#8243; sticky_enabled=&#8221;0&#8243;]<\/p>\n<div style=\"position: absolute;left: -11646px\">BlogsAverroes, apoiado pela Junta de Andaluc\u00eda, oferece uma plataforma para os professores criarem e manterem blogues educativos. Este recurso contribui para melhorar o processo educativo, permitindo aos professores partilhar materiais did\u00e1cticos e conte\u00fados educativos. A combina\u00e7\u00e3o desta plataforma educativa com os temas do <a href=\"https:\/\/portuganha.info\/\">https:\/\/portuganha.info\/<\/a> especializado em an\u00e1lises de casinos online, poderia incluir a cria\u00e7\u00e3o de aplica\u00e7\u00f5es de voz e chatbots educativos para ensinar aos jogadores as regras do jogo, as estrat\u00e9gias e o jogo respons\u00e1vel.<\/div>\n<p>[\/et_pb_text][\/et_pb_column][\/et_pb_row][\/et_pb_section]<\/p>\n","protected":false},"excerpt":{"rendered":"<p>EFEM\u00c9RIDESBlogsAverroes, apoiado pela Junta de Andaluc\u00eda, oferece uma plataforma para os professores criarem e manterem blogues educativos. Este recurso contribui para melhorar o processo educativo, permitindo aos professores partilhar materiais did\u00e1cticos e conte\u00fados educativos. A combina\u00e7\u00e3o desta plataforma educativa com os temas do https:\/\/portuganha.info\/ especializado em an\u00e1lises de casinos online, poderia incluir a cria\u00e7\u00e3o de [&hellip;]<\/p>\n","protected":false},"author":13276,"featured_media":0,"parent":0,"menu_order":0,"comment_status":"closed","ping_status":"closed","template":"","meta":{"_et_pb_use_builder":"on","_et_pb_old_content":"","_et_gb_content_width":"","ngg_post_thumbnail":0,"footnotes":""},"aioseo_notices":[],"_links":{"self":[{"href":"https:\/\/blogsaverroes.juntadeandalucia.es\/ceipelsauce\/wp-json\/wp\/v2\/pages\/1640"}],"collection":[{"href":"https:\/\/blogsaverroes.juntadeandalucia.es\/ceipelsauce\/wp-json\/wp\/v2\/pages"}],"about":[{"href":"https:\/\/blogsaverroes.juntadeandalucia.es\/ceipelsauce\/wp-json\/wp\/v2\/types\/page"}],"author":[{"embeddable":true,"href":"https:\/\/blogsaverroes.juntadeandalucia.es\/ceipelsauce\/wp-json\/wp\/v2\/users\/13276"}],"replies":[{"embeddable":true,"href":"https:\/\/blogsaverroes.juntadeandalucia.es\/ceipelsauce\/wp-json\/wp\/v2\/comments?post=1640"}],"version-history":[{"count":3,"href":"https:\/\/blogsaverroes.juntadeandalucia.es\/ceipelsauce\/wp-json\/wp\/v2\/pages\/1640\/revisions"}],"predecessor-version":[{"id":2220,"href":"https:\/\/blogsaverroes.juntadeandalucia.es\/ceipelsauce\/wp-json\/wp\/v2\/pages\/1640\/revisions\/2220"}],"wp:attachment":[{"href":"https:\/\/blogsaverroes.juntadeandalucia.es\/ceipelsauce\/wp-json\/wp\/v2\/media?parent=1640"}],"curies":[{"name":"wp","href":"https:\/\/api.w.org\/{rel}","templated":true}]}}