{"id":35,"date":"2020-01-09T12:42:54","date_gmt":"2020-01-09T11:42:54","guid":{"rendered":"http:\/\/blogsaverroes.juntadeandalucia.es\/pre\/nuevoceip2v2\/?page_id=35"},"modified":"2025-10-06T19:38:26","modified_gmt":"2025-10-06T18:38:26","slug":"biblioteca","status":"publish","type":"page","link":"https:\/\/blogsaverroes.juntadeandalucia.es\/ceipelsauce\/biblioteca\/","title":{"rendered":"Biblioteca"},"content":{"rendered":"<p>[et_pb_section fb_built=&#8221;1&#8243; admin_label=&#8221;section&#8221; _builder_version=&#8221;4.16&#8243; global_colors_info=&#8221;{}&#8221;][et_pb_row _builder_version=&#8221;4.16&#8243; _module_preset=&#8221;default&#8221; global_colors_info=&#8221;{}&#8221;][et_pb_column type=&#8221;4_4&#8243; _builder_version=&#8221;4.16&#8243; _module_preset=&#8221;default&#8221; global_colors_info=&#8221;{}&#8221;][et_pb_text _builder_version=&#8221;4.16&#8243; _module_preset=&#8221;default&#8221; custom_padding=&#8221;||0px|||&#8221; global_colors_info=&#8221;{}&#8221;]<\/p>\n<h1 style=\"text-align: center\"><span style=\"color: #e09900\">NUESTRA BIBLIOTECA<\/span><\/h1>\n<p>[\/et_pb_text][\/et_pb_column][\/et_pb_row][et_pb_row column_structure=&#8221;1_2,1_2&#8243; admin_label=&#8221;row&#8221; _builder_version=&#8221;4.16&#8243; background_size=&#8221;initial&#8221; background_position=&#8221;top_left&#8221; background_repeat=&#8221;repeat&#8221; global_colors_info=&#8221;{}&#8221;][et_pb_column type=&#8221;1_2&#8243; _builder_version=&#8221;4.16&#8243; custom_padding=&#8221;|||&#8221; global_colors_info=&#8221;{}&#8221; custom_padding__hover=&#8221;|||&#8221;][et_pb_image src=&#8221;https:\/\/blogsaverroes.juntadeandalucia.es\/ceipelsauce\/files\/2022\/03\/WhatsApp-Image-2022-03-07-at-8.36.34-PM.jpeg&#8221; title_text=&#8221;WhatsApp Image 2022-03-07 at 8.36.34 PM&#8221; _builder_version=&#8221;4.16&#8243; _module_preset=&#8221;default&#8221; global_colors_info=&#8221;{}&#8221;][\/et_pb_image][\/et_pb_column][et_pb_column type=&#8221;1_2&#8243; _builder_version=&#8221;4.16&#8243; _module_preset=&#8221;default&#8221; global_colors_info=&#8221;{}&#8221;][et_pb_text admin_label=&#8221;Text&#8221; _builder_version=&#8221;4.24.2&#8243; background_size=&#8221;initial&#8221; background_position=&#8221;top_left&#8221; background_repeat=&#8221;repeat&#8221; hover_enabled=&#8221;0&#8243; global_colors_info=&#8221;{}&#8221; sticky_enabled=&#8221;0&#8243;]<\/p>\n<p style=\"text-align: left\">Nuestra biblioteca es un espacio de consulta y lectura. Un espacio para realizaci\u00f3n de diversas actividades de animaci\u00f3n a la lectura.<\/p>\n<p>Accede al cat\u00e1logo de nuestra biblioteca a trav\u00e9s de <a href=\"https:\/\/seneca.juntadeandalucia.es\/seneca\/biblioweb\/portal\/18002139\"><span style=\"text-decoration: underline;color: #339966\">BIBLIOWEB S\u00c9NECA.<\/span><\/a><\/p>\n<p><a href=\"https:\/\/seneca.juntadeandalucia.es\/seneca\/biblioweb\/portal\/18002139\"><img fetchpriority=\"high\" fetchpriority=\"high\" decoding=\"async\" class=\"alignnone size-full wp-image-694\" style=\"margin-left: auto;margin-right: auto\" src=\"https:\/\/blogsaverroes.juntadeandalucia.es\/ceipelsauce\/files\/2022\/02\/biblioweb-seneca.png\" alt=\"\" width=\"241\" height=\"209\"><\/a><\/p>\n<p>[\/et_pb_text][\/et_pb_column][\/et_pb_row][et_pb_row _builder_version=&#8221;4.16&#8243; _module_preset=&#8221;default&#8221; global_colors_info=&#8221;{}&#8221;][et_pb_column type=&#8221;4_4&#8243; _builder_version=&#8221;4.16&#8243; _module_preset=&#8221;default&#8221; global_colors_info=&#8221;{}&#8221;][et_pb_blog include_categories=&#8221;18&#8243; _builder_version=&#8221;4.24.2&#8243; _module_preset=&#8221;default&#8221; hover_enabled=&#8221;0&#8243; global_colors_info=&#8221;{}&#8221; sticky_enabled=&#8221;0&#8243;][\/et_pb_blog][\/et_pb_column][\/et_pb_row][\/et_pb_section]<\/p>\n","protected":false},"excerpt":{"rendered":"<p>NUESTRA BIBLIOTECANuestra biblioteca es un espacio de consulta y lectura. Un espacio para realizaci\u00f3n de diversas actividades de animaci\u00f3n a la lectura. Accede al cat\u00e1logo de nuestra biblioteca a trav\u00e9s de BIBLIOWEB S\u00c9NECA.<\/p>\n","protected":false},"author":9000,"featured_media":694,"parent":0,"menu_order":0,"comment_status":"closed","ping_status":"closed","template":"","meta":{"_et_pb_use_builder":"on","_et_pb_old_content":"<p style=\"text-align: left\">Nuestra biblioteca es un espacio de consulta y lectura. Un espacio para realizaci\u00f3n de diversas actividades de animaci\u00f3n a la lectura.<\/p>\r\nAccede al cat\u00e1logo de nuestra biblioteca a trav\u00e9s de <a href=\"https:\/\/www.juntadeandalucia.es\/educacion\/senecav2\/seneca\/biblioweb\/portal\/18002139\">BIBLIOWEB S\u00c9NECA.<\/a>\r\n\r\n<img class=\"alignnone size-full wp-image-694\" src=\"https:\/\/blogsaverroes.juntadeandalucia.es\/ceipelsauce\/files\/2022\/02\/biblioweb-seneca.png\" alt=\"\" width=\"241\" height=\"209\">","_et_gb_content_width":"","ngg_post_thumbnail":0,"footnotes":""},"aioseo_notices":[],"_links":{"self":[{"href":"https:\/\/blogsaverroes.juntadeandalucia.es\/ceipelsauce\/wp-json\/wp\/v2\/pages\/35"}],"collection":[{"href":"https:\/\/blogsaverroes.juntadeandalucia.es\/ceipelsauce\/wp-json\/wp\/v2\/pages"}],"about":[{"href":"https:\/\/blogsaverroes.juntadeandalucia.es\/ceipelsauce\/wp-json\/wp\/v2\/types\/page"}],"author":[{"embeddable":true,"href":"https:\/\/blogsaverroes.juntadeandalucia.es\/ceipelsauce\/wp-json\/wp\/v2\/users\/9000"}],"replies":[{"embeddable":true,"href":"https:\/\/blogsaverroes.juntadeandalucia.es\/ceipelsauce\/wp-json\/wp\/v2\/comments?post=35"}],"version-history":[{"count":12,"href":"https:\/\/blogsaverroes.juntadeandalucia.es\/ceipelsauce\/wp-json\/wp\/v2\/pages\/35\/revisions"}],"predecessor-version":[{"id":2410,"href":"https:\/\/blogsaverroes.juntadeandalucia.es\/ceipelsauce\/wp-json\/wp\/v2\/pages\/35\/revisions\/2410"}],"wp:featuredmedia":[{"embeddable":true,"href":"https:\/\/blogsaverroes.juntadeandalucia.es\/ceipelsauce\/wp-json\/wp\/v2\/media\/694"}],"wp:attachment":[{"href":"https:\/\/blogsaverroes.juntadeandalucia.es\/ceipelsauce\/wp-json\/wp\/v2\/media?parent=35"}],"curies":[{"name":"wp","href":"https:\/\/api.w.org\/{rel}","templated":true}]}}