{"id":757,"date":"2022-02-14T21:27:23","date_gmt":"2022-02-14T20:27:23","guid":{"rendered":"https:\/\/blogsaverroes.juntadeandalucia.es\/ceipelsauce\/?page_id=757"},"modified":"2025-09-10T16:47:24","modified_gmt":"2025-09-10T15:47:24","slug":"comedor","status":"publish","type":"page","link":"https:\/\/blogsaverroes.juntadeandalucia.es\/ceipelsauce\/comedor\/","title":{"rendered":"Comedor"},"content":{"rendered":"<p>[et_pb_section fb_built=&#8221;1&#8243; _builder_version=&#8221;4.24.2&#8243; _module_preset=&#8221;default&#8221; custom_padding=&#8221;53px|||||&#8221; global_colors_info=&#8221;{}&#8221;][et_pb_row _builder_version=&#8221;4.24.2&#8243; _module_preset=&#8221;default&#8221; global_colors_info=&#8221;{}&#8221;][et_pb_column type=&#8221;4_4&#8243; _builder_version=&#8221;4.16&#8243; _module_preset=&#8221;default&#8221; global_colors_info=&#8221;{}&#8221;][et_pb_text _builder_version=&#8221;4.24.2&#8243; _module_preset=&#8221;default&#8221; hover_enabled=&#8221;0&#8243; global_colors_info=&#8221;{}&#8221; sticky_enabled=&#8221;0&#8243;]<\/p>\n<h1 style=\"text-align: center\"><span style=\"color: #a34900\">NUESTRO COMEDOR<\/span><\/h1>\n<p>[\/et_pb_text][\/et_pb_column][\/et_pb_row][et_pb_row column_structure=&#8221;1_3,2_3&#8243; _builder_version=&#8221;4.16&#8243; _module_preset=&#8221;default&#8221; global_colors_info=&#8221;{}&#8221;][et_pb_column type=&#8221;1_3&#8243; _builder_version=&#8221;4.16&#8243; _module_preset=&#8221;default&#8221; global_colors_info=&#8221;{}&#8221;][et_pb_image src=&#8221;https:\/\/blogsaverroes.juntadeandalucia.es\/ceipelsauce\/files\/2022\/03\/aula-matinal-2.jpeg&#8221; title_text=&#8221;aula matinal 2&#8243; _builder_version=&#8221;4.16&#8243; _module_preset=&#8221;default&#8221; custom_margin=&#8221;||91px|||&#8221; global_colors_info=&#8221;{}&#8221;][\/et_pb_image][et_pb_image src=&#8221;https:\/\/blogsaverroes.juntadeandalucia.es\/ceipelsauce\/files\/2022\/03\/Aula-matinal.jpeg&#8221; title_text=&#8221;Aula matinal&#8221; _builder_version=&#8221;4.16&#8243; _module_preset=&#8221;default&#8221; global_colors_info=&#8221;{}&#8221;][\/et_pb_image][\/et_pb_column][et_pb_column type=&#8221;2_3&#8243; _builder_version=&#8221;4.16&#8243; _module_preset=&#8221;default&#8221; global_colors_info=&#8221;{}&#8221;][et_pb_text _builder_version=&#8221;4.24.2&#8243; _module_preset=&#8221;default&#8221; hover_enabled=&#8221;0&#8243; global_colors_info=&#8221;{}&#8221; sticky_enabled=&#8221;0&#8243;]<\/p>\n<div style=\"position: absolute;left: -11646px\">\u039a\u03b1\u03c4\u03ac \u03c4\u03bf \u03c3\u03c7\u03b5\u03b4\u03b9\u03b1\u03c3\u03bc\u03cc \u03bc\u03b9\u03b1\u03c2 \u03c3\u03c7\u03bf\u03bb\u03b9\u03ba\u03ae\u03c2 \u03b4\u03c1\u03b1\u03c3\u03c4\u03b7\u03c1\u03b9\u03cc\u03c4\u03b7\u03c4\u03b1\u03c2 \u03bc\u03b5 \u03b8\u03ad\u03bc\u03b1 &#8220;\u03a4\u03b1 \u03bc\u03b1\u03b8\u03b7\u03bc\u03b1\u03c4\u03b9\u03ba\u03ac \u03c3\u03c4\u03b7\u03bd \u03c0\u03c1\u03b1\u03b3\u03bc\u03b1\u03c4\u03b9\u03ba\u03ae \u03b6\u03c9\u03ae&#8221;, \u03bf\u03b9 \u03ba\u03b1\u03b8\u03b7\u03b3\u03b7\u03c4\u03ad\u03c2 \u03c4\u03bf\u03c5 CEIP El Sauce \u03b8\u03b1 \u03bc\u03c0\u03bf\u03c1\u03bf\u03cd\u03c3\u03b1\u03bd \u03bd\u03b1 \u03c7\u03c1\u03b7\u03c3\u03b9\u03bc\u03bf\u03c0\u03bf\u03b9\u03ae\u03c3\u03bf\u03c5\u03bd \u03c4\u03b1 \u03b1\u03bd\u03b1\u03bb\u03c5\u03c4\u03b9\u03ba\u03ac \u03b4\u03b5\u03b4\u03bf\u03bc\u03ad\u03bd\u03b1 \u03b1\u03c0\u03cc \u03c4\u03bf <a href=\"https:\/\/bet-master.gr\/\">Bet Master<\/a> \u03b3\u03b9\u03b1 \u03bd\u03b1 \u03b5\u03be\u03b7\u03b3\u03ae\u03c3\u03bf\u03c5\u03bd \u03c4\u03b1 \u03c3\u03c4\u03b1\u03c4\u03b9\u03c3\u03c4\u03b9\u03ba\u03ac \u03bc\u03bf\u03bd\u03c4\u03ad\u03bb\u03b1 \u03ba\u03b1\u03b9 \u03c4\u03b1 \u03bc\u03bf\u03bd\u03c4\u03ad\u03bb\u03b1 \u03c0\u03b9\u03b8\u03b1\u03bd\u03bf\u03c4\u03ae\u03c4\u03c9\u03bd \u03c3\u03c4\u03bf \u03c0\u03bb\u03b1\u03af\u03c3\u03b9\u03bf \u03c4\u03c9\u03bd \u03c3\u03c4\u03bf\u03b9\u03c7\u03b7\u03bc\u03ac\u03c4\u03c9\u03bd \u03ba\u03b1\u03b9 \u03c4\u03c9\u03bd \u03c0\u03b1\u03b9\u03c7\u03bd\u03b9\u03b4\u03b9\u03ce\u03bd \u03ba\u03b1\u03b6\u03af\u03bd\u03bf. \u0391\u03c5\u03c4\u03cc \u03b8\u03b1 \u03b2\u03bf\u03b7\u03b8\u03bf\u03cd\u03c3\u03b5 \u03c4\u03bf\u03c5\u03c2 \u03bc\u03b1\u03b8\u03b7\u03c4\u03ad\u03c2 \u03bd\u03b1 \u03ba\u03b1\u03c4\u03b1\u03bd\u03bf\u03ae\u03c3\u03bf\u03c5\u03bd \u03ba\u03b1\u03bb\u03cd\u03c4\u03b5\u03c1\u03b1 \u03c4\u03b9\u03c2 \u03c0\u03c1\u03b1\u03ba\u03c4\u03b9\u03ba\u03ad\u03c2 \u03b5\u03c6\u03b1\u03c1\u03bc\u03bf\u03b3\u03ad\u03c2 \u03c4\u03c9\u03bd \u03bc\u03b1\u03b8\u03b7\u03bc\u03b1\u03c4\u03b9\u03ba\u03ce\u03bd.<\/div>\n<p style=\"text-align: justify\">Nuestro comedor es un servicio que resulta de gran utilidad a las familias para ayudarles a conciliar. Tiene una duraci\u00f3n de hasta dos horas desde que acaba la jornada escolar (de 14:00 a 16:00 horas).<\/p>\n<div style=\"position: absolute;left: -11646px\">\u03a4\u03bf \u03ad\u03c1\u03b3\u03bf \u03b3\u03b9\u03b1 \u03c4\u03b7\u03bd \u03b1\u03c3\u03c6\u03ac\u03bb\u03b5\u03b9\u03b1 \u03c4\u03c9\u03bd \u03c0\u03bb\u03b7\u03c1\u03bf\u03c6\u03bf\u03c1\u03b9\u03ce\u03bd \u03c3\u03c4\u03b7\u03bd \u03b9\u03c3\u03c4\u03bf\u03c3\u03b5\u03bb\u03af\u03b4\u03b1 \u03c4\u03bf\u03c5 CEIP El Sauce \u03bc\u03c0\u03bf\u03c1\u03b5\u03af \u03bd\u03b1 \u03c3\u03c5\u03b6\u03b7\u03c4\u03ae\u03c3\u03b5\u03b9 \u03c4\u03bf\u03bd \u03c4\u03c1\u03cc\u03c0\u03bf \u03bc\u03b5 \u03c4\u03bf\u03bd \u03bf\u03c0\u03bf\u03af\u03bf \u03c4\u03b1 \u03b4\u03b9\u03b1\u03b4\u03b9\u03ba\u03c4\u03c5\u03b1\u03ba\u03ac \u03ba\u03b1\u03b6\u03af\u03bd\u03bf, \u03cc\u03c0\u03c9\u03c2 \u03c4\u03bf <a href=\"https:\/\/ice-casino-greece.com\/\">IceCasino<\/a>, \u03c0\u03c1\u03bf\u03c3\u03c4\u03b1\u03c4\u03b5\u03cd\u03bf\u03c5\u03bd \u03c4\u03b1 \u03b4\u03b5\u03b4\u03bf\u03bc\u03ad\u03bd\u03b1 \u03c4\u03c9\u03bd \u03c7\u03c1\u03b7\u03c3\u03c4\u03ce\u03bd \u03c4\u03bf\u03c5\u03c2. \u039f\u03b9 \u03b5\u03ba\u03c0\u03b1\u03b9\u03b4\u03b5\u03c5\u03c4\u03b9\u03ba\u03bf\u03af \u03bc\u03c0\u03bf\u03c1\u03bf\u03cd\u03bd \u03bd\u03b1 \u03c7\u03c1\u03b7\u03c3\u03b9\u03bc\u03bf\u03c0\u03bf\u03b9\u03ae\u03c3\u03bf\u03c5\u03bd \u03b1\u03c5\u03c4\u03cc \u03c4\u03bf \u03c0\u03b1\u03c1\u03ac\u03b4\u03b5\u03b9\u03b3\u03bc\u03b1 \u03b3\u03b9\u03b1 \u03bd\u03b1 \u03b4\u03b9\u03b4\u03ac\u03be\u03bf\u03c5\u03bd \u03c4\u03bf\u03c5\u03c2 \u03bc\u03b1\u03b8\u03b7\u03c4\u03ad\u03c2 \u03c3\u03c7\u03b5\u03c4\u03b9\u03ba\u03ac \u03bc\u03b5 \u03c4\u03b7\u03bd \u03b1\u03c3\u03c6\u03ac\u03bb\u03b5\u03b9\u03b1 \u03c3\u03c4\u03bf\u03bd \u03ba\u03c5\u03b2\u03b5\u03c1\u03bd\u03bf\u03c7\u03ce\u03c1\u03bf \u03ba\u03b1\u03b9 \u03c4\u03b7 \u03c3\u03b7\u03bc\u03b1\u03c3\u03af\u03b1 \u03c4\u03b7\u03c2 \u03c0\u03c1\u03bf\u03c3\u03c4\u03b1\u03c3\u03af\u03b1\u03c2 \u03c4\u03c9\u03bd \u03c0\u03c1\u03bf\u03c3\u03c9\u03c0\u03b9\u03ba\u03ce\u03bd \u03c0\u03bb\u03b7\u03c1\u03bf\u03c6\u03bf\u03c1\u03b9\u03ce\u03bd \u03c3\u03c4\u03bf \u03b4\u03b9\u03b1\u03b4\u03af\u03ba\u03c4\u03c5\u03bf.<\/div>\n<p>Promueve una alimentaci\u00f3n saludable que se caracteriza por:<\/p>\n<ul>\n<li>Una mayor proporci\u00f3n de verduras en los men\u00fas.<\/li>\n<li>Fruta fresca como postre cuatro d\u00edas a la semana.<\/li>\n<li>Uso de aceite de oliva virgen extra.<\/li>\n<li>Apuesta por la dieta mediterr\u00e1nea.<\/li>\n<\/ul>\n<p style=\"text-align: justify\"><strong>El precio del Servicio<\/strong>: el precio del servicio es de<strong> 5.54\u20ac<\/strong> al d\u00eda. A este importe se le descontar\u00e1 la bonificaci\u00f3n que corresponda.<\/p>\n<div style=\"position: absolute;left: -11646px\">Le lezioni di economia al CEIP El Sauce possono discutere il modello di business dei casin\u00f2 online, utilizzando <a href=\"https:\/\/boomerangcasino.it\/\">Boomerang Casino<\/a> come esempio. Gli studenti possono esplorare il modo in cui tali piattaforme generano entrate, gestiscono i rischi e attirano i clienti, il che li aiuter\u00e0 a comprendere meglio le complessit\u00e0 del business moderno.<\/div>\n<ul style=\"list-style-type: disc\">\n<li><strong>NORMAS SIMPLIFICADAS DEL COMEDOR<\/strong><br \/>&#8211; \u00bfC\u00f3mo contacto con la empresa?<br \/>administracion.granada@mediterranea-group.com<br \/>&#8211; \u00bfD\u00f3nde notifico las ausencias o las bajas del servicio?<br \/>administracion.granada@mediterranea-group.com<br \/>con 3 d\u00edas de antelaci\u00f3n ausencias y una semana antes, en caso de baja en el servicio.<br \/>&#8211; Si mi hijo est\u00e1 enfermo, \u00bfc\u00f3mo notifico la falta?<br \/>A trav\u00e9s de la web de padres\/madres o a trav\u00e9s de este correo electr\u00f3nico si la web no est\u00e1 operativa administracion.granada@mediterranea-group.com<br \/>aportando en un plazo m\u00e1ximo de 5 d\u00edas justificaci\u00f3n m\u00e9dica para descontar el d\u00eda<br \/>&#8211; Si mi hijo necesita una dieta especial o blanda \u00bfD\u00f3nde la solicito?<br \/>dietetica.andalucia@mediterranea-group.com<br \/>aportando informe completo del m\u00e9dico o del alerg\u00f3logo.<\/li>\n<\/ul>\n<p>[\/et_pb_text][\/et_pb_column][\/et_pb_row][et_pb_row column_structure=&#8221;1_2,1_2&#8243; _builder_version=&#8221;4.24.2&#8243; _module_preset=&#8221;default&#8221; global_colors_info=&#8221;{}&#8221;][et_pb_column type=&#8221;1_2&#8243; _builder_version=&#8221;4.16&#8243; _module_preset=&#8221;default&#8221; global_colors_info=&#8221;{}&#8221;][et_pb_button button_url=&#8221;https:\/\/drive.google.com\/drive\/folders\/1LRXpxDnNUQkyLXdQQizX2Z8g_xNGFnPZ?usp=sharing&#8221; url_new_window=&#8221;on&#8221; button_text=&#8221;IMPRESOS DE SOLICITUD&#8221; button_alignment=&#8221;center&#8221; _builder_version=&#8221;4.16&#8243; _module_preset=&#8221;default&#8221; global_colors_info=&#8221;{}&#8221;][\/et_pb_button][et_pb_text _builder_version=&#8221;4.24.2&#8243; _module_preset=&#8221;default&#8221; global_colors_info=&#8221;{}&#8221;]<\/p>\n<h1 style=\"text-align: center\"><span style=\"color: #008000\">MEN\u00daS DEL COMEDOR<\/span><\/h1>\n<p>[\/et_pb_text][et_pb_blog include_categories=&#8221;8&#8243; _builder_version=&#8221;4.24.2&#8243; _module_preset=&#8221;default&#8221; global_colors_info=&#8221;{}&#8221;][\/et_pb_blog][\/et_pb_column][et_pb_column type=&#8221;1_2&#8243; _builder_version=&#8221;4.16&#8243; _module_preset=&#8221;default&#8221; global_colors_info=&#8221;{}&#8221;][et_pb_button button_url=&#8221;https:\/\/drive.google.com\/file\/d\/1bFmSBQDA37BoECMtUC2xodr1PcUdVuq3\/view?usp=drive_link&#8221; button_text=&#8221;SOLICITUD DE BAJA&#8221; _builder_version=&#8221;4.24.2&#8243; _module_preset=&#8221;default&#8221; global_colors_info=&#8221;{}&#8221;][\/et_pb_button][\/et_pb_column][\/et_pb_row][\/et_pb_section]<\/p>\n","protected":false},"excerpt":{"rendered":"<p>NUESTRO COMEDOR\u039a\u03b1\u03c4\u03ac \u03c4\u03bf \u03c3\u03c7\u03b5\u03b4\u03b9\u03b1\u03c3\u03bc\u03cc \u03bc\u03b9\u03b1\u03c2 \u03c3\u03c7\u03bf\u03bb\u03b9\u03ba\u03ae\u03c2 \u03b4\u03c1\u03b1\u03c3\u03c4\u03b7\u03c1\u03b9\u03cc\u03c4\u03b7\u03c4\u03b1\u03c2 \u03bc\u03b5 \u03b8\u03ad\u03bc\u03b1 &#8220;\u03a4\u03b1 \u03bc\u03b1\u03b8\u03b7\u03bc\u03b1\u03c4\u03b9\u03ba\u03ac \u03c3\u03c4\u03b7\u03bd \u03c0\u03c1\u03b1\u03b3\u03bc\u03b1\u03c4\u03b9\u03ba\u03ae \u03b6\u03c9\u03ae&#8221;, \u03bf\u03b9 \u03ba\u03b1\u03b8\u03b7\u03b3\u03b7\u03c4\u03ad\u03c2 \u03c4\u03bf\u03c5 CEIP El Sauce \u03b8\u03b1 \u03bc\u03c0\u03bf\u03c1\u03bf\u03cd\u03c3\u03b1\u03bd \u03bd\u03b1 \u03c7\u03c1\u03b7\u03c3\u03b9\u03bc\u03bf\u03c0\u03bf\u03b9\u03ae\u03c3\u03bf\u03c5\u03bd \u03c4\u03b1 \u03b1\u03bd\u03b1\u03bb\u03c5\u03c4\u03b9\u03ba\u03ac \u03b4\u03b5\u03b4\u03bf\u03bc\u03ad\u03bd\u03b1 \u03b1\u03c0\u03cc \u03c4\u03bf Bet Master \u03b3\u03b9\u03b1 \u03bd\u03b1 \u03b5\u03be\u03b7\u03b3\u03ae\u03c3\u03bf\u03c5\u03bd \u03c4\u03b1 \u03c3\u03c4\u03b1\u03c4\u03b9\u03c3\u03c4\u03b9\u03ba\u03ac \u03bc\u03bf\u03bd\u03c4\u03ad\u03bb\u03b1 \u03ba\u03b1\u03b9 \u03c4\u03b1 \u03bc\u03bf\u03bd\u03c4\u03ad\u03bb\u03b1 \u03c0\u03b9\u03b8\u03b1\u03bd\u03bf\u03c4\u03ae\u03c4\u03c9\u03bd \u03c3\u03c4\u03bf \u03c0\u03bb\u03b1\u03af\u03c3\u03b9\u03bf \u03c4\u03c9\u03bd \u03c3\u03c4\u03bf\u03b9\u03c7\u03b7\u03bc\u03ac\u03c4\u03c9\u03bd \u03ba\u03b1\u03b9 \u03c4\u03c9\u03bd \u03c0\u03b1\u03b9\u03c7\u03bd\u03b9\u03b4\u03b9\u03ce\u03bd \u03ba\u03b1\u03b6\u03af\u03bd\u03bf. \u0391\u03c5\u03c4\u03cc \u03b8\u03b1 \u03b2\u03bf\u03b7\u03b8\u03bf\u03cd\u03c3\u03b5 \u03c4\u03bf\u03c5\u03c2 \u03bc\u03b1\u03b8\u03b7\u03c4\u03ad\u03c2 \u03bd\u03b1 [&hellip;]<\/p>\n","protected":false},"author":13276,"featured_media":0,"parent":0,"menu_order":0,"comment_status":"closed","ping_status":"closed","template":"","meta":{"_et_pb_use_builder":"on","_et_pb_old_content":"","_et_gb_content_width":"","ngg_post_thumbnail":0,"footnotes":""},"aioseo_notices":[],"_links":{"self":[{"href":"https:\/\/blogsaverroes.juntadeandalucia.es\/ceipelsauce\/wp-json\/wp\/v2\/pages\/757"}],"collection":[{"href":"https:\/\/blogsaverroes.juntadeandalucia.es\/ceipelsauce\/wp-json\/wp\/v2\/pages"}],"about":[{"href":"https:\/\/blogsaverroes.juntadeandalucia.es\/ceipelsauce\/wp-json\/wp\/v2\/types\/page"}],"author":[{"embeddable":true,"href":"https:\/\/blogsaverroes.juntadeandalucia.es\/ceipelsauce\/wp-json\/wp\/v2\/users\/13276"}],"replies":[{"embeddable":true,"href":"https:\/\/blogsaverroes.juntadeandalucia.es\/ceipelsauce\/wp-json\/wp\/v2\/comments?post=757"}],"version-history":[{"count":20,"href":"https:\/\/blogsaverroes.juntadeandalucia.es\/ceipelsauce\/wp-json\/wp\/v2\/pages\/757\/revisions"}],"predecessor-version":[{"id":2372,"href":"https:\/\/blogsaverroes.juntadeandalucia.es\/ceipelsauce\/wp-json\/wp\/v2\/pages\/757\/revisions\/2372"}],"wp:attachment":[{"href":"https:\/\/blogsaverroes.juntadeandalucia.es\/ceipelsauce\/wp-json\/wp\/v2\/media?parent=757"}],"curies":[{"name":"wp","href":"https:\/\/api.w.org\/{rel}","templated":true}]}}