{"id":989,"date":"2022-03-08T22:20:35","date_gmt":"2022-03-08T21:20:35","guid":{"rendered":"https:\/\/blogsaverroes.juntadeandalucia.es\/ceipelsauce\/?page_id=989"},"modified":"2024-10-15T15:16:10","modified_gmt":"2024-10-15T14:16:10","slug":"borrador-automatico-2","status":"publish","type":"page","link":"https:\/\/blogsaverroes.juntadeandalucia.es\/ceipelsauce\/borrador-automatico-2\/","title":{"rendered":"CIMA Promoci\u00f3n de h\u00e1bitos de vida saludables"},"content":{"rendered":"<p>[et_pb_section fb_built=&#8221;1&#8243; admin_label=&#8221;section&#8221; _builder_version=&#8221;4.24.2&#8243; hover_enabled=&#8221;0&#8243; global_colors_info=&#8221;{}&#8221; sticky_enabled=&#8221;0&#8243;][et_pb_row _builder_version=&#8221;4.16&#8243; _module_preset=&#8221;default&#8221; global_colors_info=&#8221;{}&#8221;][et_pb_column type=&#8221;4_4&#8243; _builder_version=&#8221;4.16&#8243; _module_preset=&#8221;default&#8221; global_colors_info=&#8221;{}&#8221;][et_pb_text _builder_version=&#8221;4.24.2&#8243; _module_preset=&#8221;default&#8221; hover_enabled=&#8221;0&#8243; global_colors_info=&#8221;{}&#8221; sticky_enabled=&#8221;0&#8243;]<\/p>\n<h1 style=\"text-align: center\">PROMOCI\u00d3N DE H\u00c1BITOS DE VIDA SALUDABLE<\/h1>\n<p>[\/et_pb_text][\/et_pb_column][\/et_pb_row][et_pb_row column_structure=&#8221;1_3,2_3&#8243; _builder_version=&#8221;4.24.2&#8243; _module_preset=&#8221;default&#8221; hover_enabled=&#8221;0&#8243; global_colors_info=&#8221;{}&#8221; sticky_enabled=&#8221;0&#8243;][et_pb_column type=&#8221;1_3&#8243; _builder_version=&#8221;4.16&#8243; _module_preset=&#8221;default&#8221; global_colors_info=&#8221;{}&#8221;][et_pb_image src=&#8221;https:\/\/blogsaverroes.juntadeandalucia.es\/ceipelsauce\/files\/2022\/03\/CRECIENDO-EN-SALUD.jpg&#8221; title_text=&#8221;CRECIENDO EN SALUD&#8221; _builder_version=&#8221;4.24.2&#8243; _module_preset=&#8221;default&#8221; hover_enabled=&#8221;0&#8243; global_colors_info=&#8221;{}&#8221; sticky_enabled=&#8221;0&#8243;][\/et_pb_image][\/et_pb_column][et_pb_column type=&#8221;2_3&#8243; _builder_version=&#8221;4.16&#8243; _module_preset=&#8221;default&#8221; global_colors_info=&#8221;{}&#8221;][et_pb_text _builder_version=&#8221;4.24.2&#8243; _module_preset=&#8221;default&#8221; hover_enabled=&#8221;0&#8243; global_colors_info=&#8221;{}&#8221; sticky_enabled=&#8221;0&#8243;]<\/p>\n<p style=\"text-align: justify\">Con motivo de la iniciativa europea para fomentar el consumo de frutas y hortalizas entre los escolares, la Consejer\u00eda de Educaci\u00f3n, Cultura y Deporte, la Consejer\u00eda de Igualdad, Salud y Pol\u00edticas Sociales y la Consejer\u00eda de Agricultura, Pesca y Desarrollo Rural iniciaron en el curso escolar 2009 \/ 2010 el desarrollo de un proyecto integral de distribuci\u00f3n de frutas y hortalizas en centros docentes sostenidos con fondos p\u00fablicos de Andaluc\u00eda.<\/p>\n<p style=\"text-align: justify\">Este proyecto, impulsado por la Consejer\u00eda de Agricultura, Pesca y Desarrollo Rural con la ayuda financiera de la Comunidad Europea, tiene, entre otros, los siguientes objetivos: incrementar y consolidar la proporci\u00f3n de frutas y hortalizas en la dieta infantil, contribuir a la mejora de los h\u00e1bitos alimenticios, e institucionalizar en los colegios la semana de las frutas y hortalizas.<\/p>\n<p style=\"text-align: justify\">Existen numerosas publicaciones cient\u00edficas que avalan los beneficios nutricionales que aporta un consumo adecuado de frutas y hortalizas diario frente a la prevenci\u00f3n de determinadas enfermedades cardiovasculares, algunos tipos de c\u00e1ncer, diabetes y obesidad, especialmente en los primeros a\u00f1os de vida. Seg\u00fan estudios publicados por la Consejer\u00eda de Agricultura, Pesca y Desarrollo Rural de la Junta de Andaluc\u00eda, los hogares andaluces se encuentran por debajo de la media nacional en cuanto al consumo de estos productos.<\/p>\n<p>[\/et_pb_text][\/et_pb_column][\/et_pb_row][et_pb_row _builder_version=&#8221;4.24.2&#8243; _module_preset=&#8221;default&#8221; hover_enabled=&#8221;0&#8243; global_colors_info=&#8221;{}&#8221; sticky_enabled=&#8221;0&#8243;][et_pb_column type=&#8221;4_4&#8243; _builder_version=&#8221;4.16&#8243; _module_preset=&#8221;default&#8221; global_colors_info=&#8221;{}&#8221;][et_pb_blog include_categories=&#8221;25&#8243; _builder_version=&#8221;4.24.2&#8243; _module_preset=&#8221;default&#8221; hover_enabled=&#8221;0&#8243; global_colors_info=&#8221;{}&#8221; sticky_enabled=&#8221;0&#8243;][\/et_pb_blog][\/et_pb_column][\/et_pb_row][\/et_pb_section][et_pb_section fb_built=&#8221;1&#8243; fullwidth=&#8221;on&#8221; _builder_version=&#8221;4.16&#8243; _module_preset=&#8221;default&#8221; global_colors_info=&#8221;{}&#8221;][\/et_pb_section]<\/p>\n","protected":false},"excerpt":{"rendered":"<p>PROMOCI\u00d3N DE H\u00c1BITOS DE VIDA SALUDABLECon motivo de la iniciativa europea para fomentar el consumo de frutas y hortalizas entre los escolares, la Consejer\u00eda de Educaci\u00f3n, Cultura y Deporte, la Consejer\u00eda de Igualdad, Salud y Pol\u00edticas Sociales y la Consejer\u00eda de Agricultura, Pesca y Desarrollo Rural iniciaron en el curso escolar 2009 \/ 2010 el [&hellip;]<\/p>\n","protected":false},"author":13276,"featured_media":0,"parent":0,"menu_order":0,"comment_status":"closed","ping_status":"closed","template":"","meta":{"_et_pb_use_builder":"on","_et_pb_old_content":"","_et_gb_content_width":"","ngg_post_thumbnail":0,"footnotes":""},"aioseo_notices":[],"_links":{"self":[{"href":"https:\/\/blogsaverroes.juntadeandalucia.es\/ceipelsauce\/wp-json\/wp\/v2\/pages\/989"}],"collection":[{"href":"https:\/\/blogsaverroes.juntadeandalucia.es\/ceipelsauce\/wp-json\/wp\/v2\/pages"}],"about":[{"href":"https:\/\/blogsaverroes.juntadeandalucia.es\/ceipelsauce\/wp-json\/wp\/v2\/types\/page"}],"author":[{"embeddable":true,"href":"https:\/\/blogsaverroes.juntadeandalucia.es\/ceipelsauce\/wp-json\/wp\/v2\/users\/13276"}],"replies":[{"embeddable":true,"href":"https:\/\/blogsaverroes.juntadeandalucia.es\/ceipelsauce\/wp-json\/wp\/v2\/comments?post=989"}],"version-history":[{"count":11,"href":"https:\/\/blogsaverroes.juntadeandalucia.es\/ceipelsauce\/wp-json\/wp\/v2\/pages\/989\/revisions"}],"predecessor-version":[{"id":2280,"href":"https:\/\/blogsaverroes.juntadeandalucia.es\/ceipelsauce\/wp-json\/wp\/v2\/pages\/989\/revisions\/2280"}],"wp:attachment":[{"href":"https:\/\/blogsaverroes.juntadeandalucia.es\/ceipelsauce\/wp-json\/wp\/v2\/media?parent=989"}],"curies":[{"name":"wp","href":"https:\/\/api.w.org\/{rel}","templated":true}]}}