{"id":26,"date":"2022-07-19T10:17:58","date_gmt":"2022-07-19T10:17:58","guid":{"rendered":"https:\/\/blogsaverroes.juntadeandalucia.es\/ceipeltarajal\/?page_id=26"},"modified":"2022-10-01T11:16:06","modified_gmt":"2022-10-01T11:16:06","slug":"equipo-docente","status":"publish","type":"page","link":"https:\/\/blogsaverroes.juntadeandalucia.es\/ceipeltarajal\/equipo-docente\/","title":{"rendered":"EQUIPO DOCENTE"},"content":{"rendered":"<p><span style=\"color: #ff0000\"><strong><span style=\"font-size: 14pt\">EQUIPO DOCENTE, CURSO: 2022\/2023<\/span><\/strong><\/span><\/p>\n<ul>\n<li>Infantil 3 a\u00f1os: Mar\u00eda Luisa.<\/li>\n<li>Infantil 4 a\u00f1os: M\u00aa Bel\u00e9n.<\/li>\n<li>Infantil 5 a\u00f1os: Jos\u00e9 Carlos.<\/li>\n<li>1\u00baA de Primaria: M\u00aa Antonia.<\/li>\n<li>2\u00baA de Primaria: Mar\u00eda del Mar.<\/li>\n<li>3\u00baA de Primaria: Mar\u00eda Teresa.<\/li>\n<li>4\u00baA de Primaria: Marta.<\/li>\n<li>5\u00baA de Primaria: Jos\u00e9 Aurelio.<\/li>\n<li>6\u00baA de Primaria: Mar\u00eda Dolores.<\/li>\n<li>1\u00ba de ESO: Ana Sof\u00eda.<\/li>\n<li>2\u00ba de ESO: Alberto.<\/li>\n<li>Franc\u00e9s ESO y Primaria: Olga.<\/li>\n<li>M\u00fasica ESO Y Primaria: Ana Sof\u00eda.<\/li>\n<li>Geograf\u00eda e Historia ESO: Pedro Jes\u00fas.<\/li>\n<li>Matem\u00e1ticas ESO: Francisco Jos\u00e9.<\/li>\n<li>Religi\u00f3n Cat\u00f3lica ESO: Mar\u00eda Dolores.<\/li>\n<li>Religi\u00f3n Cat\u00f3lica INFANTIL y PRIMARIA:&nbsp; Pablo.<\/li>\n<li>Apoyo CAR.&nbsp; Mar\u00eda.<\/li>\n<li>Apoyo 4\u00ba primaria: Raquel.<\/li>\n<li>Pedagog\u00eda Terap\u00e9utica: Roc\u00edo<\/li>\n<li>Audici\u00f3n y Lenguaje: Ana.<\/li>\n<li>Ingl\u00e9s Secundaria:&nbsp; Mar\u00eda Jos\u00e9 .<\/li>\n<li>Coordinador\/a EOE: Cristina.<\/li>\n<\/ul>\n","protected":false},"excerpt":{"rendered":"<p>EQUIPO DOCENTE, CURSO: 2022\/2023 Infantil 3 a\u00f1os: Mar\u00eda Luisa. Infantil 4 a\u00f1os: M\u00aa Bel\u00e9n. Infantil 5 a\u00f1os: Jos\u00e9 Carlos. 1\u00baA de Primaria: M\u00aa Antonia. 2\u00baA de Primaria: Mar\u00eda del Mar. 3\u00baA de Primaria: Mar\u00eda Teresa. 4\u00baA de Primaria: Marta. 5\u00baA de Primaria: Jos\u00e9 Aurelio. 6\u00baA de Primaria: Mar\u00eda Dolores. 1\u00ba de ESO: Ana Sof\u00eda. 2\u00ba &hellip; <a href=\"https:\/\/blogsaverroes.juntadeandalucia.es\/ceipeltarajal\/equipo-docente\/\" class=\"more-link\">Seguir leyendo <span class=\"screen-reader-text\">EQUIPO DOCENTE<\/span> <span class=\"meta-nav\">&rarr;<\/span><\/a><\/p>\n","protected":false},"author":14913,"featured_media":0,"parent":0,"menu_order":0,"comment_status":"closed","ping_status":"closed","template":"","meta":{"ngg_post_thumbnail":0,"footnotes":""},"aioseo_notices":[],"_links":{"self":[{"href":"https:\/\/blogsaverroes.juntadeandalucia.es\/ceipeltarajal\/wp-json\/wp\/v2\/pages\/26"}],"collection":[{"href":"https:\/\/blogsaverroes.juntadeandalucia.es\/ceipeltarajal\/wp-json\/wp\/v2\/pages"}],"about":[{"href":"https:\/\/blogsaverroes.juntadeandalucia.es\/ceipeltarajal\/wp-json\/wp\/v2\/types\/page"}],"author":[{"embeddable":true,"href":"https:\/\/blogsaverroes.juntadeandalucia.es\/ceipeltarajal\/wp-json\/wp\/v2\/users\/14913"}],"replies":[{"embeddable":true,"href":"https:\/\/blogsaverroes.juntadeandalucia.es\/ceipeltarajal\/wp-json\/wp\/v2\/comments?post=26"}],"version-history":[{"count":3,"href":"https:\/\/blogsaverroes.juntadeandalucia.es\/ceipeltarajal\/wp-json\/wp\/v2\/pages\/26\/revisions"}],"predecessor-version":[{"id":311,"href":"https:\/\/blogsaverroes.juntadeandalucia.es\/ceipeltarajal\/wp-json\/wp\/v2\/pages\/26\/revisions\/311"}],"wp:attachment":[{"href":"https:\/\/blogsaverroes.juntadeandalucia.es\/ceipeltarajal\/wp-json\/wp\/v2\/media?parent=26"}],"curies":[{"name":"wp","href":"https:\/\/api.w.org\/{rel}","templated":true}]}}