{"id":47,"date":"2022-07-19T10:20:19","date_gmt":"2022-07-19T10:20:19","guid":{"rendered":"https:\/\/blogsaverroes.juntadeandalucia.es\/ceipeltarajal\/?page_id=47"},"modified":"2024-09-24T17:30:17","modified_gmt":"2024-09-24T17:30:17","slug":"colegio","status":"publish","type":"page","link":"https:\/\/blogsaverroes.juntadeandalucia.es\/ceipeltarajal\/","title":{"rendered":"COLEGIO"},"content":{"rendered":"<p><img loading=\"lazy\" decoding=\"async\" class=\"alignnone wp-image-109 size-medium\" src=\"https:\/\/blogsaverroes.juntadeandalucia.es\/ceipeltarajal\/files\/2022\/07\/IMAGEN-COLEGIO_page-0001-e1658250408842-300x256.jpg\" alt=\"\" width=\"300\" height=\"256\" srcset=\"https:\/\/blogsaverroes.juntadeandalucia.es\/ceipeltarajal\/files\/2022\/07\/IMAGEN-COLEGIO_page-0001-e1658250408842-300x256.jpg 300w, https:\/\/blogsaverroes.juntadeandalucia.es\/ceipeltarajal\/files\/2022\/07\/IMAGEN-COLEGIO_page-0001-e1658250408842-768x657.jpg 768w, https:\/\/blogsaverroes.juntadeandalucia.es\/ceipeltarajal\/files\/2022\/07\/IMAGEN-COLEGIO_page-0001-e1658250408842.jpg 903w\" sizes=\"(max-width: 300px) 100vw, 300px\" \/><\/p>\n<h2><strong>CEIP EL TARAJAL<\/strong><\/h2>\n<p>La construcci\u00f3n del colegio data del a\u00f1o 1981. Este centro, de tres plantas, estaba ubicado antes en varias casas alquiladas en el barrio de El Tarajal.<\/p>\n<p>El nuevo centro comenz\u00f3 a funcionar en septiembre del a\u00f1o 1982 con los alumnos\/as del barrio. En la actualidad 2\/3 de la poblaci\u00f3n escolar procede de cuatro rutas definidas de transporte: Mallorqu\u00edn, Los N\u00fa\u00f1ez, Casamayor y Los Chopos.<\/p>\n<p>A lo largo de estos a\u00f1os el colegio ha tenido varias transformaciones o modificaciones, habilit\u00e1ndose un sal\u00f3n de actos, un gimnasio, una sala de AMPA, una sala de inform\u00e1tica o un comedor.<\/p>\n<p><span class=\"txt1\">El <span style=\"font-size: 14pt\"><strong>horario de tutor\u00edas<\/strong> <\/span>es el siguiente:<\/span><\/p>\n<ul class=\"listado-foto\">\n<li>Infantil, Primaria y Secundaria:<br \/>\nLUNES de 17:30 h. a 18:30 h.<br \/>\nPreviamente concertada por el tutor\/a del curso o por los padres\/tutores del alumno\/a.<\/li>\n<\/ul>\n<p><strong>HORARIO DE ATENCI\u00d3N A LAS FAMILIAS POR PARTE DEL EQUIPO DIRECTIVO Y SECRETARIA.<\/strong><\/p>\n<p><img loading=\"lazy\" decoding=\"async\" class=\"aligncenter size-medium wp-image-481\" src=\"https:\/\/blogsaverroes.juntadeandalucia.es\/ceipeltarajal\/files\/2024\/09\/Horario-atencion-familias--300x212.jpg\" alt=\"\" width=\"300\" height=\"212\" srcset=\"https:\/\/blogsaverroes.juntadeandalucia.es\/ceipeltarajal\/files\/2024\/09\/Horario-atencion-familias--300x212.jpg 300w, https:\/\/blogsaverroes.juntadeandalucia.es\/ceipeltarajal\/files\/2024\/09\/Horario-atencion-familias--1024x724.jpg 1024w, https:\/\/blogsaverroes.juntadeandalucia.es\/ceipeltarajal\/files\/2024\/09\/Horario-atencion-familias--768x543.jpg 768w, https:\/\/blogsaverroes.juntadeandalucia.es\/ceipeltarajal\/files\/2024\/09\/Horario-atencion-familias--1536x1086.jpg 1536w, https:\/\/blogsaverroes.juntadeandalucia.es\/ceipeltarajal\/files\/2024\/09\/Horario-atencion-familias--2048x1448.jpg 2048w\" sizes=\"(max-width: 300px) 100vw, 300px\" \/><\/p>\n","protected":false},"excerpt":{"rendered":"<p>CEIP EL TARAJAL La construcci\u00f3n del colegio data del a\u00f1o 1981. Este centro, de tres plantas, estaba ubicado antes en varias casas alquiladas en el barrio de El Tarajal. El nuevo centro comenz\u00f3 a funcionar en septiembre del a\u00f1o 1982 con los alumnos\/as del barrio. En la actualidad 2\/3 de la poblaci\u00f3n escolar procede de &hellip; <a href=\"https:\/\/blogsaverroes.juntadeandalucia.es\/ceipeltarajal\/\" class=\"more-link\">Seguir leyendo <span class=\"screen-reader-text\">COLEGIO<\/span> <span class=\"meta-nav\">&rarr;<\/span><\/a><\/p>\n","protected":false},"author":14913,"featured_media":0,"parent":0,"menu_order":0,"comment_status":"closed","ping_status":"closed","template":"","meta":{"ngg_post_thumbnail":0,"footnotes":""},"aioseo_notices":[],"_links":{"self":[{"href":"https:\/\/blogsaverroes.juntadeandalucia.es\/ceipeltarajal\/wp-json\/wp\/v2\/pages\/47"}],"collection":[{"href":"https:\/\/blogsaverroes.juntadeandalucia.es\/ceipeltarajal\/wp-json\/wp\/v2\/pages"}],"about":[{"href":"https:\/\/blogsaverroes.juntadeandalucia.es\/ceipeltarajal\/wp-json\/wp\/v2\/types\/page"}],"author":[{"embeddable":true,"href":"https:\/\/blogsaverroes.juntadeandalucia.es\/ceipeltarajal\/wp-json\/wp\/v2\/users\/14913"}],"replies":[{"embeddable":true,"href":"https:\/\/blogsaverroes.juntadeandalucia.es\/ceipeltarajal\/wp-json\/wp\/v2\/comments?post=47"}],"version-history":[{"count":23,"href":"https:\/\/blogsaverroes.juntadeandalucia.es\/ceipeltarajal\/wp-json\/wp\/v2\/pages\/47\/revisions"}],"predecessor-version":[{"id":482,"href":"https:\/\/blogsaverroes.juntadeandalucia.es\/ceipeltarajal\/wp-json\/wp\/v2\/pages\/47\/revisions\/482"}],"wp:attachment":[{"href":"https:\/\/blogsaverroes.juntadeandalucia.es\/ceipeltarajal\/wp-json\/wp\/v2\/media?parent=47"}],"curies":[{"name":"wp","href":"https:\/\/api.w.org\/{rel}","templated":true}]}}