{"id":59,"date":"2022-07-19T10:24:09","date_gmt":"2022-07-19T10:24:09","guid":{"rendered":"https:\/\/blogsaverroes.juntadeandalucia.es\/ceipeltarajal\/?page_id=59"},"modified":"2022-11-27T10:14:16","modified_gmt":"2022-11-27T10:14:16","slug":"planes-y-proyectis","status":"publish","type":"page","link":"https:\/\/blogsaverroes.juntadeandalucia.es\/ceipeltarajal\/planes-y-proyectis\/","title":{"rendered":"PLANES Y PROYECTOS"},"content":{"rendered":"<p class=\"p0\">El Colegio est\u00e1 implicado en diferentes planes y proyectos educativos, como los siguientes:<\/p>\n<p>El&nbsp;<strong>Plan de Centro<\/strong>&nbsp;es el documento que contiene las caracter\u00edsticas de nuestro centro y aspectos relativos a nuestro d\u00eda a d\u00eda. Con la aprobaci\u00f3n de este documento vincula a todos los sectores de la comunidad educativa.<\/p>\n<p>El Plan de Centro consta de tres elementos:<\/p>\n<ul class=\"listado-sin-foto\">\n<li><a href=\"https:\/\/drive.google.com\/file\/d\/13dhGyVXRuo9AK8eFoW75Fs2DUjLmusjN\/view?usp=share_link\">Proyecto Educativo.<\/a><\/li>\n<li><a href=\"https:\/\/drive.google.com\/file\/d\/1w3ogN8Xsp7aJtXgMElA8GD-QsuJs2rGk\/view?usp=share_link\">Reglamento de Organizaci\u00f3n y Funcionamiento.<\/a><\/li>\n<li><a href=\"https:\/\/drive.google.com\/file\/d\/1ViabB81HBm5m63X_dnlSnA5cBkznX1d6\/view?usp=share_link\">Proyecto de Gesti\u00f3n.<\/a><\/li>\n<\/ul>\n<p>Tambi\u00e9n se a\u00f1ade&nbsp;<strong>otros proyectos <\/strong>que se llevan a cabo en nuestro centro:<\/p>\n<p><a href=\"https:\/\/drive.google.com\/file\/d\/1ySm73kFIlmayteg62CjsaCMMmxkYvV0v\/view?usp=share_link\"><span style=\"color: #339966\">Plan de Actuaci\u00f3n Digital&nbsp;<\/span><\/a><\/p>\n<p><a href=\"https:\/\/drive.google.com\/file\/d\/1samyiwhHWPtHOmtDVtNETbXY6HmBH1H_\/view?usp=share_link\"><span style=\"color: #339966\">Plan de Biblioteca<\/span><\/a><\/p>\n<p><a href=\"https:\/\/drive.google.com\/file\/d\/1rQPUWUBJOMWugjMI1ZOltQTEOHfyBLXZ\/view?usp=share_link\"><span style=\"color: #339966\">Plan de Igualdad<\/span><\/a><\/p>\n<p><a href=\"https:\/\/drive.google.com\/file\/d\/17-N0fQN_ZgSPQ6NZ9tUOkeGcTVrrihwC\/view?usp=share_link\"><span style=\"color: #339966\">Plan de Formaci\u00f3n<\/span><\/a><\/p>\n<p>&nbsp;<\/p>\n","protected":false},"excerpt":{"rendered":"<p>El Colegio est\u00e1 implicado en diferentes planes y proyectos educativos, como los siguientes: El&nbsp;Plan de Centro&nbsp;es el documento que contiene las caracter\u00edsticas de nuestro centro y aspectos relativos a nuestro d\u00eda a d\u00eda. Con la aprobaci\u00f3n de este documento vincula a todos los sectores de la comunidad educativa. El Plan de Centro consta de tres &hellip; <a href=\"https:\/\/blogsaverroes.juntadeandalucia.es\/ceipeltarajal\/planes-y-proyectis\/\" class=\"more-link\">Seguir leyendo <span class=\"screen-reader-text\">PLANES Y PROYECTOS<\/span> <span class=\"meta-nav\">&rarr;<\/span><\/a><\/p>\n","protected":false},"author":14913,"featured_media":0,"parent":0,"menu_order":0,"comment_status":"closed","ping_status":"closed","template":"","meta":{"ngg_post_thumbnail":0,"footnotes":""},"aioseo_notices":[],"_links":{"self":[{"href":"https:\/\/blogsaverroes.juntadeandalucia.es\/ceipeltarajal\/wp-json\/wp\/v2\/pages\/59"}],"collection":[{"href":"https:\/\/blogsaverroes.juntadeandalucia.es\/ceipeltarajal\/wp-json\/wp\/v2\/pages"}],"about":[{"href":"https:\/\/blogsaverroes.juntadeandalucia.es\/ceipeltarajal\/wp-json\/wp\/v2\/types\/page"}],"author":[{"embeddable":true,"href":"https:\/\/blogsaverroes.juntadeandalucia.es\/ceipeltarajal\/wp-json\/wp\/v2\/users\/14913"}],"replies":[{"embeddable":true,"href":"https:\/\/blogsaverroes.juntadeandalucia.es\/ceipeltarajal\/wp-json\/wp\/v2\/comments?post=59"}],"version-history":[{"count":8,"href":"https:\/\/blogsaverroes.juntadeandalucia.es\/ceipeltarajal\/wp-json\/wp\/v2\/pages\/59\/revisions"}],"predecessor-version":[{"id":408,"href":"https:\/\/blogsaverroes.juntadeandalucia.es\/ceipeltarajal\/wp-json\/wp\/v2\/pages\/59\/revisions\/408"}],"wp:attachment":[{"href":"https:\/\/blogsaverroes.juntadeandalucia.es\/ceipeltarajal\/wp-json\/wp\/v2\/media?parent=59"}],"curies":[{"name":"wp","href":"https:\/\/api.w.org\/{rel}","templated":true}]}}