{"id":81,"date":"2022-07-19T10:33:01","date_gmt":"2022-07-19T10:33:01","guid":{"rendered":"https:\/\/blogsaverroes.juntadeandalucia.es\/ceipeltarajal\/?page_id=81"},"modified":"2024-09-24T17:33:32","modified_gmt":"2024-09-24T17:33:32","slug":"equipo-directivo","status":"publish","type":"page","link":"https:\/\/blogsaverroes.juntadeandalucia.es\/ceipeltarajal\/equipo-directivo\/","title":{"rendered":"EQUIPO DIRECTIVO"},"content":{"rendered":"<div class=\"wrap\">\n<div class=\"container\">\n<section id=\"contenido\">\n<div class=\"inside\">\n<ul>\n<li>DIRECTOR:&nbsp; PEDRO ALCOHOLADO<\/li>\n<li>JEFE DE ESTUDIOS: MAR\u00cdA GARCIA<\/li>\n<li>SECRETARIA: MAR\u00cdA JOS\u00c9 MAR\u00cdN<\/li>\n<\/ul>\n<\/div>\n<\/section>\n<\/div>\n<\/div>\n<footer>\n<div class=\"container\">\n<div class=\"inside\">\n<div class=\"wrapper\">\n<div class=\"fleft\">HORARIO DE ATENCI\u00d3N A LAS FAMILIAS:<\/div>\n<\/div>\n<p><img loading=\"lazy\" decoding=\"async\" class=\"aligncenter size-medium wp-image-481\" src=\"https:\/\/blogsaverroes.juntadeandalucia.es\/ceipeltarajal\/files\/2024\/09\/Horario-atencion-familias--300x212.jpg\" alt=\"\" width=\"300\" height=\"212\" srcset=\"https:\/\/blogsaverroes.juntadeandalucia.es\/ceipeltarajal\/files\/2024\/09\/Horario-atencion-familias--300x212.jpg 300w, https:\/\/blogsaverroes.juntadeandalucia.es\/ceipeltarajal\/files\/2024\/09\/Horario-atencion-familias--1024x724.jpg 1024w, https:\/\/blogsaverroes.juntadeandalucia.es\/ceipeltarajal\/files\/2024\/09\/Horario-atencion-familias--768x543.jpg 768w, https:\/\/blogsaverroes.juntadeandalucia.es\/ceipeltarajal\/files\/2024\/09\/Horario-atencion-familias--1536x1086.jpg 1536w, https:\/\/blogsaverroes.juntadeandalucia.es\/ceipeltarajal\/files\/2024\/09\/Horario-atencion-familias--2048x1448.jpg 2048w\" sizes=\"(max-width: 300px) 100vw, 300px\" \/><\/p>\n<div>&nbsp;<\/div>\n<\/div>\n<\/div>\n<\/footer>\n","protected":false},"excerpt":{"rendered":"<p>DIRECTOR:&nbsp; PEDRO ALCOHOLADO JEFE DE ESTUDIOS: MAR\u00cdA GARCIA SECRETARIA: MAR\u00cdA JOS\u00c9 MAR\u00cdN HORARIO DE ATENCI\u00d3N A LAS FAMILIAS: &nbsp;<\/p>\n","protected":false},"author":14913,"featured_media":0,"parent":0,"menu_order":0,"comment_status":"closed","ping_status":"closed","template":"","meta":{"ngg_post_thumbnail":0,"footnotes":""},"aioseo_notices":[],"_links":{"self":[{"href":"https:\/\/blogsaverroes.juntadeandalucia.es\/ceipeltarajal\/wp-json\/wp\/v2\/pages\/81"}],"collection":[{"href":"https:\/\/blogsaverroes.juntadeandalucia.es\/ceipeltarajal\/wp-json\/wp\/v2\/pages"}],"about":[{"href":"https:\/\/blogsaverroes.juntadeandalucia.es\/ceipeltarajal\/wp-json\/wp\/v2\/types\/page"}],"author":[{"embeddable":true,"href":"https:\/\/blogsaverroes.juntadeandalucia.es\/ceipeltarajal\/wp-json\/wp\/v2\/users\/14913"}],"replies":[{"embeddable":true,"href":"https:\/\/blogsaverroes.juntadeandalucia.es\/ceipeltarajal\/wp-json\/wp\/v2\/comments?post=81"}],"version-history":[{"count":8,"href":"https:\/\/blogsaverroes.juntadeandalucia.es\/ceipeltarajal\/wp-json\/wp\/v2\/pages\/81\/revisions"}],"predecessor-version":[{"id":483,"href":"https:\/\/blogsaverroes.juntadeandalucia.es\/ceipeltarajal\/wp-json\/wp\/v2\/pages\/81\/revisions\/483"}],"wp:attachment":[{"href":"https:\/\/blogsaverroes.juntadeandalucia.es\/ceipeltarajal\/wp-json\/wp\/v2\/media?parent=81"}],"curies":[{"name":"wp","href":"https:\/\/api.w.org\/{rel}","templated":true}]}}