{"id":198,"date":"2015-03-17T09:55:36","date_gmt":"2015-03-17T09:55:36","guid":{"rendered":"http:\/\/blogsaverroes.juntadeandalucia.es\/pre\/ceip\/?page_id=198"},"modified":"2020-09-27T07:41:22","modified_gmt":"2020-09-27T07:41:22","slug":"que-es-el-ampa","status":"publish","type":"page","link":"https:\/\/blogsaverroes.juntadeandalucia.es\/ceipeltorreon\/que-es-el-ampa\/","title":{"rendered":"\u00bfQu\u00e9 es el AMPA?"},"content":{"rendered":"<p style=\"text-align: left\"><a href=\"https:\/\/blogsaverroes.juntadeandalucia.es\/ceipeltorreon\/files\/2015\/03\/familia.png\" rel=\"prettyPhoto[198]\"><img loading=\"lazy\" decoding=\"async\" class=\"aligncenter wp-image-243 size-medium\" src=\"https:\/\/blogsaverroes.juntadeandalucia.es\/ceipeltorreon\/files\/2015\/03\/familia-300x193.png\" alt=\"\" width=\"300\" height=\"193\" srcset=\"https:\/\/blogsaverroes.juntadeandalucia.es\/ceipeltorreon\/files\/2015\/03\/familia-300x193.png 300w, https:\/\/blogsaverroes.juntadeandalucia.es\/ceipeltorreon\/files\/2015\/03\/familia-1024x661.png 1024w, https:\/\/blogsaverroes.juntadeandalucia.es\/ceipeltorreon\/files\/2015\/03\/familia.png 1280w\" sizes=\"(max-width: 300px) 100vw, 300px\" \/><\/a>El <strong>AMPA<\/strong> es una asociaci\u00f3n sin \u00e1nimo de lucro que est\u00e1 formada por los padres y madres de todo el alumnado del Colegio.<\/p>\n<p>Es un punto de encuentro y de trabajo independiente, abierto y plural.<\/p>\n<p>Desde el AMPA podemos contribuir a la mejora de la calidad de la educaci\u00f3n, la convivencia del centro y de las instalaciones.<\/p>\n<h3>\u00bfPor qu\u00e9 es importante vuestra participaci\u00f3n?<\/h3>\n<p>En el colegio existen espacios de participaci\u00f3n, siendo el AMPA &nbsp;el \u00fanico espacio de participaci\u00f3n aut\u00f3nomo de padres y madres. El AMPA es importante porque:<\/p>\n<ul>\n<li>Somos corresponsables de la educaci\u00f3n que nuestros hijos\/as reciben en el colegio.<\/li>\n<li>Es un espacio para aportar iniciativas y trabajar con la direcci\u00f3n del Centro, sin depender de esta.<\/li>\n<\/ul>\n<h3>\u00bfC\u00f3mo puedes participar?<\/h3>\n<p>Participar en el AMPA es muy f\u00e1cil y cada uno decide el nivel de implicaci\u00f3n.<\/p>\n<ul>\n<li>Podemos asociarnos en cualquier momento, aunque se entrega a las familias una ficha de inscripci\u00f3n con la matr\u00edcula en la que se indica la cuota anual por cada familia (la cuota es por familia no por ni\u00f1o\/a).<\/li>\n<li>Podemos tambi\u00e9n participar a trav\u00e9s de las asambleas, incorpor\u00e1ndote a las reuniones&nbsp;abiertas que se convoquen.<\/li>\n<li>Podemos colaborar en los diferentes grupos de trabajo o&nbsp;en actividades puntuales que se organizan desde el AMPA a lo largo del curso.<\/li>\n<li>Podemos proponer iniciativas, plantear temas de debate, organizar actividades, etc., &nbsp;dirigi\u00e9ndote a cualquier miembro de la junta directiva o a trav\u00e9s del blog.<\/li>\n<\/ul>\n<p>Como ves, hay muchas formas de participar y es muy importante que m\u00e1s padres y madres pasemos a la participa-ACCI\u00d3N,&nbsp;&nbsp;de forma activa y colectiva.<\/p>\n<h3>\u00bfPara qu\u00e9 sirve?<\/h3>\n<ul>\n<li>Para defender y velar por el derecho a una educaci\u00f3n de calidad, democr\u00e1tica, atendiendo a las necesidades de todos los ni\u00f1os\/as &nbsp;y cr\u00edtica.<\/li>\n<li>Para promover la participaci\u00f3n de padres y madres en la vida del centro, defendiendo los intereses del alumnado y de toda la comunidad educativa.<\/li>\n<li>Para buscar soluciones de forma colectiva a temas relacionados con la ense\u00f1anza y educaci\u00f3n de nuestros hijos\/as.<\/li>\n<li>Para crear espacios de encuentro y trabajo en el resto de la comunidad educativa y con el entorno.<\/li>\n<li>Para crear espacios de reflexi\u00f3n y participaci\u00f3n compartida sobre la educaci\u00f3n de nuestros hijos\/as<br \/>\nPara participar en la gesti\u00f3n del colegio.<\/li>\n<\/ul>\n<h3>\u00bfC\u00f3mo se financia?<\/h3>\n<p>El AMPA &nbsp;se financia a trav\u00e9s de las cuotas de socios\/as.<br \/>\nLa cuota de socios\/as es el \u00fanico pago que realizan las familias y que gestiona el AMPA para el beneficio exclusivo de la comunidad educativa y en definitiva de la educaci\u00f3n que reciben&nbsp; nuestros hijos\/as en el centro.<\/p>\n<p>&nbsp;<\/p>\n<p><a href=\"https:\/\/blogsaverroes.juntadeandalucia.es\/ceipeltorreon\/files\/2020\/09\/AMPA-ILUSIONES.-Carta-incio-de-cuso.pdf\">AMPA ILUSIONES. Carta inicio de cuso<\/a><\/p>\n","protected":false},"excerpt":{"rendered":"<p>El AMPA es una asociaci\u00f3n sin \u00e1nimo de lucro que est\u00e1 formada por los padres y madres de todo el alumnado del Colegio. Es un punto de encuentro y de trabajo independiente, abierto y plural. Desde el AMPA podemos contribuir a la mejora de la calidad de la educaci\u00f3n, la convivencia del centro y de [&hellip;]<\/p>\n","protected":false},"author":1,"featured_media":0,"parent":0,"menu_order":0,"comment_status":"closed","ping_status":"open","template":"page-cs.php","meta":{"ngg_post_thumbnail":0,"footnotes":"","_mc_calendar":[]},"aioseo_notices":[],"_links":{"self":[{"href":"https:\/\/blogsaverroes.juntadeandalucia.es\/ceipeltorreon\/wp-json\/wp\/v2\/pages\/198"}],"collection":[{"href":"https:\/\/blogsaverroes.juntadeandalucia.es\/ceipeltorreon\/wp-json\/wp\/v2\/pages"}],"about":[{"href":"https:\/\/blogsaverroes.juntadeandalucia.es\/ceipeltorreon\/wp-json\/wp\/v2\/types\/page"}],"author":[{"embeddable":true,"href":"https:\/\/blogsaverroes.juntadeandalucia.es\/ceipeltorreon\/wp-json\/wp\/v2\/users\/1"}],"replies":[{"embeddable":true,"href":"https:\/\/blogsaverroes.juntadeandalucia.es\/ceipeltorreon\/wp-json\/wp\/v2\/comments?post=198"}],"version-history":[{"count":4,"href":"https:\/\/blogsaverroes.juntadeandalucia.es\/ceipeltorreon\/wp-json\/wp\/v2\/pages\/198\/revisions"}],"predecessor-version":[{"id":2256,"href":"https:\/\/blogsaverroes.juntadeandalucia.es\/ceipeltorreon\/wp-json\/wp\/v2\/pages\/198\/revisions\/2256"}],"wp:attachment":[{"href":"https:\/\/blogsaverroes.juntadeandalucia.es\/ceipeltorreon\/wp-json\/wp\/v2\/media?parent=198"}],"curies":[{"name":"wp","href":"https:\/\/api.w.org\/{rel}","templated":true}]}}