{"id":2280,"date":"2020-09-28T06:02:41","date_gmt":"2020-09-28T06:02:41","guid":{"rendered":"https:\/\/blogsaverroes.juntadeandalucia.es\/ceipeltorreon\/?page_id=2280"},"modified":"2025-01-20T18:54:46","modified_gmt":"2025-01-20T18:54:46","slug":"equipo-docente","status":"publish","type":"page","link":"https:\/\/blogsaverroes.juntadeandalucia.es\/ceipeltorreon\/equipo-docente\/","title":{"rendered":"Equipo Docente"},"content":{"rendered":"<p>&nbsp;<\/p>\n<p><a href=\"https:\/\/blogsaverroes.juntadeandalucia.es\/ceipeltorreon\/files\/2024\/09\/Imagen-de-WhatsApp-2024-09-14-a-las-00.42.49_a512a370.jpg\" rel=\"prettyPhoto[2280]\"><img loading=\"lazy\" decoding=\"async\" class=\" wp-image-4083 aligncenter\" src=\"https:\/\/blogsaverroes.juntadeandalucia.es\/ceipeltorreon\/files\/2024\/09\/Imagen-de-WhatsApp-2024-09-14-a-las-00.42.49_a512a370-300x135.jpg\" alt=\"\" width=\"582\" height=\"262\" srcset=\"https:\/\/blogsaverroes.juntadeandalucia.es\/ceipeltorreon\/files\/2024\/09\/Imagen-de-WhatsApp-2024-09-14-a-las-00.42.49_a512a370-300x135.jpg 300w, https:\/\/blogsaverroes.juntadeandalucia.es\/ceipeltorreon\/files\/2024\/09\/Imagen-de-WhatsApp-2024-09-14-a-las-00.42.49_a512a370-1024x461.jpg 1024w, https:\/\/blogsaverroes.juntadeandalucia.es\/ceipeltorreon\/files\/2024\/09\/Imagen-de-WhatsApp-2024-09-14-a-las-00.42.49_a512a370-768x346.jpg 768w, https:\/\/blogsaverroes.juntadeandalucia.es\/ceipeltorreon\/files\/2024\/09\/Imagen-de-WhatsApp-2024-09-14-a-las-00.42.49_a512a370-1536x692.jpg 1536w, https:\/\/blogsaverroes.juntadeandalucia.es\/ceipeltorreon\/files\/2024\/09\/Imagen-de-WhatsApp-2024-09-14-a-las-00.42.49_a512a370.jpg 1600w\" sizes=\"(max-width: 582px) 100vw, 582px\" \/><\/a><\/p>\n<p>Est\u00e1 formado por:<\/p>\n<h2><u>EDUCACI\u00d3N INFANTIL<\/u><\/h2>\n<p><em>3 A\u00d1OS A<\/em>: D\u00aa. M\u00aa ESTHER CARRASCO P\u00c9REZ<\/p>\n<p><em>3 A\u00d1OS B<\/em>: D\u00aa. MAR\u00cdA NIEVES PI\u00d1A BALLESTEROS<\/p>\n<p><em>4 A\u00d1OS A:<\/em> D\u00aa. ANA BEL\u00c9N DURO PE\u00d1A<\/p>\n<p><em>4 A\u00d1OS B<\/em>: D. MIGUEL \u00c1NGEL VILLEGAS JIM\u00c9NEZ<\/p>\n<p><em>5 A\u00d1OS A:<\/em> D\u00aa. SILVIA JIM\u00c9NEZ MORAL<\/p>\n<p><em>5 A\u00d1OS B:<\/em> D\u00aa. SANDRA MART\u00cdNEZ TOB\u00cdAS<\/p>\n<p>5 A\u00d1OS C: D\u00aa ALICIA URE\u00d1A MADERO<\/p>\n<p>&nbsp;<\/p>\n<h2><u>EDUCACI\u00d3N PRIMARIA<\/u><\/h2>\n<p><em>1\u00baA:<\/em> D\u00aa. EVA MAR\u00cdA L\u00d3PEZ FERN\u00c1NDEZ.<\/p>\n<p><em>1\u00baB:<\/em> D\u00aa. MAR\u00cdA BEL\u00c9N L\u00d3PEZ HERN\u00c1NDEZ.<\/p>\n<p><em>2\u00baA:<\/em>&nbsp; D\u00aa. MAGDA MORALES FERN\u00c1NDEZ.<\/p>\n<p><em>2\u00baB:<\/em>&nbsp; D\u00aa. MAR\u00cdA JES\u00daS MARQUEZ LILLO.<\/p>\n<p><em>2\u00baC:<\/em>&nbsp; D\u00aa. DOLORES SALABERRY NAVARRO.<\/p>\n<p><em>3\u00baA:<\/em> D\u00aa. MARIA ISABEL REQUENA DEL HOYO<\/p>\n<p><em>3\u00baB:<\/em> D. JES\u00daS AMADOR P\u00c9REZ.<\/p>\n<p><em>4\u00baA:<\/em> D\u00aa. MAR\u00cdA ISABEL L\u00d3PEZ ESPEJO<\/p>\n<p><em>4\u00ba B<\/em>: D. IV\u00c1N MEG\u00cdAS RUIZ<\/p>\n<p><em>5\u00ba<\/em> A: D\u00aa. JENNIFER CRUZ AMADOR<\/p>\n<p><em>5\u00baB<\/em>: D. FERNANDO TOLEDO CAN\u00d3NIGO<\/p>\n<p><em>6\u00baA<\/em>:&nbsp; D. SAMUEL FERN\u00c1NDEZ<\/p>\n<p><em>6\u00baB:<\/em>&nbsp; D. V\u00cdCTOR MANUEL PADIAL CA\u00d1IZARES<\/p>\n<p>&nbsp;<\/p>\n<h2><span style=\"text-decoration: underline\"><strong>ESPECIALISTAS:<\/strong><\/span><\/h2>\n<ul>\n<li><em>EDUCACI\u00d3N F\u00cdSICA 1:<\/em> D. MARIO CABELLO GARC\u00cdA<\/li>\n<li><em>EDUCACI\u00d3N FISICA 2<\/em>: D. JES\u00daS AMADOR P\u00c9REZ.<\/li>\n<li><em>EDUCACI\u00d3N F\u00cdSICA 3: D. SAMUEL FERN\u00c1NDEZ RUIZ.<\/em><\/li>\n<li><em>INGL\u00c9S 1\u00ba E.P Y E.I:&nbsp; D\u00aa. PALOMA RUIZ PARDO.<\/em><\/li>\n<li><em>INGL\u00c9S 2\u00ba CICLO E.P.: D\u00aa. MAR\u00cdA ISABEL L\u00d3PEZ ESPEJO.<\/em><\/li>\n<li><em>INGL\u00c9S 3\u00ba CICLO E.P:&nbsp;<\/em><em> D. FERNANDO TOLEDO CAN\u00d3NIGO.<\/em><\/li>\n<li><em>FRANC\u00c9S: D\u00aa. MAR\u00cdA JES\u00daS MARQUEZ LILLO.<\/em><\/li>\n<li><em>M\u00daSICA 1: D\u00aa. JENNIFER CRUZ AMADOR.<\/em><\/li>\n<li>M\u00daSICA 2: D\u00aa. AZAHARA<\/li>\n<li><em>AL:<\/em> D\u00aa. CELESTE<\/li>\n<li><em>PT:<\/em> D\u00aa. ANA HURTADO NAVAS.<\/li>\n<li><em>PT 2:<\/em> D\u00aa. MAR\u00cdA JOS\u00c9 AGUILERA L\u00d3PEZ.<\/li>\n<li><em>ORIENTADORA<\/em>: D\u00aa. EVA M\u00aa RUIZ CAN\u00d3N<\/li>\n<li><em>RELIGI\u00d3N 1:<\/em> D\u00aa. PURI TALL\u00d3N L\u00d3PEZ<\/li>\n<li>RELIGI\u00d3N 2:<\/li>\n<\/ul>\n<p>&nbsp;<\/p>\n<h2><strong><u>COORDINACI\u00d3N&nbsp; DE CICLOS:<\/u><\/strong><\/h2>\n<ul>\n<li><em>Coordinadora ciclo Educaci\u00f3n Infantil<\/em>: D\u00aa. ANA BEL\u00c9N DURO PE\u00d1A<\/li>\n<\/ul>\n<p>&nbsp;<\/p>\n<ul>\n<li><em>Coordinadora primer ciclo:<\/em>&nbsp;<\/li>\n<\/ul>\n<p>&nbsp;<\/p>\n<ul>\n<li><em>Coordinadora segundo ciclo:<\/em>&nbsp;<\/li>\n<\/ul>\n<p>&nbsp;<\/p>\n<ul>\n<li><em>Coordinadora tercer ciclo:<\/em>&nbsp;<\/li>\n<\/ul>\n<p>&nbsp;<\/p>\n<ul>\n<li><em>Coordinaci\u00f3n Equipo de Orientaci\u00f3n del Centro:<\/em> D\u00aa. EVA M\u00aa RUIZ CAN\u00d3N<\/li>\n<\/ul>\n<!--themify_builder_content-->\n<div id=\"themify_builder_content-2280\" data-postid=\"2280\" class=\"themify_builder_content themify_builder_content-2280 themify_builder tf_clear\">\n    <\/div>\n<!--\/themify_builder_content-->\n","protected":false},"excerpt":{"rendered":"<p>&nbsp; Est\u00e1 formado por: EDUCACI\u00d3N INFANTIL 3 A\u00d1OS A: D\u00aa. M\u00aa ESTHER CARRASCO P\u00c9REZ 3 A\u00d1OS B: D\u00aa. MAR\u00cdA NIEVES PI\u00d1A BALLESTEROS 4 A\u00d1OS A: D\u00aa. ANA BEL\u00c9N DURO PE\u00d1A 4 A\u00d1OS B: D. MIGUEL \u00c1NGEL VILLEGAS JIM\u00c9NEZ 5 A\u00d1OS A: D\u00aa. SILVIA JIM\u00c9NEZ MORAL 5 A\u00d1OS B: D\u00aa. SANDRA MART\u00cdNEZ TOB\u00cdAS 5 A\u00d1OS C: [&hellip;]<\/p>\n","protected":false},"author":10122,"featured_media":0,"parent":0,"menu_order":0,"comment_status":"closed","ping_status":"closed","template":"","meta":{"ngg_post_thumbnail":0,"footnotes":"","_mc_calendar":[]},"aioseo_notices":[],"_links":{"self":[{"href":"https:\/\/blogsaverroes.juntadeandalucia.es\/ceipeltorreon\/wp-json\/wp\/v2\/pages\/2280"}],"collection":[{"href":"https:\/\/blogsaverroes.juntadeandalucia.es\/ceipeltorreon\/wp-json\/wp\/v2\/pages"}],"about":[{"href":"https:\/\/blogsaverroes.juntadeandalucia.es\/ceipeltorreon\/wp-json\/wp\/v2\/types\/page"}],"author":[{"embeddable":true,"href":"https:\/\/blogsaverroes.juntadeandalucia.es\/ceipeltorreon\/wp-json\/wp\/v2\/users\/10122"}],"replies":[{"embeddable":true,"href":"https:\/\/blogsaverroes.juntadeandalucia.es\/ceipeltorreon\/wp-json\/wp\/v2\/comments?post=2280"}],"version-history":[{"count":24,"href":"https:\/\/blogsaverroes.juntadeandalucia.es\/ceipeltorreon\/wp-json\/wp\/v2\/pages\/2280\/revisions"}],"predecessor-version":[{"id":4208,"href":"https:\/\/blogsaverroes.juntadeandalucia.es\/ceipeltorreon\/wp-json\/wp\/v2\/pages\/2280\/revisions\/4208"}],"wp:attachment":[{"href":"https:\/\/blogsaverroes.juntadeandalucia.es\/ceipeltorreon\/wp-json\/wp\/v2\/media?parent=2280"}],"curies":[{"name":"wp","href":"https:\/\/api.w.org\/{rel}","templated":true}]}}