{"id":2411,"date":"2020-10-04T12:20:41","date_gmt":"2020-10-04T12:20:41","guid":{"rendered":"https:\/\/blogsaverroes.juntadeandalucia.es\/ceipeltorreon\/?page_id=2411"},"modified":"2021-05-30T18:28:12","modified_gmt":"2021-05-30T18:28:12","slug":"nuestro-colegio","status":"publish","type":"page","link":"https:\/\/blogsaverroes.juntadeandalucia.es\/ceipeltorreon\/nuestro-colegio\/","title":{"rendered":"GALER\u00cdA DE FOTOS"},"content":{"rendered":"<h2 style=\"text-align: center\"><span style=\"color: #008000\">ESTAS SON NUESTRAS INSTALACIONES:<\/span><\/h2>\nngg_shortcode_0_placeholder\n<h2 style=\"text-align: center\"><span style=\"color: #cc99ff\"><strong>D\u00cdA INTERNACIONAL DE LA ELIMINACI\u00d3N DE LA VIOLENCIA CONTRA LA MUJER:<\/strong><\/span><\/h2>\nngg_shortcode_1_placeholder\n<h2>&nbsp;<\/h2>\n<h2 style=\"text-align: center\"><span style=\"color: #0000ff\">D\u00cdA DE LA CONSTITUCI\u00d3N:<\/span><\/h2>\nngg_shortcode_2_placeholder\n<h2>&nbsp;<\/h2>\n<h2 style=\"text-align: center\"><strong><span style=\"color: #ff0000\">NAVIDAD:<\/span><\/strong><\/h2>\nngg_shortcode_3_placeholder\n<p style=\"text-align: center\">&nbsp;<\/p>\n<h2 style=\"text-align: center\"><span style=\"color: #339966\">D\u00cdA DE LA PAZ:<\/span><\/h2>\nngg_shortcode_4_placeholder\n<h2>&nbsp;<\/h2>\n<h2 style=\"text-align: center\"><span style=\"color: #008000\">D\u00cdA DE ANDALUC\u00cdA:<\/span><\/h2>\nngg_shortcode_5_placeholder\n<h2 style=\"text-align: center\"><span style=\"color: #800080\">PROYECTO \u00abLOS DINOSAURIOS\u00bb, EDUCACI\u00d3N INFANTIL:<\/span><\/h2>\nngg_shortcode_6_placeholder\n<h2 style=\"text-align: center\"><span style=\"color: #ff00ff\">EASTER PARTY:<\/span><\/h2>\nngg_shortcode_7_placeholder\n<h2 style=\"text-align: center\"><span style=\"color: #ff6600\">NUESTRO MUSEO:<\/span><\/h2>\nngg_shortcode_8_placeholder\n<h2 style=\"text-align: center\"><span style=\"color: #19bf2c\">PROYECTO \u00abCALZADAS ROMANAS\u00bb (E.I 5 A\u00d1OS):<\/span><\/h2>\nngg_shortcode_9_placeholder\n<h2 style=\"text-align: center\"><span style=\"color: #a66724\">PROYECTO \u00abLA PREHISTORIA\u00bb (E.I 4 Y 3 A\u00d1OS):<\/span><\/h2>\nngg_shortcode_10_placeholder\n","protected":false},"excerpt":{"rendered":"<p>ESTAS SON NUESTRAS INSTALACIONES: &nbsp; D\u00cdA INTERNACIONAL DE LA ELIMINACI\u00d3N DE LA VIOLENCIA CONTRA LA MUJER: &nbsp; D\u00cdA DE LA CONSTITUCI\u00d3N: &nbsp; &nbsp; NAVIDAD: &nbsp; D\u00cdA DE LA PAZ: &nbsp; D\u00cdA DE ANDALUC\u00cdA: &nbsp; PROYECTO \u00abLOS DINOSAURIOS\u00bb, EDUCACI\u00d3N INFANTIL: EASTER PARTY: &nbsp; NUESTRO MUSEO: &nbsp; PROYECTO \u00abCALZADAS ROMANAS\u00bb (E.I 5 A\u00d1OS): PROYECTO \u00abLA PREHISTORIA\u00bb (E.I [&hellip;]<\/p>\n","protected":false},"author":10122,"featured_media":0,"parent":0,"menu_order":0,"comment_status":"closed","ping_status":"closed","template":"","meta":{"ngg_post_thumbnail":0,"footnotes":"","_mc_calendar":[]},"aioseo_notices":[],"_links":{"self":[{"href":"https:\/\/blogsaverroes.juntadeandalucia.es\/ceipeltorreon\/wp-json\/wp\/v2\/pages\/2411"}],"collection":[{"href":"https:\/\/blogsaverroes.juntadeandalucia.es\/ceipeltorreon\/wp-json\/wp\/v2\/pages"}],"about":[{"href":"https:\/\/blogsaverroes.juntadeandalucia.es\/ceipeltorreon\/wp-json\/wp\/v2\/types\/page"}],"author":[{"embeddable":true,"href":"https:\/\/blogsaverroes.juntadeandalucia.es\/ceipeltorreon\/wp-json\/wp\/v2\/users\/10122"}],"replies":[{"embeddable":true,"href":"https:\/\/blogsaverroes.juntadeandalucia.es\/ceipeltorreon\/wp-json\/wp\/v2\/comments?post=2411"}],"version-history":[{"count":17,"href":"https:\/\/blogsaverroes.juntadeandalucia.es\/ceipeltorreon\/wp-json\/wp\/v2\/pages\/2411\/revisions"}],"predecessor-version":[{"id":2512,"href":"https:\/\/blogsaverroes.juntadeandalucia.es\/ceipeltorreon\/wp-json\/wp\/v2\/pages\/2411\/revisions\/2512"}],"wp:attachment":[{"href":"https:\/\/blogsaverroes.juntadeandalucia.es\/ceipeltorreon\/wp-json\/wp\/v2\/media?parent=2411"}],"curies":[{"name":"wp","href":"https:\/\/api.w.org\/{rel}","templated":true}]}}