{"id":2459,"date":"2020-11-03T18:22:07","date_gmt":"2020-11-03T18:22:07","guid":{"rendered":"https:\/\/blogsaverroes.juntadeandalucia.es\/ceipeltorreon\/?page_id=2459"},"modified":"2020-11-04T06:26:58","modified_gmt":"2020-11-04T06:26:58","slug":"google-suite-para-centros-educativos","status":"publish","type":"page","link":"https:\/\/blogsaverroes.juntadeandalucia.es\/ceipeltorreon\/google-suite-para-centros-educativos\/","title":{"rendered":"GOOGLE SUITE PARA CENTROS EDUCATIVOS"},"content":{"rendered":"<blockquote><p>Seg\u00fan Google, algunas de las caracter\u00edsticas de esta plataforma, son:<\/p>\n<div class=\"zippy-container\"><a class=\"zippy index1 goog-zippy-expanded\">\u00bfQu\u00e9 es G&nbsp;Suite for Education?<\/a><\/div>\n<\/blockquote>\n<div class=\"zippy-overflow\">\n<div class=\"zippy-content\">\n<blockquote>\n<p style=\"text-align: justify\">\u00abG Suite for Education es una soluci\u00f3n integrada de comunicaci\u00f3n y colaboraci\u00f3n que Google ofrece a los centros educativos y que comprende herramientas alojadas de correo electr\u00f3nico, calendario y chat. Adem\u00e1s, se pueden a\u00f1adir&nbsp;<a href=\"https:\/\/support.google.com\/a\/answer\/181865\">otros servicios de Google<\/a> al paquete principal para adaptarlo a las necesidades de los usuarios\u00bb.<\/p>\n<p>El paquete principal de aplicaciones de G&nbsp;Suite for Education se describe en detalle en la&nbsp;<a href=\"http:\/\/www.google.com\/enterprise\/apps\/education\/products.html\">p\u00e1gina de productos de Google for Education<\/a>.<\/p>\n<p><a href=\"https:\/\/edu.google.com\/intl\/es-419_mx\/products\/productivity-tools\/\">Caracter\u00edsticas<\/a><\/p>\n<div class=\"zippy-container\"><a class=\"zippy index9 goog-zippy-expanded\">\u00bfHay anuncios en G&nbsp;Suite?<\/a><\/div>\n<div class=\"zippy-overflow\">\n<div class=\"zippy-content\">\n<blockquote>\n<p style=\"text-align: justify\">En los dominios de instituciones educativas, la publicaci\u00f3n de anuncios est\u00e1 desactivada en los&nbsp;<a href=\"http:\/\/www.google.com\/apps\/intl\/es\/terms\/user_features.html\">servicios<\/a>&nbsp;de G&nbsp;Suite for Education, y los usuarios de este paquete de herramientas de ense\u00f1anza primaria y secundaria no ver\u00e1n los anuncios cuando utilicen la B\u00fasqueda de Google mientras est\u00e9n conectados a sus cuentas de G&nbsp;Suite for Education.<\/p>\n<\/blockquote>\n<div class=\"zippy-container\"><a class=\"zippy index14 goog-zippy-expanded\">\u00bfQu\u00e9 tipo de exploraci\u00f3n o indexado de los datos de usuario se realiza en las cuentas de G&nbsp;Suite for Education?<\/a><\/div>\n<div class=\"zippy-overflow\">\n<div class=\"zippy-content\">\n<blockquote>\n<p style=\"text-align: justify\">Los&nbsp;<a href=\"http:\/\/www.google.com\/apps\/intl\/es\/terms\/user_features.html\">servicios<\/a>&nbsp;de G&nbsp;Suite for Education no recopilan ni utilizan datos de los alumnos con fines publicitarios ni para crear perfiles de anuncios.<\/p>\n<p style=\"text-align: justify\">Los usuarios de cuentas personales de Gmail y de G&nbsp;Suite for Education utilizan la misma infraestructura, lo que nos ayuda a ofrecer un alto rendimiento, fiabilidad y seguridad a todos nuestros usuarios.<\/p>\n<p style=\"text-align: justify\">No obstante, G&nbsp;Suite es una oferta independiente que proporciona controles de&nbsp;<a href=\"http:\/\/googleenterprise.blogspot.com\/2013\/12\/keeping-you-safe-in-2013.html\" target=\"_blank\" rel=\"noopener noreferrer\">seguridad<\/a>,&nbsp;<a href=\"https:\/\/support.google.com\/a\/topic\/2413312\">administrativos<\/a>&nbsp;y de&nbsp;<a href=\"http:\/\/googleappsupdates.blogspot.com\/2015\/01\/google-apps-vault-added-to-all-google.html\" target=\"_blank\" rel=\"noopener noreferrer\">archivo<\/a>&nbsp;adicionales para clientes del sector educativo, empresas y entidades gubernamentales.<\/p>\n<p style=\"text-align: justify\">Al igual que muchos proveedores de correo electr\u00f3nico, analizamos los correos de Gmail con el fin de velar por la seguridad de nuestros clientes y mejorar su experiencia con el producto. En la aplicaci\u00f3n Gmail de la soluci\u00f3n G&nbsp;Suite for Education, estos an\u00e1lisis facilitan la protecci\u00f3n contra virus y spam y la revisi\u00f3n ortogr\u00e1fica, y permiten ofrecer resultados de b\u00fasqueda relevantes y funciones tales como Prioritarios y detecci\u00f3n autom\u00e1tica de eventos del calendario. Todos los correos electr\u00f3nicos entrantes se someten a an\u00e1lisis con el fin de proporcionar las funciones del producto y este proceso se realiza de forma totalmente autom\u00e1tica. NO analizamos los correos electr\u00f3nicos de G&nbsp;Suite for Education con fines publicitarios.<\/p>\n<\/blockquote>\n<\/div>\n<\/div>\n<\/div>\n<\/div>\n<div class=\"zippy-container\"><a class=\"zippy index19 goog-zippy-expanded\">\u00bfQu\u00e9 nivel de seguridad ofrece G&nbsp;Suite?<\/a><\/div>\n<div class=\"zippy-overflow\">\n<div class=\"zippy-content\">\n<blockquote>\n<p style=\"text-align: justify\">Dos de las preguntas m\u00e1s frecuentes sobre Google en general, y sobre G&nbsp;Suite en particular, est\u00e1n relacionadas con la seguridad y la privacidad. Se trata de dos cuestiones que nos tomamos muy en serio y creemos firmemente que los productos y servicios que ofrecemos son una excelente opci\u00f3n en ese sentido.<\/p>\n<p style=\"text-align: justify\">Nuestra empresa se basa en la confianza de los usuarios: la confianza en nuestra capacidad para proteger los datos adecuadamente y nuestro compromiso de respetar la privacidad de la informaci\u00f3n que aportan a nuestros sistemas, sin proporcionarla a otros usuarios y sin hacer un uso inadecuado de ella.<\/p>\n<p>Para obtener m\u00e1s informaci\u00f3n, consulta el art\u00edculo&nbsp;<a href=\"https:\/\/support.google.com\/a\/answer\/60762\">Seguridad y privacidad para los administradores<\/a>&nbsp;del Centro de Ayuda y nuestra&nbsp;<a href=\"https:\/\/www.google.com\/policies\/privacy\" target=\"_blank\" rel=\"noopener noreferrer\">Pol\u00edtica de Privacidad<\/a>.<\/p><\/blockquote>\n<\/div>\n<\/div>\n<div class=\"zippy-container\" style=\"text-align: justify\"><a class=\"zippy index21 goog-zippy-expanded\">\u00bfSe puede utilizar G&nbsp;Suite for Education de conformidad con la Family Educational Rights and Privacy Act, o FERPA, (ley de privacidad y derechos educativos de la familia de EE.&nbsp;UU.)?<\/a><\/div>\n<div class=\"zippy-overflow\">\n<div class=\"zippy-content\">\n<blockquote>\n<p style=\"text-align: justify\">S\u00ed, los servicios principales de G&nbsp;Suite for Education cumplen con la ley&nbsp;<a href=\"http:\/\/www2.ed.gov\/policy\/gen\/guid\/fpco\/ferpa\/index.html\" target=\"_blank\" rel=\"noopener noreferrer\">FERPA<\/a>&nbsp;y nuestro compromiso con este cumplimiento se incluye en los acuerdos.&nbsp;<\/p>\n<p>&nbsp;<\/p><\/blockquote>\n<\/div>\n<\/div>\n<div class=\"zippy-container\"><a class=\"zippy index22 goog-zippy-expanded\">\u00bfSe puede utilizar G&nbsp;Suite for Education de conformidad con la Children\u2019s Online Privacy Protection Act, o COPPA, (ley de protecci\u00f3n de la privacidad infantil online) de 1998?<\/a><\/div>\n<\/blockquote>\n<div class=\"zippy-overflow\">\n<div class=\"zippy-content\">\n<blockquote>\n<p style=\"text-align: justify;padding-left: 40px\">S\u00ed, exigimos contractualmente que los centros educativos que usen G&nbsp;Suite for Education obtengan el consentimiento parental que establece la ley&nbsp;<a href=\"http:\/\/www.coppa.org\/\" target=\"_blank\" rel=\"noopener noreferrer\">COPPA<\/a>. Nuestros servicios se pueden utilizar de conformidad con dicha ley siempre que el centro educativo obtenga el consentimiento parental.&nbsp;<\/p>\n<\/blockquote>\n<\/div>\n<\/div>\n<\/div>\n<\/div>\n<p>&nbsp;<\/p>\n<p><a href=\"https:\/\/gsuite.google.es\/learning-center\/\">Centro de aprendizaje<\/a><\/p>\n<p><a href=\"https:\/\/edu.google.com\/intl\/es-419_mx\/trust\/\">Informaci\u00f3n sobre la privacidad<\/a><\/p>\n<p><a href=\"https:\/\/www.google.com\/work\/apps\/terms\/education_privacy.html\" target=\"_blank\" rel=\"noopener noreferrer\">Aviso de Privacidad de G Suite for Education<\/a><\/p>\n<div class=\"entry-content\">\n<div class=\"zippy-overflow\">\n<div class=\"zippy-content\">\n<div class=\"zippy-overflow\">\n<p><a href=\"https:\/\/www.google.com\/intl\/es\/safetycenter\/families\/start\/\" target=\"_blank\" rel=\"noopener noreferrer\">Centro de Seguridad<\/a><\/p>\n<p><a href=\"https:\/\/www.google.com\/intl\/es\/safetycenter\/resources\/\" target=\"_blank\" rel=\"noopener noreferrer\">Recursos<\/a><\/p>\n<p><a title=\"GOOGLE SUITE FOR EDUCATION\" href=\"https:\/\/blogsaverroes.juntadeandalucia.es\/ceipeltorreon\/2020\/11\/03\/google-suite-for-education\/\">Pol\u00edtica de uso de G Suite for Education<\/a><\/p>\n<p>&nbsp;<\/p>\n<\/div>\n<\/div>\n<\/div>\n<\/div>\n","protected":false},"excerpt":{"rendered":"<p>Seg\u00fan Google, algunas de las caracter\u00edsticas de esta plataforma, son: \u00bfQu\u00e9 es G&nbsp;Suite for Education? \u00abG Suite for Education es una soluci\u00f3n integrada de comunicaci\u00f3n y colaboraci\u00f3n que Google ofrece a los centros educativos y que comprende herramientas alojadas de correo electr\u00f3nico, calendario y chat. Adem\u00e1s, se pueden a\u00f1adir&nbsp;otros servicios de Google al paquete principal [&hellip;]<\/p>\n","protected":false},"author":10122,"featured_media":0,"parent":0,"menu_order":0,"comment_status":"closed","ping_status":"closed","template":"","meta":{"ngg_post_thumbnail":0,"footnotes":"","_mc_calendar":[]},"aioseo_notices":[],"_links":{"self":[{"href":"https:\/\/blogsaverroes.juntadeandalucia.es\/ceipeltorreon\/wp-json\/wp\/v2\/pages\/2459"}],"collection":[{"href":"https:\/\/blogsaverroes.juntadeandalucia.es\/ceipeltorreon\/wp-json\/wp\/v2\/pages"}],"about":[{"href":"https:\/\/blogsaverroes.juntadeandalucia.es\/ceipeltorreon\/wp-json\/wp\/v2\/types\/page"}],"author":[{"embeddable":true,"href":"https:\/\/blogsaverroes.juntadeandalucia.es\/ceipeltorreon\/wp-json\/wp\/v2\/users\/10122"}],"replies":[{"embeddable":true,"href":"https:\/\/blogsaverroes.juntadeandalucia.es\/ceipeltorreon\/wp-json\/wp\/v2\/comments?post=2459"}],"version-history":[{"count":3,"href":"https:\/\/blogsaverroes.juntadeandalucia.es\/ceipeltorreon\/wp-json\/wp\/v2\/pages\/2459\/revisions"}],"predecessor-version":[{"id":2465,"href":"https:\/\/blogsaverroes.juntadeandalucia.es\/ceipeltorreon\/wp-json\/wp\/v2\/pages\/2459\/revisions\/2465"}],"wp:attachment":[{"href":"https:\/\/blogsaverroes.juntadeandalucia.es\/ceipeltorreon\/wp-json\/wp\/v2\/media?parent=2459"}],"curies":[{"name":"wp","href":"https:\/\/api.w.org\/{rel}","templated":true}]}}