{"id":2470,"date":"2020-12-13T09:10:24","date_gmt":"2020-12-13T09:10:24","guid":{"rendered":"https:\/\/blogsaverroes.juntadeandalucia.es\/ceipeltorreon\/?page_id=2470"},"modified":"2020-12-13T09:18:31","modified_gmt":"2020-12-13T09:18:31","slug":"recursos-online","status":"publish","type":"page","link":"https:\/\/blogsaverroes.juntadeandalucia.es\/ceipeltorreon\/recursos-online\/","title":{"rendered":"Recursos online"},"content":{"rendered":"<p style=\"text-align: center\"><strong><u>RECURSOS PARA LA BIBLIOTECA ONLINE<\/u><\/strong><\/p>\n<p>Para trabajar la comprensi\u00f3n escrita y oral durante esta Navidad y ahora que salir a una biblioteca es un bien mayor dif\u00edcil de conseguir, os vamos a ense\u00f1ar algunas p\u00e1ginas en las que pod\u00e9is encontrar acceso a libros digitales:<\/p>\n<ol>\n<li><strong><u>AUDIOLIBROS<\/u>:<\/strong> En este recurso pod\u00e9is encontrar una gran variedad de libros&nbsp; en 6 idiomas, tambi\u00e9n en espa\u00f1ol:<\/li>\n<\/ol>\n<p>ENLACE:<a href=\"https:\/\/stories.audible.com\/discovery\">AUDIO LIBROS<\/a><\/p>\n<ol start=\"2\">\n<li><strong> <u>TUMBLEBOOKS<\/u>: <\/strong><strong>Una gran biblioteca online infantil<\/strong>, llena de libros animados con ilustraciones que hablan en ingl\u00e9s, franc\u00e9s y espa\u00f1ol, muy utilizado por centros educativos y bibliotecas de todo el mundo para facilitar el&nbsp;<strong>aprendizaje de idiomas<\/strong>de forma divertida. Incluye m\u00e1s de 1400 publicaciones digitales: cuentos infantiles, libros juveniles, c\u00f3mics, libros educativos, audiolibros, adem\u00e1s de v\u00eddeos, juegos y puzles. Y, sobre todo, TumbleBooks son historias y aventuras emocionantes, f\u00e1bulas y cuentos de hadas, libros con valores para fomentar la imaginaci\u00f3n, libros para aprender y disfrutar. Adem\u00e1s, encontrar\u00e1s juegos, puzles, rompecabezas y mucho m\u00e1s sobre los cuentos y lecturas realizadas.<\/li>\n<\/ol>\n<p>ENLACE: <a href=\"https:\/\/www.tumblebooklibrary.com\/Default.aspx?ReturnUrl=%2fHome.aspx%3fcategoryID%3d77&amp;categoryID=77\">TUMBLEBOOK LIBRARY<\/a><\/p>\n<ol start=\"3\">\n<li>\u00ab<strong><u>SOPA DE MURCI\u00c9LAGO\u00bb:<\/u> <\/strong>Es un canal&nbsp; creado por un grupo de maestros donde cuentan cuentos, sobre todo para los m\u00e1s peque\u00f1os&nbsp;<\/li>\n<\/ol>\n<p>ENLACE: <a href=\"https:\/\/www.youtube.com\/channel\/UCCqA4aH0jx-HI9su6jYbZng\/videos\">CUENTOS EN YOUTUBE<\/a><\/p>\n<ol start=\"4\">\n<li><strong><u>\u00bfNOS VEMOS UN CUENTO?<\/u><\/strong><u>:<\/u> Es un PADLE&nbsp; que os ofrece una recopilaci\u00f3n de cuentos en video ordenados por categor\u00edas: Amistad, coeducaci\u00f3n, diversidad, trabajo en equipo, resoluci\u00f3n de conflictos, etc.<\/li>\n<\/ol>\n<p>ENLACE: <a href=\"https:\/\/padlet.com\/dolorestutorapt\/vemosuncuento\">NOS VEMOS UN CUENTO<\/a><\/p>\n<ol start=\"5\">\n<li><strong><u> CUENTOS EN LA NUBE:<\/u><\/strong> Es un canal de Youtube creado con el objetivo de fomentar la literatura infantil entre los m\u00e1s peque\u00f1os y adultos, donde se relatan cuentos de forma oral y tambi\u00e9n se pueden ver \u00abbooktrailer\u00bb.<\/li>\n<\/ol>\n<p>ENLACE: <a href=\"https:\/\/www.youtube.com\/c\/Cuentosenlanube\/videos\">CUENTOS EN LA NUBE<\/a><\/p>\n<ol start=\"6\">\n<li><strong><u> CUENTA-CUENTOS BEATRIZ MONTERO: <\/u><\/strong>Canal de promoci\u00f3n y animaci\u00f3n a la lectura, y apoyo a la ense\u00f1anza. Aqu\u00ed encontrar\u00e1s los cuentos narrados con objetos y libros m\u00e1gicos por Beatriz Montero, emitidos en 14 canales de televisi\u00f3n.<\/li>\n<\/ol>\n<p>ENLACE: <a href=\"https:\/\/www.youtube.com\/c\/CuentacuentosBeatrizMontero\/about\">CUENTACUENTOS BEATRIZ MONTERO<\/a><\/p>\n<p>&nbsp;<\/p>\n","protected":false},"excerpt":{"rendered":"<p>RECURSOS PARA LA BIBLIOTECA ONLINE Para trabajar la comprensi\u00f3n escrita y oral durante esta Navidad y ahora que salir a una biblioteca es un bien mayor dif\u00edcil de conseguir, os vamos a ense\u00f1ar algunas p\u00e1ginas en las que pod\u00e9is encontrar acceso a libros digitales: AUDIOLIBROS: En este recurso pod\u00e9is encontrar una gran variedad de libros&nbsp; [&hellip;]<\/p>\n","protected":false},"author":10122,"featured_media":0,"parent":0,"menu_order":0,"comment_status":"closed","ping_status":"closed","template":"","meta":{"ngg_post_thumbnail":0,"footnotes":"","_mc_calendar":[]},"aioseo_notices":[],"_links":{"self":[{"href":"https:\/\/blogsaverroes.juntadeandalucia.es\/ceipeltorreon\/wp-json\/wp\/v2\/pages\/2470"}],"collection":[{"href":"https:\/\/blogsaverroes.juntadeandalucia.es\/ceipeltorreon\/wp-json\/wp\/v2\/pages"}],"about":[{"href":"https:\/\/blogsaverroes.juntadeandalucia.es\/ceipeltorreon\/wp-json\/wp\/v2\/types\/page"}],"author":[{"embeddable":true,"href":"https:\/\/blogsaverroes.juntadeandalucia.es\/ceipeltorreon\/wp-json\/wp\/v2\/users\/10122"}],"replies":[{"embeddable":true,"href":"https:\/\/blogsaverroes.juntadeandalucia.es\/ceipeltorreon\/wp-json\/wp\/v2\/comments?post=2470"}],"version-history":[{"count":3,"href":"https:\/\/blogsaverroes.juntadeandalucia.es\/ceipeltorreon\/wp-json\/wp\/v2\/pages\/2470\/revisions"}],"predecessor-version":[{"id":2475,"href":"https:\/\/blogsaverroes.juntadeandalucia.es\/ceipeltorreon\/wp-json\/wp\/v2\/pages\/2470\/revisions\/2475"}],"wp:attachment":[{"href":"https:\/\/blogsaverroes.juntadeandalucia.es\/ceipeltorreon\/wp-json\/wp\/v2\/media?parent=2470"}],"curies":[{"name":"wp","href":"https:\/\/api.w.org\/{rel}","templated":true}]}}