{"id":4256,"date":"2025-02-03T22:38:44","date_gmt":"2025-02-03T22:38:44","guid":{"rendered":"https:\/\/blogsaverroes.juntadeandalucia.es\/ceipeltorreon\/?page_id=4256"},"modified":"2025-02-03T23:15:12","modified_gmt":"2025-02-03T23:15:12","slug":"programaciones","status":"publish","type":"page","link":"https:\/\/blogsaverroes.juntadeandalucia.es\/ceipeltorreon\/programaciones\/","title":{"rendered":"Programaciones 2024-2025."},"content":{"rendered":"<p>En este apartado os vamos a presentar nuestras programaciones para el curso 2024-2025, establecidos desde los niveles inferiores hacia arriba.<\/p>\n<p>&nbsp;<\/p>\n<ul>\n<li>Programaci\u00f3n Did\u00e1ctica Educaci\u00f3n Infantil. <a href=\"https:\/\/blogsaverroes.juntadeandalucia.es\/ceipeltorreon\/files\/2025\/02\/Propuesta_pedagogica___Programaciones_didacticas-9.-E.-Infantil.-Crecimiento-en-armonia.pdf\">\u00abCrecimiento en armon\u00eda\u00bb<\/a><\/li>\n<li>Programaci\u00f3n Did\u00e1ctica Educaci\u00f3n Infantil. <a href=\"https:\/\/blogsaverroes.juntadeandalucia.es\/ceipeltorreon\/files\/2025\/02\/Propuesta_pedagogica___Programaciones_didacticas-10.-E.-Infantill.-Descubrimiento-y-exploracion-del-entorno.pdf\">\u00abDescubrimiento y exploraci\u00f3n del entorno\u00bb<\/a><\/li>\n<li>Programaci\u00f3n Did\u00e1ctica Educaci\u00f3n Infantil. <a href=\"https:\/\/blogsaverroes.juntadeandalucia.es\/ceipeltorreon\/files\/2025\/02\/Propuesta_pedagogica___Programaciones_didacticas-12.-E.-Infantil.-Comunicacion-y-representacion-de-la-realidad.pdf\">\u00abComunicaci\u00f3n y representaci\u00f3n de la realidad\u00bb<\/a><\/li>\n<li>Programaci\u00f3n Did\u00e1ctica Educaci\u00f3n Infantil <a href=\"https:\/\/blogsaverroes.juntadeandalucia.es\/ceipeltorreon\/files\/2025\/02\/Propuesta_pedagogica___Programaciones_didacticas-11.-E.-Infantil.-Religion.pdf\">Religi\u00f3n<\/a>.<\/li>\n<li>Programaci\u00f3n Did\u00e1ctica Primaria <a href=\"https:\/\/blogsaverroes.juntadeandalucia.es\/ceipeltorreon\/files\/2025\/02\/Propuesta_pedagogica___Programaciones_didacticas-6.-Matematicas.pdf\">Matem\u00e1ticas<\/a>.<\/li>\n<li>Programaci\u00f3n Did\u00e1ctica Primaria <a href=\"https:\/\/blogsaverroes.juntadeandalucia.es\/ceipeltorreon\/files\/2025\/02\/Propuesta_pedagogica___Programaciones_didacticas-2.-Lengua.pdf\">Lengua<\/a>.<\/li>\n<li>Programaci\u00f3n Did\u00e1ctica Primaria <a href=\"https:\/\/blogsaverroes.juntadeandalucia.es\/ceipeltorreon\/files\/2025\/02\/Propuesta_pedagogica___Programaciones_didacticas.-Ingles.pdf\">Ingl\u00e9s<\/a>.<\/li>\n<li>Programaci\u00f3n Did\u00e1ctica Primaria <a href=\"https:\/\/blogsaverroes.juntadeandalucia.es\/ceipeltorreon\/files\/2025\/02\/Propuesta_pedagogica___Programaciones_didacticas-8.-Educacion-en-Valores-C-y-E.pdf\">Educaci\u00f3n en Valores<\/a>.<\/li>\n<li>Programaci\u00f3n Did\u00e1ctica Primaria <a href=\"https:\/\/blogsaverroes.juntadeandalucia.es\/ceipeltorreon\/files\/2025\/02\/Propuesta_pedagogica___Programaciones_didacticas-7.-Frances.pdf\">Franc\u00e9s<\/a>.<\/li>\n<li>Programaci\u00f3n Did\u00e1ctica Primaria <a href=\"https:\/\/blogsaverroes.juntadeandalucia.es\/ceipeltorreon\/files\/2025\/02\/Propuesta_pedagogica___Programaciones_didacticas-1.-Conocimiento-del-Medio.pdf\">Conocimiento del Medio<\/a>.<\/li>\n<li>Programaci\u00f3n Did\u00e1ctica Primaria <a href=\"https:\/\/blogsaverroes.juntadeandalucia.es\/ceipeltorreon\/files\/2025\/02\/Propuesta_pedagogica___Programaciones_didacticas-3.-Religion.pdf\">Religi\u00f3n<\/a>.<\/li>\n<li>Programaci\u00f3n Did\u00e1ctica Primaria <a href=\"https:\/\/blogsaverroes.juntadeandalucia.es\/ceipeltorreon\/files\/2025\/02\/Propuesta_pedagogica___Programaciones_didacticas-5.-Educacion-Fisica.pdf\">Educaci\u00f3n F\u00edsica.<\/a><\/li>\n<li>Programaci\u00f3n Did\u00e1ctica Primaria <a href=\"https:\/\/blogsaverroes.juntadeandalucia.es\/ceipeltorreon\/files\/2025\/02\/Propuesta_pedagogica___Programaciones_didacticas-4.-Educacion-Artistica.pdf\">Educaci\u00f3n Art\u00edstica.<\/a><\/li>\n<\/ul>\n<!--themify_builder_content-->\n<div id=\"themify_builder_content-4256\" data-postid=\"4256\" class=\"themify_builder_content themify_builder_content-4256 themify_builder tf_clear\">\n    <\/div>\n<!--\/themify_builder_content-->\n","protected":false},"excerpt":{"rendered":"<p>En este apartado os vamos a presentar nuestras programaciones para el curso 2024-2025, establecidos desde los niveles inferiores hacia arriba. &nbsp; Programaci\u00f3n Did\u00e1ctica Educaci\u00f3n Infantil. \u00abCrecimiento en armon\u00eda\u00bb Programaci\u00f3n Did\u00e1ctica Educaci\u00f3n Infantil. \u00abDescubrimiento y exploraci\u00f3n del entorno\u00bb Programaci\u00f3n Did\u00e1ctica Educaci\u00f3n Infantil. \u00abComunicaci\u00f3n y representaci\u00f3n de la realidad\u00bb Programaci\u00f3n Did\u00e1ctica Educaci\u00f3n Infantil Religi\u00f3n. Programaci\u00f3n Did\u00e1ctica Primaria [&hellip;]<\/p>\n","protected":false},"author":10122,"featured_media":0,"parent":0,"menu_order":0,"comment_status":"closed","ping_status":"closed","template":"","meta":{"ngg_post_thumbnail":0,"footnotes":"","_mc_calendar":[]},"aioseo_notices":[],"_links":{"self":[{"href":"https:\/\/blogsaverroes.juntadeandalucia.es\/ceipeltorreon\/wp-json\/wp\/v2\/pages\/4256"}],"collection":[{"href":"https:\/\/blogsaverroes.juntadeandalucia.es\/ceipeltorreon\/wp-json\/wp\/v2\/pages"}],"about":[{"href":"https:\/\/blogsaverroes.juntadeandalucia.es\/ceipeltorreon\/wp-json\/wp\/v2\/types\/page"}],"author":[{"embeddable":true,"href":"https:\/\/blogsaverroes.juntadeandalucia.es\/ceipeltorreon\/wp-json\/wp\/v2\/users\/10122"}],"replies":[{"embeddable":true,"href":"https:\/\/blogsaverroes.juntadeandalucia.es\/ceipeltorreon\/wp-json\/wp\/v2\/comments?post=4256"}],"version-history":[{"count":5,"href":"https:\/\/blogsaverroes.juntadeandalucia.es\/ceipeltorreon\/wp-json\/wp\/v2\/pages\/4256\/revisions"}],"predecessor-version":[{"id":4274,"href":"https:\/\/blogsaverroes.juntadeandalucia.es\/ceipeltorreon\/wp-json\/wp\/v2\/pages\/4256\/revisions\/4274"}],"wp:attachment":[{"href":"https:\/\/blogsaverroes.juntadeandalucia.es\/ceipeltorreon\/wp-json\/wp\/v2\/media?parent=4256"}],"curies":[{"name":"wp","href":"https:\/\/api.w.org\/{rel}","templated":true}]}}