{"id":4330,"date":"2025-05-20T11:27:13","date_gmt":"2025-05-20T11:27:13","guid":{"rendered":"https:\/\/blogsaverroes.juntadeandalucia.es\/ceipeltorreon\/?page_id=4330"},"modified":"2025-05-20T11:30:17","modified_gmt":"2025-05-20T11:30:17","slug":"bilinguismo","status":"publish","type":"page","link":"https:\/\/blogsaverroes.juntadeandalucia.es\/ceipeltorreon\/bilinguismo\/","title":{"rendered":"BILING\u00dcISMO"},"content":{"rendered":"<p>Bienvenidos a la web del CEIP. El Torre\u00f3n de Las Gabias en Granada. Nuestro centro est\u00e1 adscrito a la red de centros biling\u00fces y es por ello, que desde esta web, queremos mostrar un peque\u00f1o ap\u00e9ndice de como funciona y que podemos ofreceros. Asimismo, mostramos a nuestra comunidad educativa, nuestra implicaci\u00f3n y dedicaci\u00f3n a este proyecto.<\/p>\n<p>\u00a1\u00a1Ven y disfruta del CEIP. El Torre\u00f3n!!!<\/p>\n<div style=\"width: 848px;\" class=\"wp-video\"><!--[if lt IE 9]><script>document.createElement('video');<\/script><![endif]-->\n<video class=\"wp-video-shortcode\" id=\"video-4330-1\" width=\"848\" height=\"478\" preload=\"metadata\" controls=\"controls\"><source type=\"video\/mp4\" src=\"https:\/\/blogsaverroes.juntadeandalucia.es\/ceipeltorreon\/files\/2025\/03\/Auxiliares-Bilingues-1.mp4?_=1\" \/><a href=\"https:\/\/blogsaverroes.juntadeandalucia.es\/ceipeltorreon\/files\/2025\/03\/Auxiliares-Bilingues-1.mp4\">https:\/\/blogsaverroes.juntadeandalucia.es\/ceipeltorreon\/files\/2025\/03\/Auxiliares-Bilingues-1.mp4<\/a><\/video><\/div>\n","protected":false},"excerpt":{"rendered":"<p>Bienvenidos a la web del CEIP. El Torre\u00f3n de Las Gabias en Granada. Nuestro centro est\u00e1 adscrito a la red de centros biling\u00fces y es por ello, que desde esta web, queremos mostrar un peque\u00f1o ap\u00e9ndice de como funciona y que podemos ofreceros. Asimismo, mostramos a nuestra comunidad educativa, nuestra implicaci\u00f3n y dedicaci\u00f3n a este [&hellip;]<\/p>\n","protected":false},"author":10122,"featured_media":0,"parent":0,"menu_order":0,"comment_status":"closed","ping_status":"closed","template":"","meta":{"ngg_post_thumbnail":0,"footnotes":"","_mc_calendar":[]},"aioseo_notices":[],"_links":{"self":[{"href":"https:\/\/blogsaverroes.juntadeandalucia.es\/ceipeltorreon\/wp-json\/wp\/v2\/pages\/4330"}],"collection":[{"href":"https:\/\/blogsaverroes.juntadeandalucia.es\/ceipeltorreon\/wp-json\/wp\/v2\/pages"}],"about":[{"href":"https:\/\/blogsaverroes.juntadeandalucia.es\/ceipeltorreon\/wp-json\/wp\/v2\/types\/page"}],"author":[{"embeddable":true,"href":"https:\/\/blogsaverroes.juntadeandalucia.es\/ceipeltorreon\/wp-json\/wp\/v2\/users\/10122"}],"replies":[{"embeddable":true,"href":"https:\/\/blogsaverroes.juntadeandalucia.es\/ceipeltorreon\/wp-json\/wp\/v2\/comments?post=4330"}],"version-history":[{"count":4,"href":"https:\/\/blogsaverroes.juntadeandalucia.es\/ceipeltorreon\/wp-json\/wp\/v2\/pages\/4330\/revisions"}],"predecessor-version":[{"id":4334,"href":"https:\/\/blogsaverroes.juntadeandalucia.es\/ceipeltorreon\/wp-json\/wp\/v2\/pages\/4330\/revisions\/4334"}],"wp:attachment":[{"href":"https:\/\/blogsaverroes.juntadeandalucia.es\/ceipeltorreon\/wp-json\/wp\/v2\/media?parent=4330"}],"curies":[{"name":"wp","href":"https:\/\/api.w.org\/{rel}","templated":true}]}}